{"id":9816,"date":"2024-05-19T10:40:43","date_gmt":"2024-05-19T10:40:43","guid":{"rendered":"https:\/\/fiziosan.si\/izdelek\/gamma\/"},"modified":"2025-07-29T13:32:50","modified_gmt":"2025-07-29T13:32:50","slug":"gamma","status":"publish","type":"product","link":"https:\/\/fiziosan.si\/it\/prodotto\/gamma\/","title":{"rendered":"Gamma"},"content":{"rendered":"<p>&nbsp;<\/p>\n<div>\n<table class=\"table brez-roba\" style=\"border-style: hidden; width: 100%;\">\n<tbody>\n<tr class=\"table brez-roba\">\n<td style=\"vertical-align: middle; width: 50%;\">\n<p style=\"text-align: center;\"><strong>GAMMA<\/strong> offre un allenamento professionale ad atleti e pazienti con disturbi dell&#8217;equilibrio e della coordinazione. Ha l&#8217;ulteriore vantaggio di poter regolare liberamente le due piastre in base alla loro posizione relativa, permettendo agli atleti di allenarsi in una posizione precisa e strettamente legata alla loro disciplina sportiva. <\/p>\n<p>&nbsp;<\/p>\n<p>&nbsp;<\/p>\n<p style=\"text-align: center;\">\n<\/td>\n<td style=\"width: 50%;\"><a href=\"https:\/\/fiziosan.si\/wp-content\/uploads\/2024\/05\/DSC06948-1024x683.jpg\"><img fetchpriority=\"high\" decoding=\"async\" class=\"alignnone wp-image-3184 size-large\" src=\"https:\/\/fiziosan.si\/wp-content\/uploads\/2024\/05\/DSC06948-1024x683.jpg\" alt=\"TERAPIA GAMMA\" width=\"1024\" height=\"683\" title=\"\" srcset=\"https:\/\/fiziosan.si\/wp-content\/uploads\/2024\/05\/DSC06948-1024x683.jpg 1024w, https:\/\/fiziosan.si\/wp-content\/uploads\/2024\/05\/DSC06948-300x200.jpg 300w, https:\/\/fiziosan.si\/wp-content\/uploads\/2024\/05\/DSC06948-768x512.jpg 768w, https:\/\/fiziosan.si\/wp-content\/uploads\/2024\/05\/DSC06948-1536x1024.jpg 1536w, https:\/\/fiziosan.si\/wp-content\/uploads\/2024\/05\/DSC06948-600x400.jpg 600w, https:\/\/fiziosan.si\/wp-content\/uploads\/2024\/05\/DSC06948-1620x1080.jpg 1620w, https:\/\/fiziosan.si\/wp-content\/uploads\/2024\/05\/DSC06948.jpg 1920w\" sizes=\"(max-width: 1024px) 100vw, 1024px\" \/><\/a><\/td>\n<\/tr>\n<\/tbody>\n<\/table>\n<\/div>\n<p>&nbsp;<\/p>\n<p>&nbsp;<\/p>\n<div>\n<table style=\"width: 100%; border-collapse: collapse; border-style: hidden;\">\n<tbody>\n<tr>\n<td style=\"width: 50%; vertical-align: middle;\">\n<div style=\"text-align: left;\" data-mrgt=\"60\" data-size=\"medium\"><a href=\"https:\/\/fiziosan.si\/wp-content\/uploads\/2024\/05\/I29A6685-1024x683.jpg\"><img decoding=\"async\" class=\"alignnone wp-image-3148 size-large\" src=\"https:\/\/fiziosan.si\/wp-content\/uploads\/2024\/05\/I29A6685-1024x683.jpg\" alt=\"TERAPIA ALPHA\" width=\"1024\" height=\"683\" title=\"\" srcset=\"https:\/\/fiziosan.si\/wp-content\/uploads\/2024\/05\/I29A6685-1024x683.jpg 1024w, https:\/\/fiziosan.si\/wp-content\/uploads\/2024\/05\/I29A6685-300x200.jpg 300w, https:\/\/fiziosan.si\/wp-content\/uploads\/2024\/05\/I29A6685-768x512.jpg 768w, https:\/\/fiziosan.si\/wp-content\/uploads\/2024\/05\/I29A6685-1536x1024.jpg 1536w, https:\/\/fiziosan.si\/wp-content\/uploads\/2024\/05\/I29A6685-600x400.jpg 600w, https:\/\/fiziosan.si\/wp-content\/uploads\/2024\/05\/I29A6685-1620x1080.jpg 1620w, https:\/\/fiziosan.si\/wp-content\/uploads\/2024\/05\/I29A6685.jpg 1920w\" sizes=\"(max-width: 1024px) 100vw, 1024px\" \/><\/a><\/div>\n<\/td>\n<td style=\"vertical-align: middle; width: 50%;\">\n<p style=\"text-align: center;\">Queste caratteristiche rendono la <strong>piattaforma GAMMA<\/strong> particolarmente utile nella riabilitazione post-traumatica, post-operatoria, ortopedica e neurologica. <strong>GAMMA<\/strong> viene utilizzata anche nella riabilitazione sportiva, reumatologica e geriatrica.<\/p>\n<p>&nbsp;<\/p>\n<p>&nbsp;<\/p>\n<p style=\"text-align: center;\">\n<\/td>\n<\/tr>\n<\/tbody>\n<\/table>\n<\/div>\n<p>&nbsp;<\/p>\n<h3 style=\"text-align: left;\"><strong>I principali BENEFICI della piattaforma dinamometrica GAMMA:<\/strong><\/h3>\n<p>&nbsp;<\/p>\n<div>\n<table style=\"width: 100%; border-collapse: collapse; border-style: hidden;\">\n<tbody>\n<tr>\n<td style=\"width: 50%; vertical-align: middle;\">\n<div style=\"text-align: left;\" data-mrgt=\"60\" data-size=\"medium\"><a href=\"https:\/\/fiziosan.si\/wp-content\/uploads\/2024\/05\/DSC06987-1024x683.jpg\"><img decoding=\"async\" class=\"alignnone wp-image-3185 size-large\" src=\"https:\/\/fiziosan.si\/wp-content\/uploads\/2024\/05\/DSC06987-1024x683.jpg\" alt=\"TERAPIA GAMMA\" width=\"1024\" height=\"683\" title=\"\" srcset=\"https:\/\/fiziosan.si\/wp-content\/uploads\/2024\/05\/DSC06987-1024x683.jpg 1024w, https:\/\/fiziosan.si\/wp-content\/uploads\/2024\/05\/DSC06987-300x200.jpg 300w, https:\/\/fiziosan.si\/wp-content\/uploads\/2024\/05\/DSC06987-768x512.jpg 768w, https:\/\/fiziosan.si\/wp-content\/uploads\/2024\/05\/DSC06987-1536x1024.jpg 1536w, https:\/\/fiziosan.si\/wp-content\/uploads\/2024\/05\/DSC06987-600x400.jpg 600w, https:\/\/fiziosan.si\/wp-content\/uploads\/2024\/05\/DSC06987-1620x1080.jpg 1620w, https:\/\/fiziosan.si\/wp-content\/uploads\/2024\/05\/DSC06987.jpg 1920w\" sizes=\"(max-width: 1024px) 100vw, 1024px\" \/><\/a><\/div>\n<\/td>\n<td style=\"width: 50%; text-align: center; vertical-align: top;\">\n<ul>\n<li style=\"text-align: left;\">Imparare a <strong>caricare<\/strong> correttamente <strong>gli arti<\/strong><\/li>\n<\/ul>\n<ul style=\"text-align: left;\">\n<li>Capacit\u00e0 di <strong>valutare le forze di reazione al suolo<\/strong> durante ogni movimento<\/li>\n<\/ul>\n<ul style=\"text-align: left;\">\n<li>Miglioramento <strong>della stabilizzazione articolare<\/strong> attraverso la rieducazione propriocettiva<\/li>\n<\/ul>\n<ul>\n<li style=\"text-align: left;\">Miglioramento della <strong>coordinazione muscolare<\/strong><\/li>\n<\/ul>\n<p>&nbsp;<\/td>\n<\/tr>\n<\/tbody>\n<\/table>\n<\/div>\n<p>&nbsp;<\/p>\n<h3 style=\"text-align: center;\"><strong>Usabilit\u00e0 offerta dalla piattaforma<\/strong><\/h3>\n<p>&nbsp;<\/p>\n<div>\n<table style=\"width: 100%; border-collapse: collapse; border-style: hidden; height: 320px;\" border=\"0\">\n<tbody>\n<tr style=\"height: 320px;\">\n<td style=\"width: 20%; height: 320px;\"><a href=\"https:\/\/fiziosan.si\/wp-content\/uploads\/2024\/05\/IMG_1436-150x150.jpg\"><img loading=\"lazy\" decoding=\"async\" class=\"alignnone wp-image-3149 size-thumbnail\" src=\"https:\/\/fiziosan.si\/wp-content\/uploads\/2024\/05\/IMG_1436-150x150.jpg\" alt=\"UTILIZZO\" width=\"150\" height=\"150\" title=\"\" srcset=\"https:\/\/fiziosan.si\/wp-content\/uploads\/2024\/05\/IMG_1436-150x150.jpg 150w, https:\/\/fiziosan.si\/wp-content\/uploads\/2024\/05\/IMG_1436-300x300.jpg 300w, https:\/\/fiziosan.si\/wp-content\/uploads\/2024\/05\/IMG_1436-100x100.jpg 100w, https:\/\/fiziosan.si\/wp-content\/uploads\/2024\/05\/IMG_1436-50x50.jpg 50w\" sizes=\"(max-width: 150px) 100vw, 150px\" \/><\/a><\/p>\n<p>&nbsp;<\/p>\n<p><strong>Analisi della ridistribuzione del carico <\/strong>sull&#8217;asse verticale.<\/p>\n<p>Misurazione dei<strong> carichi statici e dinamici<\/strong>.<\/td>\n<td style=\"width: 20%; height: 320px;\"><a href=\"https:\/\/fiziosan.si\/wp-content\/uploads\/2024\/05\/IMG_1450-150x150.jpg\"><img loading=\"lazy\" decoding=\"async\" class=\"alignnone wp-image-3150 size-thumbnail\" src=\"https:\/\/fiziosan.si\/wp-content\/uploads\/2024\/05\/IMG_1450-150x150.jpg\" alt=\"UTILIZZO\" width=\"150\" height=\"150\" title=\"\" srcset=\"https:\/\/fiziosan.si\/wp-content\/uploads\/2024\/05\/IMG_1450-150x150.jpg 150w, https:\/\/fiziosan.si\/wp-content\/uploads\/2024\/05\/IMG_1450-300x300.jpg 300w, https:\/\/fiziosan.si\/wp-content\/uploads\/2024\/05\/IMG_1450-100x100.jpg 100w, https:\/\/fiziosan.si\/wp-content\/uploads\/2024\/05\/IMG_1450-50x50.jpg 50w\" sizes=\"(max-width: 150px) 100vw, 150px\" \/><\/a><\/p>\n<p>&nbsp;<\/p>\n<p>Valutazione dell&#8217;equilibrio <strong>del paziente<\/strong>.<\/p>\n<p>Misurazione di <strong>forza, velocit\u00e0 e accelerazione<\/strong>.<\/p>\n<p>Ampie funzionalit\u00e0 di <strong>analisi dei dati<\/strong>.<\/td>\n<td style=\"width: 20%; height: 320px;\"><a href=\"https:\/\/fiziosan.si\/wp-content\/uploads\/2024\/05\/I29A6596-150x150.jpg\"><img loading=\"lazy\" decoding=\"async\" class=\"alignnone wp-image-3157 size-thumbnail\" src=\"https:\/\/fiziosan.si\/wp-content\/uploads\/2024\/05\/I29A6596-150x150.jpg\" alt=\"UTILIZZO\" width=\"150\" height=\"150\" title=\"\" srcset=\"https:\/\/fiziosan.si\/wp-content\/uploads\/2024\/05\/I29A6596-150x150.jpg 150w, https:\/\/fiziosan.si\/wp-content\/uploads\/2024\/05\/I29A6596-300x300.jpg 300w, https:\/\/fiziosan.si\/wp-content\/uploads\/2024\/05\/I29A6596-100x100.jpg 100w, https:\/\/fiziosan.si\/wp-content\/uploads\/2024\/05\/I29A6596-50x50.jpg 50w\" sizes=\"(max-width: 150px) 100vw, 150px\" \/><\/a><\/p>\n<p>&nbsp;<\/p>\n<p><strong>Protocolli di misurazione gi\u00e0 pronti <\/strong>e possibilit\u00e0 di creare esercizi personalizzati <strong>con biofeedback integrato<\/strong> in tempo reale.<\/td>\n<td style=\"width: 20%; height: 320px;\"><a href=\"https:\/\/fiziosan.si\/wp-content\/uploads\/2024\/05\/IMG_1462-e1523527959121-150x150.jpg\"><img loading=\"lazy\" decoding=\"async\" class=\"alignnone wp-image-3187 size-thumbnail\" src=\"https:\/\/fiziosan.si\/wp-content\/uploads\/2024\/05\/IMG_1462-e1523527959121-150x150.jpg\" alt=\"GAMMA\" width=\"150\" height=\"150\" title=\"\" srcset=\"https:\/\/fiziosan.si\/wp-content\/uploads\/2024\/05\/IMG_1462-e1523527959121-150x150.jpg 150w, https:\/\/fiziosan.si\/wp-content\/uploads\/2024\/05\/IMG_1462-e1523527959121-300x300.jpg 300w, https:\/\/fiziosan.si\/wp-content\/uploads\/2024\/05\/IMG_1462-e1523527959121-100x100.jpg 100w, https:\/\/fiziosan.si\/wp-content\/uploads\/2024\/05\/IMG_1462-e1523527959121-50x50.jpg 50w\" sizes=\"(max-width: 150px) 100vw, 150px\" \/><\/a><\/p>\n<p>&nbsp;<\/p>\n<p><strong>Oggettivare il<\/strong> processo di riabilitazione.<\/td>\n<td style=\"width: 20%; height: 320px;\"><a href=\"https:\/\/fiziosan.si\/wp-content\/uploads\/2024\/05\/DSC06999-150x150.jpg\"><img loading=\"lazy\" decoding=\"async\" class=\"alignnone wp-image-3186 size-thumbnail\" src=\"https:\/\/fiziosan.si\/wp-content\/uploads\/2024\/05\/DSC06999-150x150.jpg\" alt=\"\" width=\"150\" height=\"150\" title=\"\" srcset=\"https:\/\/fiziosan.si\/wp-content\/uploads\/2024\/05\/DSC06999-150x150.jpg 150w, https:\/\/fiziosan.si\/wp-content\/uploads\/2024\/05\/DSC06999-300x300.jpg 300w, https:\/\/fiziosan.si\/wp-content\/uploads\/2024\/05\/DSC06999-100x100.jpg 100w, https:\/\/fiziosan.si\/wp-content\/uploads\/2024\/05\/DSC06999-50x50.jpg 50w\" sizes=\"(max-width: 150px) 100vw, 150px\" \/><\/a><\/p>\n<p>&nbsp;<\/p>\n<p><strong>Adatta il livello di difficolt\u00e0 dell&#8217;<\/strong> esercizio alle esigenze attuali del paziente.<\/td>\n<\/tr>\n<\/tbody>\n<\/table>\n<\/div>\n<p>&nbsp;<\/p>\n<p>&nbsp;<\/p>\n<div>\n<table style=\"width: 100%; border-collapse: collapse; border-style: hidden;\">\n<tbody>\n<tr>\n<td style=\"width: 50%; vertical-align: middle;\">\n<div style=\"text-align: center;\" data-mrgt=\"60\" data-size=\"medium\"><a href=\"https:\/\/fiziosan.si\/wp-content\/uploads\/2024\/05\/I29A6601-1024x683.jpg\"><img loading=\"lazy\" decoding=\"async\" class=\"alignnone wp-image-3158 size-large\" src=\"https:\/\/fiziosan.si\/wp-content\/uploads\/2024\/05\/I29A6601-1024x683.jpg\" alt=\"\" width=\"1024\" height=\"683\" title=\"\" srcset=\"https:\/\/fiziosan.si\/wp-content\/uploads\/2024\/05\/I29A6601-1024x683.jpg 1024w, https:\/\/fiziosan.si\/wp-content\/uploads\/2024\/05\/I29A6601-300x200.jpg 300w, https:\/\/fiziosan.si\/wp-content\/uploads\/2024\/05\/I29A6601-768x512.jpg 768w, https:\/\/fiziosan.si\/wp-content\/uploads\/2024\/05\/I29A6601-1536x1024.jpg 1536w, https:\/\/fiziosan.si\/wp-content\/uploads\/2024\/05\/I29A6601-600x400.jpg 600w, https:\/\/fiziosan.si\/wp-content\/uploads\/2024\/05\/I29A6601-1620x1080.jpg 1620w, https:\/\/fiziosan.si\/wp-content\/uploads\/2024\/05\/I29A6601.jpg 1920w\" sizes=\"(max-width: 1024px) 100vw, 1024px\" \/><\/a><\/div>\n<\/td>\n<td style=\"width: 50%; text-align: center; vertical-align: middle;\">\n<p style=\"text-align: left;\"><strong><span lang=\"SL\">ATTREZZATURE AGGIUNTIVE (non incluse nel prezzo!)<\/span><\/strong><\/p>\n<p>&nbsp;<\/p>\n<p style=\"text-align: left;\"><span lang=\"SL\">Kit di accessori per <strong>GAMMA<\/strong> come stazione indipendente:<\/span><\/p>\n<ul>\n<li style=\"text-align: left;\"><span lang=\"SL\">Stanza del paziente con TV da 43 pollici<\/span><\/li>\n<li style=\"text-align: left;\"><span lang=\"SL\">Supporto per terapisti: touch screen da 22 pollici per terapisti, PC, tastiera<\/span><\/li>\n<\/ul>\n<p style=\"text-align: left;\"><span lang=\"SL\">Kit di accessori <strong>GAMMA<\/strong> con postazione terapeutica:<\/span><\/p>\n<ul>\n<li style=\"text-align: left;\">Supporto paziente con TV da 43 pollici, PC e tastiera<\/li>\n<\/ul>\n<p style=\"text-align: left;\">Postazione di lavoro per la terapia:<\/p>\n<ul>\n<li style=\"text-align: left;\">Supporto con monitor da 22 pollici, PC, tastiera e router wifi<\/li>\n<\/ul>\n<\/td>\n<\/tr>\n<\/tbody>\n<\/table>\n<\/div>\n<p>&nbsp;<\/p>\n<div>\n<h3 class=\"col-xs-12 col-sm-6\" style=\"text-align: center;\">ACX.Rehab &#8211; Un concetto di riabilitazione funzionale in un ambiente di realt\u00e0 virtuale<\/h3>\n<\/div>\n<p>&nbsp;<\/p>\n<div>\n<table class=\"table brez-roba\" style=\"border-style: hidden; width: 100%; background-color: lightgrey;\">\n<tbody>\n<tr class=\"table brez-roba\">\n<td style=\"vertical-align: top; width: 100%;\"><strong>ACX.Rehab<\/strong> \u00e8 un concetto di trattamento funzionale con <strong>realt\u00e0 virtuale<\/strong>. Combina metodi terapeutici classici e collaudati con le possibilit\u00e0 di una <strong>tecnologia innovativa.<\/strong> <\/p>\n<ul>\n<li>Valutazione e capacit\u00e0 terapeutiche delle piattaforme stabilometriche, dinamometriche e di equilibrio.<\/li>\n<li>Capacit\u00e0 di riabilitazione con dispositivi medici che lavorano sotto il controllo di una resistenza elastica sicura.<\/li>\n<li>Training cognitivo per supportare i pazienti con disturbi mentali.<\/li>\n<li>Il software permette di sfruttare la realt\u00e0 virtuale e aumenta la motivazione del paziente.<\/li>\n<li>EBM &#8211; raccolta di dati per il terapeuta per valutare i risultati del paziente e pianificare un trattamento personalizzato.<\/li>\n<\/ul>\n<\/td>\n<\/tr>\n<tr class=\"table brez-roba\">\n<td style=\"vertical-align: top; width: 100%; background-color: darkgrey;\"><strong>PIASTRE DI FORZA<\/strong><\/p>\n<p>Allenamento dell&#8217;equilibrio e della postura su pavimenti stabili e instabili: piattaforme stabilometriche, dinamometriche e di equilibrio.<\/p>\n<p>&nbsp;<\/p>\n<p><strong>TERAPIA DELLA PARTE SUPERIORE DELLA COSCIA<\/strong><\/p>\n<p>Il dispositivo \u00e8 progettato per la terapia degli arti superiori: polso, gomito, articolazione della spalla, per l&#8217;allenamento del movimento, della coordinazione e della propriocezione.<\/p>\n<p>&nbsp;<\/p>\n<p><strong>TERAPIA DEGLI ARTI INFERIORI  <\/strong><\/p>\n<p>Il dispositivo \u00e8 progettato per la terapia degli arti inferiori in catena cinematica aperta o chiusa: allenamento di forza, resistenza e stabilit\u00e0.<\/p>\n<p>&nbsp;<\/p>\n<p><strong>FORMAZIONE COGNITIVA<\/strong><\/p>\n<p>Terapia cognitiva che si concentra sulla memoria, sulla risoluzione dei problemi, sull&#8217;attenzione divisa e sulla precisione dei movimenti.<\/td>\n<\/tr>\n<\/tbody>\n<\/table>\n<\/div>\n","protected":false},"excerpt":{"rendered":"<strong>GAMMA <\/strong>\u00e8 una<strong> piattaforma dinamometrica<\/strong> all&#8217;avanguardia a doppia piattaforma che consente di eseguire test e allenamenti su pazienti neurologici e ortopedici. Come parte del concetto<strong> ACX.Rehab<\/strong>, <strong>GAMMA<\/strong> utilizza un software che consente al paziente di essere consapevole delle sfide e dei progressi della riabilitazione, aumentando la motivazione del paziente.\n\n<strong>ACX.Rehab<\/strong> \u00e8 un concetto di trattamento funzionale con realt\u00e0 virtuale. Combina metodi terapeutici classici e collaudati con le possibilit\u00e0 di una tecnologia innovativa. ","protected":false},"featured_media":7413,"template":"","meta":{"_acf_changed":false},"pwb-brand":[1031],"product_cat":[992,999,651],"product_tag":[],"class_list":{"0":"post-9816","1":"product","2":"type-product","3":"status-publish","4":"has-post-thumbnail","6":"pwb-brand-technomex","7":"product_cat-generale","8":"product_cat-piattaforma-dinamografica-gama","9":"product_cat-riabilitazione","10":"pa_napajanje-via-usb-5v-it","12":"first","13":"outofstock","14":"taxable","15":"shipping-taxable","16":"product-type-simple"},"acf":[],"brands":[{"id":1031,"name":"Technomex","slug":"technomex"}],"_links":{"self":[{"href":"https:\/\/fiziosan.si\/it\/wp-json\/wp\/v2\/product\/9816"}],"collection":[{"href":"https:\/\/fiziosan.si\/it\/wp-json\/wp\/v2\/product"}],"about":[{"href":"https:\/\/fiziosan.si\/it\/wp-json\/wp\/v2\/types\/product"}],"version-history":[{"count":1,"href":"https:\/\/fiziosan.si\/it\/wp-json\/wp\/v2\/product\/9816\/revisions"}],"predecessor-version":[{"id":10208,"href":"https:\/\/fiziosan.si\/it\/wp-json\/wp\/v2\/product\/9816\/revisions\/10208"}],"wp:featuredmedia":[{"embeddable":true,"href":"https:\/\/fiziosan.si\/it\/wp-json\/wp\/v2\/media\/7413"}],"wp:attachment":[{"href":"https:\/\/fiziosan.si\/it\/wp-json\/wp\/v2\/media?parent=9816"}],"wp:term":[{"taxonomy":"pwb-brand","embeddable":true,"href":"https:\/\/fiziosan.si\/it\/wp-json\/wp\/v2\/pwb-brand?post=9816"},{"taxonomy":"product_cat","embeddable":true,"href":"https:\/\/fiziosan.si\/it\/wp-json\/wp\/v2\/product_cat?post=9816"},{"taxonomy":"product_tag","embeddable":true,"href":"https:\/\/fiziosan.si\/it\/wp-json\/wp\/v2\/product_tag?post=9816"}],"curies":[{"name":"wp","href":"https:\/\/api.w.org\/{rel}","templated":true}]}}