{"id":9763,"date":"2024-03-28T13:03:07","date_gmt":"2024-03-28T13:03:07","guid":{"rendered":"https:\/\/fiziosan.si\/izdelek\/medkey\/"},"modified":"2025-07-29T13:33:12","modified_gmt":"2025-07-29T13:33:12","slug":"medkey","status":"publish","type":"product","link":"https:\/\/fiziosan.si\/it\/prodotto\/medkey\/","title":{"rendered":"Medkey"},"content":{"rendered":"<p>&nbsp;<\/p>\n<div>\n<table class=\"table brez-roba\" style=\"border-style: hidden; width: 100%;\">\n<tbody>\n<tr class=\"table brez-roba\">\n<td style=\"vertical-align: middle; width: 50.2534%;\">\n<p style=\"text-align: left;\"><strong>MEDKEY<\/strong> si spinge oltre i confini delle capacit\u00e0 tecniche esistenti nel campo della <strong>TERAPIA IMPULSIVA BIOADATTIVA <\/strong>ed \u00e8<strong> <\/strong>il sito giusto per la ricerca.<\/p>\n<p style=\"text-align: left;\">il capolavoro di ultima generazione<strong> per la gestione del dolore e delle disfunzioni.<\/strong><\/p>\n<p>&nbsp;<\/p>\n<p>&nbsp;<\/p>\n<p>&nbsp;<\/p>\n<p style=\"text-align: center;\">\n<\/td>\n<td style=\"width: 49.7466%;\"><a href=\"https:\/\/fiziosan.si\/wp-content\/uploads\/2024\/03\/medkey4-1024x683.jpg\"><img fetchpriority=\"high\" decoding=\"async\" class=\"alignnone wp-image-2849 size-large\" src=\"https:\/\/fiziosan.si\/wp-content\/uploads\/2024\/03\/medkey4-1024x683.jpg\" alt=\"TERAPIA BIOADATTIVA DEGLI IMPULSI\" width=\"1024\" height=\"683\" title=\"\" srcset=\"https:\/\/fiziosan.si\/wp-content\/uploads\/2024\/03\/medkey4-1024x683.jpg 1024w, https:\/\/fiziosan.si\/wp-content\/uploads\/2024\/03\/medkey4-300x200.jpg 300w, https:\/\/fiziosan.si\/wp-content\/uploads\/2024\/03\/medkey4-768x512.jpg 768w, https:\/\/fiziosan.si\/wp-content\/uploads\/2024\/03\/medkey4-1536x1024.jpg 1536w, https:\/\/fiziosan.si\/wp-content\/uploads\/2024\/03\/medkey4-2048x1365.jpg 2048w, https:\/\/fiziosan.si\/wp-content\/uploads\/2024\/03\/medkey4-600x400.jpg 600w, https:\/\/fiziosan.si\/wp-content\/uploads\/2024\/03\/medkey4-1620x1080.jpg 1620w, https:\/\/fiziosan.si\/wp-content\/uploads\/2024\/03\/medkey4-1920x1280.jpg 1920w\" sizes=\"(max-width: 1024px) 100vw, 1024px\" \/><\/a><\/td>\n<\/tr>\n<\/tbody>\n<\/table>\n<\/div>\n<p>&nbsp;<\/p>\n<h3 style=\"text-align: left;\"><strong>I 4 principali BENEFICI della nuova MEDKEY:<\/strong><\/h3>\n<p>&nbsp;<\/p>\n<p>&nbsp;<\/p>\n<div>\n<table style=\"width: 100%; border-collapse: collapse; border-style: hidden;\">\n<tbody>\n<tr>\n<td style=\"width: 50%; vertical-align: middle;\">\n<div style=\"text-align: center;\" data-mrgt=\"60\" data-size=\"medium\"><a href=\"https:\/\/fiziosan.si\/wp-content\/uploads\/2024\/03\/scanner.jpg\"><img decoding=\"async\" class=\"alignnone wp-image-2877 size-full\" src=\"https:\/\/fiziosan.si\/wp-content\/uploads\/2024\/03\/scanner.jpg\" alt=\"SCANNER HIGHPRO\" width=\"691\" height=\"490\" title=\"\" srcset=\"https:\/\/fiziosan.si\/wp-content\/uploads\/2024\/03\/scanner.jpg 691w, https:\/\/fiziosan.si\/wp-content\/uploads\/2024\/03\/scanner-300x213.jpg 300w, https:\/\/fiziosan.si\/wp-content\/uploads\/2024\/03\/scanner-600x425.jpg 600w\" sizes=\"(max-width: 691px) 100vw, 691px\" \/><\/a><\/div>\n<\/td>\n<td style=\"width: 50%; text-align: center; vertical-align: middle;\">Con il <strong>palmare e lo scanner HIGHPRO<\/strong>, il nuovo <strong>MEDKEY<\/strong> ti permette di raccogliere dati dettagliati sulla durata delle terapie, sul loro successo e sulle aree trattate. Puoi salvare facilmente le informazioni e ripetere la terapia in qualsiasi momento. <\/td>\n<\/tr>\n<\/tbody>\n<\/table>\n<\/div>\n<p>&nbsp;<\/p>\n<div>\n<table style=\"width: 100%; border-collapse: collapse; border-style: hidden;\">\n<tbody>\n<tr>\n<td style=\"width: 50%; vertical-align: middle;\">\n<div style=\"text-align: center;\" data-mrgt=\"60\" data-size=\"medium\"><a href=\"https:\/\/fiziosan.si\/wp-content\/uploads\/2024\/03\/fulltouch-display-rotated.jpg\"><img decoding=\"async\" class=\"alignnone wp-image-2894 size-large\" src=\"https:\/\/fiziosan.si\/wp-content\/uploads\/2024\/03\/fulltouch-display-1024x683.jpg\" alt=\"DISPLAY FULLTOUCH\" width=\"1024\" height=\"683\" title=\"\" srcset=\"https:\/\/fiziosan.si\/wp-content\/uploads\/2024\/03\/fulltouch-display-1024x683.jpg 1024w, https:\/\/fiziosan.si\/wp-content\/uploads\/2024\/03\/fulltouch-display-300x200.jpg 300w, https:\/\/fiziosan.si\/wp-content\/uploads\/2024\/03\/fulltouch-display-768x512.jpg 768w, https:\/\/fiziosan.si\/wp-content\/uploads\/2024\/03\/fulltouch-display-1536x1024.jpg 1536w, https:\/\/fiziosan.si\/wp-content\/uploads\/2024\/03\/fulltouch-display-2048x1366.jpg 2048w, https:\/\/fiziosan.si\/wp-content\/uploads\/2024\/03\/fulltouch-display-600x400.jpg 600w, https:\/\/fiziosan.si\/wp-content\/uploads\/2024\/03\/fulltouch-display-1620x1080.jpg 1620w, https:\/\/fiziosan.si\/wp-content\/uploads\/2024\/03\/fulltouch-display-1920x1280.jpg 1920w\" sizes=\"(max-width: 1024px) 100vw, 1024px\" \/><\/a><\/div>\n<\/td>\n<td style=\"width: 50%; text-align: center; vertical-align: middle;\">Il <strong>touchscreen intuitivo<\/strong> rende il funzionamento di <strong>MEDKEY<\/strong> pi\u00f9 naturale. Scorrere e toccare i diversi menu \u00e8 pi\u00f9 facile, con la possibilit\u00e0 di bloccare lo schermo esattamente quando lo desideri. Ogni azione \u00e8 accompagnata da suoni e vibrazioni.  <\/td>\n<\/tr>\n<\/tbody>\n<\/table>\n<\/div>\n<p>&nbsp;<\/p>\n<div>\n<table style=\"width: 100%; border-collapse: collapse; border-style: hidden;\">\n<tbody>\n<tr>\n<td style=\"width: 50%; vertical-align: middle;\">\n<div style=\"text-align: center;\" data-mrgt=\"60\" data-size=\"medium\"><a href=\"https:\/\/fiziosan.si\/wp-content\/uploads\/2024\/03\/stopnje-300x190.jpg\"><img loading=\"lazy\" decoding=\"async\" class=\"alignnone wp-image-2898\" src=\"https:\/\/fiziosan.si\/wp-content\/uploads\/2024\/03\/stopnje-300x190.jpg\" alt=\"\" width=\"1024\" height=\"650\" title=\"\" srcset=\"https:\/\/fiziosan.si\/wp-content\/uploads\/2024\/03\/stopnje-300x190.jpg 300w, https:\/\/fiziosan.si\/wp-content\/uploads\/2024\/03\/stopnje-600x381.jpg 600w, https:\/\/fiziosan.si\/wp-content\/uploads\/2024\/03\/stopnje.jpg 769w\" sizes=\"(max-width: 1024px) 100vw, 1024px\" \/><\/a><\/div>\n<\/td>\n<td style=\"width: 50%; text-align: center; vertical-align: middle;\"><strong>Funzionamento semplice e intuitivo<\/strong>. Con le opzioni aggiuntive del programma di biofeedback &#8211; &#8220;delicato&#8221; e &#8220;intensivo&#8221; &#8211; l&#8217;approccio terapeutico \u00e8 ancora pi\u00f9 flessibile, migliorando il trattamento individuale dei tuoi pazienti. Sono disponibili fino <strong>a 30 terapie diverse<\/strong> che possono essere attivate con un solo clic.  <\/td>\n<\/tr>\n<\/tbody>\n<\/table>\n<\/div>\n<p>&nbsp;<\/p>\n<div>\n<table style=\"width: 100%; border-collapse: collapse; border-style: hidden;\">\n<tbody>\n<tr>\n<td style=\"width: 50%; vertical-align: middle;\">\n<div style=\"text-align: center;\" data-mrgt=\"60\" data-size=\"medium\"><a href=\"https:\/\/fiziosan.si\/wp-content\/uploads\/2024\/03\/200904_KeyTec_029-%E2%80%93-kopija.jpg\"><img loading=\"lazy\" decoding=\"async\" class=\"alignnone wp-image-2837 size-large\" src=\"https:\/\/fiziosan.si\/wp-content\/uploads\/2024\/03\/200904_KeyTec_029-%E2%80%93-kopija-1024x682.jpg\" alt=\"CARICA INDUTTIVA\" width=\"1024\" height=\"682\" title=\"\"><\/a><\/div>\n<\/td>\n<td style=\"width: 50%; text-align: center; vertical-align: middle;\"><strong>MEDKEY<\/strong> \u00e8 facilmente ricaricabile tramite <strong>ricarica induttiva<\/strong>. Basta posizionarla sulla stazione di ricarica e il processo inizia. <\/td>\n<\/tr>\n<\/tbody>\n<\/table>\n<\/div>\n<div><\/div>\n<p>&nbsp;<\/p>\n<p>&nbsp;<\/p>\n<h3 class=\"col-xs-12 col-sm-6\" style=\"text-align: center;\">Quattro terapie in un solo dispositivo!<\/h3>\n<p>&nbsp;<\/p>\n<p>&nbsp;<\/p>\n<div>\n<table style=\"width: 100%; border-collapse: collapse; border-style: hidden; height: 350px;\" border=\"0\">\n<tbody>\n<tr style=\"height: 350px;\">\n<td style=\"width: 25%; height: 350px;\"><a href=\"https:\/\/fiziosan.si\/wp-content\/uploads\/2024\/03\/bioregulacija.jpg\"><img loading=\"lazy\" decoding=\"async\" class=\"alignnone wp-image-2911\" src=\"https:\/\/fiziosan.si\/wp-content\/uploads\/2024\/03\/bioregulacija.jpg\" alt=\"BIOREGOLAZIONE\" width=\"125\" height=\"120\" title=\"\"><\/a><\/p>\n<p>&nbsp;<\/p>\n<p><strong>Bioregolazione<\/strong>: con impulsi bidirezionali e personalizzati, Medkey offre 30 programmi specifici di bioregolazione.<\/td>\n<td style=\"width: 25%; height: 350px;\"><a href=\"https:\/\/fiziosan.si\/wp-content\/uploads\/2024\/03\/diagnostika.jpg\"><img loading=\"lazy\" decoding=\"async\" class=\"alignnone wp-image-2912\" src=\"https:\/\/fiziosan.si\/wp-content\/uploads\/2024\/03\/diagnostika.jpg\" alt=\"DIAGNOSTICA\" width=\"115\" height=\"120\" title=\"\"><\/a><\/p>\n<p>&nbsp;<\/p>\n<p><strong>Modalit\u00e0 diagnostica<\/strong>: i valori numerici della modalit\u00e0 diagnostica rivelano dove la terapia ha il maggior potenziale di successo.<\/td>\n<td style=\"width: 25%; height: 350px;\"><a href=\"https:\/\/fiziosan.si\/wp-content\/uploads\/2024\/03\/dokumentacija.jpg\"><img loading=\"lazy\" decoding=\"async\" class=\"alignnone wp-image-2913\" src=\"https:\/\/fiziosan.si\/wp-content\/uploads\/2024\/03\/dokumentacija.jpg\" alt=\"\" width=\"120\" height=\"120\" title=\"\" srcset=\"https:\/\/fiziosan.si\/wp-content\/uploads\/2024\/03\/dokumentacija.jpg 132w, https:\/\/fiziosan.si\/wp-content\/uploads\/2024\/03\/dokumentacija-100x100.jpg 100w, https:\/\/fiziosan.si\/wp-content\/uploads\/2024\/03\/dokumentacija-50x50.jpg 50w\" sizes=\"(max-width: 120px) 100vw, 120px\" \/><\/a><\/p>\n<p>&nbsp;<\/p>\n<p><strong>Documentazione<\/strong>: documenta il tuo successo con Medkey e una tastiera. Una documentazione dettagliata registra la durata, il successo e le aree trattate. <\/td>\n<td style=\"width: 25%; height: 350px;\"><a href=\"https:\/\/fiziosan.si\/wp-content\/uploads\/2024\/03\/keyforeza.jpg\"><img loading=\"lazy\" decoding=\"async\" class=\"alignnone wp-image-2914\" src=\"https:\/\/fiziosan.si\/wp-content\/uploads\/2024\/03\/keyforeza.jpg\" alt=\"\" width=\"126\" height=\"120\" title=\"\"><\/a><\/p>\n<p>&nbsp;<\/p>\n<p><strong>Key physis<\/strong>: \u00e8 un metodo di ionoforesi che permette di utilizzare sostanze acide e basiche nella terapia.<\/td>\n<\/tr>\n<\/tbody>\n<\/table>\n<\/div>\n<div>\n<h3 class=\"col-xs-12 col-sm-6\" style=\"text-align: center;\">Aree di trattamento<\/h3>\n<\/div>\n<p>&nbsp;<\/p>\n<div><strong>MEDKEY<\/strong> viene utilizzato da pazienti di tutte le et\u00e0 con sintomi diversi. Il dispositivo stimola l&#8217;autoregolazione del corpo attraverso impulsi controllati dal biofeedback. I suoi risultati sono spettacolari, rapidi e duraturi e facilitano il lavoro del terapeuta. Oltre a essere utilizzato per vari sintomi, il kit \u00e8 ideale per i seguenti disturbi:   <\/div>\n<p>&nbsp;<\/p>\n<div>\n<table style=\"width: 100%; border-collapse: collapse; border-style: hidden;\">\n<tbody>\n<tr>\n<td style=\"width: 50%; vertical-align: middle;\">\n<p style=\"text-align: center;\"><a href=\"https:\/\/fiziosan.si\/wp-content\/uploads\/2024\/03\/200904_KeyTec_030-%E2%80%93-kopija.jpg\"><img loading=\"lazy\" decoding=\"async\" class=\"alignnone wp-image-2838 size-webtim-standard\" src=\"https:\/\/fiziosan.si\/wp-content\/uploads\/2024\/03\/200904_KeyTec_030-%E2%80%93-kopija-1620x1080.jpg\" alt=\"AREE DI TRATTAMENTO\" width=\"1620\" height=\"1080\" title=\"\"><\/a><\/p>\n<\/td>\n<td style=\"width: 50%;\">\n<h4 style=\"text-align: center; vertical-align: top;\"><\/h4>\n<ul>\n<li>Condizioni del sistema nervoso (nevralgie, dolore fantasma, ecc.)<\/li>\n<li>Lesioni e dolori al sistema muscolo-scheletrico (tendini, legamenti, nervi, articolazioni&#8230;)<\/li>\n<li>Disturbi funzionali del tratto gastrointestinale (calcoli biliari, colecistite, colangite, ecc.)<\/li>\n<li>Disturbi del tratto urogenitale (vescica irritabile, disturbi della fertilit\u00e0, ecc.)<\/li>\n<\/ul>\n<\/td>\n<\/tr>\n<\/tbody>\n<\/table>\n<\/div>\n<p>&nbsp;<\/p>\n<div>\n<h3 class=\"col-xs-12 col-sm-6\" style=\"text-align: center;\">Utilizzo in caso di MALATTIE ACUTE e CRONICHE e DISFUNZIONE<\/h3>\n<\/div>\n<p>&nbsp;<\/p>\n<p>&nbsp;<\/p>\n<div>\n<table class=\"table brez-roba\" style=\"border-style: hidden; width: 100%; background-color: white;\">\n<tbody>\n<tr class=\"table brez-roba\">\n<td style=\"vertical-align: top; width: 25%;\">\n<ul>\n<li>Terapia della fascia<\/li>\n<li>Trattamento dei punti di flessione<\/li>\n<li>Dolore al collo e alla schiena<\/li>\n<\/ul>\n<\/td>\n<td style=\"width: 25%;\"><a href=\"https:\/\/fiziosan.si\/wp-content\/uploads\/2024\/03\/fascije-300x300.jpg\"><img loading=\"lazy\" decoding=\"async\" class=\"alignnone wp-image-2933 size-medium\" src=\"https:\/\/fiziosan.si\/wp-content\/uploads\/2024\/03\/fascije-300x300.jpg\" alt=\"FASCIA\" width=\"300\" height=\"300\" title=\"\" srcset=\"https:\/\/fiziosan.si\/wp-content\/uploads\/2024\/03\/fascije-300x300.jpg 300w, https:\/\/fiziosan.si\/wp-content\/uploads\/2024\/03\/fascije-150x150.jpg 150w, https:\/\/fiziosan.si\/wp-content\/uploads\/2024\/03\/fascije-100x100.jpg 100w, https:\/\/fiziosan.si\/wp-content\/uploads\/2024\/03\/fascije-50x50.jpg 50w, https:\/\/fiziosan.si\/wp-content\/uploads\/2024\/03\/fascije.jpg 590w\" sizes=\"(max-width: 300px) 100vw, 300px\" \/><\/a><\/td>\n<td style=\"width: 25%;\"><a href=\"https:\/\/fiziosan.si\/wp-content\/uploads\/2024\/03\/prozilne-tocke-300x300.jpg\"><img loading=\"lazy\" decoding=\"async\" class=\"alignnone wp-image-2936 size-medium\" src=\"https:\/\/fiziosan.si\/wp-content\/uploads\/2024\/03\/prozilne-tocke-300x300.jpg\" alt=\"PUNTI PRO\u017dILNE\" width=\"300\" height=\"300\" title=\"\" srcset=\"https:\/\/fiziosan.si\/wp-content\/uploads\/2024\/03\/prozilne-tocke-300x300.jpg 300w, https:\/\/fiziosan.si\/wp-content\/uploads\/2024\/03\/prozilne-tocke-150x150.jpg 150w, https:\/\/fiziosan.si\/wp-content\/uploads\/2024\/03\/prozilne-tocke-100x100.jpg 100w, https:\/\/fiziosan.si\/wp-content\/uploads\/2024\/03\/prozilne-tocke-50x50.jpg 50w, https:\/\/fiziosan.si\/wp-content\/uploads\/2024\/03\/prozilne-tocke.jpg 588w\" sizes=\"(max-width: 300px) 100vw, 300px\" \/><\/a><\/td>\n<td style=\"width: 25%;\"><a href=\"https:\/\/fiziosan.si\/wp-content\/uploads\/2024\/03\/bolecine-vrat-hrbet-300x300.jpg\"><img loading=\"lazy\" decoding=\"async\" class=\"alignnone wp-image-2932 size-medium\" src=\"https:\/\/fiziosan.si\/wp-content\/uploads\/2024\/03\/bolecine-vrat-hrbet-300x300.jpg\" alt=\"DOLORE AL COLLO E ALLA SCHIENA\" width=\"300\" height=\"300\" title=\"\" srcset=\"https:\/\/fiziosan.si\/wp-content\/uploads\/2024\/03\/bolecine-vrat-hrbet-300x300.jpg 300w, https:\/\/fiziosan.si\/wp-content\/uploads\/2024\/03\/bolecine-vrat-hrbet-150x150.jpg 150w, https:\/\/fiziosan.si\/wp-content\/uploads\/2024\/03\/bolecine-vrat-hrbet-100x100.jpg 100w, https:\/\/fiziosan.si\/wp-content\/uploads\/2024\/03\/bolecine-vrat-hrbet-50x50.jpg 50w, https:\/\/fiziosan.si\/wp-content\/uploads\/2024\/03\/bolecine-vrat-hrbet.jpg 591w\" sizes=\"(max-width: 300px) 100vw, 300px\" \/><\/a><\/td>\n<\/tr>\n<tr class=\"table brez-roba\" style=\"background-color: white;\">\n<td style=\"vertical-align: top; width: 25%;\">\n<ul>\n<li>Disturbi funzionali<\/li>\n<li>Dolori articolari<\/li>\n<li>Disfunzioni muscolari<\/li>\n<\/ul>\n<\/td>\n<td style=\"width: 25%;\"><a href=\"https:\/\/fiziosan.si\/wp-content\/uploads\/2024\/03\/motnje-300x300.jpg\"><img loading=\"lazy\" decoding=\"async\" class=\"alignnone wp-image-2935 size-medium\" src=\"https:\/\/fiziosan.si\/wp-content\/uploads\/2024\/03\/motnje-300x300.jpg\" alt=\"MOZIONI\" width=\"300\" height=\"300\" title=\"\" srcset=\"https:\/\/fiziosan.si\/wp-content\/uploads\/2024\/03\/motnje-300x300.jpg 300w, https:\/\/fiziosan.si\/wp-content\/uploads\/2024\/03\/motnje-150x150.jpg 150w, https:\/\/fiziosan.si\/wp-content\/uploads\/2024\/03\/motnje-100x100.jpg 100w, https:\/\/fiziosan.si\/wp-content\/uploads\/2024\/03\/motnje-50x50.jpg 50w, https:\/\/fiziosan.si\/wp-content\/uploads\/2024\/03\/motnje.jpg 589w\" sizes=\"(max-width: 300px) 100vw, 300px\" \/><\/a><\/td>\n<td style=\"width: 25%;\"><a href=\"https:\/\/fiziosan.si\/wp-content\/uploads\/2024\/03\/sklepi-298x300.jpg\"><img loading=\"lazy\" decoding=\"async\" class=\"alignnone wp-image-2937 size-medium\" src=\"https:\/\/fiziosan.si\/wp-content\/uploads\/2024\/03\/sklepi-298x300.jpg\" alt=\"CONCLUSIONI\" width=\"298\" height=\"300\" title=\"\" srcset=\"https:\/\/fiziosan.si\/wp-content\/uploads\/2024\/03\/sklepi-298x300.jpg 298w, https:\/\/fiziosan.si\/wp-content\/uploads\/2024\/03\/sklepi-150x150.jpg 150w, https:\/\/fiziosan.si\/wp-content\/uploads\/2024\/03\/sklepi-100x100.jpg 100w, https:\/\/fiziosan.si\/wp-content\/uploads\/2024\/03\/sklepi-50x50.jpg 50w, https:\/\/fiziosan.si\/wp-content\/uploads\/2024\/03\/sklepi.jpg 588w\" sizes=\"(max-width: 298px) 100vw, 298px\" \/><\/a><\/td>\n<td style=\"width: 25%;\"><a href=\"https:\/\/fiziosan.si\/wp-content\/uploads\/2024\/03\/misice-300x300.jpg\"><img loading=\"lazy\" decoding=\"async\" class=\"alignnone wp-image-2934 size-medium\" src=\"https:\/\/fiziosan.si\/wp-content\/uploads\/2024\/03\/misice-300x300.jpg\" alt=\"DISFUNZIONE MUSCOLARE\" width=\"300\" height=\"300\" title=\"\" srcset=\"https:\/\/fiziosan.si\/wp-content\/uploads\/2024\/03\/misice-300x300.jpg 300w, https:\/\/fiziosan.si\/wp-content\/uploads\/2024\/03\/misice-150x150.jpg 150w, https:\/\/fiziosan.si\/wp-content\/uploads\/2024\/03\/misice-100x100.jpg 100w, https:\/\/fiziosan.si\/wp-content\/uploads\/2024\/03\/misice-50x50.jpg 50w, https:\/\/fiziosan.si\/wp-content\/uploads\/2024\/03\/misice.jpg 591w\" sizes=\"(max-width: 300px) 100vw, 300px\" \/><\/a><\/td>\n<\/tr>\n<\/tbody>\n<\/table>\n<\/div>\n","protected":false},"excerpt":{"rendered":"Il dispositivo di neurostimolazione <strong>Medkey<\/strong> di <strong>Keytec<\/strong> \u00e8 una delle pi\u00f9 recenti tecnologie per ridurre ed eliminare il dolore, consentendo terapie pi\u00f9 rapide, precise e personalizzate.\n\n&nbsp;\n\n<strong>Medkey<\/strong> \u00e8 un&#8217;apparecchiatura indispensabile per medici e terapisti, soprattutto nelle grandi strutture sanitarie, ed \u00e8 uno degli strumenti leader nel campo della <strong>terapia bioadattiva a impulsi<\/strong>. Durante il funzionamento, genera impulsi <strong>bidirezionali<\/strong> (per la bioregolazione) e <strong>galvanici<\/strong> (per la fotorisonanza). ","protected":false},"featured_media":7289,"template":"","meta":{"_acf_changed":false},"pwb-brand":[1027],"product_cat":[583,600,586,582,984],"product_tag":[],"class_list":{"0":"post-9763","1":"product","2":"type-product","3":"status-publish","4":"has-post-thumbnail","6":"pwb-brand-keytec","7":"product_cat-elettroterapia","8":"product_cat-elettroterapia-it","9":"product_cat-fisioterapia","10":"product_cat-medicina-veterinaria","11":"product_cat-terapia-ad-impulsi-bioadattativa-keytec","12":"pa_baterija-5v-05v-ricaricabile-agli-ioni-di-litio","13":"pa_delovanje-fino-a-12-ore","14":"pa_napajanje-circa-180-minuti-induzione","15":"pa_zaslon-schermo-touchscreen-ips-da-24","17":"first","18":"instock","19":"featured","20":"taxable","21":"shipping-taxable","22":"purchasable","23":"product-type-simple"},"acf":[],"brands":[{"id":1027,"name":"Keytec","slug":"keytec"}],"_links":{"self":[{"href":"https:\/\/fiziosan.si\/it\/wp-json\/wp\/v2\/product\/9763"}],"collection":[{"href":"https:\/\/fiziosan.si\/it\/wp-json\/wp\/v2\/product"}],"about":[{"href":"https:\/\/fiziosan.si\/it\/wp-json\/wp\/v2\/types\/product"}],"version-history":[{"count":1,"href":"https:\/\/fiziosan.si\/it\/wp-json\/wp\/v2\/product\/9763\/revisions"}],"predecessor-version":[{"id":10193,"href":"https:\/\/fiziosan.si\/it\/wp-json\/wp\/v2\/product\/9763\/revisions\/10193"}],"wp:featuredmedia":[{"embeddable":true,"href":"https:\/\/fiziosan.si\/it\/wp-json\/wp\/v2\/media\/7289"}],"wp:attachment":[{"href":"https:\/\/fiziosan.si\/it\/wp-json\/wp\/v2\/media?parent=9763"}],"wp:term":[{"taxonomy":"pwb-brand","embeddable":true,"href":"https:\/\/fiziosan.si\/it\/wp-json\/wp\/v2\/pwb-brand?post=9763"},{"taxonomy":"product_cat","embeddable":true,"href":"https:\/\/fiziosan.si\/it\/wp-json\/wp\/v2\/product_cat?post=9763"},{"taxonomy":"product_tag","embeddable":true,"href":"https:\/\/fiziosan.si\/it\/wp-json\/wp\/v2\/product_tag?post=9763"}],"curies":[{"name":"wp","href":"https:\/\/api.w.org\/{rel}","templated":true}]}}