{"id":9745,"date":"2024-04-30T21:09:34","date_gmt":"2024-04-30T21:09:34","guid":{"rendered":"https:\/\/fiziosan.si\/izdelek\/cryoscreen\/"},"modified":"2025-07-29T13:32:55","modified_gmt":"2025-07-29T13:32:55","slug":"cryoscreen","status":"publish","type":"product","link":"https:\/\/fiziosan.si\/it\/prodotto\/cryoscreen\/","title":{"rendered":"Cryoscreen"},"content":{"rendered":"<p>&nbsp;<\/p>\n<h3 style=\"text-align: left;\"><strong>Tecnologia CRYOSCREEN<\/strong><\/h3>\n<p>&nbsp;<\/p>\n<div>\n<table class=\"table brez-roba\" style=\"border-style: hidden; width: 100%;\">\n<tbody>\n<tr class=\"table brez-roba\">\n<td style=\"width: 50%;\"><a href=\"https:\/\/fiziosan.si\/wp-content\/uploads\/2025\/03\/Cryonic-Cryoscreen-10-644x1024.jpg\"><img fetchpriority=\"high\" decoding=\"async\" class=\"alignnone wp-image-4555\" src=\"https:\/\/fiziosan.si\/wp-content\/uploads\/2025\/03\/Cryonic-Cryoscreen-10-644x1024.jpg\" alt=\"\" width=\"450\" height=\"715\" title=\"\" srcset=\"https:\/\/fiziosan.si\/wp-content\/uploads\/2025\/03\/Cryonic-Cryoscreen-10-644x1024.jpg 644w, https:\/\/fiziosan.si\/wp-content\/uploads\/2025\/03\/Cryonic-Cryoscreen-10-189x300.jpg 189w, https:\/\/fiziosan.si\/wp-content\/uploads\/2025\/03\/Cryonic-Cryoscreen-10-768x1221.jpg 768w, https:\/\/fiziosan.si\/wp-content\/uploads\/2025\/03\/Cryonic-Cryoscreen-10-377x600.jpg 377w, https:\/\/fiziosan.si\/wp-content\/uploads\/2025\/03\/Cryonic-Cryoscreen-10-679x1080.jpg 679w, https:\/\/fiziosan.si\/wp-content\/uploads\/2025\/03\/Cryonic-Cryoscreen-10-600x954.jpg 600w, https:\/\/fiziosan.si\/wp-content\/uploads\/2025\/03\/Cryonic-Cryoscreen-10.jpg 900w\" sizes=\"(max-width: 450px) 100vw, 450px\" \/><\/a><\/td>\n<td style=\"vertical-align: middle; width: 50%;\">\n<p style=\"text-align: left;\"><strong>Ugello ad alta pressione<\/strong><\/p>\n<p>Flusso di CO2 a una pressione di 50 bar e una temperatura di -78 \u00b0C all&#8217;uscita. L&#8217;ugello in alluminio garantisce un flusso di CO2 chiaro per un maggiore comfort durante il trattamento. Sono disponibili altri ugelli per variare la pressione e consentire il trattamento di aree sensibili o zone del viso.  <\/p>\n<p><strong>Pistola ergonomica<\/strong><\/p>\n<p>Progettato in modo ergonomico per un trattamento ottimale.<\/p>\n<p><strong>Display a LED<\/strong><\/p>\n<p>Visualizza sullo schermo i dati colorimetrici in tempo reale delle aree trattate. Premi il pulsante on\/off per fare uno screenshot. Visualizza la temperatura della pelle, controlla lo shock termico e la durata del trattamento.  <\/p>\n<p><strong>Trasmissione dati<\/strong><\/p>\n<p>Scarica le tue foto e ricarica il tuo dispositivo via USB.<\/p>\n<p><strong>Telecamera termica<\/strong><\/p>\n<p>Grazie alla termocamera integrata, puoi individuare immediatamente l&#8217;area che vuoi trattare. \u00c8 a tua disposizione per aiutarti nella diagnosi e nella valutazione termica. <\/p>\n<p><strong>Grilletto di sicurezza<\/strong><\/p>\n<p>Premendo il pulsante si apre una schermata che ti permette di vedere la vista termica. Una pressione pi\u00f9 forte attiva la proiezione di microcristalli di CO2. <\/p>\n<p><strong>Uso esterno<\/strong><\/p>\n<p>Il dispositivo \u00e8 impermeabile per un utilizzo sicuro all&#8217;aperto.<\/p>\n<p><strong>Autonomo e portatile<\/strong><\/p>\n<p>\u00c8 leggero e facile da trasportare in valigia. \u00c8 completamente autonomo grazie a una batteria ricaricabile che pu\u00f2 essere ricaricata dalla rete elettrica o da un Power Bank esterno opzionale. Una volta collegato alla bombola, il dispositivo \u00e8 pronto all&#8217;uso e non richiede alcuna preparazione o avvio particolare.  <\/td>\n<\/tr>\n<\/tbody>\n<\/table>\n<\/div>\n<div>\n<h3 class=\"col-xs-12 col-sm-6\" style=\"text-align: center;\">Guarigione terapeutica e sport<\/h3>\n<\/div>\n<p>&nbsp;<\/p>\n<div>\n<p><span lang=\"SL\"><strong>La neurocriostimolazione<\/strong> pu\u00f2 ridurre la temperatura da 32 \u00b0C a 4 \u00b0C in 30 secondi, grazie a un potere refrigerante di -78 \u00b0C e a una pressione di 50 bar (CO2). Lo shock termico \u00e8 immediato e stimola i recettori cutanei che inviano un messaggio forte e molto veloce all&#8217;ipotalamo per attivare il sistema riflesso neurovegetativo. <\/span><\/p>\n<\/div>\n<p>&nbsp;<\/p>\n<div>\n<table class=\"table brez-roba\" style=\"border-style: hidden; width: 100%;\">\n<tbody>\n<tr>\n<td style=\"width: 50%; vertical-align: middle;\"><a href=\"https:\/\/fiziosan.si\/wp-content\/uploads\/2025\/03\/Cryonic-Cryoscreen-11.jpg\"><img decoding=\"async\" class=\"alignnone wp-image-4554 size-full\" src=\"https:\/\/fiziosan.si\/wp-content\/uploads\/2025\/03\/Cryonic-Cryoscreen-11.jpg\" alt=\"\" width=\"1200\" height=\"800\" title=\"\" srcset=\"https:\/\/fiziosan.si\/wp-content\/uploads\/2025\/03\/Cryonic-Cryoscreen-11.jpg 1200w, https:\/\/fiziosan.si\/wp-content\/uploads\/2025\/03\/Cryonic-Cryoscreen-11-300x200.jpg 300w, https:\/\/fiziosan.si\/wp-content\/uploads\/2025\/03\/Cryonic-Cryoscreen-11-1024x683.jpg 1024w, https:\/\/fiziosan.si\/wp-content\/uploads\/2025\/03\/Cryonic-Cryoscreen-11-768x512.jpg 768w, https:\/\/fiziosan.si\/wp-content\/uploads\/2025\/03\/Cryonic-Cryoscreen-11-600x400.jpg 600w\" sizes=\"(max-width: 1200px) 100vw, 1200px\" \/><\/a><\/td>\n<td style=\"width: 50%; vertical-align: middle;\">\n<ul>\n<li>Effetti antidolorifici<\/li>\n<li>Gestione delle crisi infiammatorie<\/li>\n<li>Effetto vasomotorio: rapida risoluzione di ematomi e gonfiori<\/li>\n<li>Rilassamento muscolare<\/li>\n<\/ul>\n<\/td>\n<\/tr>\n<\/tbody>\n<\/table>\n<\/div>\n<p><span lang=\"SL\">L&#8217;uso del sistema <strong>Cryoscreen<\/strong> produce un effetto antidolorifico immediato, consentendo la gestione di una crisi infiammatoria come una vera e propria alternativa ai farmaci. Questi effetti, insieme a un forte riflesso vasomotorio (117% di vasodilatazione profonda in 20 secondi) e a un effetto di rilassamento muscolare, potenziano ulteriormente l&#8217;azione della neurocriostimolazione e i suoi risultati. Cryonic Medical \u00e8 specializzata nello sviluppo di tecnologie innovative per gli operatori sanitari nelle seguenti aree:  <\/span><\/p>\n<p>&nbsp;<\/p>\n<div>\n<table class=\"table brez-roba\" style=\"border-style: hidden; width: 100%;\">\n<tbody>\n<tr class=\"table brez-roba\">\n<td style=\"width: 50%; vertical-align: top;\">\n<ul>\n<li>Riabilitazione<\/li>\n<li>Terapia fisica<\/li>\n<li>Medicina dello sport<\/li>\n<li>Osteopatia<\/li>\n<li>Chiropratica<\/li>\n<li>Podologia<\/li>\n<li>Reumatologia<\/li>\n<li>Geriatria<\/li>\n<\/ul>\n<\/td>\n<td style=\"width: 49.7466%;\"><a href=\"https:\/\/fiziosan.si\/wp-content\/uploads\/2025\/03\/IMG-20220326-WA0007.jpg\"><img decoding=\"async\" class=\"alignnone wp-image-4572 size-full\" src=\"https:\/\/fiziosan.si\/wp-content\/uploads\/2025\/03\/IMG-20220326-WA0007.jpg\" alt=\"\" width=\"1024\" height=\"540\" title=\"\" srcset=\"https:\/\/fiziosan.si\/wp-content\/uploads\/2025\/03\/IMG-20220326-WA0007.jpg 1024w, https:\/\/fiziosan.si\/wp-content\/uploads\/2025\/03\/IMG-20220326-WA0007-300x158.jpg 300w, https:\/\/fiziosan.si\/wp-content\/uploads\/2025\/03\/IMG-20220326-WA0007-768x405.jpg 768w, https:\/\/fiziosan.si\/wp-content\/uploads\/2025\/03\/IMG-20220326-WA0007-600x316.jpg 600w\" sizes=\"(max-width: 1024px) 100vw, 1024px\" \/><\/a><\/td>\n<\/tr>\n<\/tbody>\n<\/table>\n<\/div>\n","protected":false},"excerpt":{"rendered":"<strong>Cryoscreen<\/strong> \u00e8 un dispositivo <strong>di neurocriostimolazione<\/strong> con una telecamera termica integrata che visualizza sullo schermo la temperatura e le aree termiche da trattare.\n\nIl suo schermo, il getto di CO2 con temperature fino a -78\u00b0C e una pressione di 50 bar lo rendono lo strumento giusto per il rilevamento, l&#8217;individuazione e l&#8217;azione rapida, combinando alta tecnologia e comfort per un utilizzo ottimale.","protected":false},"featured_media":7119,"template":"","meta":{"_acf_changed":false},"pwb-brand":[1029],"product_cat":[973,586],"product_tag":[],"class_list":{"0":"post-9745","1":"product","2":"type-product","3":"status-publish","4":"has-post-thumbnail","6":"pwb-brand-cryoscreen","7":"product_cat-crioterapia-raffreddamento-a-co2","8":"product_cat-fisioterapia","10":"first","11":"instock","12":"featured","13":"taxable","14":"shipping-taxable","15":"purchasable","16":"product-type-simple"},"acf":[],"brands":[{"id":1029,"name":"Cryoscreen","slug":"cryoscreen"}],"_links":{"self":[{"href":"https:\/\/fiziosan.si\/it\/wp-json\/wp\/v2\/product\/9745"}],"collection":[{"href":"https:\/\/fiziosan.si\/it\/wp-json\/wp\/v2\/product"}],"about":[{"href":"https:\/\/fiziosan.si\/it\/wp-json\/wp\/v2\/types\/product"}],"version-history":[{"count":1,"href":"https:\/\/fiziosan.si\/it\/wp-json\/wp\/v2\/product\/9745\/revisions"}],"predecessor-version":[{"id":10206,"href":"https:\/\/fiziosan.si\/it\/wp-json\/wp\/v2\/product\/9745\/revisions\/10206"}],"wp:featuredmedia":[{"embeddable":true,"href":"https:\/\/fiziosan.si\/it\/wp-json\/wp\/v2\/media\/7119"}],"wp:attachment":[{"href":"https:\/\/fiziosan.si\/it\/wp-json\/wp\/v2\/media?parent=9745"}],"wp:term":[{"taxonomy":"pwb-brand","embeddable":true,"href":"https:\/\/fiziosan.si\/it\/wp-json\/wp\/v2\/pwb-brand?post=9745"},{"taxonomy":"product_cat","embeddable":true,"href":"https:\/\/fiziosan.si\/it\/wp-json\/wp\/v2\/product_cat?post=9745"},{"taxonomy":"product_tag","embeddable":true,"href":"https:\/\/fiziosan.si\/it\/wp-json\/wp\/v2\/product_tag?post=9745"}],"curies":[{"name":"wp","href":"https:\/\/api.w.org\/{rel}","templated":true}]}}