{"id":9508,"date":"2024-08-19T15:55:09","date_gmt":"2024-08-19T15:55:09","guid":{"rendered":"https:\/\/fiziosan.si\/izdelek\/onde-durto-ultrasuoni\/"},"modified":"2025-07-31T16:10:54","modified_gmt":"2025-07-31T16:10:54","slug":"onde-durto-ultrasuoni","status":"publish","type":"product","link":"https:\/\/fiziosan.si\/it\/prodotto\/onde-durto-ultrasuoni\/","title":{"rendered":"Onde d&#8217;urto + ultrasuoni"},"content":{"rendered":"<h3><\/h3>\n<div>\n<table class=\"table brez-roba\" style=\"border-style: hidden; width: 100%;\">\n<tbody>\n<tr class=\"table brez-roba\">\n<td style=\"vertical-align: middle; width: 50.2534%;\">\n<h3>Onde d&#8217;urto e ultrasuoni: una terapia combinata avanzata per un recupero efficace<\/h3>\n<h3><\/h3>\n<p>&nbsp;<\/p>\n<p><strong>Onde d&#8217;urto: le<\/strong> onde sonore ad alta energia penetrano in profondit\u00e0 nei tessuti, rompendo <strong>fibrosi e calcificazioni<\/strong>, promuovendo la <strong>neovascolarizzazione e la rigenerazione<\/strong> dei tessuti molli.<\/p>\n<p>&nbsp;<\/p>\n<p><strong>Ultrasuoni:<\/strong> completano l&#8217;effetto delle onde d&#8217;urto generando un <strong>effetto termico che<\/strong> aumenta il <strong>flusso sanguigno e il drenaggio linfatico<\/strong>, accelerando cos\u00ec <strong>la rimozione dei mediatori infiammatori<\/strong>.<\/td>\n<td style=\"width: 49.7466%;\"><a href=\"https:\/\/fiziosan.si\/wp-content\/uploads\/2025\/02\/Udarni-val-ultrazvok-terapija-4-1024x683.jpg\"><img fetchpriority=\"high\" decoding=\"async\" class=\"alignnone wp-image-4234 size-large\" src=\"https:\/\/fiziosan.si\/wp-content\/uploads\/2025\/02\/Udarni-val-ultrazvok-terapija-4-1024x683.jpg\" alt=\"Apparecchio per onde d&#039;urto\" width=\"1024\" height=\"683\" title=\"\" srcset=\"https:\/\/fiziosan.si\/wp-content\/uploads\/2025\/02\/Udarni-val-ultrazvok-terapija-4-1024x683.jpg 1024w, https:\/\/fiziosan.si\/wp-content\/uploads\/2025\/02\/Udarni-val-ultrazvok-terapija-4-300x200.jpg 300w, https:\/\/fiziosan.si\/wp-content\/uploads\/2025\/02\/Udarni-val-ultrazvok-terapija-4-768x512.jpg 768w, https:\/\/fiziosan.si\/wp-content\/uploads\/2025\/02\/Udarni-val-ultrazvok-terapija-4-600x400.jpg 600w, https:\/\/fiziosan.si\/wp-content\/uploads\/2025\/02\/Udarni-val-ultrazvok-terapija-4.jpg 1199w\" sizes=\"(max-width: 1024px) 100vw, 1024px\" \/><\/a><\/td>\n<\/tr>\n<\/tbody>\n<\/table>\n<\/div>\n<p>&nbsp;<\/p>\n<p>&nbsp;<\/p>\n<h3 style=\"text-align: left;\"><\/h3>\n<div>\n<table style=\"width: 100%; border-collapse: collapse; border-style: hidden;\">\n<tbody>\n<tr>\n<td style=\"width: 50%; vertical-align: middle;\">\n<div style=\"text-align: center;\" data-mrgt=\"60\" data-size=\"medium\"><a href=\"https:\/\/fiziosan.si\/wp-content\/uploads\/2025\/02\/Udarni-val-ultrazvok-terapija2.jpg\"><img decoding=\"async\" class=\"alignnone wp-image-4229 size-full\" src=\"https:\/\/fiziosan.si\/wp-content\/uploads\/2025\/02\/Udarni-val-ultrazvok-terapija2.jpg\" alt=\"Terapia a onde d&#039;urto e ultrasuoni\" width=\"585\" height=\"800\" title=\"\" srcset=\"https:\/\/fiziosan.si\/wp-content\/uploads\/2025\/02\/Udarni-val-ultrazvok-terapija2.jpg 585w, https:\/\/fiziosan.si\/wp-content\/uploads\/2025\/02\/Udarni-val-ultrazvok-terapija2-219x300.jpg 219w, https:\/\/fiziosan.si\/wp-content\/uploads\/2025\/02\/Udarni-val-ultrazvok-terapija2-439x600.jpg 439w\" sizes=\"(max-width: 585px) 100vw, 585px\" \/><\/a><\/div>\n<\/td>\n<td style=\"width: 50%; text-align: center; vertical-align: middle;\">\n<h3 style=\"text-align: left;\">Vantaggi della terapia combinata con onde d&#8217;urto e ultrasuoni<\/h3>\n<p>&nbsp;<\/p>\n<ul>\n<li style=\"text-align: left;\"><strong>Trattamento intensivo con onde d&#8217;urto: le<\/strong> onde d&#8217;urto forniscono un&#8217;energia elevata che rompe efficacemente le calcificazioni, stimola la circolazione sanguigna e accelera la rigenerazione dei tessuti.<\/li>\n<li style=\"text-align: left;\"><strong style=\"font-family: inherit; font-size: inherit;\">Ultrasuonoterapia di supporto:<\/strong><span style=\"font-family: inherit; font-size: inherit;\"> L&#8217;ultrasuonoterapia completa gli effetti delle onde d&#8217;urto grazie al riscaldamento profondo dei tessuti, che aumenta il metabolismo cellulare e riduce ulteriormente l&#8217;infiammazione.<\/span><\/li>\n<li style=\"text-align: left;\"><strong style=\"font-family: inherit; font-size: inherit;\">Effetto sinergico: <\/strong><span style=\"font-family: inherit; font-size: inherit;\">La combinazione di entrambe le terapie garantisce una guarigione pi\u00f9 rapida ed efficace, riduce il dolore e migliora la funzionalit\u00e0.<\/span><span style=\"font-family: inherit; font-size: inherit;\">ionalit\u00e0.<\/span><\/li>\n<\/ul>\n<\/td>\n<\/tr>\n<\/tbody>\n<\/table>\n<\/div>\n<p>&nbsp;<\/p>\n<p>&nbsp;<\/p>\n<div>\n<table style=\"width: 100%; border-collapse: collapse; border-style: hidden;\">\n<tbody>\n<tr>\n<td style=\"width: 50%; text-align: center; vertical-align: top;\">\n<p style=\"text-align: left;\"><strong>APPLICAZIONE PRATICA nella pratica terapeutica:<\/strong><\/p>\n<p>&nbsp;<\/p>\n<ul>\n<li style=\"text-align: left;\">Facile integrazione nei protocolli terapeutici esistenti.<\/li>\n<\/ul>\n<ul>\n<li style=\"text-align: left;\">Metodo minimamente invasivo con risultati eccellenti.<\/li>\n<\/ul>\n<ul>\n<li style=\"text-align: left;\">Formazione rapida su come utilizzare la terapia combinata.<\/li>\n<\/ul>\n<\/td>\n<td style=\"width: 50%; vertical-align: middle;\">\n<div style=\"text-align: center;\" data-mrgt=\"60\" data-size=\"medium\"><a href=\"https:\/\/fiziosan.si\/wp-content\/uploads\/2025\/02\/Udarni-val-ultrazvok-terapija1.jpg\"><img decoding=\"async\" class=\"alignnone wp-image-4228 size-full\" src=\"https:\/\/fiziosan.si\/wp-content\/uploads\/2025\/02\/Udarni-val-ultrazvok-terapija1.jpg\" alt=\"Terapia a onde d&#039;urto\" width=\"615\" height=\"800\" title=\"\" srcset=\"https:\/\/fiziosan.si\/wp-content\/uploads\/2025\/02\/Udarni-val-ultrazvok-terapija1.jpg 615w, https:\/\/fiziosan.si\/wp-content\/uploads\/2025\/02\/Udarni-val-ultrazvok-terapija1-231x300.jpg 231w, https:\/\/fiziosan.si\/wp-content\/uploads\/2025\/02\/Udarni-val-ultrazvok-terapija1-461x600.jpg 461w, https:\/\/fiziosan.si\/wp-content\/uploads\/2025\/02\/Udarni-val-ultrazvok-terapija1-600x780.jpg 600w\" sizes=\"(max-width: 615px) 100vw, 615px\" \/><\/a><\/div>\n<\/td>\n<\/tr>\n<\/tbody>\n<\/table>\n<\/div>\n<p>&nbsp;<\/p>\n<p>&nbsp;<\/p>\n<h3 style=\"text-align: center;\">La potenza di due tecnologie<\/h3>\n<p>&nbsp;<\/p>\n<p>&nbsp;<\/p>\n<div>\n<p><strong>RISULTATI MIGLIORI: la<\/strong> combinazione di terapie<strong> aumenta il tasso di successo del <\/strong>trattamento rispetto alle terapie singole.<\/p>\n<p>&nbsp;<\/p>\n<p><strong>Un approccio olistico:<\/strong> fornisce un<strong> trattamento completo dei <\/strong>tessuti danneggiati, consentendo risultati <strong>pi\u00f9 rapidi e duraturi<\/strong>.<\/p>\n<p>&nbsp;<\/p>\n<p><strong>Ampio spettro di indicazioni<\/strong>: \u00e8 indicato per il trattamento di lesioni croniche e acute, disturbi muscolo-scheletrici, tendiniti, fascite plantare e altro.<\/p>\n<\/div>\n<p>&nbsp;<\/p>\n<p>&nbsp;<\/p>\n<h3 class=\"col-xs-12 col-sm-6\" style=\"text-align: center;\">A chi \u00e8 destinato il dispositivo a onde d&#8217;urto a ultrasuoni COMBINATO?<\/h3>\n<p>&nbsp;<\/p>\n<p>&nbsp;<\/p>\n<div>\n<table class=\"table brez-roba\" style=\"border-style: hidden; width: 100%; background-color: lightgrey;\">\n<tbody>\n<tr class=\"table brez-roba\">\n<td style=\"vertical-align: top; width: 100%;\">\n<ul>\n<li><strong> Per i fisioterapisti che<\/strong> vogliono migliorare i risultati del trattamento dei loro pazienti.<\/li>\n<\/ul>\n<ul>\n<li><strong> Per i professionisti<\/strong> che cercano metodi avanzati per risolvere casi complessi.<\/li>\n<\/ul>\n<ul>\n<li><strong> Centri di riabilitazione che<\/strong> vogliono offrire le terapie pi\u00f9 recenti ed efficaci.<\/li>\n<\/ul>\n<\/td>\n<\/tr>\n<\/tbody>\n<\/table>\n<\/div>\n<p>&nbsp;<\/p>\n<div>\n<h3 style=\"text-align: center;\"><strong>Unisciti ai tanti fisioterapisti soddisfatti di tutto il mondo che stanno gi\u00e0 utilizzando questa combinazione avanzata e garantisci ai tuoi pazienti un recupero pi\u00f9 rapido e una qualit\u00e0 di vita superiore.<br \/>\n<\/strong><\/h3>\n<\/div>\n","protected":false},"excerpt":{"rendered":"<p class=\"\" data-start=\"1085\" data-end=\"1428\">Le <strong data-start=\"1085\" data-end=\"1122\">onde d&#8217;urto e gli ultrasuoni<\/strong> sono un approccio moderno alla riabilitazione e al trattamento delle lesioni. Combina due metodi efficaci: le <strong>onde d&#8217;urto<\/strong> e la <strong>terapia a ultrasuoni. <\/strong> Questo <strong>metodo innovativo<\/strong> offre <strong>risultati all&#8217;avanguardia<\/strong> e stabilisce <strong>nuovi standard<\/strong> nella fisioterapia. <strong>La combinazione di<\/strong> entrambe le terapie garantisce una <strong>guarigione pi\u00f9 rapida ed efficace<\/strong>, <strong>riduce il dolore<\/strong> e <strong>migliora la funzionalit\u00e0 dei tessuti<\/strong>.<\/p>\r\n<strong>Investi nel futuro della <\/strong>tua fisioterapia con la terapia a onde d&#8217;urto e ultrasuoni e offri ai tuoi pazienti i<strong> migliori risultati possibili! <\/strong>","protected":false},"featured_media":12571,"template":"","meta":{"_acf_changed":false},"pwb-brand":[1038],"product_cat":[586,667,735],"product_tag":[],"class_list":{"0":"post-9508","1":"product","2":"type-product","3":"status-publish","4":"has-post-thumbnail","6":"pwb-brand-fiziosan","7":"product_cat-fisioterapia","8":"product_cat-onde-durto","9":"product_cat-terapia-a-ultrasuoni","10":"pa_aplikatorji-13-teste","11":"pa_garancija-12-mesi","12":"pa_napajanje-100-240v-it","13":"pa_zaslon-12-1-it","15":"first","16":"outofstock","17":"purchasable","18":"product-type-simple"},"acf":[],"brands":[{"id":1038,"name":"Fiziosan","slug":"fiziosan"}],"_links":{"self":[{"href":"https:\/\/fiziosan.si\/it\/wp-json\/wp\/v2\/product\/9508"}],"collection":[{"href":"https:\/\/fiziosan.si\/it\/wp-json\/wp\/v2\/product"}],"about":[{"href":"https:\/\/fiziosan.si\/it\/wp-json\/wp\/v2\/types\/product"}],"version-history":[{"count":3,"href":"https:\/\/fiziosan.si\/it\/wp-json\/wp\/v2\/product\/9508\/revisions"}],"predecessor-version":[{"id":11241,"href":"https:\/\/fiziosan.si\/it\/wp-json\/wp\/v2\/product\/9508\/revisions\/11241"}],"wp:featuredmedia":[{"embeddable":true,"href":"https:\/\/fiziosan.si\/it\/wp-json\/wp\/v2\/media\/12571"}],"wp:attachment":[{"href":"https:\/\/fiziosan.si\/it\/wp-json\/wp\/v2\/media?parent=9508"}],"wp:term":[{"taxonomy":"pwb-brand","embeddable":true,"href":"https:\/\/fiziosan.si\/it\/wp-json\/wp\/v2\/pwb-brand?post=9508"},{"taxonomy":"product_cat","embeddable":true,"href":"https:\/\/fiziosan.si\/it\/wp-json\/wp\/v2\/product_cat?post=9508"},{"taxonomy":"product_tag","embeddable":true,"href":"https:\/\/fiziosan.si\/it\/wp-json\/wp\/v2\/product_tag?post=9508"}],"curies":[{"name":"wp","href":"https:\/\/api.w.org\/{rel}","templated":true}]}}