{"id":9487,"date":"2024-08-11T19:32:17","date_gmt":"2024-08-11T19:32:17","guid":{"rendered":"https:\/\/fiziosan.si\/izdelek\/studio-enf\/"},"modified":"2025-07-31T16:41:55","modified_gmt":"2025-07-31T16:41:55","slug":"studio-enf","status":"publish","type":"product","link":"https:\/\/fiziosan.si\/it\/prodotto\/studio-enf\/","title":{"rendered":"Studio ENF"},"content":{"rendered":"<p>&nbsp;<\/p>\n<div>\n<table class=\"table brez-roba\" style=\"border-style: hidden; width: 100%;\">\n<tbody>\n<tr class=\"table brez-roba\">\n<td style=\"vertical-align: middle; width: 50.2534%;\">\n<h3>Come funziona la neuro-elettroterapia?<\/h3>\n<p>I dispositivi elettromedicali tradizionali come la TENS, la Tecar e la radiofrequenza spesso funzionano con forme d&#8217;onda fisse e invariate, il che pu\u00f2 limitarne l&#8217;efficacia terapeutica. Tuttavia, l&#8217;<strong>avanzata tecnologia ENF di Fiziosan<\/strong> si basa sul rivoluzionario principio del <strong>feedback<\/strong>. Regolando continuamente le forme d&#8217;onda in base alle variazioni dell&#8217;impedenza cutanea, il dispositivo consente l&#8217;<strong>equilibrio bioelettrico delle cellule<\/strong>, favorendo la rigenerazione dei tessuti e accelerando il processo di guarigione.<\/td>\n<td style=\"width: 49.7466%;\"><a href=\"https:\/\/fiziosan.si\/wp-content\/uploads\/2025\/03\/Enf-studio-7-.webp\"><img fetchpriority=\"high\" decoding=\"async\" class=\"alignnone wp-image-4684 size-full\" src=\"https:\/\/fiziosan.si\/wp-content\/uploads\/2025\/03\/Enf-studio-7-.webp\" alt=\"Studio Enf\" width=\"800\" height=\"533\" title=\"\" srcset=\"https:\/\/fiziosan.si\/wp-content\/uploads\/2025\/03\/Enf-studio-7-.webp 800w, https:\/\/fiziosan.si\/wp-content\/uploads\/2025\/03\/Enf-studio-7--300x200.webp 300w, https:\/\/fiziosan.si\/wp-content\/uploads\/2025\/03\/Enf-studio-7--768x512.webp 768w, https:\/\/fiziosan.si\/wp-content\/uploads\/2025\/03\/Enf-studio-7--600x400.webp 600w\" sizes=\"(max-width: 800px) 100vw, 800px\" \/><\/a><\/td>\n<\/tr>\n<\/tbody>\n<\/table>\n<\/div>\n<p>&nbsp;<\/p>\n<h3 style=\"text-align: left;\"><\/h3>\n<p>&nbsp;<\/p>\n<div>\n<table style=\"width: 100%; border-collapse: collapse; border-style: hidden;\">\n<tbody>\n<tr>\n<td style=\"width: 50%; vertical-align: top;\">\n<div style=\"text-align: center;\" data-mrgt=\"60\" data-size=\"medium\"><a href=\"https:\/\/fiziosan.si\/wp-content\/uploads\/2025\/03\/Enf-studio-6_.webp\"><img decoding=\"async\" class=\"alignnone wp-image-4685 size-full\" src=\"https:\/\/fiziosan.si\/wp-content\/uploads\/2025\/03\/Enf-studio-6_.webp\" alt=\"\" width=\"800\" height=\"1200\" title=\"\" srcset=\"https:\/\/fiziosan.si\/wp-content\/uploads\/2025\/03\/Enf-studio-6_.webp 800w, https:\/\/fiziosan.si\/wp-content\/uploads\/2025\/03\/Enf-studio-6_-200x300.webp 200w, https:\/\/fiziosan.si\/wp-content\/uploads\/2025\/03\/Enf-studio-6_-683x1024.webp 683w, https:\/\/fiziosan.si\/wp-content\/uploads\/2025\/03\/Enf-studio-6_-768x1152.webp 768w, https:\/\/fiziosan.si\/wp-content\/uploads\/2025\/03\/Enf-studio-6_-400x600.webp 400w, https:\/\/fiziosan.si\/wp-content\/uploads\/2025\/03\/Enf-studio-6_-720x1080.webp 720w, https:\/\/fiziosan.si\/wp-content\/uploads\/2025\/03\/Enf-studio-6_-600x900.webp 600w\" sizes=\"(max-width: 800px) 100vw, 800px\" \/><\/a><\/div>\n<\/td>\n<td style=\"width: 50%; text-align: center; vertical-align: middle;\">\n<h3 style=\"text-align: left;\">Modalit\u00e0 d&#8217;azione della terapia per un recupero accelerato<\/h3>\n<ul>\n<li style=\"text-align: left;\"><strong>Autoregolazione dinamica:<\/strong> <strong>ogni micromovimento della pelle innesca una regolazione della forma d&#8217;onda,<\/strong> riducendo il tempo di adattamento e ottimizzando l&#8217;effetto terapeutico.<\/li>\n<\/ul>\n<p>&nbsp;<\/p>\n<ul>\n<li style=\"text-align: left;\"><strong>Ampia applicabilit\u00e0 e versatilit\u00e0: la<\/strong> <strong>terapia di biofeedback \u00e8 efficace fin dal primo trattamento<\/strong> e offre un&#8217;ampia gamma di protocolli, che la rendono adatta a una variet\u00e0 di patologie senza controindicazioni specifiche.<\/li>\n<\/ul>\n<p>&nbsp;<\/p>\n<ul>\n<li style=\"text-align: left;\"><strong>Doppia funzionalit\u00e0:<\/strong> <strong>il dispositivo non solo guarisce, ma consente anche la diagnostica <\/strong>grazie a funzioni avanzate di assistenza, simili all&#8217;elettromiografia di superficie.<\/li>\n<\/ul>\n<\/td>\n<\/tr>\n<\/tbody>\n<\/table>\n<\/div>\n<p>&nbsp;<\/p>\n<p>&nbsp;<\/p>\n<div>\n<h3 class=\"col-xs-12 col-sm-6\" style=\"text-align: center;\">Benefici della terapia adattiva con tecnologia biofeedback<\/h3>\n<\/div>\n<p>&nbsp;<\/p>\n<div>Con la <strong>tecnologia ENF<\/strong> puoi ottenere <strong>risultati rapidi, efficaci e duraturi<\/strong>, anche <strong>per problemi cronici<\/strong>, spesso in <strong>pochi trattamenti<\/strong>. <strong>Questo \u00e8 il trattamento del futuro<\/strong>, ora disponibile per il tuo benessere.<\/div>\n","protected":false},"excerpt":{"rendered":"<h3>Elettroterapia avanzata di nuova generazione: combinare trattamento e diagnostica<\/h3>\r\n&nbsp;\r\n<p class=\"\" data-start=\"217\" data-end=\"441\">Questa tecnologia consente un&#8217;elettroterapia flessibile e di alta precisione. Offre una doppia funzionalit\u00e0: oltre al trattamento, combina diagnostica, autoregolazione dinamica, ampia applicabilit\u00e0 e versatilit\u00e0.<\/p>\r\n<p class=\"\" data-start=\"443\" data-end=\"529\"><strong data-start=\"443\" data-end=\"529\">Elettroterapia adattiva con tecnologia biofeedback: la nuova generazione di trattamenti.<\/strong><\/p>\r\n<p class=\"\" data-start=\"531\" data-end=\"613\">Unisciti alla rivoluzione dell&#8217;elettroterapia e sperimenta il potere della flessibilit\u00e0 con ENF!<\/p>\r\n&nbsp;","protected":false},"featured_media":7233,"template":"","meta":{"_acf_changed":false},"pwb-brand":[],"product_cat":[832,831,586],"product_tag":[],"class_list":{"0":"post-9487","1":"product","2":"type-product","3":"status-publish","4":"has-post-thumbnail","6":"product_cat-biofeedback-it","7":"product_cat-enf-elettroterapia-adattiva","8":"product_cat-fisioterapia","10":"first","11":"outofstock","12":"taxable","13":"shipping-taxable","14":"product-type-simple"},"acf":[],"brands":[],"_links":{"self":[{"href":"https:\/\/fiziosan.si\/it\/wp-json\/wp\/v2\/product\/9487"}],"collection":[{"href":"https:\/\/fiziosan.si\/it\/wp-json\/wp\/v2\/product"}],"about":[{"href":"https:\/\/fiziosan.si\/it\/wp-json\/wp\/v2\/types\/product"}],"version-history":[{"count":2,"href":"https:\/\/fiziosan.si\/it\/wp-json\/wp\/v2\/product\/9487\/revisions"}],"predecessor-version":[{"id":11256,"href":"https:\/\/fiziosan.si\/it\/wp-json\/wp\/v2\/product\/9487\/revisions\/11256"}],"wp:featuredmedia":[{"embeddable":true,"href":"https:\/\/fiziosan.si\/it\/wp-json\/wp\/v2\/media\/7233"}],"wp:attachment":[{"href":"https:\/\/fiziosan.si\/it\/wp-json\/wp\/v2\/media?parent=9487"}],"wp:term":[{"taxonomy":"pwb-brand","embeddable":true,"href":"https:\/\/fiziosan.si\/it\/wp-json\/wp\/v2\/pwb-brand?post=9487"},{"taxonomy":"product_cat","embeddable":true,"href":"https:\/\/fiziosan.si\/it\/wp-json\/wp\/v2\/product_cat?post=9487"},{"taxonomy":"product_tag","embeddable":true,"href":"https:\/\/fiziosan.si\/it\/wp-json\/wp\/v2\/product_tag?post=9487"}],"curies":[{"name":"wp","href":"https:\/\/api.w.org\/{rel}","templated":true}]}}