{"id":9452,"date":"2024-08-11T20:25:04","date_gmt":"2024-08-11T20:25:04","guid":{"rendered":"https:\/\/fiziosan.si\/izdelek\/mis\/"},"modified":"2025-07-31T16:37:55","modified_gmt":"2025-07-31T16:37:55","slug":"mis-stimolazione-magnetica-a-induzione","status":"publish","type":"product","link":"https:\/\/fiziosan.si\/it\/prodotto\/mis-stimolazione-magnetica-a-induzione\/","title":{"rendered":"MIS \u2013 Stimolazione Magnetica a Induzione"},"content":{"rendered":"<p>&nbsp;<\/p>\n<h3 style=\"text-align: left;\">Perch\u00e9 scegliere la <strong data-start=\"1126\" data-end=\"1168\">MIS &#8211; Stimolazione a Induzione Magnetica<\/strong>?<\/h3>\n<p>&nbsp;<\/p>\n<div>\n<table class=\"table brez-roba\" style=\"border-style: hidden; width: 100%;\">\n<tbody>\n<tr class=\"table brez-roba\">\n<td style=\"vertical-align: middle; width: 50.2534%;\">\n<ul>\n<li><strong>Tempo di trattamento breve<\/strong>: effetto di guarigione rapido.<\/li>\n<\/ul>\n<ul>\n<li><strong>Procedura indolore:<\/strong> nessun dolore e nessun fastidio.<\/li>\n<\/ul>\n<ul>\n<li><strong>Terapia non invasiva:<\/strong> nessun intervento chirurgico o recupero a lungo termine.<\/li>\n<\/ul>\n<ul>\n<li><strong>Focus sul benessere:<\/strong> miglioramento olistico della salute.<\/li>\n<\/ul>\n<ul>\n<li><strong>Ampio raggio d&#8217;azione<\/strong>: \u00e8 utile per molte patologie.<\/li>\n<\/ul>\n<ul>\n<li><strong>Effetto del trattamento:<\/strong> un risultato positivo del trattamento \u00e8 duraturo.<\/li>\n<\/ul>\n<ul>\n<li><strong>Risultati eccezionali:<\/strong> il nostro metodo consente l&#8217;ottimizzazione funzionale del corpo, con risultati efficaci e duraturi.<\/li>\n<\/ul>\n<\/td>\n<td style=\"width: 49.7466%;\"><a href=\"https:\/\/fiziosan.si\/wp-content\/uploads\/2024\/08\/foto49SM-1024x628.jpg\"><img fetchpriority=\"high\" decoding=\"async\" class=\"alignnone wp-image-3628 size-large\" src=\"https:\/\/fiziosan.si\/wp-content\/uploads\/2024\/08\/foto49SM-1024x628.jpg\" alt=\"Terapia MIS\" width=\"1024\" height=\"628\" title=\"\" srcset=\"https:\/\/fiziosan.si\/wp-content\/uploads\/2024\/08\/foto49SM-1024x628.jpg 1024w, https:\/\/fiziosan.si\/wp-content\/uploads\/2024\/08\/foto49SM-300x184.jpg 300w, https:\/\/fiziosan.si\/wp-content\/uploads\/2024\/08\/foto49SM-768x471.jpg 768w, https:\/\/fiziosan.si\/wp-content\/uploads\/2024\/08\/foto49SM-1536x942.jpg 1536w, https:\/\/fiziosan.si\/wp-content\/uploads\/2024\/08\/foto49SM-2048x1256.jpg 2048w, https:\/\/fiziosan.si\/wp-content\/uploads\/2024\/08\/foto49SM-600x368.jpg 600w, https:\/\/fiziosan.si\/wp-content\/uploads\/2024\/08\/foto49SM-1760x1080.jpg 1760w, https:\/\/fiziosan.si\/wp-content\/uploads\/2024\/08\/foto49SM-1920x1178.jpg 1920w\" sizes=\"(max-width: 1024px) 100vw, 1024px\" \/><\/a><\/td>\n<\/tr>\n<\/tbody>\n<\/table>\n<\/div>\n<p>&nbsp;<\/p>\n<h3 style=\"text-align: left;\"><strong>Principali EFFETTI dell&#8217;uso in fisioterapia<\/strong><\/h3>\n<p>&nbsp;<\/p>\n<p>La stimolazione magnetica \u00e8 fondamentalmente diversa dalle terapie tradizionali grazie al suo esclusivo effetto eccitatorio.<\/p>\n<div>\n<table style=\"width: 100%; border-collapse: collapse; border-style: hidden;\">\n<tbody>\n<tr>\n<td style=\"width: 50%; vertical-align: middle;\">\n<div style=\"text-align: center;\" data-mrgt=\"60\" data-size=\"medium\"><a href=\"https:\/\/fiziosan.si\/wp-content\/uploads\/2024\/08\/bce96d8f205c2f211482b4b497f22105SM-scaled.jpg\"><img decoding=\"async\" class=\"alignnone wp-image-3625 size-large\" src=\"https:\/\/fiziosan.si\/wp-content\/uploads\/2024\/08\/bce96d8f205c2f211482b4b497f22105SM-1024x702.jpg\" alt=\"MIS\" width=\"1024\" height=\"702\" title=\"\" srcset=\"https:\/\/fiziosan.si\/wp-content\/uploads\/2024\/08\/bce96d8f205c2f211482b4b497f22105SM-1024x702.jpg 1024w, https:\/\/fiziosan.si\/wp-content\/uploads\/2024\/08\/bce96d8f205c2f211482b4b497f22105SM-300x206.jpg 300w, https:\/\/fiziosan.si\/wp-content\/uploads\/2024\/08\/bce96d8f205c2f211482b4b497f22105SM-768x526.jpg 768w, https:\/\/fiziosan.si\/wp-content\/uploads\/2024\/08\/bce96d8f205c2f211482b4b497f22105SM-1536x1053.jpg 1536w, https:\/\/fiziosan.si\/wp-content\/uploads\/2024\/08\/bce96d8f205c2f211482b4b497f22105SM-2048x1404.jpg 2048w, https:\/\/fiziosan.si\/wp-content\/uploads\/2024\/08\/bce96d8f205c2f211482b4b497f22105SM-600x411.jpg 600w, https:\/\/fiziosan.si\/wp-content\/uploads\/2024\/08\/bce96d8f205c2f211482b4b497f22105SM-1575x1080.jpg 1575w, https:\/\/fiziosan.si\/wp-content\/uploads\/2024\/08\/bce96d8f205c2f211482b4b497f22105SM-1920x1316.jpg 1920w\" sizes=\"(max-width: 1024px) 100vw, 1024px\" \/><\/a><\/div>\n<\/td>\n<td style=\"width: 50%; text-align: center; vertical-align: middle;\">\n<ul>\n<li style=\"text-align: left;\">La MIS stimola la produzione di endorfine naturali ed \u00e8 quindi molto efficace per alleviare il dolore, soprattutto in condizioni come l&#8217;osteoartrite, la fibromialgia e il dolore post-operatorio.<\/li>\n<\/ul>\n<ul>\n<li style=\"text-align: left;\">Le ricerche dimostrano che la terapia MIS aiuta a ridurre l&#8217;infiammazione.<\/li>\n<\/ul>\n<ul>\n<li style=\"text-align: left;\">\u00c8 stato dimostrato che la terapia di stimolazione magnetica \u00e8 efficace per la guarigione delle ossa e come aiuto per l&#8217;osteoporosi.<\/li>\n<\/ul>\n<ul>\n<li style=\"text-align: left;\">Alcuni studi dimostrano che la terapia MIS aiuta a migliorare la qualit\u00e0 e la durata del sonno. Si ritiene che la MIS influisca sui modelli di onde cerebrali e favorisca il rilassamento.<\/li>\n<\/ul>\n<\/td>\n<\/tr>\n<\/tbody>\n<\/table>\n<\/div>\n<p>&nbsp;<\/p>\n<div>\n<table style=\"width: 100%; border-collapse: collapse; border-style: hidden;\">\n<tbody>\n<tr>\n<td style=\"width: 50%; text-align: center; vertical-align: middle;\">\n<ul>\n<li style=\"text-align: left;\"><strong>Stimolare la guarigione:<\/strong> questo metodo pu\u00f2 stimolare la formazione di nuovi vasi sanguigni, migliorando la circolazione del sangue nell&#8217;area della lesione, il che aiuta i tessuti a guarire pi\u00f9 velocemente.<\/li>\n<\/ul>\n<ul>\n<li style=\"text-align: left;\"><strong>Efficacia nelle condizioni croniche: le<\/strong> onde d&#8217;urto focalizzate si sono dimostrate molto efficaci nel trattamento di condizioni di dolore cronico come fascite plantare, tendinite e altre forme di tendinopatie croniche.<\/li>\n<\/ul>\n<ul>\n<li style=\"text-align: left;\"><strong>Bassa probabilit\u00e0 di recidiva dei sintomi: il<\/strong> trattamento con onde d&#8217;urto focalizzate pu\u00f2 portare a miglioramenti pi\u00f9 duraturi e a una minore probabilit\u00e0 di recidiva del dolore.<\/li>\n<\/ul>\n<\/td>\n<td style=\"width: 50%; vertical-align: middle;\">\n<div style=\"text-align: center;\" data-mrgt=\"60\" data-size=\"medium\"><a href=\"https:\/\/fiziosan.si\/wp-content\/uploads\/2024\/08\/mis2-252x300.png\"><img decoding=\"async\" class=\"alignnone wp-image-3632\" src=\"https:\/\/fiziosan.si\/wp-content\/uploads\/2024\/08\/mis2-252x300.png\" alt=\"Terapia MIS\" width=\"400\" height=\"476\" title=\"\" srcset=\"https:\/\/fiziosan.si\/wp-content\/uploads\/2024\/08\/mis2-252x300.png 252w, https:\/\/fiziosan.si\/wp-content\/uploads\/2024\/08\/mis2-504x600.png 504w, https:\/\/fiziosan.si\/wp-content\/uploads\/2024\/08\/mis2.png 556w\" sizes=\"(max-width: 400px) 100vw, 400px\" \/><\/a><\/div>\n<\/td>\n<\/tr>\n<\/tbody>\n<\/table>\n<\/div>\n<p>&nbsp;<\/p>\n<div>\n<h3 class=\"col-xs-12 col-sm-6\" style=\"text-align: center;\">Tecnologia innovativa<\/h3>\n<\/div>\n<p><strong>Scopri il potere della stimolazione a induzione magnetica<\/strong><\/p>\n<p>La stimolazione a induzione elettromagnetica \u00e8 la chiave del nostro innovativo dispositivo, che offre risultati terapeutici eccezionali. Grazie alla nostra tecnologia, otterrai risultati ottimali nella riabilitazione e nel miglioramento del benessere fisico dei tuoi clienti. Scegli una soluzione avanzata per il tuo studio. <strong>Unisciti ai tanti utenti soddisfatti che hanno gi\u00e0 scoperto il potere della riabilitazione innovativa!<\/strong><\/p>\n<p>&nbsp;<\/p>\n<div>\n<table class=\"table brez-roba\" style=\"border-style: hidden; width: 100%; background-color: lightgrey;\">\n<tbody>\n<tr class=\"table brez-roba\">\n<td style=\"vertical-align: top; width: 100%;\">\n<ul>\n<li><strong>Tecnologia innovativa:<\/strong> utilizziamo un campo magnetico pulsante ad alta intensit\u00e0 per ottimizzare il funzionamento di diversi sistemi biologici in modo mirato.<\/li>\n<\/ul>\n<ul>\n<li><strong>Cambiamenti rapidi: l&#8217;<\/strong> intensit\u00e0 del campo magnetico genera correnti elettriche nei neuroni, consentendo la stimolazione muscolare.<\/li>\n<\/ul>\n<ul>\n<li><strong>Potenziale d&#8217;azione:<\/strong> quando la corrente elettromagnetica raggiunge un certo valore, si innesca un potenziale d&#8217;azione, che \u00e8 la chiave per una terapia efficace.<\/li>\n<\/ul>\n<ul>\n<li><strong>Contrazione muscolare:<\/strong> a una certa frequenza, un motoneurone si depolarizza e attiva un segnale all&#8217;unit\u00e0 neuromotoria, provocando la contrazione del muscolo.<\/li>\n<\/ul>\n<\/td>\n<\/tr>\n<\/tbody>\n<\/table>\n<\/div>\n","protected":false},"excerpt":{"rendered":"La <strong>stimolazione a induzione magnetica (MIS) <\/strong>\u00e8 una terapia rivoluzionaria che offre risultati eccezionali grazie a un approccio innovativo.\r\n\r\n&nbsp;\r\n\r\nReintegra e stimola le cellule non sane con una migliore <strong>ossigenazione<\/strong> e <strong>circolazione<\/strong>, ripristinando la loro normale funzione. Inoltre, migliora l&#8217;<strong>assorbimento cellulare di ossigeno<\/strong> e <strong>nutrienti<\/strong>, <strong>eliminando le tossine<\/strong> per ridurre l&#8217;infiammazione e il dolore e abbreviare i tempi di recupero.","protected":false},"featured_media":7137,"template":"","meta":{"_acf_changed":false},"pwb-brand":[1038],"product_cat":[586,739],"product_tag":[],"class_list":{"0":"post-9452","1":"product","2":"type-product","3":"status-publish","4":"has-post-thumbnail","6":"pwb-brand-fiziosan","7":"product_cat-fisioterapia","8":"product_cat-terapia-magnetica","10":"first","11":"outofstock","12":"purchasable","13":"product-type-simple"},"acf":[],"brands":[{"id":1038,"name":"Fiziosan","slug":"fiziosan"}],"_links":{"self":[{"href":"https:\/\/fiziosan.si\/it\/wp-json\/wp\/v2\/product\/9452"}],"collection":[{"href":"https:\/\/fiziosan.si\/it\/wp-json\/wp\/v2\/product"}],"about":[{"href":"https:\/\/fiziosan.si\/it\/wp-json\/wp\/v2\/types\/product"}],"version-history":[{"count":3,"href":"https:\/\/fiziosan.si\/it\/wp-json\/wp\/v2\/product\/9452\/revisions"}],"predecessor-version":[{"id":11254,"href":"https:\/\/fiziosan.si\/it\/wp-json\/wp\/v2\/product\/9452\/revisions\/11254"}],"wp:featuredmedia":[{"embeddable":true,"href":"https:\/\/fiziosan.si\/it\/wp-json\/wp\/v2\/media\/7137"}],"wp:attachment":[{"href":"https:\/\/fiziosan.si\/it\/wp-json\/wp\/v2\/media?parent=9452"}],"wp:term":[{"taxonomy":"pwb-brand","embeddable":true,"href":"https:\/\/fiziosan.si\/it\/wp-json\/wp\/v2\/pwb-brand?post=9452"},{"taxonomy":"product_cat","embeddable":true,"href":"https:\/\/fiziosan.si\/it\/wp-json\/wp\/v2\/product_cat?post=9452"},{"taxonomy":"product_tag","embeddable":true,"href":"https:\/\/fiziosan.si\/it\/wp-json\/wp\/v2\/product_tag?post=9452"}],"curies":[{"name":"wp","href":"https:\/\/api.w.org\/{rel}","templated":true}]}}