{"id":9442,"date":"2024-05-26T06:56:25","date_gmt":"2024-05-26T06:56:25","guid":{"rendered":"https:\/\/fiziosan.si\/izdelek\/x-cogni\/"},"modified":"2025-07-29T13:32:46","modified_gmt":"2025-07-29T13:32:46","slug":"x-cogni","status":"publish","type":"product","link":"https:\/\/fiziosan.si\/it\/prodotto\/x-cogni\/","title":{"rendered":"X-Cogni"},"content":{"rendered":"<p>&nbsp;<\/p>\n<h3 style=\"text-align: left;\"><strong>I principali BENEFICI di X-Cogni:<\/strong><\/h3>\n<ul>\n<li>test ed esercizi incentrati sulle <strong>abilit\u00e0 visuo-motorie<\/strong> e sulle <strong>funzioni cognitive<\/strong> (attenzione divisa, memoria, problem solving),<\/li>\n<li>valutazione e terapia incentrata sulla <strong>funzione motoria<\/strong> e sulla <strong>forza dell&#8217;arto superiore<\/strong> (ampiezza di movimento e potenza),<\/li>\n<li>La terapia si basa sui risultati dei test e sui progressi del paziente,<\/li>\n<li>un set di strumenti per le attivit\u00e0 quotidiane: tazza, rullo, rotazione e strumento di trazione,<\/li>\n<li>facile impostazione dell&#8217;area di <strong>visualizzazione sensibile al tocco<\/strong> e della posizione dei marcatori,<\/li>\n<li><strong>realt\u00e0 virtuale e biofeedback<\/strong> per sostenere la motivazione del paziente e accelerare i progressi terapeutici,<\/li>\n<li><strong>integrazione con il database centrale<\/strong> del terapista e con altri dispositivi di riabilitazione degli arti superiori e inferiori.<\/li>\n<\/ul>\n<p>&nbsp;<\/p>\n<div>\n<h3 class=\"col-xs-12 col-sm-6\" style=\"text-align: center;\">ACX.Rehab &#8211; Un concetto di riabilitazione funzionale in un ambiente di realt\u00e0 virtuale<\/h3>\n<\/div>\n<p>&nbsp;<\/p>\n<div>\n<table class=\"table brez-roba\" style=\"border-style: hidden; width: 100%; background-color: lightgrey;\">\n<tbody>\n<tr class=\"table brez-roba\">\n<td style=\"vertical-align: top; width: 100%;\"><strong>ACX.Rehab<\/strong> \u00e8 un concetto di trattamento funzionale con <strong>realt\u00e0 virtuale<\/strong>. Combina metodi terapeutici classici e collaudati con le possibilit\u00e0 di una <strong>tecnologia innovativa.<\/strong> <\/p>\n<ul>\n<li>Valutazione e capacit\u00e0 terapeutiche delle piattaforme stabilometriche, dinamometriche e di equilibrio.<\/li>\n<li>Capacit\u00e0 di riabilitazione con dispositivi medici che lavorano sotto il controllo di una resistenza elastica sicura.<\/li>\n<li>Training cognitivo per supportare i pazienti con disturbi mentali.<\/li>\n<li>Il software permette di sfruttare la realt\u00e0 virtuale e aumenta la motivazione del paziente.<\/li>\n<li>EBM &#8211; raccolta di dati per il terapeuta per valutare i risultati del paziente e pianificare un trattamento personalizzato.<\/li>\n<\/ul>\n<\/td>\n<\/tr>\n<tr class=\"table brez-roba\">\n<td style=\"vertical-align: top; width: 100%; background-color: darkgrey;\"><strong>PIASTRE DI FORZA<\/strong><\/p>\n<p>Allenamento dell&#8217;equilibrio e della postura su pavimenti stabili e instabili: piattaforme stabilometriche, dinamometriche e di equilibrio.<\/p>\n<p>&nbsp;<\/p>\n<p><strong>TERAPIA DELLA PARTE SUPERIORE DELLA COSCIA<\/strong><\/p>\n<p>Il dispositivo \u00e8 progettato per la terapia degli arti superiori: polso, gomito, articolazione della spalla, per l&#8217;allenamento del movimento, della coordinazione e della propriocezione.<\/p>\n<p>&nbsp;<\/p>\n<p><strong>TERAPIA DEGLI ARTI INFERIORI  <\/strong><\/p>\n<p>Il dispositivo \u00e8 progettato per la terapia degli arti inferiori in catena cinematica aperta o chiusa: allenamento di forza, resistenza e stabilit\u00e0.<\/p>\n<p>&nbsp;<\/p>\n<p><strong>FORMAZIONE COGNITIVA<\/strong><\/p>\n<p>Terapia cognitiva che si concentra sulla memoria, sulla risoluzione dei problemi, sull&#8217;attenzione divisa e sulla precisione dei movimenti.<\/td>\n<\/tr>\n<\/tbody>\n<\/table>\n<\/div>\n","protected":false},"excerpt":{"rendered":"<strong>X-Cogni <\/strong>\u00e8 un dispositivo multisensoriale per la terapia della mano e cognitiva. Come parte del concetto<strong> ACX.Rehab<\/strong>, <strong>X-Cogni<\/strong> utilizza un software che permette al paziente di essere consapevole delle sfide e dei progressi della riabilitazione, aumentando la motivazione del paziente.\n\n<strong>ACX.Rehab<\/strong> \u00e8 un concetto di trattamento funzionale con realt\u00e0 virtuale. Combina metodi terapeutici classici e collaudati con le possibilit\u00e0 di una tecnologia innovativa. ","protected":false},"featured_media":7459,"template":"","meta":{"_acf_changed":false},"pwb-brand":[1031],"product_cat":[821,652,651],"product_tag":[],"class_list":{"0":"post-9442","1":"product","2":"type-product","3":"status-publish","4":"has-post-thumbnail","6":"pwb-brand-technomex","7":"product_cat-dispositivo-multisensoriale-x-cogni-per-la-terapia-manuale-e-la-terapia-cognitiva","8":"product_cat-mano","9":"product_cat-riabilitazione","11":"first","12":"outofstock","13":"taxable","14":"shipping-taxable","15":"product-type-simple"},"acf":[],"brands":[{"id":1031,"name":"Technomex","slug":"technomex"}],"_links":{"self":[{"href":"https:\/\/fiziosan.si\/it\/wp-json\/wp\/v2\/product\/9442"}],"collection":[{"href":"https:\/\/fiziosan.si\/it\/wp-json\/wp\/v2\/product"}],"about":[{"href":"https:\/\/fiziosan.si\/it\/wp-json\/wp\/v2\/types\/product"}],"version-history":[{"count":1,"href":"https:\/\/fiziosan.si\/it\/wp-json\/wp\/v2\/product\/9442\/revisions"}],"predecessor-version":[{"id":10217,"href":"https:\/\/fiziosan.si\/it\/wp-json\/wp\/v2\/product\/9442\/revisions\/10217"}],"wp:featuredmedia":[{"embeddable":true,"href":"https:\/\/fiziosan.si\/it\/wp-json\/wp\/v2\/media\/7459"}],"wp:attachment":[{"href":"https:\/\/fiziosan.si\/it\/wp-json\/wp\/v2\/media?parent=9442"}],"wp:term":[{"taxonomy":"pwb-brand","embeddable":true,"href":"https:\/\/fiziosan.si\/it\/wp-json\/wp\/v2\/pwb-brand?post=9442"},{"taxonomy":"product_cat","embeddable":true,"href":"https:\/\/fiziosan.si\/it\/wp-json\/wp\/v2\/product_cat?post=9442"},{"taxonomy":"product_tag","embeddable":true,"href":"https:\/\/fiziosan.si\/it\/wp-json\/wp\/v2\/product_tag?post=9442"}],"curies":[{"name":"wp","href":"https:\/\/api.w.org\/{rel}","templated":true}]}}