{"id":9441,"date":"2024-05-26T21:03:06","date_gmt":"2024-05-26T21:03:06","guid":{"rendered":"https:\/\/fiziosan.si\/izdelek\/giove\/"},"modified":"2025-07-29T13:32:42","modified_gmt":"2025-07-29T13:32:42","slug":"giove","status":"publish","type":"product","link":"https:\/\/fiziosan.si\/it\/prodotto\/giove\/","title":{"rendered":"Giove"},"content":{"rendered":"<p>&nbsp;<\/p>\n<div>\n<table class=\"table brez-roba\" style=\"border-style: hidden; width: 100%;\">\n<tbody>\n<tr class=\"table brez-roba\">\n<td style=\"vertical-align: middle; width: 50%;\">\n<p style=\"text-align: left;\"><strong> JUPITER <\/strong>pu\u00f2 eseguire i seguenti movimenti:<\/p>\n<ul>\n<li style=\"text-align: left;\">flessione\/estensione<\/li>\n<\/ul>\n<p style=\"text-align: left;\">La macchina \u00e8 progettata per lavorare <strong>con elementi di resistenza elastici<\/strong>, il cui vantaggio principale \u00e8 quello di creare una leggera resistenza nella fase iniziale del movimento, che aumenta costantemente nelle fasi successive dell&#8217;esercizio.<\/p>\n<p>&nbsp;<\/p>\n<p>&nbsp;<\/p>\n<p style=\"text-align: center;\">\n<\/td>\n<td style=\"width: 50%;\"><a href=\"https:\/\/fiziosan.si\/wp-content\/uploads\/2024\/05\/Jupiter1-1-1024x683.jpg\"><img fetchpriority=\"high\" decoding=\"async\" class=\"alignnone wp-image-3305 size-large\" src=\"https:\/\/fiziosan.si\/wp-content\/uploads\/2024\/05\/Jupiter1-1-1024x683.jpg\" alt=\"TERAPIA DI GIOVE\" width=\"1024\" height=\"683\" title=\"\" srcset=\"https:\/\/fiziosan.si\/wp-content\/uploads\/2024\/05\/Jupiter1-1-1024x683.jpg 1024w, https:\/\/fiziosan.si\/wp-content\/uploads\/2024\/05\/Jupiter1-1-300x200.jpg 300w, https:\/\/fiziosan.si\/wp-content\/uploads\/2024\/05\/Jupiter1-1-768x512.jpg 768w, https:\/\/fiziosan.si\/wp-content\/uploads\/2024\/05\/Jupiter1-1-1536x1024.jpg 1536w, https:\/\/fiziosan.si\/wp-content\/uploads\/2024\/05\/Jupiter1-1-600x400.jpg 600w, https:\/\/fiziosan.si\/wp-content\/uploads\/2024\/05\/Jupiter1-1-1620x1080.jpg 1620w, https:\/\/fiziosan.si\/wp-content\/uploads\/2024\/05\/Jupiter1-1.jpg 1920w\" sizes=\"(max-width: 1024px) 100vw, 1024px\" \/><\/a><\/td>\n<\/tr>\n<\/tbody>\n<\/table>\n<\/div>\n<p>&nbsp;<\/p>\n<p>&nbsp;<\/p>\n<div>\n<table style=\"width: 100%; border-collapse: collapse; border-style: hidden;\">\n<tbody>\n<tr>\n<td style=\"width: 50%; vertical-align: middle;\">\n<div style=\"text-align: left;\" data-mrgt=\"60\" data-size=\"medium\"><a href=\"https:\/\/fiziosan.si\/wp-content\/uploads\/2024\/05\/I29A6601-1024x683.jpg\"><img decoding=\"async\" class=\"alignnone wp-image-3158 size-large\" src=\"https:\/\/fiziosan.si\/wp-content\/uploads\/2024\/05\/I29A6601-1024x683.jpg\" alt=\"TERAPIA VECTIS\" width=\"1024\" height=\"683\" title=\"\" srcset=\"https:\/\/fiziosan.si\/wp-content\/uploads\/2024\/05\/I29A6601-1024x683.jpg 1024w, https:\/\/fiziosan.si\/wp-content\/uploads\/2024\/05\/I29A6601-300x200.jpg 300w, https:\/\/fiziosan.si\/wp-content\/uploads\/2024\/05\/I29A6601-768x512.jpg 768w, https:\/\/fiziosan.si\/wp-content\/uploads\/2024\/05\/I29A6601-1536x1024.jpg 1536w, https:\/\/fiziosan.si\/wp-content\/uploads\/2024\/05\/I29A6601-600x400.jpg 600w, https:\/\/fiziosan.si\/wp-content\/uploads\/2024\/05\/I29A6601-1620x1080.jpg 1620w, https:\/\/fiziosan.si\/wp-content\/uploads\/2024\/05\/I29A6601.jpg 1920w\" sizes=\"(max-width: 1024px) 100vw, 1024px\" \/><\/a><\/div>\n<\/td>\n<td style=\"vertical-align: middle; width: 50%;\">\n<p style=\"text-align: center;\">Queste caratteristiche rendono <strong>JUPITER<\/strong> particolarmente utile nella riabilitazione post-traumatica, post-operatoria, ortopedica e neurologica. <strong>JUPITER<\/strong> viene utilizzato anche nella riabilitazione sportiva, reumatologica e geriatrica.<\/p>\n<p>&nbsp;<\/p>\n<p>&nbsp;<\/p>\n<p style=\"text-align: center;\">\n<\/td>\n<\/tr>\n<\/tbody>\n<\/table>\n<\/div>\n<p>&nbsp;<\/p>\n<h3 style=\"text-align: left;\"><strong>I principali BENEFICI di JUPITER:<\/strong><\/h3>\n<p>&nbsp;<\/p>\n<div>\n<table style=\"width: 100%; border-collapse: collapse; border-style: hidden;\">\n<tbody>\n<tr>\n<td style=\"width: 50%; vertical-align: middle;\">\n<div style=\"text-align: left;\" data-mrgt=\"60\" data-size=\"medium\"><a href=\"https:\/\/fiziosan.si\/wp-content\/uploads\/2024\/05\/Jupiter-2-1-1-1024x683.jpg\"><img decoding=\"async\" class=\"alignnone wp-image-3306 size-large\" src=\"https:\/\/fiziosan.si\/wp-content\/uploads\/2024\/05\/Jupiter-2-1-1-1024x683.jpg\" alt=\"I BENEFICI DI GIOVE\" width=\"1024\" height=\"683\" title=\"\" srcset=\"https:\/\/fiziosan.si\/wp-content\/uploads\/2024\/05\/Jupiter-2-1-1-1024x683.jpg 1024w, https:\/\/fiziosan.si\/wp-content\/uploads\/2024\/05\/Jupiter-2-1-1-300x200.jpg 300w, https:\/\/fiziosan.si\/wp-content\/uploads\/2024\/05\/Jupiter-2-1-1-768x512.jpg 768w, https:\/\/fiziosan.si\/wp-content\/uploads\/2024\/05\/Jupiter-2-1-1-1536x1024.jpg 1536w, https:\/\/fiziosan.si\/wp-content\/uploads\/2024\/05\/Jupiter-2-1-1-600x400.jpg 600w, https:\/\/fiziosan.si\/wp-content\/uploads\/2024\/05\/Jupiter-2-1-1-1620x1080.jpg 1620w, https:\/\/fiziosan.si\/wp-content\/uploads\/2024\/05\/Jupiter-2-1-1.jpg 1920w\" sizes=\"(max-width: 1024px) 100vw, 1024px\" \/><\/a><\/div>\n<\/td>\n<td style=\"width: 50%; text-align: center; vertical-align: top;\">\n<ul>\n<li style=\"text-align: left;\">Aumentare l&#8217;<strong> ampiezza di movimento<\/strong> attraverso movimenti attivi<\/li>\n<\/ul>\n<ul style=\"text-align: left;\">\n<li>Aumenta la <strong>forza<\/strong> e la <strong>resistenza<\/strong> <strong>muscolare<\/strong> <\/li>\n<\/ul>\n<ul style=\"text-align: left;\">\n<li>Miglioramento <strong>della stabilizzazione articolare<\/strong> attraverso la rieducazione propriocettiva<\/li>\n<\/ul>\n<ul>\n<li style=\"text-align: left;\">Miglioramento della <strong>coordinazione muscolare<\/strong><\/li>\n<\/ul>\n<p>&nbsp;<\/td>\n<\/tr>\n<\/tbody>\n<\/table>\n<\/div>\n<p>&nbsp;<\/p>\n<h3 style=\"text-align: center;\"><strong>Opzioni di applicazione offerte dal dispositivo<\/strong><\/h3>\n<p>&nbsp;<\/p>\n<div>\n<table style=\"width: 100%; border-collapse: collapse; border-style: hidden; height: 320px;\" border=\"0\">\n<tbody>\n<tr style=\"height: 320px;\">\n<td style=\"width: 33%; height: 320px;\"><a href=\"https:\/\/fiziosan.si\/wp-content\/uploads\/2024\/05\/IMG_1436-300x200.jpg\"><img loading=\"lazy\" decoding=\"async\" class=\"alignnone wp-image-3149 size-medium\" src=\"https:\/\/fiziosan.si\/wp-content\/uploads\/2024\/05\/IMG_1436-300x200.jpg\" alt=\"UTILIZZO\" width=\"300\" height=\"200\" title=\"\" srcset=\"https:\/\/fiziosan.si\/wp-content\/uploads\/2024\/05\/IMG_1436-300x200.jpg 300w, https:\/\/fiziosan.si\/wp-content\/uploads\/2024\/05\/IMG_1436-1024x683.jpg 1024w, https:\/\/fiziosan.si\/wp-content\/uploads\/2024\/05\/IMG_1436-768x512.jpg 768w, https:\/\/fiziosan.si\/wp-content\/uploads\/2024\/05\/IMG_1436-1536x1024.jpg 1536w, https:\/\/fiziosan.si\/wp-content\/uploads\/2024\/05\/IMG_1436-600x400.jpg 600w, https:\/\/fiziosan.si\/wp-content\/uploads\/2024\/05\/IMG_1436-1620x1080.jpg 1620w, https:\/\/fiziosan.si\/wp-content\/uploads\/2024\/05\/IMG_1436.jpg 1920w\" sizes=\"(max-width: 300px) 100vw, 300px\" \/><\/a><\/p>\n<p>&nbsp;<\/p>\n<p>Misurazione dell&#8217;<strong> ampiezza di movimento<\/strong>.<\/p>\n<p>Misurazione della<strong> potenza generata<\/strong>.<\/td>\n<td style=\"width: 33%; height: 320px;\"><a href=\"https:\/\/fiziosan.si\/wp-content\/uploads\/2024\/05\/Jupiter1-1-1024x683.jpg\"><img loading=\"lazy\" decoding=\"async\" class=\"alignnone wp-image-3305 size-medium\" src=\"https:\/\/fiziosan.si\/wp-content\/uploads\/2024\/05\/Jupiter1-1-300x200.jpg\" alt=\"TERAPIA DI GIOVE\" width=\"300\" height=\"200\" title=\"\" srcset=\"https:\/\/fiziosan.si\/wp-content\/uploads\/2024\/05\/Jupiter1-1-300x200.jpg 300w, https:\/\/fiziosan.si\/wp-content\/uploads\/2024\/05\/Jupiter1-1-1024x683.jpg 1024w, https:\/\/fiziosan.si\/wp-content\/uploads\/2024\/05\/Jupiter1-1-768x512.jpg 768w, https:\/\/fiziosan.si\/wp-content\/uploads\/2024\/05\/Jupiter1-1-1536x1024.jpg 1536w, https:\/\/fiziosan.si\/wp-content\/uploads\/2024\/05\/Jupiter1-1-600x400.jpg 600w, https:\/\/fiziosan.si\/wp-content\/uploads\/2024\/05\/Jupiter1-1-1620x1080.jpg 1620w, https:\/\/fiziosan.si\/wp-content\/uploads\/2024\/05\/Jupiter1-1.jpg 1920w\" sizes=\"(max-width: 300px) 100vw, 300px\" \/><\/a><\/p>\n<p>&nbsp;<\/p>\n<p>Esercizi <strong>dinamici<\/strong>.<\/p>\n<p> Esercizi<strong>isometrici<\/strong>.<\/p>\n<p>Esercizi <strong>con biofeedback integrato<\/strong> in tempo reale.<\/td>\n<td style=\"width: 33%; height: 320px;\"><a href=\"https:\/\/fiziosan.si\/wp-content\/uploads\/2024\/05\/I29A6596-300x200.jpg\"><img loading=\"lazy\" decoding=\"async\" class=\"alignnone wp-image-3157 size-medium\" src=\"https:\/\/fiziosan.si\/wp-content\/uploads\/2024\/05\/I29A6596-300x200.jpg\" alt=\"UTILIZZO\" width=\"300\" height=\"200\" title=\"\" srcset=\"https:\/\/fiziosan.si\/wp-content\/uploads\/2024\/05\/I29A6596-300x200.jpg 300w, https:\/\/fiziosan.si\/wp-content\/uploads\/2024\/05\/I29A6596-1024x683.jpg 1024w, https:\/\/fiziosan.si\/wp-content\/uploads\/2024\/05\/I29A6596-768x512.jpg 768w, https:\/\/fiziosan.si\/wp-content\/uploads\/2024\/05\/I29A6596-1536x1024.jpg 1536w, https:\/\/fiziosan.si\/wp-content\/uploads\/2024\/05\/I29A6596-600x400.jpg 600w, https:\/\/fiziosan.si\/wp-content\/uploads\/2024\/05\/I29A6596-1620x1080.jpg 1620w, https:\/\/fiziosan.si\/wp-content\/uploads\/2024\/05\/I29A6596.jpg 1920w\" sizes=\"(max-width: 300px) 100vw, 300px\" \/><\/a><\/p>\n<p>&nbsp;<\/p>\n<p><strong>Oggettivazione del<\/strong> processo di riabilitazione.<\/p>\n<p><strong>Adattare il livello di difficolt\u00e0 dell&#8217;<\/strong> esercizio alle esigenze attuali del paziente.<\/td>\n<\/tr>\n<\/tbody>\n<\/table>\n<\/div>\n<p>&nbsp;<\/p>\n<p>&nbsp;<\/p>\n<div>\n<table style=\"width: 100%; border-collapse: collapse; border-style: hidden;\">\n<tbody>\n<tr>\n<td style=\"width: 50%; vertical-align: middle;\">\n<div style=\"text-align: center;\" data-mrgt=\"60\" data-size=\"medium\"><a href=\"https:\/\/fiziosan.si\/wp-content\/uploads\/2024\/05\/Jupiter-naslovna.jpg\"><img loading=\"lazy\" decoding=\"async\" class=\"alignnone wp-image-3304 size-full\" src=\"https:\/\/fiziosan.si\/wp-content\/uploads\/2024\/05\/Jupiter-naslovna.jpg\" alt=\"GIUGNO\" width=\"794\" height=\"648\" title=\"\" srcset=\"https:\/\/fiziosan.si\/wp-content\/uploads\/2024\/05\/Jupiter-naslovna.jpg 794w, https:\/\/fiziosan.si\/wp-content\/uploads\/2024\/05\/Jupiter-naslovna-300x245.jpg 300w, https:\/\/fiziosan.si\/wp-content\/uploads\/2024\/05\/Jupiter-naslovna-768x627.jpg 768w, https:\/\/fiziosan.si\/wp-content\/uploads\/2024\/05\/Jupiter-naslovna-600x490.jpg 600w\" sizes=\"(max-width: 794px) 100vw, 794px\" \/><\/a><\/div>\n<\/td>\n<td style=\"width: 50%; text-align: center; vertical-align: top;\">\n<p style=\"text-align: left;\"><strong><span lang=\"SL\">ATTREZZATURE AGGIUNTIVE (non incluse nel prezzo!)<\/span><\/strong><\/p>\n<p>&nbsp;<\/p>\n<p style=\"text-align: left;\"><span lang=\"SL\">Kit di accessori per <strong>JUPITER<\/strong> come stazione indipendente:<\/span><\/p>\n<ul>\n<li style=\"text-align: left;\"><span lang=\"SL\">Stanza del paziente con TV da 43 pollici<\/span><\/li>\n<li style=\"text-align: left;\"><span lang=\"SL\">Supporto per terapisti: touch screen da 22 pollici per terapisti, PC, tastiera<\/span><\/li>\n<\/ul>\n<p style=\"text-align: left;\"><span lang=\"SL\">Kit di accessori <strong>JUPITER<\/strong> con postazione terapeutica:<\/span><\/p>\n<ul>\n<li style=\"text-align: left;\">Supporto paziente con TV da 43 pollici, PC e tastiera<\/li>\n<\/ul>\n<p style=\"text-align: left;\">Postazione di lavoro per la terapia:<\/p>\n<ul>\n<li style=\"text-align: left;\">Supporto con monitor da 22 pollici, PC, tastiera e router wifi<\/li>\n<\/ul>\n<\/td>\n<\/tr>\n<\/tbody>\n<\/table>\n<\/div>\n<p>&nbsp;<\/p>\n<div>\n<h3 class=\"col-xs-12 col-sm-6\" style=\"text-align: center;\">ACX.Rehab &#8211; Un concetto di riabilitazione funzionale in un ambiente di realt\u00e0 virtuale<\/h3>\n<\/div>\n<p>&nbsp;<\/p>\n<div>\n<table class=\"table brez-roba\" style=\"border-style: hidden; width: 100%; background-color: lightgrey;\">\n<tbody>\n<tr class=\"table brez-roba\">\n<td style=\"vertical-align: top; width: 100%;\"><strong>ACX.Rehab<\/strong> \u00e8 un concetto di trattamento funzionale con <strong>realt\u00e0 virtuale<\/strong>. Combina metodi terapeutici classici e collaudati con le possibilit\u00e0 di una <strong>tecnologia innovativa.<\/strong> <\/p>\n<ul>\n<li>Valutazione e capacit\u00e0 terapeutiche delle piattaforme stabilometriche, dinamometriche e di equilibrio.<\/li>\n<li>Capacit\u00e0 di riabilitazione con dispositivi medici che lavorano sotto il controllo di una resistenza elastica sicura.<\/li>\n<li>Training cognitivo per supportare i pazienti con disturbi mentali.<\/li>\n<li>Il software permette di sfruttare la realt\u00e0 virtuale e aumenta la motivazione del paziente.<\/li>\n<li>EBM &#8211; raccolta di dati per il terapeuta per valutare i risultati del paziente e pianificare un trattamento personalizzato.<\/li>\n<\/ul>\n<\/td>\n<\/tr>\n<tr class=\"table brez-roba\">\n<td style=\"vertical-align: top; width: 100%; background-color: darkgrey;\"><strong>PIASTRE DI FORZA<\/strong><\/p>\n<p>Allenamento dell&#8217;equilibrio e della postura su pavimenti stabili e instabili: piattaforme stabilometriche, dinamometriche e di equilibrio.<\/p>\n<p>&nbsp;<\/p>\n<p><strong>TERAPIA DELLA PARTE SUPERIORE DELLA COSCIA<\/strong><\/p>\n<p>Il dispositivo \u00e8 progettato per la terapia degli arti superiori: polso, gomito, articolazione della spalla, per l&#8217;allenamento del movimento, della coordinazione e della propriocezione.<\/p>\n<p>&nbsp;<\/p>\n<p><strong>TERAPIA DEGLI ARTI INFERIORI  <\/strong><\/p>\n<p>Il dispositivo \u00e8 progettato per la terapia degli arti inferiori in catena cinematica aperta o chiusa: allenamento di forza, resistenza e stabilit\u00e0.<\/p>\n<p>&nbsp;<\/p>\n<p><strong>FORMAZIONE COGNITIVA<\/strong><\/p>\n<p>Terapia cognitiva che si concentra sulla memoria, sulla risoluzione dei problemi, sull&#8217;attenzione divisa e sulla precisione dei movimenti.<\/td>\n<\/tr>\n<\/tbody>\n<\/table>\n<\/div>\n","protected":false},"excerpt":{"rendered":"<strong>JUPITER <\/strong>\u00e8 un dispositivo che utilizza una <strong>resistenza elastica<\/strong> per la riabilitazione completa dell&#8217;articolazione del ginocchio. Come parte del concetto<strong> ACX.Rehab<\/strong>, <strong>JUPITER<\/strong> utilizza un software che permette al paziente di essere consapevole delle sfide e dei progressi della riabilitazione, aumentando la motivazione del paziente.\n\n<strong>ACX.Rehab<\/strong> \u00e8 un concetto di trattamento funzionale con realt\u00e0 virtuale. Combina metodi terapeutici classici e collaudati con le possibilit\u00e0 di una tecnologia innovativa. ","protected":false},"featured_media":7465,"template":"","meta":{"_acf_changed":false},"pwb-brand":[1031],"product_cat":[813,651,820],"product_tag":[],"class_list":{"0":"post-9441","1":"product","2":"type-product","3":"status-publish","4":"has-post-thumbnail","6":"pwb-brand-technomex","7":"product_cat-gamba","8":"product_cat-riabilitazione","9":"product_cat-terapia-jupiter-dellarticolazione-del-ginocchio","11":"first","12":"outofstock","13":"taxable","14":"shipping-taxable","15":"product-type-simple"},"acf":[],"brands":[{"id":1031,"name":"Technomex","slug":"technomex"}],"_links":{"self":[{"href":"https:\/\/fiziosan.si\/it\/wp-json\/wp\/v2\/product\/9441"}],"collection":[{"href":"https:\/\/fiziosan.si\/it\/wp-json\/wp\/v2\/product"}],"about":[{"href":"https:\/\/fiziosan.si\/it\/wp-json\/wp\/v2\/types\/product"}],"version-history":[{"count":1,"href":"https:\/\/fiziosan.si\/it\/wp-json\/wp\/v2\/product\/9441\/revisions"}],"predecessor-version":[{"id":10226,"href":"https:\/\/fiziosan.si\/it\/wp-json\/wp\/v2\/product\/9441\/revisions\/10226"}],"wp:featuredmedia":[{"embeddable":true,"href":"https:\/\/fiziosan.si\/it\/wp-json\/wp\/v2\/media\/7465"}],"wp:attachment":[{"href":"https:\/\/fiziosan.si\/it\/wp-json\/wp\/v2\/media?parent=9441"}],"wp:term":[{"taxonomy":"pwb-brand","embeddable":true,"href":"https:\/\/fiziosan.si\/it\/wp-json\/wp\/v2\/pwb-brand?post=9441"},{"taxonomy":"product_cat","embeddable":true,"href":"https:\/\/fiziosan.si\/it\/wp-json\/wp\/v2\/product_cat?post=9441"},{"taxonomy":"product_tag","embeddable":true,"href":"https:\/\/fiziosan.si\/it\/wp-json\/wp\/v2\/product_tag?post=9441"}],"curies":[{"name":"wp","href":"https:\/\/api.w.org\/{rel}","templated":true}]}}