{"id":9413,"date":"2024-05-26T07:29:57","date_gmt":"2024-05-26T07:29:57","guid":{"rendered":"https:\/\/fiziosan.si\/izdelek\/mini-tensore\/"},"modified":"2025-07-29T13:32:50","modified_gmt":"2025-07-29T13:32:50","slug":"mini-tensore","status":"publish","type":"product","link":"https:\/\/fiziosan.si\/it\/prodotto\/mini-tensore\/","title":{"rendered":"Mini tensore"},"content":{"rendered":"<p>&nbsp;<\/p>\n<div>\n<table class=\"table brez-roba\" style=\"border-style: hidden; width: 100%;\">\n<tbody>\n<tr class=\"table brez-roba\">\n<td style=\"vertical-align: middle; width: 50%;\"><strong>Il MINI TENSORE<\/strong> \u00e8 un potente dispositivo dalle dimensioni molto ridotte. Ti permette di eseguire un&#8217;ampia gamma di esercizi di riabilitazione, stretching e rafforzamento, che hanno un impatto sulla condizione fisica generale del corpo. <\/p>\n<p>&nbsp;<\/p>\n<p style=\"text-align: left;\">La macchina \u00e8 progettata per lavorare <strong>con elementi di resistenza elastici<\/strong>, il cui vantaggio principale \u00e8 quello di creare una leggera resistenza nella fase iniziale del movimento, che aumenta costantemente nelle fasi successive dell&#8217;esercizio.<\/p>\n<p>&nbsp;<\/p>\n<p>&nbsp;<\/p>\n<p style=\"text-align: center;\">\n<\/td>\n<td style=\"width: 50%;\"><a href=\"https:\/\/fiziosan.si\/wp-content\/uploads\/2024\/05\/Minitensor-1.jpg\"><img fetchpriority=\"high\" decoding=\"async\" class=\"alignnone wp-image-3290 size-full\" src=\"https:\/\/fiziosan.si\/wp-content\/uploads\/2024\/05\/Minitensor-1.jpg\" alt=\"MINI RIABILITAZIONE TENSORIALE\" width=\"900\" height=\"600\" title=\"\" srcset=\"https:\/\/fiziosan.si\/wp-content\/uploads\/2024\/05\/Minitensor-1.jpg 900w, https:\/\/fiziosan.si\/wp-content\/uploads\/2024\/05\/Minitensor-1-300x200.jpg 300w, https:\/\/fiziosan.si\/wp-content\/uploads\/2024\/05\/Minitensor-1-768x512.jpg 768w, https:\/\/fiziosan.si\/wp-content\/uploads\/2024\/05\/Minitensor-1-600x400.jpg 600w\" sizes=\"(max-width: 900px) 100vw, 900px\" \/><\/a><\/td>\n<\/tr>\n<\/tbody>\n<\/table>\n<\/div>\n<p>&nbsp;<\/p>\n<p>&nbsp;<\/p>\n<div>\n<table style=\"width: 100%; border-collapse: collapse; border-style: hidden;\">\n<tbody>\n<tr>\n<td style=\"width: 50%; vertical-align: middle;\">\n<div style=\"text-align: left;\" data-mrgt=\"60\" data-size=\"medium\"><a href=\"https:\/\/fiziosan.si\/wp-content\/uploads\/2024\/05\/DSC05473-1024x683.jpg\"><img decoding=\"async\" class=\"alignnone wp-image-3285 size-large\" src=\"https:\/\/fiziosan.si\/wp-content\/uploads\/2024\/05\/DSC05473-1024x683.jpg\" alt=\"MINI TENSORE\" width=\"1024\" height=\"683\" title=\"\" srcset=\"https:\/\/fiziosan.si\/wp-content\/uploads\/2024\/05\/DSC05473-1024x683.jpg 1024w, https:\/\/fiziosan.si\/wp-content\/uploads\/2024\/05\/DSC05473-300x200.jpg 300w, https:\/\/fiziosan.si\/wp-content\/uploads\/2024\/05\/DSC05473-768x512.jpg 768w, https:\/\/fiziosan.si\/wp-content\/uploads\/2024\/05\/DSC05473-1536x1024.jpg 1536w, https:\/\/fiziosan.si\/wp-content\/uploads\/2024\/05\/DSC05473-600x400.jpg 600w, https:\/\/fiziosan.si\/wp-content\/uploads\/2024\/05\/DSC05473-1620x1080.jpg 1620w, https:\/\/fiziosan.si\/wp-content\/uploads\/2024\/05\/DSC05473.jpg 1920w\" sizes=\"(max-width: 1024px) 100vw, 1024px\" \/><\/a><\/div>\n<\/td>\n<td style=\"vertical-align: middle; width: 50%;\">\n<p style=\"text-align: center;\">Queste caratteristiche rendono <strong>il MINI TENSOR<\/strong> particolarmente utile nella riabilitazione post-traumatica, post-operatoria, ortopedica e neurologica. Il <strong>MINI TENSOR<\/strong> viene utilizzato anche nella riabilitazione sportiva, reumatologica e geriatrica.<\/p>\n<p>&nbsp;<\/p>\n<p>&nbsp;<\/p>\n<p style=\"text-align: center;\">\n<\/td>\n<\/tr>\n<\/tbody>\n<\/table>\n<\/div>\n<p>&nbsp;<\/p>\n<h3 style=\"text-align: left;\"><strong>I principali BENEFICI del MINI TENSORE:<\/strong><\/h3>\n<p>&nbsp;<\/p>\n<div>\n<table style=\"width: 100%; border-collapse: collapse; border-style: hidden;\">\n<tbody>\n<tr>\n<td style=\"width: 50%; vertical-align: middle;\">\n<div style=\"text-align: left;\" data-mrgt=\"60\" data-size=\"medium\"><a href=\"https:\/\/fiziosan.si\/wp-content\/uploads\/2024\/05\/IMG_7142-small.jpg\"><img decoding=\"async\" class=\"alignnone wp-image-3297 size-full\" src=\"https:\/\/fiziosan.si\/wp-content\/uploads\/2024\/05\/IMG_7142-small.jpg\" alt=\"MINI EFFETTI TENSORIALI\" width=\"900\" height=\"1009\" title=\"\" srcset=\"https:\/\/fiziosan.si\/wp-content\/uploads\/2024\/05\/IMG_7142-small.jpg 900w, https:\/\/fiziosan.si\/wp-content\/uploads\/2024\/05\/IMG_7142-small-268x300.jpg 268w, https:\/\/fiziosan.si\/wp-content\/uploads\/2024\/05\/IMG_7142-small-768x861.jpg 768w, https:\/\/fiziosan.si\/wp-content\/uploads\/2024\/05\/IMG_7142-small-535x600.jpg 535w, https:\/\/fiziosan.si\/wp-content\/uploads\/2024\/05\/IMG_7142-small-600x673.jpg 600w\" sizes=\"(max-width: 900px) 100vw, 900px\" \/><\/a><\/div>\n<\/td>\n<td style=\"width: 50%; text-align: center; vertical-align: top;\">\n<ul>\n<li style=\"text-align: left;\">Aumentare l&#8217;<strong> ampiezza di movimento<\/strong> attraverso movimenti attivi<\/li>\n<\/ul>\n<ul style=\"text-align: left;\">\n<li>Aumenta la <strong>forza<\/strong> e la <strong>resistenza<\/strong> <strong>muscolare<\/strong> <\/li>\n<\/ul>\n<ul style=\"text-align: left;\">\n<li>Miglioramento <strong>della stabilizzazione articolare<\/strong> attraverso la rieducazione propriocettiva<\/li>\n<\/ul>\n<ul>\n<li style=\"text-align: left;\">Miglioramento della <strong>coordinazione muscolare<\/strong><\/li>\n<\/ul>\n<p>&nbsp;<\/td>\n<\/tr>\n<\/tbody>\n<\/table>\n<\/div>\n<p>&nbsp;<\/p>\n<h3 style=\"text-align: center;\"><strong>Opzioni di applicazione offerte dal dispositivo<\/strong><\/h3>\n<p>&nbsp;<\/p>\n<div>\n<table style=\"width: 100%; border-collapse: collapse; border-style: hidden; height: 320px;\" border=\"0\">\n<tbody>\n<tr style=\"height: 320px;\">\n<td style=\"width: 50%; height: 320px;\"><a href=\"https:\/\/fiziosan.si\/wp-content\/uploads\/2024\/05\/Minitensor-2-300x200.jpg\"><img loading=\"lazy\" decoding=\"async\" class=\"alignnone wp-image-3291 size-medium\" src=\"https:\/\/fiziosan.si\/wp-content\/uploads\/2024\/05\/Minitensor-2-300x200.jpg\" alt=\"MINI ESERCIZI DI TENSORE\" width=\"300\" height=\"200\" title=\"\" srcset=\"https:\/\/fiziosan.si\/wp-content\/uploads\/2024\/05\/Minitensor-2-300x200.jpg 300w, https:\/\/fiziosan.si\/wp-content\/uploads\/2024\/05\/Minitensor-2-768x512.jpg 768w, https:\/\/fiziosan.si\/wp-content\/uploads\/2024\/05\/Minitensor-2-600x400.jpg 600w, https:\/\/fiziosan.si\/wp-content\/uploads\/2024\/05\/Minitensor-2.jpg 900w\" sizes=\"(max-width: 300px) 100vw, 300px\" \/><\/a><\/p>\n<p>&nbsp;<\/p>\n<p>Esercizi <strong>dinamici<\/strong>: concentrici ed eccentrici.<\/p>\n<p>Miglioramento della <strong>coordinazione muscolare<\/strong>.<\/p>\n<p>Esercizi per <strong>gli arti inferiori e superiori<\/strong> e per il <strong>tronco<\/strong>.<\/td>\n<td style=\"width: 50%; height: 320px;\"><a href=\"https:\/\/fiziosan.si\/wp-content\/uploads\/2024\/05\/Minitensor-3-300x200.jpg\"><img loading=\"lazy\" decoding=\"async\" class=\"alignnone wp-image-3292 size-medium\" src=\"https:\/\/fiziosan.si\/wp-content\/uploads\/2024\/05\/Minitensor-3-300x200.jpg\" alt=\"MINI RIABILITAZIONE TENSORIALE\" width=\"300\" height=\"200\" title=\"\" srcset=\"https:\/\/fiziosan.si\/wp-content\/uploads\/2024\/05\/Minitensor-3-300x200.jpg 300w, https:\/\/fiziosan.si\/wp-content\/uploads\/2024\/05\/Minitensor-3-768x512.jpg 768w, https:\/\/fiziosan.si\/wp-content\/uploads\/2024\/05\/Minitensor-3-600x400.jpg 600w, https:\/\/fiziosan.si\/wp-content\/uploads\/2024\/05\/Minitensor-3.jpg 900w\" sizes=\"(max-width: 300px) 100vw, 300px\" \/><\/a><\/p>\n<p>&nbsp;<\/p>\n<p>Possibilit\u00e0 di allenarsi in <strong>diverse posizioni<\/strong>.<\/p>\n<p>Possibilit\u00e0 di allenarsi <strong>unilateralmente o bilateralmente<\/strong>.<\/p>\n<p><strong>Regola il livello di difficolt\u00e0 dell&#8217;<\/strong> esercizio in base alle esigenze del paziente.<\/td>\n<\/tr>\n<\/tbody>\n<\/table>\n<\/div>\n<p>&nbsp;<\/p>\n<p>&nbsp;<\/p>\n<div>\n<table style=\"width: 100%; border-collapse: collapse; border-style: hidden;\">\n<tbody>\n<tr>\n<td style=\"width: 50%; vertical-align: middle;\">\n<div style=\"text-align: center;\" data-mrgt=\"60\" data-size=\"medium\"><a href=\"https:\/\/fiziosan.si\/wp-content\/uploads\/2024\/05\/IMG_7135-1024x683.jpg\"><img loading=\"lazy\" decoding=\"async\" class=\"alignnone wp-image-3288 size-large\" src=\"https:\/\/fiziosan.si\/wp-content\/uploads\/2024\/05\/IMG_7135-1024x683.jpg\" alt=\"MINI ATTREZZATURA TENSORIALE\" width=\"1024\" height=\"683\" title=\"\" srcset=\"https:\/\/fiziosan.si\/wp-content\/uploads\/2024\/05\/IMG_7135-1024x683.jpg 1024w, https:\/\/fiziosan.si\/wp-content\/uploads\/2024\/05\/IMG_7135-300x200.jpg 300w, https:\/\/fiziosan.si\/wp-content\/uploads\/2024\/05\/IMG_7135-768x512.jpg 768w, https:\/\/fiziosan.si\/wp-content\/uploads\/2024\/05\/IMG_7135-1536x1024.jpg 1536w, https:\/\/fiziosan.si\/wp-content\/uploads\/2024\/05\/IMG_7135-600x400.jpg 600w, https:\/\/fiziosan.si\/wp-content\/uploads\/2024\/05\/IMG_7135-1620x1080.jpg 1620w, https:\/\/fiziosan.si\/wp-content\/uploads\/2024\/05\/IMG_7135.jpg 1900w\" sizes=\"(max-width: 1024px) 100vw, 1024px\" \/><\/a><\/div>\n<\/td>\n<td style=\"width: 50%; text-align: center; vertical-align: middle;\">\n<p style=\"text-align: left;\"><strong><span lang=\"SL\">ATTREZZATURE AGGIUNTIVE (non incluse nel prezzo!)<\/span><\/strong><\/p>\n<ul>\n<li style=\"text-align: left;\">visualizzazione del raggio di movimento (R.O.M.) e della forza<\/li>\n<\/ul>\n<ul>\n<li style=\"text-align: left;\">set di 6 pneumatici elastici<\/li>\n<\/ul>\n<ul>\n<li style=\"text-align: left;\">cinghie per il fissaggio al divano<\/li>\n<\/ul>\n<ul>\n<li style=\"text-align: left;\">poggiapiedi regolabile<\/li>\n<\/ul>\n<ul>\n<li style=\"text-align: left;\">piedini in gomma per un utilizzo sicuro sul terreno<\/li>\n<\/ul>\n<\/td>\n<\/tr>\n<\/tbody>\n<\/table>\n<\/div>\n<p>&nbsp;<\/p>\n<div>\n<h3 class=\"col-xs-12 col-sm-6\" style=\"text-align: center;\">ACX.Rehab &#8211; Un concetto di riabilitazione funzionale in un ambiente di realt\u00e0 virtuale<\/h3>\n<\/div>\n<p>&nbsp;<\/p>\n<div>\n<table class=\"table brez-roba\" style=\"border-style: hidden; width: 100%; background-color: lightgrey;\">\n<tbody>\n<tr class=\"table brez-roba\">\n<td style=\"vertical-align: top; width: 100%;\"><strong>ACX.Rehab<\/strong> \u00e8 un concetto di trattamento funzionale con <strong>realt\u00e0 virtuale<\/strong>. Combina metodi terapeutici classici e collaudati con le possibilit\u00e0 di una <strong>tecnologia innovativa.<\/strong> <\/p>\n<ul>\n<li>Valutazione e capacit\u00e0 terapeutiche delle piattaforme stabilometriche, dinamometriche e di equilibrio.<\/li>\n<li>Capacit\u00e0 di riabilitazione con dispositivi medici che lavorano sotto il controllo di una resistenza elastica sicura.<\/li>\n<li>Training cognitivo per supportare i pazienti con disturbi mentali.<\/li>\n<li>Il software permette di sfruttare la realt\u00e0 virtuale e aumenta la motivazione del paziente.<\/li>\n<li>EBM &#8211; raccolta di dati per il terapeuta per valutare i risultati del paziente e pianificare un trattamento personalizzato.<\/li>\n<\/ul>\n<\/td>\n<\/tr>\n<tr class=\"table brez-roba\">\n<td style=\"vertical-align: top; width: 100%; background-color: darkgrey;\"><strong>PIASTRE DI FORZA<\/strong><\/p>\n<p>Allenamento dell&#8217;equilibrio e della postura su pavimenti stabili e instabili: piattaforme stabilometriche, dinamometriche e di equilibrio.<\/p>\n<p>&nbsp;<\/p>\n<p><strong>TERAPIA DELLA PARTE SUPERIORE DELLA COSCIA<\/strong><\/p>\n<p>Il dispositivo \u00e8 progettato per la terapia degli arti superiori: polso, gomito, articolazione della spalla, per l&#8217;allenamento del movimento, della coordinazione e della propriocezione.<\/p>\n<p>&nbsp;<\/p>\n<p><strong>TERAPIA DEGLI ARTI INFERIORI  <\/strong><\/p>\n<p>Il dispositivo \u00e8 progettato per la terapia degli arti inferiori in catena cinematica aperta o chiusa: allenamento di forza, resistenza e stabilit\u00e0.<\/p>\n<p>&nbsp;<\/p>\n<p><strong>FORMAZIONE COGNITIVA<\/strong><\/p>\n<p>Terapia cognitiva che si concentra sulla memoria, sulla risoluzione dei problemi, sull&#8217;attenzione divisa e sulla precisione dei movimenti.<\/td>\n<\/tr>\n<\/tbody>\n<\/table>\n<\/div>\n","protected":false},"excerpt":{"rendered":"<strong>Il MINI TENSOR <\/strong>\u00e8 un dispositivo che consente di eseguire una terapia multitasking utilizzando <strong>resistenze elastiche<\/strong>. Come parte del concetto di<strong> ACX.Rehab<\/strong>, <strong>MINI TENSOR<\/strong> utilizza un software che permette al paziente di essere consapevole delle sfide e dei progressi della riabilitazione, aumentando la motivazione del paziente.\n\n<strong>ACX.Rehab<\/strong> \u00e8 un concetto di trattamento funzionale con realt\u00e0 virtuale. Combina metodi terapeutici classici e collaudati con le possibilit\u00e0 di una tecnologia innovativa. ","protected":false},"featured_media":7457,"template":"","meta":{"_acf_changed":false},"pwb-brand":[1031],"product_cat":[813,652,651,814,812],"product_tag":[],"class_list":{"0":"post-9413","1":"product","2":"type-product","3":"status-publish","4":"has-post-thumbnail","6":"pwb-brand-technomex","7":"product_cat-gamba","8":"product_cat-mano","9":"product_cat-riabilitazione","10":"product_cat-terapia-attiva-minitensor-per-arti-inferiori-e-superiori-it","11":"product_cat-terapia-attiva-minitensor-per-arti-inferiori-e-superiori","13":"first","14":"outofstock","15":"taxable","16":"shipping-taxable","17":"product-type-simple"},"acf":[],"brands":[{"id":1031,"name":"Technomex","slug":"technomex"}],"_links":{"self":[{"href":"https:\/\/fiziosan.si\/it\/wp-json\/wp\/v2\/product\/9413"}],"collection":[{"href":"https:\/\/fiziosan.si\/it\/wp-json\/wp\/v2\/product"}],"about":[{"href":"https:\/\/fiziosan.si\/it\/wp-json\/wp\/v2\/types\/product"}],"version-history":[{"count":1,"href":"https:\/\/fiziosan.si\/it\/wp-json\/wp\/v2\/product\/9413\/revisions"}],"predecessor-version":[{"id":10221,"href":"https:\/\/fiziosan.si\/it\/wp-json\/wp\/v2\/product\/9413\/revisions\/10221"}],"wp:featuredmedia":[{"embeddable":true,"href":"https:\/\/fiziosan.si\/it\/wp-json\/wp\/v2\/media\/7457"}],"wp:attachment":[{"href":"https:\/\/fiziosan.si\/it\/wp-json\/wp\/v2\/media?parent=9413"}],"wp:term":[{"taxonomy":"pwb-brand","embeddable":true,"href":"https:\/\/fiziosan.si\/it\/wp-json\/wp\/v2\/pwb-brand?post=9413"},{"taxonomy":"product_cat","embeddable":true,"href":"https:\/\/fiziosan.si\/it\/wp-json\/wp\/v2\/product_cat?post=9413"},{"taxonomy":"product_tag","embeddable":true,"href":"https:\/\/fiziosan.si\/it\/wp-json\/wp\/v2\/product_tag?post=9413"}],"curies":[{"name":"wp","href":"https:\/\/api.w.org\/{rel}","templated":true}]}}