{"id":9206,"date":"2024-05-28T21:24:05","date_gmt":"2024-05-28T21:24:05","guid":{"rendered":"https:\/\/fiziosan.si\/izdelek\/capri\/"},"modified":"2025-07-29T13:34:37","modified_gmt":"2025-07-29T13:34:37","slug":"capri","status":"publish","type":"product","link":"https:\/\/fiziosan.si\/it\/prodotto\/capri\/","title":{"rendered":"Capri"},"content":{"rendered":"<p>&nbsp;<\/p>\n<div>\n<table class=\"table brez-roba\" style=\"border-style: hidden; width: 100%;\">\n<tbody>\n<tr class=\"table brez-roba\">\n<td style=\"vertical-align: middle; width: 50%;\">\n<p style=\"text-align: center;\">Il sistema <strong>CAPRI<\/strong> \u00e8 comunemente utilizzato in terapia occupazionale e fisioterapia come supporto terapeutico alle forme convenzionali di terapia. L&#8217;esercizio e l&#8217;allenamento attivo e ripetitivo stimolano <strong>la plasticit\u00e0 neurale<\/strong> e quindi la modifica (adattamento) di sinapsi, cellule nervose e persino intere aree cerebrali per recuperare la funzionalit\u00e0 perduta. <\/p>\n<p>&nbsp;<\/p>\n<p style=\"text-align: center;\">\n<\/td>\n<td style=\"width: 50%;\"><a href=\"https:\/\/fiziosan.si\/wp-content\/uploads\/2024\/05\/NE9A0130-1024x683.jpg\"><img fetchpriority=\"high\" decoding=\"async\" class=\"alignnone wp-image-3329 size-large\" src=\"https:\/\/fiziosan.si\/wp-content\/uploads\/2024\/05\/NE9A0130-1024x683.jpg\" alt=\"RIABILITAZIONE CAPRI\" width=\"1024\" height=\"683\" title=\"\" srcset=\"https:\/\/fiziosan.si\/wp-content\/uploads\/2024\/05\/NE9A0130-1024x683.jpg 1024w, https:\/\/fiziosan.si\/wp-content\/uploads\/2024\/05\/NE9A0130-300x200.jpg 300w, https:\/\/fiziosan.si\/wp-content\/uploads\/2024\/05\/NE9A0130-768x512.jpg 768w, https:\/\/fiziosan.si\/wp-content\/uploads\/2024\/05\/NE9A0130-1536x1024.jpg 1536w, https:\/\/fiziosan.si\/wp-content\/uploads\/2024\/05\/NE9A0130-600x400.jpg 600w, https:\/\/fiziosan.si\/wp-content\/uploads\/2024\/05\/NE9A0130-1620x1080.jpg 1620w, https:\/\/fiziosan.si\/wp-content\/uploads\/2024\/05\/NE9A0130.jpg 1920w\" sizes=\"(max-width: 1024px) 100vw, 1024px\" \/><\/a><\/td>\n<\/tr>\n<\/tbody>\n<\/table>\n<\/div>\n<p>&nbsp;<\/p>\n<h3 style=\"text-align: left;\">Uso clinico di CAPRI e principali indicazioni di utilizzo<\/h3>\n<p>&nbsp;<\/p>\n<p><em>Tieni presente che il paziente potrebbe avere altre indicazioni che non sono elencate di seguito ma che potrebbero essere rilevanti.<\/em><\/p>\n<p>&nbsp;<\/p>\n<div>\n<table style=\"width: 100%; border-collapse: collapse; border-style: hidden;\">\n<tbody>\n<tr>\n<td style=\"width: 50%; vertical-align: middle;\">\n<div style=\"text-align: center;\" data-mrgt=\"60\" data-size=\"medium\"><a href=\"https:\/\/fiziosan.si\/wp-content\/uploads\/2024\/05\/Capri-vertical-854x1024.jpg\"><img decoding=\"async\" class=\"alignnone wp-image-3338 size-large\" src=\"https:\/\/fiziosan.si\/wp-content\/uploads\/2024\/05\/Capri-vertical-854x1024.jpg\" alt=\"INDICAZIONI DI CAPRI\" width=\"854\" height=\"1024\" title=\"\" srcset=\"https:\/\/fiziosan.si\/wp-content\/uploads\/2024\/05\/Capri-vertical-854x1024.jpg 854w, https:\/\/fiziosan.si\/wp-content\/uploads\/2024\/05\/Capri-vertical-250x300.jpg 250w, https:\/\/fiziosan.si\/wp-content\/uploads\/2024\/05\/Capri-vertical-768x920.jpg 768w, https:\/\/fiziosan.si\/wp-content\/uploads\/2024\/05\/Capri-vertical-501x600.jpg 501w, https:\/\/fiziosan.si\/wp-content\/uploads\/2024\/05\/Capri-vertical-901x1080.jpg 901w, https:\/\/fiziosan.si\/wp-content\/uploads\/2024\/05\/Capri-vertical-600x719.jpg 600w, https:\/\/fiziosan.si\/wp-content\/uploads\/2024\/05\/Capri-vertical.jpg 1068w\" sizes=\"(max-width: 854px) 100vw, 854px\" \/><\/a><\/div>\n<\/td>\n<td style=\"width: 50%; text-align: center; vertical-align: top;\">\n<ul>\n<li style=\"text-align: left;\">Ictus (emorragia cerebrale, lesione ischemica)<\/li>\n<\/ul>\n<ul>\n<li style=\"text-align: left;\">Lesione cerebrale traumatica (TBI)<\/li>\n<\/ul>\n<ul>\n<li style=\"text-align: left;\">Lesione del midollo spinale (SCI)<\/li>\n<\/ul>\n<ul>\n<li style=\"text-align: left;\">Tumore al cervello<\/li>\n<\/ul>\n<ul>\n<li style=\"text-align: left;\">Malattia di Parkinson<\/li>\n<\/ul>\n<ul>\n<li style=\"text-align: left;\">Malattie croniche come la sclerosi multipla (SM)<\/li>\n<\/ul>\n<ul>\n<li style=\"text-align: left;\">Paralisi cerebrale (CP)<\/li>\n<\/ul>\n<ul>\n<li style=\"text-align: left;\">Malattie del motoneurone come la sclerosi laterale amiotrofica (SLA)<\/li>\n<\/ul>\n<ul>\n<li style=\"text-align: left;\">Distrofie muscolari<\/li>\n<\/ul>\n<ul>\n<li style=\"text-align: left;\">Paralisi causata da ernia del disco intervertebrale<\/li>\n<\/ul>\n<ul>\n<li style=\"text-align: left;\">Lesioni ortopediche (lesioni derivanti da interventi chirurgici alla mano)<\/li>\n<\/ul>\n<ul>\n<li style=\"text-align: left;\">Disturbi muscoloscheletrici che causano una gamma limitata di movimenti, scarsa forma fisica, mancanza di coordinazione.<\/li>\n<\/ul>\n<ul>\n<li style=\"text-align: left;\">Involuzione del sistema nervoso e muscolo-scheletrico indotta dall&#8217;invecchiamento<\/li>\n<\/ul>\n<\/td>\n<\/tr>\n<\/tbody>\n<\/table>\n<\/div>\n<p>&nbsp;<\/p>\n<h3 style=\"text-align: left;\"><strong>Descrizione del dispositivo<\/strong><\/h3>\n<p>&nbsp;<\/p>\n<div>\n<table style=\"width: 100%; border-collapse: collapse; border-style: hidden;\">\n<tbody>\n<tr>\n<td style=\"width: 50%; text-align: center; vertical-align: top;\">\n<ul>\n<li style=\"text-align: left;\">CAPRI \u00e8 costituito da un modulo principale dotato di un sistema di misurazione elettronico alimentato a batteria.<\/li>\n<\/ul>\n<ul>\n<li style=\"text-align: left;\">Il dispositivo comunica in modalit\u00e0 wireless con il computer utilizzando il ricevitore radio in dotazione collegato alla porta USB.<\/li>\n<\/ul>\n<ul>\n<li style=\"text-align: left;\">Insieme al dispositivo, l&#8217;utente riceve una serie di adattatori diversi e un caricabatterie.<\/li>\n<\/ul>\n<ul>\n<li style=\"text-align: left;\">Gli adattatori inclusi nel kit possono essere utilizzati per eseguire esercizi specifici in diverse posizioni e con diversi livelli di difficolt\u00e0.<\/li>\n<\/ul>\n<ul>\n<li style=\"text-align: left;\">Le maniglie incluse nel kit permettono ai pazienti con diverse disfunzioni della mano di esercitarsi.<\/li>\n<\/ul>\n<ul>\n<li style=\"text-align: left;\">Insieme al dispositivo, l&#8217;utente riceve un software che consente di somministrare la terapia attraverso giochi personalizzati e completamente parametrizzati.<\/li>\n<\/ul>\n<ul>\n<li style=\"text-align: left;\">Il livello di difficolt\u00e0 e il raggio d&#8217;azione del dispositivo sono regolabili individualmente per ogni paziente.<\/li>\n<\/ul>\n<ul>\n<li style=\"text-align: left;\">Il software tiene traccia di tutti i progressi della riabilitazione e consente di produrre report parziali e collettivi.<\/li>\n<\/ul>\n<\/td>\n<td style=\"width: 50%; vertical-align: middle;\"><a href=\"https:\/\/fiziosan.si\/wp-content\/uploads\/2024\/05\/Capri-potrait-855x1024.jpg\"><img decoding=\"async\" class=\"alignnone wp-image-3344 size-large\" src=\"https:\/\/fiziosan.si\/wp-content\/uploads\/2024\/05\/Capri-potrait-855x1024.jpg\" alt=\"DESCRIZIONE DEL MODELLO\" width=\"855\" height=\"1024\" title=\"\" srcset=\"https:\/\/fiziosan.si\/wp-content\/uploads\/2024\/05\/Capri-potrait-855x1024.jpg 855w, https:\/\/fiziosan.si\/wp-content\/uploads\/2024\/05\/Capri-potrait-251x300.jpg 251w, https:\/\/fiziosan.si\/wp-content\/uploads\/2024\/05\/Capri-potrait-768x920.jpg 768w, https:\/\/fiziosan.si\/wp-content\/uploads\/2024\/05\/Capri-potrait-501x600.jpg 501w, https:\/\/fiziosan.si\/wp-content\/uploads\/2024\/05\/Capri-potrait-902x1080.jpg 902w, https:\/\/fiziosan.si\/wp-content\/uploads\/2024\/05\/Capri-potrait-600x718.jpg 600w, https:\/\/fiziosan.si\/wp-content\/uploads\/2024\/05\/Capri-potrait.jpg 1069w\" sizes=\"(max-width: 855px) 100vw, 855px\" \/><\/a><\/td>\n<\/tr>\n<\/tbody>\n<\/table>\n<p>&nbsp;<\/p>\n<\/div>\n<div>\n<h3 class=\"col-xs-12 col-sm-6\" style=\"text-align: center;\">ACX.Rehab &#8211; Un concetto di riabilitazione funzionale in un ambiente di realt\u00e0 virtuale<\/h3>\n<\/div>\n<p>&nbsp;<\/p>\n<div>\n<table class=\"table brez-roba\" style=\"border-style: hidden; width: 100%; background-color: lightgrey;\">\n<tbody>\n<tr class=\"table brez-roba\">\n<td style=\"vertical-align: top; width: 100%;\"><strong>ACX.Rehab<\/strong> \u00e8 un concetto di trattamento funzionale con <strong>realt\u00e0 virtuale<\/strong>. Combina metodi terapeutici classici e collaudati con le possibilit\u00e0 di una <strong>tecnologia innovativa.<\/strong> <\/p>\n<ul>\n<li>Valutazione e capacit\u00e0 terapeutiche delle piattaforme stabilometriche, dinamometriche e di equilibrio.<\/li>\n<li>Capacit\u00e0 di riabilitazione con dispositivi medici che lavorano sotto il controllo di una resistenza elastica sicura.<\/li>\n<li>Training cognitivo per supportare i pazienti con disturbi mentali.<\/li>\n<li>Il software permette di sfruttare la realt\u00e0 virtuale e aumenta la motivazione del paziente.<\/li>\n<li>EBM &#8211; raccolta di dati per il terapeuta per valutare i risultati del paziente e pianificare un trattamento personalizzato.<\/li>\n<\/ul>\n<\/td>\n<\/tr>\n<tr class=\"table brez-roba\">\n<td style=\"vertical-align: top; width: 100%; background-color: darkgrey;\"><strong>PIASTRE DI FORZA<\/strong><\/p>\n<p>Allenamento dell&#8217;equilibrio e della postura su pavimenti stabili e instabili: piattaforme stabilometriche, dinamometriche e di equilibrio.<\/p>\n<p>&nbsp;<\/p>\n<p><strong>TERAPIA DELLA PARTE SUPERIORE DELLA COSCIA<\/strong><\/p>\n<p>Il dispositivo \u00e8 progettato per la terapia degli arti superiori: polso, gomito, articolazione della spalla, per l&#8217;allenamento del movimento, della coordinazione e della propriocezione.<\/p>\n<p>&nbsp;<\/p>\n<p><strong>TERAPIA DEGLI ARTI INFERIORI  <\/strong><\/p>\n<p>Il dispositivo \u00e8 progettato per la terapia degli arti inferiori in catena cinematica aperta o chiusa: allenamento di forza, resistenza e stabilit\u00e0.<\/p>\n<p>&nbsp;<\/p>\n<p><strong>FORMAZIONE COGNITIVA<\/strong><\/p>\n<p>Terapia cognitiva che si concentra sulla memoria, sulla risoluzione dei problemi, sull&#8217;attenzione divisa e sulla precisione dei movimenti.<\/td>\n<\/tr>\n<\/tbody>\n<\/table>\n<\/div>\n","protected":false},"excerpt":{"rendered":"<strong>CAPRI<\/strong> \u00e8 un dispositivo terapeutico che pu\u00f2 essere utilizzato per la riabilitazione di pazienti con problemi di <strong>controllo della presa<\/strong>, <strong>precisione e coordinazione dei<\/strong> movimenti della mano. Il gruppo target non comprende solo pazienti neurologici ma anche ortopedici, pediatrici e anziani. \n\nNell&#8217;ambito del concetto<strong> ACX.Rehab<\/strong>, <strong>CAPRI<\/strong> utilizza un software che rende il paziente consapevole delle sfide e dei progressi della riabilitazione, aumentando cos\u00ec la motivazione del paziente. <strong>ACX.Rehab<\/strong> \u00e8 un concetto di trattamento funzionale con realt\u00e0 virtuale. Combina metodi terapeutici classici e collaudati con le possibilit\u00e0 offerte dalla tecnologia innovativa. ","protected":false},"featured_media":7477,"template":"","meta":{"_acf_changed":false},"pwb-brand":[1031],"product_cat":[652,651,653],"product_tag":[],"class_list":{"0":"post-9206","1":"product","2":"type-product","3":"status-publish","4":"has-post-thumbnail","6":"pwb-brand-technomex","7":"product_cat-mano","8":"product_cat-riabilitazione","9":"product_cat-riabilitazione-capri-della-coordinazione-motoria-della-mano","11":"first","12":"outofstock","13":"taxable","14":"shipping-taxable","15":"product-type-simple"},"acf":[],"brands":[{"id":1031,"name":"Technomex","slug":"technomex"}],"_links":{"self":[{"href":"https:\/\/fiziosan.si\/it\/wp-json\/wp\/v2\/product\/9206"}],"collection":[{"href":"https:\/\/fiziosan.si\/it\/wp-json\/wp\/v2\/product"}],"about":[{"href":"https:\/\/fiziosan.si\/it\/wp-json\/wp\/v2\/types\/product"}],"version-history":[{"count":1,"href":"https:\/\/fiziosan.si\/it\/wp-json\/wp\/v2\/product\/9206\/revisions"}],"predecessor-version":[{"id":10235,"href":"https:\/\/fiziosan.si\/it\/wp-json\/wp\/v2\/product\/9206\/revisions\/10235"}],"wp:featuredmedia":[{"embeddable":true,"href":"https:\/\/fiziosan.si\/it\/wp-json\/wp\/v2\/media\/7477"}],"wp:attachment":[{"href":"https:\/\/fiziosan.si\/it\/wp-json\/wp\/v2\/media?parent=9206"}],"wp:term":[{"taxonomy":"pwb-brand","embeddable":true,"href":"https:\/\/fiziosan.si\/it\/wp-json\/wp\/v2\/pwb-brand?post=9206"},{"taxonomy":"product_cat","embeddable":true,"href":"https:\/\/fiziosan.si\/it\/wp-json\/wp\/v2\/product_cat?post=9206"},{"taxonomy":"product_tag","embeddable":true,"href":"https:\/\/fiziosan.si\/it\/wp-json\/wp\/v2\/product_tag?post=9206"}],"curies":[{"name":"wp","href":"https:\/\/api.w.org\/{rel}","templated":true}]}}