{"id":9051,"date":"2025-05-09T14:45:59","date_gmt":"2025-05-09T14:45:59","guid":{"rendered":"https:\/\/fiziosan.si\/izdelek\/physiokey-ausilio-per-la-neurostimolazione\/"},"modified":"2025-07-29T13:31:46","modified_gmt":"2025-07-29T13:31:46","slug":"physiokey-ausilio-per-la-neurostimolazione","status":"publish","type":"product","link":"https:\/\/fiziosan.si\/it\/prodotto\/physiokey-ausilio-per-la-neurostimolazione\/","title":{"rendered":"Physiokey &#8211; ausilio per la neurostimolazione"},"content":{"rendered":"<p>&nbsp;<\/p>\n<div>\n<table class=\"table brez-roba\" style=\"border-style: hidden; width: 100%;\">\n<tbody>\n<tr class=\"table brez-roba\">\n<td style=\"vertical-align: middle; width: 50.2534%;\">\n<h3>Come funziona?<\/h3>\n<p style=\"text-align: left;\">Il dispositivo utilizza un <strong data-start=\"1662\" data-end=\"1687\">meccanismo di biofeedback<\/strong> per stabilire un dialogo dinamico con l&#8217;organismo e stimolare una risposta efficace e pi\u00f9 rapida. Rafforza il sistema immunitario influenzando il sistema nervoso autonomo e quindi i processi di adattamento e regolazione dell&#8217;organismo. <\/p>\n<p>&nbsp;<\/p>\n<p>&nbsp;<\/p>\n<p>&nbsp;<\/p>\n<p style=\"text-align: center;\">\n<\/td>\n<td style=\"width: 49.7466%;\"><a href=\"https:\/\/stage.fiziosan.si\/wp-content\/uploads\/2024\/04\/uebersicht-physiokey.jpg\"><img fetchpriority=\"high\" decoding=\"async\" class=\"alignnone wp-image-2970 size-large\" src=\"https:\/\/stage.fiziosan.si\/wp-content\/uploads\/2024\/04\/uebersicht-physiokey-1024x734.jpg\" alt=\"FISIOTERAPIA\" width=\"1024\" height=\"734\" title=\"\" srcset=\"https:\/\/fiziosan.si\/wp-content\/uploads\/2024\/04\/uebersicht-physiokey-1024x734.jpg 1024w, https:\/\/fiziosan.si\/wp-content\/uploads\/2024\/04\/uebersicht-physiokey-300x215.jpg 300w, https:\/\/fiziosan.si\/wp-content\/uploads\/2024\/04\/uebersicht-physiokey-768x550.jpg 768w, https:\/\/fiziosan.si\/wp-content\/uploads\/2024\/04\/uebersicht-physiokey-600x430.jpg 600w, https:\/\/fiziosan.si\/wp-content\/uploads\/2024\/04\/uebersicht-physiokey.jpg 1200w\" sizes=\"(max-width: 1024px) 100vw, 1024px\" \/><\/a><\/td>\n<\/tr>\n<\/tbody>\n<\/table>\n<\/div>\n<p>&nbsp;<\/p>\n<h3 style=\"text-align: left;\"><strong>I principali BENEFICI del sistema:<\/strong><\/h3>\n<p>&nbsp;<\/p>\n<p>&nbsp;<\/p>\n<div>\n<table style=\"width: 100%; border-collapse: collapse; border-style: hidden;\">\n<tbody>\n<tr>\n<td style=\"width: 50%; vertical-align: middle;\">\n<div style=\"text-align: left;\" data-mrgt=\"60\" data-size=\"medium\"><a href=\"https:\/\/stage.fiziosan.si\/wp-content\/uploads\/2024\/04\/hero-medkey-behandlungraum-totale-geraet-schwarz.jpg\"><img decoding=\"async\" class=\"alignnone wp-image-2967 size-large\" src=\"https:\/\/stage.fiziosan.si\/wp-content\/uploads\/2024\/04\/hero-medkey-behandlungraum-totale-geraet-schwarz-1024x704.jpg\" alt=\"I VANTAGGI DI PHYSIOKEY\" width=\"1024\" height=\"704\" title=\"\" srcset=\"https:\/\/fiziosan.si\/wp-content\/uploads\/2024\/04\/hero-medkey-behandlungraum-totale-geraet-schwarz-1024x704.jpg 1024w, https:\/\/fiziosan.si\/wp-content\/uploads\/2024\/04\/hero-medkey-behandlungraum-totale-geraet-schwarz-300x206.jpg 300w, https:\/\/fiziosan.si\/wp-content\/uploads\/2024\/04\/hero-medkey-behandlungraum-totale-geraet-schwarz-768x528.jpg 768w, https:\/\/fiziosan.si\/wp-content\/uploads\/2024\/04\/hero-medkey-behandlungraum-totale-geraet-schwarz-1536x1056.jpg 1536w, https:\/\/fiziosan.si\/wp-content\/uploads\/2024\/04\/hero-medkey-behandlungraum-totale-geraet-schwarz-600x413.jpg 600w, https:\/\/fiziosan.si\/wp-content\/uploads\/2024\/04\/hero-medkey-behandlungraum-totale-geraet-schwarz-1571x1080.jpg 1571w, https:\/\/fiziosan.si\/wp-content\/uploads\/2024\/04\/hero-medkey-behandlungraum-totale-geraet-schwarz.jpg 1920w\" sizes=\"(max-width: 1024px) 100vw, 1024px\" \/><\/a><\/div>\n<\/td>\n<td style=\"width: 50%; text-align: center; vertical-align: middle;\">\n<ul>\n<li style=\"list-style-type: none;\">\n<ul>\n<li style=\"text-align: left;\">Rapido <strong>sollievo dal dolore<\/strong>,<strong> miglioramento<\/strong> generale e <strong>cambiamento positivo dello<\/strong> stress muscolare<\/li>\n<li style=\"text-align: left;\">Stimola l <strong>&#8216;autoregolazione del corpo<\/strong> attraverso impulsi bioadattativi<\/li>\n<li style=\"text-align: left;\">Terapie <strong>indolori<\/strong> e <strong>non invasive<\/strong> <\/li>\n<li style=\"text-align: left;\">Trattamenti <strong>precisi<\/strong> e <strong>intensivi<\/strong> <\/li>\n<\/ul>\n<\/li>\n<\/ul>\n<\/td>\n<\/tr>\n<\/tbody>\n<\/table>\n<\/div>\n<p>&nbsp;<\/p>\n<div>\n<table style=\"width: 100%; border-collapse: collapse; border-style: hidden;\">\n<tbody>\n<tr>\n<td style=\"width: 50%; vertical-align: middle;\">\n<div style=\"text-align: center;\" data-mrgt=\"60\" data-size=\"medium\"><a href=\"https:\/\/stage.fiziosan.si\/wp-content\/uploads\/2024\/04\/008P-%E2%80%93-kopija.png\"><img decoding=\"async\" class=\"alignnone wp-image-2964 size-large\" src=\"https:\/\/stage.fiziosan.si\/wp-content\/uploads\/2024\/04\/008P-%E2%80%93-kopija-1024x666.png\" alt=\"APPLICAZIONE DI MOBILIT\u00c0 PHYSIOKEY\" width=\"1024\" height=\"666\" title=\"\"><\/a><\/div>\n<\/td>\n<td style=\"width: 50%; text-align: center; vertical-align: middle;\">Grazie alle sue <strong>dimensioni ridotte<\/strong> e alla <strong>batteria ad alta capacit\u00e0<\/strong>, <strong>PHYSIOKEY<\/strong> \u00e8 sempre pronto per essere <strong>utilizzato ovunque.<\/strong><\/td>\n<\/tr>\n<\/tbody>\n<\/table>\n<\/div>\n<p>&nbsp;<\/p>\n<div>\n<table style=\"width: 100%; border-collapse: collapse; border-style: hidden;\">\n<tbody>\n<tr>\n<td style=\"width: 50%; vertical-align: middle;\">\n<div style=\"text-align: center;\" data-mrgt=\"60\" data-size=\"medium\"><a href=\"https:\/\/stage.fiziosan.si\/wp-content\/uploads\/2024\/04\/bearbeitet-hund-nah-%E2%80%93-kopija.jpg\"><img loading=\"lazy\" decoding=\"async\" class=\"alignnone wp-image-2966 size-large\" src=\"https:\/\/stage.fiziosan.si\/wp-content\/uploads\/2024\/04\/bearbeitet-hund-nah-%E2%80%93-kopija-1024x699.jpg\" alt=\"FISIOKEY USO VERSATILE\" width=\"1024\" height=\"699\" title=\"\"><\/a><\/div>\n<\/td>\n<td style=\"width: 50%; text-align: center; vertical-align: middle;\">Le cinque testine incluse nel <strong>pacchetto Pro<\/strong> rendono il dispositivo versatile ed efficiente.<\/td>\n<\/tr>\n<\/tbody>\n<\/table>\n<\/div>\n<p>&nbsp;<\/p>\n<div>\n<table style=\"width: 100%; border-collapse: collapse; border-style: hidden;\">\n<tbody>\n<tr>\n<td style=\"width: 50%; vertical-align: middle;\">\n<div style=\"text-align: center;\" data-mrgt=\"60\" data-size=\"medium\"><a href=\"https:\/\/stage.fiziosan.si\/wp-content\/uploads\/2024\/04\/physiokey-profiset.png\"><img loading=\"lazy\" decoding=\"async\" class=\"alignnone wp-image-2969 size-full\" src=\"https:\/\/stage.fiziosan.si\/wp-content\/uploads\/2024\/04\/physiokey-profiset.png\" alt=\"PACCHETTO PHYSIOKEY\" width=\"600\" height=\"600\" title=\"\" srcset=\"https:\/\/fiziosan.si\/wp-content\/uploads\/2024\/04\/physiokey-profiset.png 600w, https:\/\/fiziosan.si\/wp-content\/uploads\/2024\/04\/physiokey-profiset-300x300.png 300w, https:\/\/fiziosan.si\/wp-content\/uploads\/2024\/04\/physiokey-profiset-150x150.png 150w, https:\/\/fiziosan.si\/wp-content\/uploads\/2024\/04\/physiokey-profiset-100x100.png 100w, https:\/\/fiziosan.si\/wp-content\/uploads\/2024\/04\/physiokey-profiset-50x50.png 50w\" sizes=\"(max-width: 600px) 100vw, 600px\" \/><\/a><\/div>\n<\/td>\n<td style=\"width: 50%; text-align: center; vertical-align: middle;\">\n<h3 style=\"text-align: left;\"><span lang=\"SL\"><strong> <\/strong>Cosa include il pacchetto Pro?<\/span><\/h3>\n<ul>\n<li style=\"text-align: left;\"><span lang=\"SL\"><strong>PHYSIOKEY<\/strong> a destra <strong>,<\/strong><\/span><\/li>\n<li style=\"text-align: left;\"><span lang=\"SL\"><strong>5 testine<\/strong> per terapie specifiche (Standard, Matrix, Comb, High Pro, Trigger),<\/span><\/li>\n<li style=\"text-align: left;\">cavo di collegamento,<\/li>\n<li style=\"text-align: left;\">elettrodi autoadesivi,<\/li>\n<li style=\"text-align: left;\"><span lang=\"SL\">stazione di ricarica,<\/span><\/li>\n<li style=\"text-align: left;\">cavo di ricarica,<\/li>\n<li style=\"text-align: left;\"><span lang=\"SL\">custodia per il trasporto.<\/span><\/li>\n<\/ul>\n<\/td>\n<\/tr>\n<\/tbody>\n<\/table>\n<\/div>\n<div><\/div>\n<p>&nbsp;<\/p>\n<div>\n<table style=\"width: 100%; border-collapse: collapse; border-style: hidden;\">\n<tbody>\n<tr>\n<td style=\"width: 50%; vertical-align: middle;\">\n<div style=\"text-align: center;\" data-mrgt=\"60\" data-size=\"medium\"><a href=\"https:\/\/stage.fiziosan.si\/wp-content\/uploads\/2024\/04\/physiokey-einzelgeraet.png\"><img loading=\"lazy\" decoding=\"async\" class=\"alignnone wp-image-3062 size-full\" src=\"https:\/\/stage.fiziosan.si\/wp-content\/uploads\/2024\/04\/physiokey-einzelgeraet.png\" alt=\"SOLO APPARECCHIO\" width=\"600\" height=\"600\" title=\"\" srcset=\"https:\/\/fiziosan.si\/wp-content\/uploads\/2024\/04\/physiokey-einzelgeraet.png 600w, https:\/\/fiziosan.si\/wp-content\/uploads\/2024\/04\/physiokey-einzelgeraet-300x300.png 300w, https:\/\/fiziosan.si\/wp-content\/uploads\/2024\/04\/physiokey-einzelgeraet-150x150.png 150w, https:\/\/fiziosan.si\/wp-content\/uploads\/2024\/04\/physiokey-einzelgeraet-100x100.png 100w, https:\/\/fiziosan.si\/wp-content\/uploads\/2024\/04\/physiokey-einzelgeraet-50x50.png 50w\" sizes=\"(max-width: 600px) 100vw, 600px\" \/><\/a><\/div>\n<\/td>\n<td style=\"width: 50%; text-align: center; vertical-align: middle;\">\n<p style=\"text-align: left;\"><span lang=\"SL\">Se acquisti solo l&#8217;<strong> elettrodomestico, <\/strong>riceverai:<\/span><\/p>\n<ul>\n<li style=\"text-align: left;\"><span lang=\"SL\"><strong>PHYSIOKEY<\/strong> a destra <strong>,<\/strong><\/span><\/li>\n<li style=\"text-align: left;\"><span lang=\"SL\"><strong>Intestazione<\/strong> standard,<\/span><\/li>\n<li style=\"text-align: left;\">stazione di ricarica,<\/li>\n<li style=\"text-align: left;\">cavo di collegamento,<\/li>\n<li style=\"text-align: left;\">caso.<\/li>\n<\/ul>\n<\/td>\n<\/tr>\n<\/tbody>\n<\/table>\n<\/div>\n<div><\/div>\n<p>&nbsp;<\/p>\n<p>&nbsp;<\/p>\n<h3 style=\"text-align: center;\">3 TERAPIE in un unico dispositivo<\/h3>\n<p>&nbsp;<\/p>\n<p>&nbsp;<\/p>\n<div>\n<table style=\"width: 100%; border-collapse: collapse; border-style: hidden; height: 320px;\" border=\"0\">\n<tbody>\n<tr style=\"height: 320px;\">\n<td style=\"width: 33%; height: 320px;\"><a href=\"https:\/\/stage.fiziosan.si\/wp-content\/uploads\/2024\/03\/bioregulacija.jpg\"><img loading=\"lazy\" decoding=\"async\" class=\"alignnone wp-image-2911\" src=\"https:\/\/stage.fiziosan.si\/wp-content\/uploads\/2024\/03\/bioregulacija.jpg\" alt=\"BIOREGOLAZIONE\" width=\"125\" height=\"120\" title=\"\"><\/a><\/p>\n<p>&nbsp;<\/p>\n<p><strong>Bioregulation<\/strong>: ha 10 programmi terapeutici predefiniti e 1 programma adattabile alle esigenze terapeutiche.<\/td>\n<td style=\"width: 33%; height: 320px;\"><a href=\"https:\/\/stage.fiziosan.si\/wp-content\/uploads\/2024\/03\/diagnostika.jpg\"><img loading=\"lazy\" decoding=\"async\" class=\"alignnone wp-image-2912\" src=\"https:\/\/stage.fiziosan.si\/wp-content\/uploads\/2024\/03\/diagnostika.jpg\" alt=\"DIAGNOSTICA\" width=\"115\" height=\"120\" title=\"\"><\/a><\/p>\n<p>&nbsp;<\/p>\n<p><strong>Modalit\u00e0 diagnostica<\/strong>: in modalit\u00e0 diagnostica, Physiokey utilizza valori numerici per indicare con precisione il punto di partenza migliore per la terapia.<\/td>\n<td style=\"width: 33%; height: 320px;\"><a href=\"https:\/\/stage.fiziosan.si\/wp-content\/uploads\/2024\/03\/keyforeza.jpg\"><img loading=\"lazy\" decoding=\"async\" class=\"alignnone wp-image-2914\" src=\"https:\/\/stage.fiziosan.si\/wp-content\/uploads\/2024\/03\/keyforeza.jpg\" alt=\"\" width=\"126\" height=\"120\" title=\"\"><\/a><\/p>\n<p>&nbsp;<\/p>\n<p>La <strong>fotorisonanza<\/strong>: \u00e8 un metodo di ionoforesi, disponibile esclusivamente con il dispositivo Physiokey, che permette di inserire in profondit\u00e0 creme e fluidi nel derma e nell&#8217;epidermide.<\/td>\n<\/tr>\n<\/tbody>\n<\/table>\n<\/div>\n<div>\n<h3 class=\"col-xs-12 col-sm-6\" style=\"text-align: center;\">5 testine intercambiabili per TUTTI I TIPI di terapie + cavo di collegamento<\/h3>\n<\/div>\n<p>&nbsp;<\/p>\n<div>\n<table class=\"table brez-roba\" style=\"border-style: hidden; width: 100%; background-color: white;\">\n<tbody>\n<tr class=\"table brez-roba\">\n<td style=\"width: 20%;\"><a href=\"https:\/\/stage.fiziosan.si\/wp-content\/uploads\/2024\/04\/standard-wechselkopf-physiokey.jpg\"><img loading=\"lazy\" decoding=\"async\" class=\"alignnone wp-image-2988 size-medium\" src=\"https:\/\/stage.fiziosan.si\/wp-content\/uploads\/2024\/04\/standard-wechselkopf-physiokey-300x300.jpg\" alt=\"GLAVA STANDARD\" width=\"300\" height=\"300\" title=\"\" srcset=\"https:\/\/fiziosan.si\/wp-content\/uploads\/2024\/04\/standard-wechselkopf-physiokey-300x300.jpg 300w, https:\/\/fiziosan.si\/wp-content\/uploads\/2024\/04\/standard-wechselkopf-physiokey-150x150.jpg 150w, https:\/\/fiziosan.si\/wp-content\/uploads\/2024\/04\/standard-wechselkopf-physiokey-100x100.jpg 100w, https:\/\/fiziosan.si\/wp-content\/uploads\/2024\/04\/standard-wechselkopf-physiokey-50x50.jpg 50w, https:\/\/fiziosan.si\/wp-content\/uploads\/2024\/04\/standard-wechselkopf-physiokey.jpg 600w\" sizes=\"(max-width: 300px) 100vw, 300px\" \/><\/a><\/td>\n<td style=\"width: 20%;\"><a href=\"https:\/\/stage.fiziosan.si\/wp-content\/uploads\/2024\/04\/highpro-wechselkopf.png\"><img loading=\"lazy\" decoding=\"async\" class=\"alignnone wp-image-2985 size-medium\" src=\"https:\/\/stage.fiziosan.si\/wp-content\/uploads\/2024\/04\/highpro-wechselkopf-300x300.png\" alt=\"TESTA HIGHPRO\" width=\"300\" height=\"300\" title=\"\" srcset=\"https:\/\/fiziosan.si\/wp-content\/uploads\/2024\/04\/highpro-wechselkopf-300x300.png 300w, https:\/\/fiziosan.si\/wp-content\/uploads\/2024\/04\/highpro-wechselkopf-150x150.png 150w, https:\/\/fiziosan.si\/wp-content\/uploads\/2024\/04\/highpro-wechselkopf-100x100.png 100w, https:\/\/fiziosan.si\/wp-content\/uploads\/2024\/04\/highpro-wechselkopf-50x50.png 50w, https:\/\/fiziosan.si\/wp-content\/uploads\/2024\/04\/highpro-wechselkopf.png 600w\" sizes=\"(max-width: 300px) 100vw, 300px\" \/><\/a><\/td>\n<td style=\"width: 20%;\"><a href=\"https:\/\/stage.fiziosan.si\/wp-content\/uploads\/2024\/04\/trigger-wechselkopf.png\"><img loading=\"lazy\" decoding=\"async\" class=\"alignnone wp-image-2989 size-medium\" src=\"https:\/\/stage.fiziosan.si\/wp-content\/uploads\/2024\/04\/trigger-wechselkopf-300x300.png\" alt=\"TESTA DEL TRIGGER\" width=\"300\" height=\"300\" title=\"\" srcset=\"https:\/\/fiziosan.si\/wp-content\/uploads\/2024\/04\/trigger-wechselkopf-300x300.png 300w, https:\/\/fiziosan.si\/wp-content\/uploads\/2024\/04\/trigger-wechselkopf-150x150.png 150w, https:\/\/fiziosan.si\/wp-content\/uploads\/2024\/04\/trigger-wechselkopf-100x100.png 100w, https:\/\/fiziosan.si\/wp-content\/uploads\/2024\/04\/trigger-wechselkopf-50x50.png 50w, https:\/\/fiziosan.si\/wp-content\/uploads\/2024\/04\/trigger-wechselkopf.png 600w\" sizes=\"(max-width: 300px) 100vw, 300px\" \/><\/a><\/td>\n<td style=\"vertical-align: top; width: 40%;\">\n<ul>\n<li><strong>Standard:<\/strong> testa standard fornita con l&#8217;apparecchio<\/li>\n<li><strong>High-Pro:<\/strong> la testina High-Pro, con la sua forma rettangolare, \u00e8 perfetta per effettuare misurazioni pi\u00f9 precise in modalit\u00e0 diagnostica, in quanto apre i percorsi spinali e dei meridiani.<\/li>\n<li><strong>Trigger:<\/strong> la testa Trigger viene utilizzata principalmente per trattare i punti trigger. Allo stesso tempo, \u00e8 ideale per i muscoli piccoli. <\/li>\n<\/ul>\n<\/td>\n<\/tr>\n<tr class=\"table brez-roba\" style=\"background-color: white;\">\n<td style=\"width: 20%;\"><a href=\"https:\/\/stage.fiziosan.si\/wp-content\/uploads\/2024\/04\/matrix-wechselkopf.png\"><img loading=\"lazy\" decoding=\"async\" class=\"alignnone wp-image-2987 size-medium\" src=\"https:\/\/stage.fiziosan.si\/wp-content\/uploads\/2024\/04\/matrix-wechselkopf-300x300.png\" alt=\"MATRICE GLAVA\" width=\"300\" height=\"300\" title=\"\" srcset=\"https:\/\/fiziosan.si\/wp-content\/uploads\/2024\/04\/matrix-wechselkopf-300x300.png 300w, https:\/\/fiziosan.si\/wp-content\/uploads\/2024\/04\/matrix-wechselkopf-150x150.png 150w, https:\/\/fiziosan.si\/wp-content\/uploads\/2024\/04\/matrix-wechselkopf-100x100.png 100w, https:\/\/fiziosan.si\/wp-content\/uploads\/2024\/04\/matrix-wechselkopf-50x50.png 50w, https:\/\/fiziosan.si\/wp-content\/uploads\/2024\/04\/matrix-wechselkopf.png 600w\" sizes=\"(max-width: 300px) 100vw, 300px\" \/><\/a><\/td>\n<td style=\"width: 20%;\"><a href=\"https:\/\/stage.fiziosan.si\/wp-content\/uploads\/2024\/04\/kamm-wechselkopf.png\"><img loading=\"lazy\" decoding=\"async\" class=\"alignnone wp-image-2986 size-medium\" src=\"https:\/\/stage.fiziosan.si\/wp-content\/uploads\/2024\/04\/kamm-wechselkopf-300x300.png\" alt=\"GLAVA COMB\" width=\"300\" height=\"300\" title=\"\" srcset=\"https:\/\/fiziosan.si\/wp-content\/uploads\/2024\/04\/kamm-wechselkopf-300x300.png 300w, https:\/\/fiziosan.si\/wp-content\/uploads\/2024\/04\/kamm-wechselkopf-150x150.png 150w, https:\/\/fiziosan.si\/wp-content\/uploads\/2024\/04\/kamm-wechselkopf-100x100.png 100w, https:\/\/fiziosan.si\/wp-content\/uploads\/2024\/04\/kamm-wechselkopf-50x50.png 50w, https:\/\/fiziosan.si\/wp-content\/uploads\/2024\/04\/kamm-wechselkopf.png 600w\" sizes=\"(max-width: 300px) 100vw, 300px\" \/><\/a><\/td>\n<td style=\"width: 20%;\"><a href=\"https:\/\/stage.fiziosan.si\/wp-content\/uploads\/2024\/04\/connector-kabel.png\"><img loading=\"lazy\" decoding=\"async\" class=\"alignnone wp-image-3066 size-full\" src=\"https:\/\/stage.fiziosan.si\/wp-content\/uploads\/2024\/04\/connector-kabel.png\" alt=\"CAVO DI COLLEGAMENTO\" width=\"600\" height=\"600\" title=\"\" srcset=\"https:\/\/fiziosan.si\/wp-content\/uploads\/2024\/04\/connector-kabel.png 600w, https:\/\/fiziosan.si\/wp-content\/uploads\/2024\/04\/connector-kabel-300x300.png 300w, https:\/\/fiziosan.si\/wp-content\/uploads\/2024\/04\/connector-kabel-150x150.png 150w, https:\/\/fiziosan.si\/wp-content\/uploads\/2024\/04\/connector-kabel-100x100.png 100w, https:\/\/fiziosan.si\/wp-content\/uploads\/2024\/04\/connector-kabel-50x50.png 50w\" sizes=\"(max-width: 600px) 100vw, 600px\" \/><\/a><\/td>\n<td style=\"vertical-align: top; width: 40%;\">\n<ul>\n<li><strong>Matrix:<\/strong> la testina Matrix \u00e8 la scelta giusta per i trattamenti di muscoli e fasce.<\/li>\n<li><strong>Pettine:<\/strong> la testa del pettine \u00e8 composta da 41 denti arrotondati che permettono un contatto perfetto con la pelle. L&#8217;elettrodo \u00e8 ideale per trattare le aree pelose. Adatto anche per l&#8217;uso su animali.  <\/li>\n<li><strong>Cavo di collegamento:<\/strong> per collegare gli elettrodi autoadesivi e la Physiokey<\/li>\n<\/ul>\n<\/td>\n<\/tr>\n<\/tbody>\n<\/table>\n<\/div>\n<p>&nbsp;<\/p>\n<div>\n<h3 class=\"col-xs-12 col-sm-6\" style=\"text-align: center;\">Esempi di utilizzo in MALATTIE ACUTE e CRONICHE e DISFUNZIONE<\/h3>\n<\/div>\n<p>&nbsp;<\/p>\n<p>&nbsp;<\/p>\n<div>\n<table class=\"table brez-roba\" style=\"border-style: hidden; width: 100%; background-color: white;\">\n<tbody>\n<tr class=\"table brez-roba\">\n<td style=\"vertical-align: top; width: 25%;\">\n<ul>\n<li>Terapia della fascia<\/li>\n<li>Trattamento dei punti di flessione<\/li>\n<li>Dolore al collo e alla schiena<\/li>\n<\/ul>\n<\/td>\n<td style=\"width: 25%;\"><a href=\"https:\/\/stage.fiziosan.si\/wp-content\/uploads\/2024\/03\/fascije.jpg\"><img loading=\"lazy\" decoding=\"async\" class=\"alignnone wp-image-2933 size-medium\" src=\"https:\/\/stage.fiziosan.si\/wp-content\/uploads\/2024\/03\/fascije-300x300.jpg\" alt=\"FASCIA\" width=\"300\" height=\"300\" title=\"\" srcset=\"https:\/\/fiziosan.si\/wp-content\/uploads\/2024\/03\/fascije-300x300.jpg 300w, https:\/\/fiziosan.si\/wp-content\/uploads\/2024\/03\/fascije-150x150.jpg 150w, https:\/\/fiziosan.si\/wp-content\/uploads\/2024\/03\/fascije-100x100.jpg 100w, https:\/\/fiziosan.si\/wp-content\/uploads\/2024\/03\/fascije-50x50.jpg 50w, https:\/\/fiziosan.si\/wp-content\/uploads\/2024\/03\/fascije.jpg 590w\" sizes=\"(max-width: 300px) 100vw, 300px\" \/><\/a><\/td>\n<td style=\"width: 25%;\"><a href=\"https:\/\/stage.fiziosan.si\/wp-content\/uploads\/2024\/03\/prozilne-tocke.jpg\"><img loading=\"lazy\" decoding=\"async\" class=\"alignnone wp-image-2936 size-medium\" src=\"https:\/\/stage.fiziosan.si\/wp-content\/uploads\/2024\/03\/prozilne-tocke-300x300.jpg\" alt=\"PUNTI PRO\u017dILNE\" width=\"300\" height=\"300\" title=\"\" srcset=\"https:\/\/fiziosan.si\/wp-content\/uploads\/2024\/03\/prozilne-tocke-300x300.jpg 300w, https:\/\/fiziosan.si\/wp-content\/uploads\/2024\/03\/prozilne-tocke-150x150.jpg 150w, https:\/\/fiziosan.si\/wp-content\/uploads\/2024\/03\/prozilne-tocke-100x100.jpg 100w, https:\/\/fiziosan.si\/wp-content\/uploads\/2024\/03\/prozilne-tocke-50x50.jpg 50w, https:\/\/fiziosan.si\/wp-content\/uploads\/2024\/03\/prozilne-tocke.jpg 588w\" sizes=\"(max-width: 300px) 100vw, 300px\" \/><\/a><\/td>\n<td style=\"width: 25%;\"><a href=\"https:\/\/stage.fiziosan.si\/wp-content\/uploads\/2024\/03\/bolecine-vrat-hrbet.jpg\"><img loading=\"lazy\" decoding=\"async\" class=\"alignnone wp-image-2932 size-medium\" src=\"https:\/\/stage.fiziosan.si\/wp-content\/uploads\/2024\/03\/bolecine-vrat-hrbet-300x300.jpg\" alt=\"DOLORE AL COLLO E ALLA SCHIENA\" width=\"300\" height=\"300\" title=\"\" srcset=\"https:\/\/fiziosan.si\/wp-content\/uploads\/2024\/03\/bolecine-vrat-hrbet-300x300.jpg 300w, https:\/\/fiziosan.si\/wp-content\/uploads\/2024\/03\/bolecine-vrat-hrbet-150x150.jpg 150w, https:\/\/fiziosan.si\/wp-content\/uploads\/2024\/03\/bolecine-vrat-hrbet-100x100.jpg 100w, https:\/\/fiziosan.si\/wp-content\/uploads\/2024\/03\/bolecine-vrat-hrbet-50x50.jpg 50w, https:\/\/fiziosan.si\/wp-content\/uploads\/2024\/03\/bolecine-vrat-hrbet.jpg 591w\" sizes=\"(max-width: 300px) 100vw, 300px\" \/><\/a><\/td>\n<\/tr>\n<tr class=\"table brez-roba\" style=\"background-color: white;\">\n<td style=\"vertical-align: top; width: 25%;\">\n<ul>\n<li>Disturbi funzionali<\/li>\n<li>Dolori articolari<\/li>\n<li>Disfunzioni muscolari<\/li>\n<\/ul>\n<\/td>\n<td style=\"width: 25%;\"><a href=\"https:\/\/stage.fiziosan.si\/wp-content\/uploads\/2024\/03\/motnje.jpg\"><img loading=\"lazy\" decoding=\"async\" class=\"alignnone wp-image-2935 size-medium\" src=\"https:\/\/stage.fiziosan.si\/wp-content\/uploads\/2024\/03\/motnje-300x300.jpg\" alt=\"MOZIONI\" width=\"300\" height=\"300\" title=\"\" srcset=\"https:\/\/fiziosan.si\/wp-content\/uploads\/2024\/03\/motnje-300x300.jpg 300w, https:\/\/fiziosan.si\/wp-content\/uploads\/2024\/03\/motnje-150x150.jpg 150w, https:\/\/fiziosan.si\/wp-content\/uploads\/2024\/03\/motnje-100x100.jpg 100w, https:\/\/fiziosan.si\/wp-content\/uploads\/2024\/03\/motnje-50x50.jpg 50w, https:\/\/fiziosan.si\/wp-content\/uploads\/2024\/03\/motnje.jpg 589w\" sizes=\"(max-width: 300px) 100vw, 300px\" \/><\/a><\/td>\n<td style=\"width: 25%;\"><a href=\"https:\/\/stage.fiziosan.si\/wp-content\/uploads\/2024\/03\/sklepi.jpg\"><img loading=\"lazy\" decoding=\"async\" class=\"alignnone wp-image-2937 size-medium\" src=\"https:\/\/stage.fiziosan.si\/wp-content\/uploads\/2024\/03\/sklepi-298x300.jpg\" alt=\"CONCLUSIONI\" width=\"298\" height=\"300\" title=\"\" srcset=\"https:\/\/fiziosan.si\/wp-content\/uploads\/2024\/03\/sklepi-298x300.jpg 298w, https:\/\/fiziosan.si\/wp-content\/uploads\/2024\/03\/sklepi-150x150.jpg 150w, https:\/\/fiziosan.si\/wp-content\/uploads\/2024\/03\/sklepi-100x100.jpg 100w, https:\/\/fiziosan.si\/wp-content\/uploads\/2024\/03\/sklepi-50x50.jpg 50w, https:\/\/fiziosan.si\/wp-content\/uploads\/2024\/03\/sklepi.jpg 588w\" sizes=\"(max-width: 298px) 100vw, 298px\" \/><\/a><\/td>\n<td style=\"width: 25%;\"><a href=\"https:\/\/stage.fiziosan.si\/wp-content\/uploads\/2024\/03\/misice.jpg\"><img loading=\"lazy\" decoding=\"async\" class=\"alignnone wp-image-2934 size-medium\" src=\"https:\/\/stage.fiziosan.si\/wp-content\/uploads\/2024\/03\/misice-300x300.jpg\" alt=\"DISFUNZIONE MUSCOLARE\" width=\"300\" height=\"300\" title=\"\" srcset=\"https:\/\/fiziosan.si\/wp-content\/uploads\/2024\/03\/misice-300x300.jpg 300w, https:\/\/fiziosan.si\/wp-content\/uploads\/2024\/03\/misice-150x150.jpg 150w, https:\/\/fiziosan.si\/wp-content\/uploads\/2024\/03\/misice-100x100.jpg 100w, https:\/\/fiziosan.si\/wp-content\/uploads\/2024\/03\/misice-50x50.jpg 50w, https:\/\/fiziosan.si\/wp-content\/uploads\/2024\/03\/misice.jpg 591w\" sizes=\"(max-width: 300px) 100vw, 300px\" \/><\/a><\/td>\n<\/tr>\n<\/tbody>\n<\/table>\n<\/div>\n","protected":false},"excerpt":{"rendered":"<span lang=\"SL\"><strong>Physiokey<\/strong> \u00e8 un dispositivo di neurostimolazione non invasivo, controllato tramite <strong>biofeedback<\/strong>, basato su una tecnologia innovativa per il trattamento del dolore acuto e cronico.<\/span>\n\n \n\nPermette di diagnosticare e trattare tutti i tipi di problemi muscolo-scheletrici, articolari e organici. <strong>Physiokey<\/strong> attiva i <strong>processi di guarigione endogeni<\/strong> innescando un dialogo con il corpo, consentendo cos\u00ec una terapia su misura per il singolo paziente e quindi un risultato migliore in minor tempo.","protected":false},"featured_media":6389,"template":"","meta":{"_acf_changed":false},"pwb-brand":[1027],"product_cat":[600,586],"product_tag":[],"class_list":{"0":"post-9051","1":"product","2":"type-product","3":"status-publish","4":"has-post-thumbnail","6":"pwb-brand-keytec","7":"product_cat-elettroterapia-it","8":"product_cat-fisioterapia","9":"pa_baterija-5v-05v-ricaricabile-agli-ioni-di-litio","10":"pa_baterija-ricarica-usb","11":"pa_mere-185-x-51-x-28-mm-it","12":"pa_napajanje-circa-180-minuti","13":"pa_teza-180g-it","14":"pa_zaslon-schermo-touchscreen-tft-da-22-pollici","16":"first","17":"instock","18":"taxable","19":"shipping-taxable","20":"purchasable","21":"product-type-variable","22":"has-default-attributes"},"acf":[],"brands":[{"id":1027,"name":"Keytec","slug":"keytec"}],"_links":{"self":[{"href":"https:\/\/fiziosan.si\/it\/wp-json\/wp\/v2\/product\/9051"}],"collection":[{"href":"https:\/\/fiziosan.si\/it\/wp-json\/wp\/v2\/product"}],"about":[{"href":"https:\/\/fiziosan.si\/it\/wp-json\/wp\/v2\/types\/product"}],"version-history":[{"count":1,"href":"https:\/\/fiziosan.si\/it\/wp-json\/wp\/v2\/product\/9051\/revisions"}],"predecessor-version":[{"id":10258,"href":"https:\/\/fiziosan.si\/it\/wp-json\/wp\/v2\/product\/9051\/revisions\/10258"}],"wp:featuredmedia":[{"embeddable":true,"href":"https:\/\/fiziosan.si\/it\/wp-json\/wp\/v2\/media\/6389"}],"wp:attachment":[{"href":"https:\/\/fiziosan.si\/it\/wp-json\/wp\/v2\/media?parent=9051"}],"wp:term":[{"taxonomy":"pwb-brand","embeddable":true,"href":"https:\/\/fiziosan.si\/it\/wp-json\/wp\/v2\/pwb-brand?post=9051"},{"taxonomy":"product_cat","embeddable":true,"href":"https:\/\/fiziosan.si\/it\/wp-json\/wp\/v2\/product_cat?post=9051"},{"taxonomy":"product_tag","embeddable":true,"href":"https:\/\/fiziosan.si\/it\/wp-json\/wp\/v2\/product_tag?post=9051"}],"curies":[{"name":"wp","href":"https:\/\/api.w.org\/{rel}","templated":true}]}}