{"id":8852,"date":"2023-12-11T11:18:54","date_gmt":"2023-12-11T11:18:54","guid":{"rendered":"https:\/\/fiziosan.si\/izdelek\/set-drvenih-alata-za-masazu-novo\/"},"modified":"2025-07-29T13:35:22","modified_gmt":"2025-07-29T13:35:22","slug":"set-drvenih-alata-za-masazu-novo","status":"publish","type":"product","link":"https:\/\/fiziosan.si\/hr\/proizvod\/set-drvenih-alata-za-masazu-novo\/","title":{"rendered":"Set drvenih alata za masa\u017eu &#8211; NOVO!"},"content":{"rendered":"<p>Set uklju\u010duje 6 drvenih alata za masa\u017eu ruku, idealnih za dubinsku masa\u017eu le\u0111a, ruku i nogu. Izra\u0111eni su u potpunosti od prirodnog sandalovine. Alati pru\u017eaju izvrsnu potporu za rad masera bez pretjeranog optere\u0107enja ruku. Njihovi oblici omogu\u0107uju preciznu stimulaciju i dosezanje dubokih to\u010daka u tijelu. Masa\u017eeri su pakirani u estetsku i prakti\u010dnu platnenu torbu s vezicom.    <\/p>\n<p>Oblici:<\/p>\n<ul>\n<li><strong>Kocka za masa\u017eu<\/strong> (5&#215;5 cm): Ovaj alat za masa\u017eu u obliku kocke omogu\u0107uje vam primjenu pritiska na okida\u010dke to\u010dke. Pogodan je za masa\u017eu ruku, nogu i le\u0111a laganim ili jakim pritiskom. <\/li>\n<li><strong>Kri\u017e u obliku slova T<\/strong> (12&#215;12 cm): Alat za masa\u017eu u obliku slova T dobro le\u017ei u ruci i omogu\u0107uje sna\u017ean i ciljani pritisak na okida\u010dke to\u010dke.<\/li>\n<li><strong>Klasi\u010dni &#8220;Birdy&#8221;<\/strong> (14&#215;8 cm): ovaj ure\u0111aj za masa\u017eu koristi se za masa\u017eu ruku, nogu i le\u0111a te je dizajniran za stimulaciju mi\u0161i\u0107a uz minimalan napor terapeuta.<\/li>\n<li><strong>Masa\u017eni \u0161tapi\u0107<\/strong> (12&#215;3 cm): Tradicionalni \u0161tapi\u0107 za masa\u017eu stopala pritiskom i refleksologijom.<\/li>\n<li><strong>Masa\u017eer &#8220;Tripod&#8221;<\/strong> (11,5&#215;5 cm): Njegov ergonomski oblik osigurava udobnost tijekom rada. Posebno je prikladan za masa\u017eu mi\u0161i\u0107a kralje\u017enice, bedara, trbuha i le\u0111a. <\/li>\n<li><strong>Gua-Sha plo\u010da<\/strong> (11&#215;5,5 cm): glatko polirani rubovi omogu\u0107uju glatko kretanje po ko\u017ei i smanjuju rizik od ogrebotina. Ure\u0111aj se koristi nakon nano\u0161enja ulja na podru\u010dje koje se masira. Pogodan je za stimulaciju cijelog tijela, pobolj\u0161anje cirkulacije i pobolj\u0161anje stanja ko\u017ee.  <\/li>\n<\/ul>\n","protected":false},"excerpt":{"rendered":"Set drvenih alata za masa\u017eu\n\n&nbsp;","protected":false},"featured_media":6052,"template":"","meta":{"_acf_changed":false},"pwb-brand":[],"product_cat":[380,541],"product_tag":[427,428,429],"class_list":{"0":"post-8852","1":"product","2":"type-product","3":"status-publish","4":"has-post-thumbnail","6":"product_cat-masaza-hr","7":"product_cat-pribor-za-masazu","8":"product_tag-klasicna-masaza-hr","9":"product_tag-masaza-hr","10":"product_tag-stol-za-masazu","11":"pa_kolicina-6-kom-hr","13":"first","14":"instock","15":"sale","16":"taxable","17":"shipping-taxable","18":"purchasable","19":"product-type-simple"},"acf":[],"brands":[],"_links":{"self":[{"href":"https:\/\/fiziosan.si\/hr\/wp-json\/wp\/v2\/product\/8852"}],"collection":[{"href":"https:\/\/fiziosan.si\/hr\/wp-json\/wp\/v2\/product"}],"about":[{"href":"https:\/\/fiziosan.si\/hr\/wp-json\/wp\/v2\/types\/product"}],"version-history":[{"count":1,"href":"https:\/\/fiziosan.si\/hr\/wp-json\/wp\/v2\/product\/8852\/revisions"}],"predecessor-version":[{"id":8901,"href":"https:\/\/fiziosan.si\/hr\/wp-json\/wp\/v2\/product\/8852\/revisions\/8901"}],"wp:featuredmedia":[{"embeddable":true,"href":"https:\/\/fiziosan.si\/hr\/wp-json\/wp\/v2\/media\/6052"}],"wp:attachment":[{"href":"https:\/\/fiziosan.si\/hr\/wp-json\/wp\/v2\/media?parent=8852"}],"wp:term":[{"taxonomy":"pwb-brand","embeddable":true,"href":"https:\/\/fiziosan.si\/hr\/wp-json\/wp\/v2\/pwb-brand?post=8852"},{"taxonomy":"product_cat","embeddable":true,"href":"https:\/\/fiziosan.si\/hr\/wp-json\/wp\/v2\/product_cat?post=8852"},{"taxonomy":"product_tag","embeddable":true,"href":"https:\/\/fiziosan.si\/hr\/wp-json\/wp\/v2\/product_tag?post=8852"}],"curies":[{"name":"wp","href":"https:\/\/api.w.org\/{rel}","templated":true}]}}