{"id":8851,"date":"2023-12-11T11:18:54","date_gmt":"2023-12-11T11:18:54","guid":{"rendered":"https:\/\/fiziosan.si\/izdelek\/i-tech-powersonic-ultrazvuk\/"},"modified":"2025-07-29T13:35:16","modified_gmt":"2025-07-29T13:35:16","slug":"i-tech-powersonic-ultrazvuk","status":"publish","type":"product","link":"https:\/\/fiziosan.si\/hr\/proizvod\/i-tech-powersonic-ultrazvuk\/","title":{"rendered":"I-Tech Powersonic ultrazvuk"},"content":{"rendered":"<h3><\/h3>\n<div>\n<table style=\"width: 100%; border-collapse: collapse; border-style: hidden;\">\n<tbody>\n<tr>\n<td style=\"width: 50%; vertical-align: middle;\"><a href=\"https:\/\/fiziosan.si\/wp-content\/uploads\/2025\/04\/I-Tech-Powersonic-6.webp\"><img fetchpriority=\"high\" decoding=\"async\" class=\"alignnone wp-image-5221 size-full\" src=\"https:\/\/fiziosan.si\/wp-content\/uploads\/2025\/04\/I-Tech-Powersonic-6.webp\" alt=\"\" width=\"800\" height=\"600\" title=\"\" srcset=\"https:\/\/fiziosan.si\/wp-content\/uploads\/2025\/04\/I-Tech-Powersonic-6.webp 800w, https:\/\/fiziosan.si\/wp-content\/uploads\/2025\/04\/I-Tech-Powersonic-6-300x225.webp 300w, https:\/\/fiziosan.si\/wp-content\/uploads\/2025\/04\/I-Tech-Powersonic-6-768x576.webp 768w, https:\/\/fiziosan.si\/wp-content\/uploads\/2025\/04\/I-Tech-Powersonic-6-600x450.webp 600w\" sizes=\"(max-width: 800px) 100vw, 800px\" \/><\/a><\/td>\n<td style=\"width: 50%; vertical-align: middle; text-align: left;\">\n<h3>Powersonic \u2013 ultrazvu\u010dni terapijski ure\u0111aj za lije\u010denje 13 mi\u0161i\u0107no-ko\u0161tanih problema<\/h3>\n<p>&nbsp;<\/p>\n<p class=\"\" data-start=\"684\" data-end=\"952\"><strong data-start=\"684\" data-end=\"730\">Powersonic ure\u0111aj za ultrazvu\u010dnu terapiju<\/strong> napredno je, prijenosno rje\u0161enje za ubla\u017eavanje boli i upale u mi\u0161i\u0107no-ko\u0161tanom sustavu. Dizajniran je za u\u010dinkovito lije\u010denje <strong data-start=\"859\" data-end=\"880\">13 uobi\u010dajenih stanja<\/strong> , poput ozljeda mi\u0161i\u0107a, tendinitisa, burzitisa i bolova u zglobovima. <\/p>\n<p class=\"\" data-start=\"954\" data-end=\"1175\">S frekvencijom od <strong data-start=\"966\" data-end=\"975\">1 MHz<\/strong> i <strong data-start=\"979\" data-end=\"1012\">tri razine intenziteta,<\/strong> omogu\u0107uje preciznu i sigurnu terapiju. Ure\u0111aj radi u <strong data-start=\"1066\" data-end=\"1097\">\u017ei\u010danom i be\u017ei\u010dnom na\u010dinu rada<\/strong> , \u0161to omogu\u0107uje kori\u0161tenje kod ku\u0107e, u pokretu ili u terapijskom okru\u017eenju &#8211; bez ograni\u010denja. <\/p>\n<\/td>\n<\/tr>\n<\/tbody>\n<\/table>\n<\/div>\n<div>\n<table style=\"width: 100%; border-collapse: collapse; border-style: hidden;\">\n<tbody>\n<tr>\n<td style=\"width: 50%; vertical-align: middle;\">\n<h3 data-start=\"600\" data-end=\"804\">Prednosti Powersonic ure\u0111aja za ultrazvu\u010dnu terapiju:<\/h3>\n<ul>\n<li class=\"\" data-start=\"1230\" data-end=\"1288\">\n<p class=\"\" data-start=\"1232\" data-end=\"1288\">lije\u010denje <strong data-start=\"1244\" data-end=\"1288\">13 razli\u010ditih mi\u0161i\u0107no-ko\u0161tanih patologija,<\/strong><\/p>\n<\/li>\n<li class=\"\" data-start=\"1289\" data-end=\"1351\">\n<p class=\"\" data-start=\"1291\" data-end=\"1351\"><strong data-start=\"1291\" data-end=\"1312\">prenosiv i lagan<\/strong> \u2013 idealan za terapiju kod ku\u0107e ili u pokretu,<\/p>\n<\/li>\n<li class=\"\" data-start=\"1352\" data-end=\"1408\">\n<p class=\"\" data-start=\"1354\" data-end=\"1408\"><strong data-start=\"1354\" data-end=\"1385\">ultrazvu\u010dna frekvencija 1 MHz<\/strong> za dubinsko djelovanje,<\/p>\n<\/li>\n<li class=\"\" data-start=\"1409\" data-end=\"1444\">\n<p class=\"\" data-start=\"1411\" data-end=\"1444\"><strong data-start=\"1411\" data-end=\"1444\">be\u017ei\u010dni ili \u017ei\u010dani rad,<\/strong><\/p>\n<\/li>\n<li class=\"\" data-start=\"1445\" data-end=\"1487\">\n<p class=\"\" data-start=\"1447\" data-end=\"1487\"><strong data-start=\"1447\" data-end=\"1469\">ergonomski dizajn<\/strong> za udobnu upotrebu,<\/p>\n<\/li>\n<li class=\"\" data-start=\"1488\" data-end=\"1520\">\n<p class=\"\" data-start=\"1490\" data-end=\"1520\">podesivo vrijeme i ja\u010dina terapije,<\/p>\n<\/li>\n<li class=\"\" data-start=\"1521\" data-end=\"1577\">\n<p class=\"\" data-start=\"1523\" data-end=\"1577\"><strong data-start=\"1523\" data-end=\"1564\">analgetski i protuupalni u\u010dinak<\/strong> bez lijekova.<\/p>\n<\/li>\n<\/ul>\n<\/td>\n<td style=\"width: 50%; vertical-align: middle; text-align: left;\">&nbsp;<\/p>\n<p><a href=\"https:\/\/fiziosan.si\/wp-content\/uploads\/2025\/04\/I-Tech-Powersonic-5.webp\"><img decoding=\"async\" class=\"alignnone wp-image-5222 size-full\" src=\"https:\/\/fiziosan.si\/wp-content\/uploads\/2025\/04\/I-Tech-Powersonic-5.webp\" alt=\"\" width=\"800\" height=\"600\" title=\"\" srcset=\"https:\/\/fiziosan.si\/wp-content\/uploads\/2025\/04\/I-Tech-Powersonic-5.webp 800w, https:\/\/fiziosan.si\/wp-content\/uploads\/2025\/04\/I-Tech-Powersonic-5-300x225.webp 300w, https:\/\/fiziosan.si\/wp-content\/uploads\/2025\/04\/I-Tech-Powersonic-5-768x576.webp 768w, https:\/\/fiziosan.si\/wp-content\/uploads\/2025\/04\/I-Tech-Powersonic-5-600x450.webp 600w\" sizes=\"(max-width: 800px) 100vw, 800px\" \/><\/a><\/td>\n<\/tr>\n<\/tbody>\n<\/table>\n<h3 style=\"text-align: center;\">Za\u0161to odabrati Powersonic ure\u0111aj za ultrazvu\u010dnu terapiju?<\/h3>\n<p style=\"text-align: center;\">Powersonic kombinira <strong data-start=\"2806\" data-end=\"2819\">mobilnost<\/strong> , <strong data-start=\"2821\" data-end=\"2844\">jednostavnost kori\u0161tenja<\/strong> , <strong data-start=\"2846\" data-end=\"2867\">napredne zna\u010dajke<\/strong> i <strong data-start=\"2871\" data-end=\"2905\">klini\u010dki dokazanu u\u010dinkovitost<\/strong> u lije\u010denju raznih mi\u0161i\u0107no-ko\u0161tanih problema.<\/p>\n<\/div>\n","protected":false},"excerpt":{"rendered":"<strong data-start=\"107\" data-end=\"121\">Powersonic<\/strong> je ultrazvu\u010dni ure\u0111aj (1 MHz) koji omogu\u0107uje be\u017ei\u010dni rad, omogu\u0107uju\u0107i korisniku primanje terapije bilo gdje i bilo kada. Njegov ergonomski dizajn osigurava udobnu upotrebu, a ure\u0111aj je idealan za lije\u010denje mi\u0161i\u0107no-ko\u0161tanih problema s analgetskim i protuupalnim u\u010dinkom. ","protected":false},"featured_media":7364,"template":"","meta":{"_acf_changed":false},"pwb-brand":[1055],"product_cat":[358,399],"product_tag":[],"class_list":{"0":"post-8851","1":"product","2":"type-product","3":"status-publish","4":"has-post-thumbnail","6":"pwb-brand-i-tech","7":"product_cat-fizioterapija-hr","8":"product_cat-ultrazvucna-terapija","10":"first","11":"instock","12":"taxable","13":"shipping-taxable","14":"purchasable","15":"product-type-simple"},"acf":[],"brands":[{"id":1055,"name":"I-Tech","slug":"i-tech"}],"_links":{"self":[{"href":"https:\/\/fiziosan.si\/hr\/wp-json\/wp\/v2\/product\/8851"}],"collection":[{"href":"https:\/\/fiziosan.si\/hr\/wp-json\/wp\/v2\/product"}],"about":[{"href":"https:\/\/fiziosan.si\/hr\/wp-json\/wp\/v2\/types\/product"}],"version-history":[{"count":1,"href":"https:\/\/fiziosan.si\/hr\/wp-json\/wp\/v2\/product\/8851\/revisions"}],"predecessor-version":[{"id":8902,"href":"https:\/\/fiziosan.si\/hr\/wp-json\/wp\/v2\/product\/8851\/revisions\/8902"}],"wp:featuredmedia":[{"embeddable":true,"href":"https:\/\/fiziosan.si\/hr\/wp-json\/wp\/v2\/media\/7364"}],"wp:attachment":[{"href":"https:\/\/fiziosan.si\/hr\/wp-json\/wp\/v2\/media?parent=8851"}],"wp:term":[{"taxonomy":"pwb-brand","embeddable":true,"href":"https:\/\/fiziosan.si\/hr\/wp-json\/wp\/v2\/pwb-brand?post=8851"},{"taxonomy":"product_cat","embeddable":true,"href":"https:\/\/fiziosan.si\/hr\/wp-json\/wp\/v2\/product_cat?post=8851"},{"taxonomy":"product_tag","embeddable":true,"href":"https:\/\/fiziosan.si\/hr\/wp-json\/wp\/v2\/product_tag?post=8851"}],"curies":[{"name":"wp","href":"https:\/\/api.w.org\/{rel}","templated":true}]}}