{"id":8846,"date":"2023-12-11T11:18:35","date_gmt":"2023-12-11T11:18:35","guid":{"rendered":"https:\/\/fiziosan.si\/izdelek\/moxa-za-nepusace\/"},"modified":"2025-07-29T13:33:28","modified_gmt":"2025-07-29T13:33:28","slug":"moxa-za-nepusace","status":"publish","type":"product","link":"https:\/\/fiziosan.si\/hr\/proizvod\/moxa-za-nepusace\/","title":{"rendered":"Moxa za nepu\u0161a\u010de"},"content":{"rendered":"<p>Bezdimna moksa za zagrijavanje akupresurnih to\u010daka. Kutija sadr\u017ei 5 komada. <\/p>\n<p>Detalji:<br \/>\n Svaki \u0161tapi\u0107 je izra\u0111en od visoko komprimiranog moksa ugljena, \u0161to omogu\u0107uje sporo gorenje i ravnomjerno oda\u0161iljanje topline.<\/p>\n","protected":false},"excerpt":{"rendered":"Bezdimna moksa za zagrijavanje akupresurnih to\u010daka. Kutija sadr\u017ei 5 komada. ","protected":false},"featured_media":6040,"template":"","meta":{"_acf_changed":false},"pwb-brand":[],"product_cat":[482,358,380],"product_tag":[513,548],"class_list":{"0":"post-8846","1":"product","2":"type-product","3":"status-publish","4":"has-post-thumbnail","6":"product_cat-akupunktura-hr","7":"product_cat-fizioterapija-hr","8":"product_cat-masaza-hr","9":"product_tag-akupresura-hr","10":"product_tag-moksa-hr","11":"pa_kolicina-5-kom-hr","12":"pa_velikost-13-mm-promjer-110-mm-duljina","14":"first","15":"instock","16":"purchasable","17":"product-type-simple"},"acf":[],"brands":[],"_links":{"self":[{"href":"https:\/\/fiziosan.si\/hr\/wp-json\/wp\/v2\/product\/8846"}],"collection":[{"href":"https:\/\/fiziosan.si\/hr\/wp-json\/wp\/v2\/product"}],"about":[{"href":"https:\/\/fiziosan.si\/hr\/wp-json\/wp\/v2\/types\/product"}],"version-history":[{"count":1,"href":"https:\/\/fiziosan.si\/hr\/wp-json\/wp\/v2\/product\/8846\/revisions"}],"predecessor-version":[{"id":8915,"href":"https:\/\/fiziosan.si\/hr\/wp-json\/wp\/v2\/product\/8846\/revisions\/8915"}],"wp:featuredmedia":[{"embeddable":true,"href":"https:\/\/fiziosan.si\/hr\/wp-json\/wp\/v2\/media\/6040"}],"wp:attachment":[{"href":"https:\/\/fiziosan.si\/hr\/wp-json\/wp\/v2\/media?parent=8846"}],"wp:term":[{"taxonomy":"pwb-brand","embeddable":true,"href":"https:\/\/fiziosan.si\/hr\/wp-json\/wp\/v2\/pwb-brand?post=8846"},{"taxonomy":"product_cat","embeddable":true,"href":"https:\/\/fiziosan.si\/hr\/wp-json\/wp\/v2\/product_cat?post=8846"},{"taxonomy":"product_tag","embeddable":true,"href":"https:\/\/fiziosan.si\/hr\/wp-json\/wp\/v2\/product_tag?post=8846"}],"curies":[{"name":"wp","href":"https:\/\/api.w.org\/{rel}","templated":true}]}}