{"id":8845,"date":"2023-12-11T11:18:35","date_gmt":"2023-12-11T11:18:35","guid":{"rendered":"https:\/\/fiziosan.si\/izdelek\/akupunkturne-igle-za-aurikuloterapiju\/"},"modified":"2025-07-29T13:33:28","modified_gmt":"2025-07-29T13:33:28","slug":"akupunkturne-igle-za-aurikuloterapiju","status":"publish","type":"product","link":"https:\/\/fiziosan.si\/hr\/proizvod\/akupunkturne-igle-za-aurikuloterapiju\/","title":{"rendered":"Akupunkturne igle za aurikuloterapiju"},"content":{"rendered":"<p>Dongbang akupunkturne igle izra\u0111ene su od najkvalitetnijeg japanskog medicinskog nehr\u0111aju\u0107eg \u010delika. U kutiji ih je 100. <\/p>\n<p>Detalji:<\/p>\n<ul>\n<li>Sve igle imaju silikonski premaz, \u0161to pacijentima pru\u017ea maksimalnu udobnost.<br \/>\n","protected":false},"excerpt":{"rendered":"Dongbang akupunkturne igle za aurikuloterapiju. Izra\u0111ene su od najkvalitetnijeg japanskog nehr\u0111aju\u0107eg \u010delika za medicinske svrhe. U kutiji se nalazi 100 komada.  ","protected":false},"featured_media":6110,"template":"","meta":{"_acf_changed":false},"pwb-brand":[],"product_cat":[482,358],"product_tag":[485,556,490,487],"class_list":{"0":"post-8845","1":"product","2":"type-product","3":"status-publish","4":"has-post-thumbnail","6":"product_cat-akupunktura-hr","7":"product_cat-fizioterapija-hr","8":"product_tag-akupunktura-hr","9":"product_tag-aurikuloterapija-hr","10":"product_tag-dongbang-hr","11":"product_tag-igle-za-akupunkturu","12":"pa_kolicina-100-igala","13":"pa_mere-020-mm-x-2-mm-x-15-mm","15":"first","16":"instock","17":"taxable","18":"shipping-taxable","19":"purchasable","20":"product-type-simple"},"acf":[],"brands":[],"_links":{"self":[{"href":"https:\/\/fiziosan.si\/hr\/wp-json\/wp\/v2\/product\/8845"}],"collection":[{"href":"https:\/\/fiziosan.si\/hr\/wp-json\/wp\/v2\/product"}],"about":[{"href":"https:\/\/fiziosan.si\/hr\/wp-json\/wp\/v2\/types\/product"}],"version-history":[{"count":1,"href":"https:\/\/fiziosan.si\/hr\/wp-json\/wp\/v2\/product\/8845\/revisions"}],"predecessor-version":[{"id":8916,"href":"https:\/\/fiziosan.si\/hr\/wp-json\/wp\/v2\/product\/8845\/revisions\/8916"}],"wp:featuredmedia":[{"embeddable":true,"href":"https:\/\/fiziosan.si\/hr\/wp-json\/wp\/v2\/media\/6110"}],"wp:attachment":[{"href":"https:\/\/fiziosan.si\/hr\/wp-json\/wp\/v2\/media?parent=8845"}],"wp:term":[{"taxonomy":"pwb-brand","embeddable":true,"href":"https:\/\/fiziosan.si\/hr\/wp-json\/wp\/v2\/pwb-brand?post=8845"},{"taxonomy":"product_cat","embeddable":true,"href":"https:\/\/fiziosan.si\/hr\/wp-json\/wp\/v2\/product_cat?post=8845"},{"taxonomy":"product_tag","embeddable":true,"href":"https:\/\/fiziosan.si\/hr\/wp-json\/wp\/v2\/product_tag?post=8845"}],"curies":[{"name":"wp","href":"https:\/\/api.w.org\/{rel}","templated":true}]}}