{"id":8835,"date":"2023-12-11T11:18:35","date_gmt":"2023-12-11T11:18:35","guid":{"rendered":"https:\/\/fiziosan.si\/izdelek\/gua-sha-stapic\/"},"modified":"2025-07-29T13:34:29","modified_gmt":"2025-07-29T13:34:29","slug":"gua-sha-stapic","status":"publish","type":"product","link":"https:\/\/fiziosan.si\/hr\/proizvod\/gua-sha-stapic\/","title":{"rendered":"Gua sha &#8211; \u0161tapi\u0107"},"content":{"rendered":"<p>\u017dad gua sha u obliku \u0161tapi\u0107a, 11 cm.<\/p>\n","protected":false},"excerpt":{"rendered":"Gua sha \u0161tapi\u0107 izra\u0111en od \u017eada.","protected":false},"featured_media":5994,"template":"","meta":{"_acf_changed":false},"pwb-brand":[],"product_cat":[380,541],"product_tag":[544,542,428],"class_list":{"0":"post-8835","1":"product","2":"type-product","3":"status-publish","4":"has-post-thumbnail","6":"product_cat-masaza-hr","7":"product_cat-pribor-za-masazu","8":"product_tag-akupresura-hr-2","9":"product_tag-gua-sha-hr","10":"product_tag-masaza-hr","11":"pa_velikost-11-cm-hr","13":"first","14":"instock","15":"taxable","16":"shipping-taxable","17":"purchasable","18":"product-type-simple"},"acf":[],"brands":[],"_links":{"self":[{"href":"https:\/\/fiziosan.si\/hr\/wp-json\/wp\/v2\/product\/8835"}],"collection":[{"href":"https:\/\/fiziosan.si\/hr\/wp-json\/wp\/v2\/product"}],"about":[{"href":"https:\/\/fiziosan.si\/hr\/wp-json\/wp\/v2\/types\/product"}],"version-history":[{"count":1,"href":"https:\/\/fiziosan.si\/hr\/wp-json\/wp\/v2\/product\/8835\/revisions"}],"predecessor-version":[{"id":8926,"href":"https:\/\/fiziosan.si\/hr\/wp-json\/wp\/v2\/product\/8835\/revisions\/8926"}],"wp:featuredmedia":[{"embeddable":true,"href":"https:\/\/fiziosan.si\/hr\/wp-json\/wp\/v2\/media\/5994"}],"wp:attachment":[{"href":"https:\/\/fiziosan.si\/hr\/wp-json\/wp\/v2\/media?parent=8835"}],"wp:term":[{"taxonomy":"pwb-brand","embeddable":true,"href":"https:\/\/fiziosan.si\/hr\/wp-json\/wp\/v2\/pwb-brand?post=8835"},{"taxonomy":"product_cat","embeddable":true,"href":"https:\/\/fiziosan.si\/hr\/wp-json\/wp\/v2\/product_cat?post=8835"},{"taxonomy":"product_tag","embeddable":true,"href":"https:\/\/fiziosan.si\/hr\/wp-json\/wp\/v2\/product_tag?post=8835"}],"curies":[{"name":"wp","href":"https:\/\/api.w.org\/{rel}","templated":true}]}}