{"id":8775,"date":"2024-05-18T14:33:46","date_gmt":"2024-05-18T14:33:46","guid":{"rendered":"https:\/\/fiziosan.si\/izdelek\/alfa\/"},"modified":"2025-07-29T13:32:51","modified_gmt":"2025-07-29T13:32:51","slug":"alfa","status":"publish","type":"product","link":"https:\/\/fiziosan.si\/hr\/proizvod\/alfa\/","title":{"rendered":"Alfa"},"content":{"rendered":"<p>&nbsp;<\/p>\n<div>\n<table class=\"table brez-roba\" style=\"border-style: hidden; width: 100%;\">\n<tbody>\n<tr class=\"table brez-roba\">\n<td style=\"vertical-align: middle; width: 50%;\">\n<p style=\"text-align: left;\"><strong>ALFA<\/strong> poma\u017ee pobolj\u0161ati performanse pacijenata nakon ozljeda glave, mo\u017edanih udara, kao i kod pacijenata s multiplom sklerozom, Parkinsonovom bole\u0161\u0107u i mi\u0161i\u0107nim disfunkcijama. Tako\u0111er ubrzava oporavak od prijeloma i uganu\u0107a gle\u017enja i koljena te i\u0161\u010da\u0161enja kuka. <strong>ALFA<\/strong> tako\u0111er omogu\u0107uje lije\u010denje pacijenata nakon amputacija donjih udova. <\/p>\n<p>&nbsp;<\/p>\n<p>&nbsp;<\/p>\n<p style=\"text-align: center;\">\n<\/td>\n<td style=\"width: 50%;\"><a href=\"https:\/\/fiziosan.si\/wp-content\/uploads\/2024\/05\/DSC06480-1024x683.jpg\"><img fetchpriority=\"high\" decoding=\"async\" class=\"alignnone wp-image-3145 size-large\" src=\"https:\/\/fiziosan.si\/wp-content\/uploads\/2024\/05\/DSC06480-1024x683.jpg\" alt=\"ALFA TERAPIJA\" width=\"1024\" height=\"683\" title=\"\" srcset=\"https:\/\/fiziosan.si\/wp-content\/uploads\/2024\/05\/DSC06480-1024x683.jpg 1024w, https:\/\/fiziosan.si\/wp-content\/uploads\/2024\/05\/DSC06480-300x200.jpg 300w, https:\/\/fiziosan.si\/wp-content\/uploads\/2024\/05\/DSC06480-768x512.jpg 768w, https:\/\/fiziosan.si\/wp-content\/uploads\/2024\/05\/DSC06480-1536x1024.jpg 1536w, https:\/\/fiziosan.si\/wp-content\/uploads\/2024\/05\/DSC06480-600x400.jpg 600w, https:\/\/fiziosan.si\/wp-content\/uploads\/2024\/05\/DSC06480-1620x1080.jpg 1620w, https:\/\/fiziosan.si\/wp-content\/uploads\/2024\/05\/DSC06480.jpg 1920w\" sizes=\"(max-width: 1024px) 100vw, 1024px\" \/><\/a><\/td>\n<\/tr>\n<\/tbody>\n<\/table>\n<\/div>\n<p>&nbsp;<\/p>\n<p>&nbsp;<\/p>\n<div>\n<table style=\"width: 100%; border-collapse: collapse; border-style: hidden;\">\n<tbody>\n<tr>\n<td style=\"width: 50%; vertical-align: middle;\">\n<div style=\"text-align: left;\" data-mrgt=\"60\" data-size=\"medium\"><a href=\"https:\/\/fiziosan.si\/wp-content\/uploads\/2024\/05\/I29A6685-1024x683.jpg\"><img decoding=\"async\" class=\"alignnone wp-image-3148 size-large\" src=\"https:\/\/fiziosan.si\/wp-content\/uploads\/2024\/05\/I29A6685-1024x683.jpg\" alt=\"ALFA TERAPIJA\" width=\"1024\" height=\"683\" title=\"\" srcset=\"https:\/\/fiziosan.si\/wp-content\/uploads\/2024\/05\/I29A6685-1024x683.jpg 1024w, https:\/\/fiziosan.si\/wp-content\/uploads\/2024\/05\/I29A6685-300x200.jpg 300w, https:\/\/fiziosan.si\/wp-content\/uploads\/2024\/05\/I29A6685-768x512.jpg 768w, https:\/\/fiziosan.si\/wp-content\/uploads\/2024\/05\/I29A6685-1536x1024.jpg 1536w, https:\/\/fiziosan.si\/wp-content\/uploads\/2024\/05\/I29A6685-600x400.jpg 600w, https:\/\/fiziosan.si\/wp-content\/uploads\/2024\/05\/I29A6685-1620x1080.jpg 1620w, https:\/\/fiziosan.si\/wp-content\/uploads\/2024\/05\/I29A6685.jpg 1920w\" sizes=\"(max-width: 1024px) 100vw, 1024px\" \/><\/a><\/div>\n<\/td>\n<td style=\"vertical-align: middle; width: 50%;\">\n<p style=\"text-align: left;\">Trening na platformi namijenjen je stimuliranju mi\u0161i\u0107no-ko\u0161tanog i \u017eiv\u010danog sustava, koji su, izme\u0111u ostalog, odgovorni za kontrolu ravnote\u017ee.<\/p>\n<p style=\"text-align: left;\">\n<p style=\"text-align: left;\">Ove zna\u010dajke \u010dine <strong>ALFA platformu<\/strong> posebno korisnom u posttraumatskoj, postoperativnoj, ortopedskoj i neurolo\u0161koj rehabilitaciji. Tako\u0111er je prikladna za sportsku, reumatolo\u0161ku i gerijatrijsku rehabilitaciju. <\/p>\n<p>&nbsp;<\/p>\n<p>&nbsp;<\/p>\n<p style=\"text-align: center;\">\n<\/td>\n<\/tr>\n<\/tbody>\n<\/table>\n<\/div>\n<p>&nbsp;<\/p>\n<h3 style=\"text-align: left;\"><strong>Glavne PREDNOSTI stabilometrijske platforme ALFA:<\/strong><\/h3>\n<p>&nbsp;<\/p>\n<div>\n<table style=\"width: 100%; border-collapse: collapse; border-style: hidden;\">\n<tbody>\n<tr>\n<td style=\"width: 50%; vertical-align: middle;\">\n<div style=\"text-align: left;\" data-mrgt=\"60\" data-size=\"medium\"><a href=\"https:\/\/fiziosan.si\/wp-content\/uploads\/2024\/05\/IMG_1454-e1523527346464.jpg\"><img decoding=\"async\" class=\"alignnone wp-image-3151 size-full\" src=\"https:\/\/fiziosan.si\/wp-content\/uploads\/2024\/05\/IMG_1454-e1523527346464.jpg\" alt=\"ALFA PREDNOSTI\" width=\"640\" height=\"427\" title=\"\" srcset=\"https:\/\/fiziosan.si\/wp-content\/uploads\/2024\/05\/IMG_1454-e1523527346464.jpg 640w, https:\/\/fiziosan.si\/wp-content\/uploads\/2024\/05\/IMG_1454-e1523527346464-300x200.jpg 300w, https:\/\/fiziosan.si\/wp-content\/uploads\/2024\/05\/IMG_1454-e1523527346464-600x400.jpg 600w\" sizes=\"(max-width: 640px) 100vw, 640px\" \/><\/a><\/div>\n<\/td>\n<td style=\"width: 50%; text-align: center; vertical-align: top;\">\n<ul>\n<li style=\"list-style-type: none;\">\n<ul>\n<li style=\"text-align: left;\">Pobolj\u0161an <strong>osje\u0107aj ravnote\u017ee<\/strong><\/li>\n<\/ul>\n<\/li>\n<\/ul>\n<p>&nbsp;<\/p>\n<ul>\n<li style=\"list-style-type: none;\">\n<ul>\n<li style=\"text-align: left;\">U\u010denje <strong>pravilnog dr\u017eanja<\/strong><\/li>\n<\/ul>\n<\/li>\n<\/ul>\n<p>&nbsp;<\/p>\n<ul>\n<li style=\"list-style-type: none;\">\n<ul>\n<li style=\"text-align: left;\">Pobolj\u0161ana <strong>stabilizacija zglobova<\/strong> proprioceptivnom reedukacijom<\/li>\n<\/ul>\n<\/li>\n<\/ul>\n<p>&nbsp;<\/p>\n<ul>\n<li style=\"list-style-type: none;\">\n<ul>\n<li style=\"text-align: left;\">Pobolj\u0161ana <strong>koordinacija mi\u0161i\u0107a<\/strong><\/li>\n<\/ul>\n<\/li>\n<\/ul>\n<p>&nbsp;<\/td>\n<\/tr>\n<\/tbody>\n<\/table>\n<\/div>\n<p>&nbsp;<\/p>\n<h3 style=\"text-align: center;\"><strong>Mogu\u0107nosti kori\u0161tenja koje nudi platforma<\/strong><\/h3>\n<p>&nbsp;<\/p>\n<div>\n<table style=\"width: 100%; border-collapse: collapse; border-style: hidden; height: 320px;\" border=\"0\">\n<tbody>\n<tr style=\"height: 320px;\">\n<td style=\"width: 20%; height: 320px;\"><a href=\"https:\/\/fiziosan.si\/wp-content\/uploads\/2024\/05\/IMG_1436-150x150.jpg\"><img loading=\"lazy\" decoding=\"async\" class=\"alignnone wp-image-3149 size-thumbnail\" src=\"https:\/\/fiziosan.si\/wp-content\/uploads\/2024\/05\/IMG_1436-150x150.jpg\" alt=\"KORISTITI\" width=\"150\" height=\"150\" title=\"\" srcset=\"https:\/\/fiziosan.si\/wp-content\/uploads\/2024\/05\/IMG_1436-150x150.jpg 150w, https:\/\/fiziosan.si\/wp-content\/uploads\/2024\/05\/IMG_1436-300x300.jpg 300w, https:\/\/fiziosan.si\/wp-content\/uploads\/2024\/05\/IMG_1436-100x100.jpg 100w, https:\/\/fiziosan.si\/wp-content\/uploads\/2024\/05\/IMG_1436-50x50.jpg 50w\" sizes=\"(max-width: 150px) 100vw, 150px\" \/><\/a><\/p>\n<p>&nbsp;<\/p>\n<p><strong>Procjena stati\u010dkih i dinami\u010dkih parametara<\/strong> uklju\u010denih u odr\u017eavanje ravnote\u017ee na stabilnoj povr\u0161ini.<\/td>\n<td style=\"width: 20%; height: 320px;\"><a href=\"https:\/\/fiziosan.si\/wp-content\/uploads\/2024\/05\/IMG_1450-150x150.jpg\"><img loading=\"lazy\" decoding=\"async\" class=\"alignnone wp-image-3150 size-thumbnail\" src=\"https:\/\/fiziosan.si\/wp-content\/uploads\/2024\/05\/IMG_1450-150x150.jpg\" alt=\"KORISTITI\" width=\"150\" height=\"150\" title=\"\" srcset=\"https:\/\/fiziosan.si\/wp-content\/uploads\/2024\/05\/IMG_1450-150x150.jpg 150w, https:\/\/fiziosan.si\/wp-content\/uploads\/2024\/05\/IMG_1450-300x300.jpg 300w, https:\/\/fiziosan.si\/wp-content\/uploads\/2024\/05\/IMG_1450-100x100.jpg 100w, https:\/\/fiziosan.si\/wp-content\/uploads\/2024\/05\/IMG_1450-50x50.jpg 50w\" sizes=\"(max-width: 150px) 100vw, 150px\" \/><\/a><\/p>\n<p>&nbsp;<\/p>\n<p><strong>COP analiza<\/strong> tijekom testiranja i obuke.<\/td>\n<td style=\"width: 20%; height: 320px;\"><a href=\"https:\/\/fiziosan.si\/wp-content\/uploads\/2024\/05\/I29A6596-150x150.jpg\"><img loading=\"lazy\" decoding=\"async\" class=\"alignnone wp-image-3157 size-thumbnail\" src=\"https:\/\/fiziosan.si\/wp-content\/uploads\/2024\/05\/I29A6596-150x150.jpg\" alt=\"KORISTITI\" width=\"150\" height=\"150\" title=\"\" srcset=\"https:\/\/fiziosan.si\/wp-content\/uploads\/2024\/05\/I29A6596-150x150.jpg 150w, https:\/\/fiziosan.si\/wp-content\/uploads\/2024\/05\/I29A6596-300x300.jpg 300w, https:\/\/fiziosan.si\/wp-content\/uploads\/2024\/05\/I29A6596-100x100.jpg 100w, https:\/\/fiziosan.si\/wp-content\/uploads\/2024\/05\/I29A6596-50x50.jpg 50w\" sizes=\"(max-width: 150px) 100vw, 150px\" \/><\/a><\/p>\n<p>&nbsp;<\/p>\n<p><strong>Prijedlozi<\/strong> <strong>za programe testiranja<\/strong> i treninga te mogu\u0107nost kreiranja vlastitih vje\u017ebi <strong>s integriranom biofeedbackom u stvarnom vremenu<\/strong> .<\/td>\n<td style=\"width: 20%; height: 320px;\"><a href=\"https:\/\/fiziosan.si\/wp-content\/uploads\/2024\/05\/IMG_1665-150x150.jpg\"><img loading=\"lazy\" decoding=\"async\" class=\"alignnone wp-image-3152 size-thumbnail\" src=\"https:\/\/fiziosan.si\/wp-content\/uploads\/2024\/05\/IMG_1665-150x150.jpg\" alt=\"KORISTITI\" width=\"150\" height=\"150\" title=\"\" srcset=\"https:\/\/fiziosan.si\/wp-content\/uploads\/2024\/05\/IMG_1665-150x150.jpg 150w, https:\/\/fiziosan.si\/wp-content\/uploads\/2024\/05\/IMG_1665-300x300.jpg 300w, https:\/\/fiziosan.si\/wp-content\/uploads\/2024\/05\/IMG_1665-100x100.jpg 100w, https:\/\/fiziosan.si\/wp-content\/uploads\/2024\/05\/IMG_1665-50x50.jpg 50w\" sizes=\"(max-width: 150px) 100vw, 150px\" \/><\/a><\/p>\n<p>&nbsp;<\/p>\n<p><strong>Objektivizacija<\/strong> procesa rehabilitacije.<\/td>\n<td style=\"width: 20%; height: 320px;\"><a href=\"https:\/\/fiziosan.si\/wp-content\/uploads\/2024\/05\/DSC06516-150x150.jpg\"><img loading=\"lazy\" decoding=\"async\" class=\"alignnone wp-image-3146 size-thumbnail\" src=\"https:\/\/fiziosan.si\/wp-content\/uploads\/2024\/05\/DSC06516-150x150.jpg\" alt=\"KORISTITI\" width=\"150\" height=\"150\" title=\"\" srcset=\"https:\/\/fiziosan.si\/wp-content\/uploads\/2024\/05\/DSC06516-150x150.jpg 150w, https:\/\/fiziosan.si\/wp-content\/uploads\/2024\/05\/DSC06516-300x300.jpg 300w, https:\/\/fiziosan.si\/wp-content\/uploads\/2024\/05\/DSC06516-100x100.jpg 100w, https:\/\/fiziosan.si\/wp-content\/uploads\/2024\/05\/DSC06516-50x50.jpg 50w\" sizes=\"(max-width: 150px) 100vw, 150px\" \/><\/a><\/p>\n<p>&nbsp;<\/p>\n<p><strong>Prilago\u0111avanje razine te\u017eine<\/strong> vje\u017ebe trenutnim potrebama pacijenta.<\/td>\n<\/tr>\n<\/tbody>\n<\/table>\n<\/div>\n<p>&nbsp;<\/p>\n<p>&nbsp;<\/p>\n<div>\n<table style=\"width: 100%; border-collapse: collapse; border-style: hidden;\">\n<tbody>\n<tr>\n<td style=\"width: 50%; vertical-align: middle;\">\n<div style=\"text-align: center;\" data-mrgt=\"60\" data-size=\"medium\"><a href=\"https:\/\/fiziosan.si\/wp-content\/uploads\/2024\/05\/I29A6601-1024x683.jpg\"><img loading=\"lazy\" decoding=\"async\" class=\"alignnone wp-image-3158 size-large\" src=\"https:\/\/fiziosan.si\/wp-content\/uploads\/2024\/05\/I29A6601-1024x683.jpg\" alt=\"\" width=\"1024\" height=\"683\" title=\"\" srcset=\"https:\/\/fiziosan.si\/wp-content\/uploads\/2024\/05\/I29A6601-1024x683.jpg 1024w, https:\/\/fiziosan.si\/wp-content\/uploads\/2024\/05\/I29A6601-300x200.jpg 300w, https:\/\/fiziosan.si\/wp-content\/uploads\/2024\/05\/I29A6601-768x512.jpg 768w, https:\/\/fiziosan.si\/wp-content\/uploads\/2024\/05\/I29A6601-1536x1024.jpg 1536w, https:\/\/fiziosan.si\/wp-content\/uploads\/2024\/05\/I29A6601-600x400.jpg 600w, https:\/\/fiziosan.si\/wp-content\/uploads\/2024\/05\/I29A6601-1620x1080.jpg 1620w, https:\/\/fiziosan.si\/wp-content\/uploads\/2024\/05\/I29A6601.jpg 1920w\" sizes=\"(max-width: 1024px) 100vw, 1024px\" \/><\/a><\/div>\n<\/td>\n<td style=\"width: 50%; text-align: center; vertical-align: middle;\">\n<p style=\"text-align: left;\"><strong><span lang=\"SL\">PRIBOR (nije uklju\u010den u cijenu!)<\/span><\/strong><\/p>\n<p>&nbsp;<\/p>\n<p style=\"text-align: left;\"><span lang=\"SL\">Set dodatne opreme za <strong>ALFA<\/strong> kao samostalnu stanicu:<\/span><\/p>\n<ul>\n<li style=\"text-align: left;\"><span lang=\"SL\">Stalak za pacijente s televizorom od 43 in\u010da<\/span><\/li>\n<li style=\"text-align: left;\"><span lang=\"SL\">Terapeutski stalak: 22-in\u010dni terapeutski zaslon osjetljiv na dodir, ra\u010dunalo, tipkovnica<\/span><\/li>\n<\/ul>\n<p style=\"text-align: left;\"><span lang=\"SL\">Set dodatne opreme za <strong>ALFA<\/strong> s terapijskom radnom stanicom:<\/span><\/p>\n<ul>\n<li style=\"text-align: left;\">Stalak za pacijente s 43-in\u010dnim TV-om, ra\u010dunalom i tipkovnicom<\/li>\n<\/ul>\n<p style=\"text-align: left;\">Terapeutska radna stanica:<\/p>\n<ul>\n<li style=\"text-align: left;\">Stalak s 22-in\u010dnim monitorom, ra\u010dunalom, tipkovnicom i WiFi ruterom<\/li>\n<\/ul>\n<\/td>\n<\/tr>\n<\/tbody>\n<\/table>\n<\/div>\n<p>&nbsp;<\/p>\n<div>\n<h3 class=\"col-xs-12 col-sm-6\" style=\"text-align: center;\">ACX.Rehab &#8211; KONCEPT FUNKCIONALNE REHABILITACIJE U OKRU\u017dENJU VIRTUALNE STVARNOSTI<\/h3>\n<\/div>\n<p>&nbsp;<\/p>\n<div>\n<table class=\"table brez-roba\" style=\"border-style: hidden; width: 100%; background-color: lightgrey;\">\n<tbody>\n<tr class=\"table brez-roba\">\n<td style=\"vertical-align: top; width: 100%;\"><strong>ACX.Rehab<\/strong> je koncept funkcionalnog lije\u010denja <strong>virtualnom stvarno\u0161\u0107u<\/strong> . Kombinira provjerene klasi\u010dne metode terapije s mogu\u0107nostima <strong>inovativne tehnologije.<\/strong> <\/p>\n<ul>\n<li>Evaluacija i terapijske mogu\u0107nosti stabilometrijskih, dinamometrijskih i platformi za ravnote\u017eu.<\/li>\n<li>Mogu\u0107nosti rehabilitacije s medicinskim ure\u0111ajima koji rade pod kontrolom sigurnog elasti\u010dnog otpora.<\/li>\n<li>Kognitivni trening za podr\u0161ku pacijentima s mentalnim poreme\u0107ajima.<\/li>\n<li>Softver omogu\u0107uje kori\u0161tenje virtualne stvarnosti i pove\u0107ava motivaciju pacijenata.<\/li>\n<li>EBM \u2013 prikupljanje podataka za terapeuta kako bi procijenio ishode pacijenta i planirao individualni tretman.<\/li>\n<\/ul>\n<\/td>\n<\/tr>\n<tr class=\"table brez-roba\">\n<td style=\"vertical-align: top; width: 100%; background-color: darkgrey;\"><strong>PLO\u010cE ZA PRITISKU<\/strong><\/p>\n<p>Trening ravnote\u017ee i posture na stabilnim i nestabilnim povr\u0161inama: stabilometrijske, dinamometrijske i platforme za ravnote\u017eu.<\/p>\n<p>&nbsp;<\/p>\n<p><strong>TERAPIJA GORNJIH UDOVA<\/strong><\/p>\n<p>Ure\u0111aj je namijenjen za terapiju gornjih udova: ru\u010dnog zgloba, lakta, ramenog zgloba, pokreta, koordinacije i propriocepcije.<\/p>\n<p>&nbsp;<\/p>\n<p><strong>TERAPIJA DONJIH UDOVA  <\/strong><\/p>\n<p>Ure\u0111aj je namijenjen terapiji donjih ekstremiteta u otvorenom ili zatvorenom kinemati\u010dkom lancu: trening snage, izdr\u017eljivosti i stabilnosti.<\/p>\n<p>&nbsp;<\/p>\n<p><strong>KOGNITIVNI TRENING<\/strong><\/p>\n<p>Kognitivna terapija usmjerena na pam\u0107enje, rje\u0161avanje problema, podijeljenu pa\u017enju i to\u010dnost pokreta.<\/td>\n<\/tr>\n<\/tbody>\n<\/table>\n<\/div>\n","protected":false},"excerpt":{"rendered":"<strong>ALFA<\/strong> je moderna <strong>stabilometrijska platforma<\/strong> koja omogu\u0107uje procjenu ravnote\u017ee i trening kod <strong>neurolo\u0161kih<\/strong> i <strong>ortopedskih<\/strong> pacijenata.<strong> <\/strong><strong>ALFA,<\/strong> kao dio koncepta <strong>ACX.Rehab<\/strong> , koristi softver koji omogu\u0107uje pacijentu da bude svjestan izazova i napretka u rehabilitaciji, \u0161to pove\u0107ava motivaciju pacijenta.\n\n<strong>ACX.Rehab<\/strong> je koncept funkcionalnog lije\u010denja virtualnom stvarno\u0161\u0107u. Kombinira provjerene klasi\u010dne metode terapije s mogu\u0107nostima inovativne tehnologije. ","protected":false},"featured_media":7286,"template":"","meta":{"_acf_changed":false},"pwb-brand":[1051],"product_cat":[540,418,404],"product_tag":[],"class_list":{"0":"post-8775","1":"product","2":"type-product","3":"status-publish","4":"has-post-thumbnail","6":"pwb-brand-technomex","7":"product_cat-alfa-stabilometrijska-platforma","8":"product_cat-general","9":"product_cat-rehabilitacija-hr","10":"pa_napajanje-putem-usb-a-5-v","12":"first","13":"outofstock","14":"taxable","15":"shipping-taxable","16":"product-type-simple"},"acf":[],"brands":[{"id":1051,"name":"Technomex","slug":"technomex"}],"_links":{"self":[{"href":"https:\/\/fiziosan.si\/hr\/wp-json\/wp\/v2\/product\/8775"}],"collection":[{"href":"https:\/\/fiziosan.si\/hr\/wp-json\/wp\/v2\/product"}],"about":[{"href":"https:\/\/fiziosan.si\/hr\/wp-json\/wp\/v2\/types\/product"}],"version-history":[{"count":1,"href":"https:\/\/fiziosan.si\/hr\/wp-json\/wp\/v2\/product\/8775\/revisions"}],"predecessor-version":[{"id":8887,"href":"https:\/\/fiziosan.si\/hr\/wp-json\/wp\/v2\/product\/8775\/revisions\/8887"}],"wp:featuredmedia":[{"embeddable":true,"href":"https:\/\/fiziosan.si\/hr\/wp-json\/wp\/v2\/media\/7286"}],"wp:attachment":[{"href":"https:\/\/fiziosan.si\/hr\/wp-json\/wp\/v2\/media?parent=8775"}],"wp:term":[{"taxonomy":"pwb-brand","embeddable":true,"href":"https:\/\/fiziosan.si\/hr\/wp-json\/wp\/v2\/pwb-brand?post=8775"},{"taxonomy":"product_cat","embeddable":true,"href":"https:\/\/fiziosan.si\/hr\/wp-json\/wp\/v2\/product_cat?post=8775"},{"taxonomy":"product_tag","embeddable":true,"href":"https:\/\/fiziosan.si\/hr\/wp-json\/wp\/v2\/product_tag?post=8775"}],"curies":[{"name":"wp","href":"https:\/\/api.w.org\/{rel}","templated":true}]}}