{"id":8770,"date":"2023-12-20T07:22:57","date_gmt":"2023-12-20T07:22:57","guid":{"rendered":"https:\/\/fiziosan.si\/izdelek\/orca-igle-za-akupunkturu-100-igala\/"},"modified":"2025-07-29T13:33:52","modified_gmt":"2025-07-29T13:33:52","slug":"orca-igle-za-akupunkturu-100-igala","status":"publish","type":"product","link":"https:\/\/fiziosan.si\/hr\/proizvod\/orca-igle-za-akupunkturu-100-igala\/","title":{"rendered":"Orca igle za akupunkturu (100 igala)"},"content":{"rendered":"<p>Orca srebrne akupunkturne igle su tradicionalne kineske igle izra\u0111ene od najkvalitetnijeg japanskog nehr\u0111aju\u0107eg \u010delika za medicinske svrhe. Dolaze u razli\u010ditim veli\u010dinama. U kutiji se nalazi 100 komada.  <\/p>\n<p>Sve igle imaju silikonski premaz koji pacijentima omogu\u0107uje<\/p>\n","protected":false},"excerpt":{"rendered":"Orca srebrne akupunkturne igle su tradicionalne kineske igle izra\u0111ene od najkvalitetnijeg japanskog nehr\u0111aju\u0107eg \u010delika za medicinske svrhe. Dolaze u razli\u010ditim veli\u010dinama. U kutiji se nalazi 100 komada.  ","protected":false},"featured_media":6196,"template":"","meta":{"_acf_changed":false},"pwb-brand":[],"product_cat":[482,358],"product_tag":[485,487,519],"class_list":{"0":"post-8770","1":"product","2":"type-product","3":"status-publish","4":"has-post-thumbnail","6":"product_cat-akupunktura-hr","7":"product_cat-fizioterapija-hr","8":"product_tag-akupunktura-hr","9":"product_tag-igle-za-akupunkturu","10":"product_tag-orka","11":"pa_velikosti-020-x-15-mm","12":"pa_velikosti-020x15mm-025x25mm-025x30mm-025x40mm-030x60mm-030x70mm-030x75mm","13":"pa_velikosti-025-x-25-mm","14":"pa_velikosti-025-x-30-mm","15":"pa_velikosti-025-x-40-mm","16":"pa_velikosti-030-x-60-mm","17":"pa_velikosti-030-x-75-mm","19":"first","20":"instock","21":"purchasable","22":"product-type-variable"},"acf":[],"brands":[],"_links":{"self":[{"href":"https:\/\/fiziosan.si\/hr\/wp-json\/wp\/v2\/product\/8770"}],"collection":[{"href":"https:\/\/fiziosan.si\/hr\/wp-json\/wp\/v2\/product"}],"about":[{"href":"https:\/\/fiziosan.si\/hr\/wp-json\/wp\/v2\/types\/product"}],"version-history":[{"count":1,"href":"https:\/\/fiziosan.si\/hr\/wp-json\/wp\/v2\/product\/8770\/revisions"}],"predecessor-version":[{"id":8894,"href":"https:\/\/fiziosan.si\/hr\/wp-json\/wp\/v2\/product\/8770\/revisions\/8894"}],"wp:featuredmedia":[{"embeddable":true,"href":"https:\/\/fiziosan.si\/hr\/wp-json\/wp\/v2\/media\/6196"}],"wp:attachment":[{"href":"https:\/\/fiziosan.si\/hr\/wp-json\/wp\/v2\/media?parent=8770"}],"wp:term":[{"taxonomy":"pwb-brand","embeddable":true,"href":"https:\/\/fiziosan.si\/hr\/wp-json\/wp\/v2\/pwb-brand?post=8770"},{"taxonomy":"product_cat","embeddable":true,"href":"https:\/\/fiziosan.si\/hr\/wp-json\/wp\/v2\/product_cat?post=8770"},{"taxonomy":"product_tag","embeddable":true,"href":"https:\/\/fiziosan.si\/hr\/wp-json\/wp\/v2\/product_tag?post=8770"}],"curies":[{"name":"wp","href":"https:\/\/api.w.org\/{rel}","templated":true}]}}