{"id":8769,"date":"2023-12-20T07:22:57","date_gmt":"2023-12-20T07:22:57","guid":{"rendered":"https:\/\/fiziosan.si\/izdelek\/masazna-lopta-s-prstenovima\/"},"modified":"2025-07-29T13:34:41","modified_gmt":"2025-07-29T13:34:41","slug":"masazna-lopta-s-prstenovima","status":"publish","type":"product","link":"https:\/\/fiziosan.si\/hr\/proizvod\/masazna-lopta-s-prstenovima\/","title":{"rendered":"Masa\u017ena lopta s prstenovima"},"content":{"rendered":"<p>Masa\u017ena loptica s dva prstena za meridijane prstiju. Loptice su u razli\u010ditim bojama. Cijena je za 1 komad.  <\/p>\n<p>Detalji:<\/p>\n<ul>\n<li>1 masa\u017ena loptica promjera 3,5 cm<\/li>\n<li>2 prstena<\/li>\n<li>razli\u010dite boje: plava, zelena, crvena, \u017euta, sme\u0111a<\/li>\n<\/ul>\n","protected":false},"excerpt":{"rendered":"Masa\u017ena loptica s dva prstena za meridijane prstiju. Loptice su u razli\u010ditim bojama. Cijena je za 1 komad.  ","protected":false},"featured_media":6222,"template":"","meta":{"_acf_changed":false},"pwb-brand":[],"product_cat":[482,358],"product_tag":[513,514,515],"class_list":{"0":"post-8769","1":"product","2":"type-product","3":"status-publish","4":"has-post-thumbnail","6":"product_cat-akupunktura-hr","7":"product_cat-fizioterapija-hr","8":"product_tag-akupresura-hr","9":"product_tag-masaza-prstiju","10":"product_tag-meridijani-prstiju","11":"pa_barva-crvena","12":"pa_barva-plava","13":"pa_barva-plava-zelena-crvena-smeda-zuta","14":"pa_barva-smeda","15":"pa_barva-zelena-hr","16":"pa_barva-zuta-boja","18":"first","19":"instock","20":"purchasable","21":"product-type-variable"},"acf":[],"brands":[],"_links":{"self":[{"href":"https:\/\/fiziosan.si\/hr\/wp-json\/wp\/v2\/product\/8769"}],"collection":[{"href":"https:\/\/fiziosan.si\/hr\/wp-json\/wp\/v2\/product"}],"about":[{"href":"https:\/\/fiziosan.si\/hr\/wp-json\/wp\/v2\/types\/product"}],"version-history":[{"count":1,"href":"https:\/\/fiziosan.si\/hr\/wp-json\/wp\/v2\/product\/8769\/revisions"}],"predecessor-version":[{"id":8895,"href":"https:\/\/fiziosan.si\/hr\/wp-json\/wp\/v2\/product\/8769\/revisions\/8895"}],"wp:featuredmedia":[{"embeddable":true,"href":"https:\/\/fiziosan.si\/hr\/wp-json\/wp\/v2\/media\/6222"}],"wp:attachment":[{"href":"https:\/\/fiziosan.si\/hr\/wp-json\/wp\/v2\/media?parent=8769"}],"wp:term":[{"taxonomy":"pwb-brand","embeddable":true,"href":"https:\/\/fiziosan.si\/hr\/wp-json\/wp\/v2\/pwb-brand?post=8769"},{"taxonomy":"product_cat","embeddable":true,"href":"https:\/\/fiziosan.si\/hr\/wp-json\/wp\/v2\/product_cat?post=8769"},{"taxonomy":"product_tag","embeddable":true,"href":"https:\/\/fiziosan.si\/hr\/wp-json\/wp\/v2\/product_tag?post=8769"}],"curies":[{"name":"wp","href":"https:\/\/api.w.org\/{rel}","templated":true}]}}