{"id":8765,"date":"2023-12-20T07:22:43","date_gmt":"2023-12-20T07:22:43","guid":{"rendered":"https:\/\/fiziosan.si\/izdelek\/kinezioloske-trake\/"},"modified":"2025-07-29T13:34:51","modified_gmt":"2025-07-29T13:34:51","slug":"kinezioloske-trake","status":"publish","type":"product","link":"https:\/\/fiziosan.si\/hr\/proizvod\/kinezioloske-trake\/","title":{"rendered":"Kineziolo\u0161ke trake"},"content":{"rendered":"<p>Kineziolo\u0161ke trake su posebne elasti\u010dne trake koje se nanose na ko\u017eu klijenta tijekom kineziolo\u0161ke terapije trakama. Omogu\u0107uju normalnu funkciju mi\u0161i\u0107a, a istovremeno smanjuju otekline i hematome, podupiru tetive i smanjuju bol. <\/p>\n<p>Trake<\/p>\n","protected":false},"excerpt":{"rendered":"Kineziolo\u0161ke trake su posebne elasti\u010dne trake koje se nanose na ko\u017eu klijenta tijekom kineziolo\u0161ke terapije trakama. Mo\u017eete birati izme\u0111u raznih boja. ","protected":false},"featured_media":6198,"template":"","meta":{"_acf_changed":false},"pwb-brand":[],"product_cat":[358,501],"product_tag":[503,502],"class_list":{"0":"post-8765","1":"product","2":"type-product","3":"status-publish","4":"has-post-thumbnail","6":"product_cat-fizioterapija-hr","7":"product_cat-kineziologija-zubni-konac-i-trake-za-zavoje","8":"product_tag-kinezioloska-traka","9":"product_tag-kinezioloske-trake","10":"pa_barve-bez-hr","11":"pa_barve-bez-zuta-zelena-ruzicasta-crna-plava-ljubicasta-crvena-narancasta","12":"pa_barve-crna-hr","13":"pa_barve-crveno","14":"pa_barve-ljubicasta","15":"pa_barve-narancasta","16":"pa_barve-plava","17":"pa_barve-ruzicasta","18":"pa_barve-zelena-hr","19":"pa_barve-zuta-boja","21":"first","22":"instock","23":"taxable","24":"shipping-taxable","25":"purchasable","26":"product-type-variable"},"acf":[],"brands":[],"_links":{"self":[{"href":"https:\/\/fiziosan.si\/hr\/wp-json\/wp\/v2\/product\/8765"}],"collection":[{"href":"https:\/\/fiziosan.si\/hr\/wp-json\/wp\/v2\/product"}],"about":[{"href":"https:\/\/fiziosan.si\/hr\/wp-json\/wp\/v2\/types\/product"}],"version-history":[{"count":1,"href":"https:\/\/fiziosan.si\/hr\/wp-json\/wp\/v2\/product\/8765\/revisions"}],"predecessor-version":[{"id":8898,"href":"https:\/\/fiziosan.si\/hr\/wp-json\/wp\/v2\/product\/8765\/revisions\/8898"}],"wp:featuredmedia":[{"embeddable":true,"href":"https:\/\/fiziosan.si\/hr\/wp-json\/wp\/v2\/media\/6198"}],"wp:attachment":[{"href":"https:\/\/fiziosan.si\/hr\/wp-json\/wp\/v2\/media?parent=8765"}],"wp:term":[{"taxonomy":"pwb-brand","embeddable":true,"href":"https:\/\/fiziosan.si\/hr\/wp-json\/wp\/v2\/pwb-brand?post=8765"},{"taxonomy":"product_cat","embeddable":true,"href":"https:\/\/fiziosan.si\/hr\/wp-json\/wp\/v2\/product_cat?post=8765"},{"taxonomy":"product_tag","embeddable":true,"href":"https:\/\/fiziosan.si\/hr\/wp-json\/wp\/v2\/product_tag?post=8765"}],"curies":[{"name":"wp","href":"https:\/\/api.w.org\/{rel}","templated":true}]}}