{"id":8761,"date":"2023-12-20T07:22:43","date_gmt":"2023-12-20T07:22:43","guid":{"rendered":"https:\/\/fiziosan.si\/izdelek\/dongbang-igle-za-akupunkturu-sa-spiralnom-drskom-1000-igala\/"},"modified":"2025-07-29T13:35:26","modified_gmt":"2025-07-29T13:35:26","slug":"dongbang-igle-za-akupunkturu-sa-spiralnom-drskom-1000-igala","status":"publish","type":"product","link":"https:\/\/fiziosan.si\/hr\/proizvod\/dongbang-igle-za-akupunkturu-sa-spiralnom-drskom-1000-igala\/","title":{"rendered":"Dongbang igle za akupunkturu sa spiralnom dr\u0161kom (1000 igala)"},"content":{"rendered":"<p>Dongbang akupunkturne igle sa spiralnom dr\u0161kom izra\u0111ene su od najkvalitetnijeg japanskog medicinskog nehr\u0111aju\u0107eg \u010delika. Dolaze u raznim veli\u010dinama. U kutiji se nalazi 1000 komada.  <\/p>\n<p>Igle su pakirane u pakiranjima od 10 s dodatnom vodilicom za svakih 10 igala.<\/p>\n","protected":false},"excerpt":{"rendered":"Dongbang akupunkturne igle izra\u0111ene su od najkvalitetnijeg japanskog medicinskog nehr\u0111aju\u0107eg \u010delika. Sve igle imaju silikonski premaz za maksimalnu udobnost pacijenta. U kutiji se nalazi 1000 igala.  ","protected":false},"featured_media":6212,"template":"","meta":{"_acf_changed":false},"pwb-brand":[],"product_cat":[482,358],"product_tag":[485,490,487],"class_list":{"0":"post-8761","1":"product","2":"type-product","3":"status-publish","4":"has-post-thumbnail","6":"product_cat-akupunktura-hr","7":"product_cat-fizioterapija-hr","8":"product_tag-akupunktura-hr","9":"product_tag-dongbang-hr","10":"product_tag-igle-za-akupunkturu","11":"pa_velikosti-016x15-mm","12":"pa_velikosti-016x15mm-020x15mm-020x30mm-020x40mm-025x15mm-025x25mm-025x30mm-025x40mm-030x30mm-030x40mm-030x60mm","13":"pa_velikosti-020-x-15-mm","14":"pa_velikosti-020-x-30-mm","15":"pa_velikosti-020-x-40-mm","16":"pa_velikosti-025-x-25-mm","17":"pa_velikosti-025-x-30-mm","18":"pa_velikosti-025-x-40-mm","19":"pa_velikosti-025x15-mm","20":"pa_velikosti-030-x-30-mm","21":"pa_velikosti-030-x-40-mm","23":"first","24":"instock","25":"purchasable","26":"product-type-variable"},"acf":[],"brands":[],"_links":{"self":[{"href":"https:\/\/fiziosan.si\/hr\/wp-json\/wp\/v2\/product\/8761"}],"collection":[{"href":"https:\/\/fiziosan.si\/hr\/wp-json\/wp\/v2\/product"}],"about":[{"href":"https:\/\/fiziosan.si\/hr\/wp-json\/wp\/v2\/types\/product"}],"version-history":[{"count":1,"href":"https:\/\/fiziosan.si\/hr\/wp-json\/wp\/v2\/product\/8761\/revisions"}],"predecessor-version":[{"id":8899,"href":"https:\/\/fiziosan.si\/hr\/wp-json\/wp\/v2\/product\/8761\/revisions\/8899"}],"wp:featuredmedia":[{"embeddable":true,"href":"https:\/\/fiziosan.si\/hr\/wp-json\/wp\/v2\/media\/6212"}],"wp:attachment":[{"href":"https:\/\/fiziosan.si\/hr\/wp-json\/wp\/v2\/media?parent=8761"}],"wp:term":[{"taxonomy":"pwb-brand","embeddable":true,"href":"https:\/\/fiziosan.si\/hr\/wp-json\/wp\/v2\/pwb-brand?post=8761"},{"taxonomy":"product_cat","embeddable":true,"href":"https:\/\/fiziosan.si\/hr\/wp-json\/wp\/v2\/product_cat?post=8761"},{"taxonomy":"product_tag","embeddable":true,"href":"https:\/\/fiziosan.si\/hr\/wp-json\/wp\/v2\/product_tag?post=8761"}],"curies":[{"name":"wp","href":"https:\/\/api.w.org\/{rel}","templated":true}]}}