{"id":8760,"date":"2023-12-11T11:18:54","date_gmt":"2023-12-11T11:18:54","guid":{"rendered":"https:\/\/fiziosan.si\/izdelek\/i-tech-lamagneto-x\/"},"modified":"2025-07-29T13:35:07","modified_gmt":"2025-07-29T13:35:07","slug":"i-tech-lamagneto-x","status":"publish","type":"product","link":"https:\/\/fiziosan.si\/hr\/proizvod\/i-tech-lamagneto-x\/","title":{"rendered":"I-Tech LaMagneto X"},"content":{"rendered":"<p>&nbsp;<\/p>\n<div>\n<table style=\"width: 1069px; border-collapse: collapse; border-style: hidden; height: 365px;\">\n<tbody>\n<tr>\n<td style=\"width: 50%; vertical-align: middle;\">\n<p style=\"text-align: center;\">Ure\u0111aj tako\u0111er dolazi s Osteomat jastukom za le\u017eanje.<\/p>\n<\/td>\n<td style=\"width: 50%; vertical-align: middle; text-align: left;\"><a href=\"https:\/\/fiziosan.si\/wp-content\/uploads\/2025\/02\/I-Tech-LaMagneto-X-blazina.jpg\"><img fetchpriority=\"high\" decoding=\"async\" class=\"alignnone wp-image-4339 size-full\" src=\"https:\/\/fiziosan.si\/wp-content\/uploads\/2025\/02\/I-Tech-LaMagneto-X-blazina.jpg\" alt=\"\" width=\"1300\" height=\"800\" title=\"\" srcset=\"https:\/\/fiziosan.si\/wp-content\/uploads\/2025\/02\/I-Tech-LaMagneto-X-blazina.jpg 1300w, https:\/\/fiziosan.si\/wp-content\/uploads\/2025\/02\/I-Tech-LaMagneto-X-blazina-300x185.jpg 300w, https:\/\/fiziosan.si\/wp-content\/uploads\/2025\/02\/I-Tech-LaMagneto-X-blazina-1024x630.jpg 1024w, https:\/\/fiziosan.si\/wp-content\/uploads\/2025\/02\/I-Tech-LaMagneto-X-blazina-768x473.jpg 768w, https:\/\/fiziosan.si\/wp-content\/uploads\/2025\/02\/I-Tech-LaMagneto-X-blazina-600x369.jpg 600w\" sizes=\"(max-width: 1300px) 100vw, 1300px\" \/><\/a><\/td>\n<\/tr>\n<\/tbody>\n<\/table>\n<\/div>\n","protected":false},"excerpt":{"rendered":"LaMagneto X je idealan ure\u0111aj za dugotrajne i no\u0107ne tretmane kod ku\u0107e. Posebno je koristan za osobe s osteoporozom, nakon ozljeda i osobe s bolovima u cijelom tijelu. ","protected":false},"featured_media":7024,"template":"","meta":{"_acf_changed":false},"pwb-brand":[1055],"product_cat":[358,407],"product_tag":[],"class_list":{"0":"post-8760","1":"product","2":"type-product","3":"status-publish","4":"has-post-thumbnail","6":"pwb-brand-i-tech","7":"product_cat-fizioterapija-hr","8":"product_cat-magnetska-terapija","9":"pa_frekvenca-1-120-hz-hr","10":"pa_magnetno-polje-do-200-gaussa-kanal-2-neovisna-kanala","11":"pa_programi-63-unaprijed-postavljena-programa","12":"pa_zaslon-graficki-s-pozadinskim-osvjetljenjem","14":"first","15":"instock","16":"taxable","17":"shipping-taxable","18":"purchasable","19":"product-type-simple"},"acf":[],"brands":[{"id":1055,"name":"I-Tech","slug":"i-tech"}],"_links":{"self":[{"href":"https:\/\/fiziosan.si\/hr\/wp-json\/wp\/v2\/product\/8760"}],"collection":[{"href":"https:\/\/fiziosan.si\/hr\/wp-json\/wp\/v2\/product"}],"about":[{"href":"https:\/\/fiziosan.si\/hr\/wp-json\/wp\/v2\/types\/product"}],"version-history":[{"count":1,"href":"https:\/\/fiziosan.si\/hr\/wp-json\/wp\/v2\/product\/8760\/revisions"}],"predecessor-version":[{"id":8903,"href":"https:\/\/fiziosan.si\/hr\/wp-json\/wp\/v2\/product\/8760\/revisions\/8903"}],"wp:featuredmedia":[{"embeddable":true,"href":"https:\/\/fiziosan.si\/hr\/wp-json\/wp\/v2\/media\/7024"}],"wp:attachment":[{"href":"https:\/\/fiziosan.si\/hr\/wp-json\/wp\/v2\/media?parent=8760"}],"wp:term":[{"taxonomy":"pwb-brand","embeddable":true,"href":"https:\/\/fiziosan.si\/hr\/wp-json\/wp\/v2\/pwb-brand?post=8760"},{"taxonomy":"product_cat","embeddable":true,"href":"https:\/\/fiziosan.si\/hr\/wp-json\/wp\/v2\/product_cat?post=8760"},{"taxonomy":"product_tag","embeddable":true,"href":"https:\/\/fiziosan.si\/hr\/wp-json\/wp\/v2\/product_tag?post=8760"}],"curies":[{"name":"wp","href":"https:\/\/api.w.org\/{rel}","templated":true}]}}