{"id":8755,"date":"2023-12-11T11:18:54","date_gmt":"2023-12-11T11:18:54","guid":{"rendered":"https:\/\/fiziosan.si\/izdelek\/stol-za-masazu-sofija\/"},"modified":"2025-07-29T13:35:17","modified_gmt":"2025-07-29T13:35:17","slug":"stol-za-masazu-sofija","status":"publish","type":"product","link":"https:\/\/fiziosan.si\/hr\/proizvod\/stol-za-masazu-sofija\/","title":{"rendered":"Stol za masa\u017eu Sofija"},"content":{"rendered":"<p>Drveni prijenosni stol za masa\u017eu Sofia<\/p>\n<p><u>Dimenzije stola<\/u> : 185 cm (d) &#8211; 70 cm (\u0161) &#8211; 61-85 cm (podesiva visina).<br \/>\n<u>Dimenzije sklopljenog stola<\/u> : 93 x 62 x 19 cm.<br \/>\n<u>Te\u017eina<\/u> : 13 kg.<br \/>\n<u>Dinami\u010dka nosivost<\/u> : 250 kg (mjerenje provedeno s ravnomjerno raspore\u0111enim dinami\u010dkim optere\u0107enjem, simuliraju\u0107i naprezanja koja se javljaju tijekom tipi\u010dne klasi\u010dne masa\u017ee)<br \/>\n<u>Boja<\/u> : be\u017e.<\/p>\n<p>Stol dolazi s torbom za no\u0161enje i priborom za produ\u017eenje (dodatni dodatak za glavu) i produ\u017eenje (bo\u010dni dodatak za ruke).<\/p>\n<p><strong>PONUDA za polaznike na\u0161eg te\u010daja uklju\u010duje 10% popusta. Cijena u ovom slu\u010daju iznosi 175,50 \u20ac. <\/strong><\/p>\n","protected":false},"excerpt":{"rendered":"Drveni prijenosni stol za masa\u017eu Sofia, \u0161irine 70 cm, s torbom i priborom za produ\u017eenje (dodatni nastavak za glavu) i produ\u017eenje (bo\u010dni nastavak za ruke)","protected":false},"featured_media":6022,"template":"","meta":{"_acf_changed":false},"pwb-brand":[],"product_cat":[380,381],"product_tag":[427,428,429],"class_list":{"0":"post-8755","1":"product","2":"type-product","3":"status-publish","4":"has-post-thumbnail","6":"product_cat-masaza-hr","7":"product_cat-tablice","8":"product_tag-klasicna-masaza-hr","9":"product_tag-masaza-hr","10":"product_tag-stol-za-masazu","11":"pa_dimenzija-mize-185-cm-x-70-cm-x-61-cm-do-85-cm-s-produzecima","12":"pa_teza-mize-13-kg-hr","14":"first","15":"instock","16":"taxable","17":"shipping-taxable","18":"purchasable","19":"product-type-simple"},"acf":[],"brands":[],"_links":{"self":[{"href":"https:\/\/fiziosan.si\/hr\/wp-json\/wp\/v2\/product\/8755"}],"collection":[{"href":"https:\/\/fiziosan.si\/hr\/wp-json\/wp\/v2\/product"}],"about":[{"href":"https:\/\/fiziosan.si\/hr\/wp-json\/wp\/v2\/types\/product"}],"version-history":[{"count":1,"href":"https:\/\/fiziosan.si\/hr\/wp-json\/wp\/v2\/product\/8755\/revisions"}],"predecessor-version":[{"id":8908,"href":"https:\/\/fiziosan.si\/hr\/wp-json\/wp\/v2\/product\/8755\/revisions\/8908"}],"wp:featuredmedia":[{"embeddable":true,"href":"https:\/\/fiziosan.si\/hr\/wp-json\/wp\/v2\/media\/6022"}],"wp:attachment":[{"href":"https:\/\/fiziosan.si\/hr\/wp-json\/wp\/v2\/media?parent=8755"}],"wp:term":[{"taxonomy":"pwb-brand","embeddable":true,"href":"https:\/\/fiziosan.si\/hr\/wp-json\/wp\/v2\/pwb-brand?post=8755"},{"taxonomy":"product_cat","embeddable":true,"href":"https:\/\/fiziosan.si\/hr\/wp-json\/wp\/v2\/product_cat?post=8755"},{"taxonomy":"product_tag","embeddable":true,"href":"https:\/\/fiziosan.si\/hr\/wp-json\/wp\/v2\/product_tag?post=8755"}],"curies":[{"name":"wp","href":"https:\/\/api.w.org\/{rel}","templated":true}]}}