{"id":8754,"date":"2023-12-11T11:18:54","date_gmt":"2023-12-11T11:18:54","guid":{"rendered":"https:\/\/fiziosan.si\/izdelek\/ultrazvuk-i-tech-ut2\/"},"modified":"2025-07-29T13:35:54","modified_gmt":"2025-07-29T13:35:54","slug":"ultrazvuk-i-tech-ut2","status":"publish","type":"product","link":"https:\/\/fiziosan.si\/hr\/proizvod\/ultrazvuk-i-tech-ut2\/","title":{"rendered":"Ultrazvuk I-TECH UT2"},"content":{"rendered":"<p>&nbsp;<\/p>\n<div>\n<table style=\"width: 100%; border-collapse: collapse; border-style: hidden;\">\n<tbody>\n<tr>\n<td style=\"width: 50%; vertical-align: middle;\"><a href=\"https:\/\/fiziosan.si\/wp-content\/uploads\/2025\/04\/ultrazvok-i-tech-ut2-2.webp\"><img fetchpriority=\"high\" decoding=\"async\" class=\"alignnone wp-image-5194 size-full\" src=\"https:\/\/fiziosan.si\/wp-content\/uploads\/2025\/04\/ultrazvok-i-tech-ut2-2.webp\" alt=\"\" width=\"1000\" height=\"1000\" title=\"\" srcset=\"https:\/\/fiziosan.si\/wp-content\/uploads\/2025\/04\/ultrazvok-i-tech-ut2-2.webp 1000w, https:\/\/fiziosan.si\/wp-content\/uploads\/2025\/04\/ultrazvok-i-tech-ut2-2-300x300.webp 300w, https:\/\/fiziosan.si\/wp-content\/uploads\/2025\/04\/ultrazvok-i-tech-ut2-2-150x150.webp 150w, https:\/\/fiziosan.si\/wp-content\/uploads\/2025\/04\/ultrazvok-i-tech-ut2-2-768x768.webp 768w, https:\/\/fiziosan.si\/wp-content\/uploads\/2025\/04\/ultrazvok-i-tech-ut2-2-600x600.webp 600w, https:\/\/fiziosan.si\/wp-content\/uploads\/2025\/04\/ultrazvok-i-tech-ut2-2-100x100.webp 100w, https:\/\/fiziosan.si\/wp-content\/uploads\/2025\/04\/ultrazvok-i-tech-ut2-2-50x50.webp 50w\" sizes=\"(max-width: 1000px) 100vw, 1000px\" \/><\/a><\/td>\n<td style=\"width: 50%; vertical-align: middle; text-align: left;\">\n<h3>Kako funkcionira I-Tech UT2?<\/h3>\n<p>&nbsp;<\/p>\n<p class=\"\" data-start=\"1281\" data-end=\"1406\">Ure\u0111aj I-Tech UT2 radi na tri glavna principa:<\/p>\n<ul data-start=\"1407\" data-end=\"1686\">\n<li class=\"\" data-start=\"1407\" data-end=\"1480\">\n<p class=\"\" data-start=\"1409\" data-end=\"1480\"><strong data-start=\"1409\" data-end=\"1428\">Toplinski u\u010dinak<\/strong> : pove\u0107ava lokalnu temperaturu, poti\u010de mikrocirkulaciju i poma\u017ee regeneraciji tkiva.<\/p>\n<\/li>\n<li class=\"\" data-start=\"1481\" data-end=\"1579\">\n<p class=\"\" data-start=\"1483\" data-end=\"1579\"><strong data-start=\"1483\" data-end=\"1510\">Mehanokemijski u\u010dinak<\/strong> : Promjene tlaka pove\u0107avaju propusnost stani\u010dnih membrana, \u0161to ubrzava zacjeljivanje i pobolj\u0161ava apsorpciju hranjivih tvari.<\/p>\n<\/li>\n<li class=\"\" data-start=\"1580\" data-end=\"1686\">\n<p class=\"\" data-start=\"1582\" data-end=\"1686\"><strong data-start=\"1582\" data-end=\"1596\">Kavitacija<\/strong> : Ultrazvu\u010dni valovi stvaraju mikro mjehuri\u0107e koji razgra\u0111uju masne stanice, \u0161to je korisno za oblikovanje tijela i klju\u010dna je metoda u estetskoj terapiji.<\/p>\n<\/li>\n<\/ul>\n<\/td>\n<\/tr>\n<\/tbody>\n<\/table>\n<\/div>\n<p>&nbsp;<\/p>\n<div>\n<table style=\"width: 100%; border-collapse: collapse; border-style: hidden;\">\n<tbody>\n<tr>\n<td style=\"width: 50%; vertical-align: middle;\">\n<h3>Klju\u010dne zna\u010dajke ure\u0111aja I-Tech UT2<\/h3>\n<p>&nbsp;<\/p>\n<p class=\"\" data-start=\"89\" data-end=\"233\">Tech UT2 je dizajniran za profesionalnu upotrebu i nudi \u0161irok raspon parametara pode\u0161avanja za personalizirane terapije. Ure\u0111aj uklju\u010duje: <\/p>\n<ul>\n<li data-start=\"237\" data-end=\"316\"><strong data-start=\"580\" data-end=\"623\">Dvije ultrazvu\u010dne glave (5 cm\u00b2 i 1 cm\u00b2):<\/strong> Omogu\u0107uju ciljani tretman i ve\u0107ih mi\u0161i\u0107nih podru\u010dja i manjih, te\u017ee dostupnih podru\u010dja.<\/li>\n<li data-start=\"319\" data-end=\"403\"><strong data-start=\"319\" data-end=\"332\">Frekvencija<\/strong> : 1 MHz ili 3 MHz, \u0161to omogu\u0107uje prilagodbu terapija razli\u010ditim potrebama.<\/li>\n<li data-start=\"406\" data-end=\"487\"><strong data-start=\"406\" data-end=\"422\">Intenzitet<\/strong> : Do 3 W\/cm\u00b2, \u0161to osigurava precizno pode\u0161avanje snage terapije.<\/li>\n<li data-start=\"490\" data-end=\"631\"><strong data-start=\"1116\" data-end=\"1152\">Radni ciklus (od 10% do 100%)<\/strong> : Podesivi pulsni na\u010din rada omogu\u0107uje blage ili intenzivnije terapije, ovisno o klini\u010dkom stanju pojedinca.<\/li>\n<li data-start=\"634\" data-end=\"728\"><strong data-start=\"176\" data-end=\"205\">Trajanje terapije do 30 minuta:<\/strong> Omogu\u0107uje i kra\u0107e, specifi\u010dne i dulje, sveobuhvatne tretmane &#8211; u fizioterapeutske ili estetske svrhe.<\/li>\n<\/ul>\n<\/td>\n<td style=\"width: 50%; vertical-align: middle; text-align: left;\"><a href=\"https:\/\/fiziosan.si\/wp-content\/uploads\/2025\/04\/ultrazvok-i-tech-ut2-1-e1744731966926.webp\"><img decoding=\"async\" class=\"alignnone wp-image-5193 size-full\" src=\"https:\/\/fiziosan.si\/wp-content\/uploads\/2025\/04\/ultrazvok-i-tech-ut2-1-e1744731966926.webp\" alt=\"\" width=\"1000\" height=\"1000\" title=\"\" srcset=\"https:\/\/fiziosan.si\/wp-content\/uploads\/2025\/04\/ultrazvok-i-tech-ut2-1-e1744731966926.webp 1000w, https:\/\/fiziosan.si\/wp-content\/uploads\/2025\/04\/ultrazvok-i-tech-ut2-1-e1744731966926-300x300.webp 300w, https:\/\/fiziosan.si\/wp-content\/uploads\/2025\/04\/ultrazvok-i-tech-ut2-1-e1744731966926-150x150.webp 150w, https:\/\/fiziosan.si\/wp-content\/uploads\/2025\/04\/ultrazvok-i-tech-ut2-1-e1744731966926-768x768.webp 768w, https:\/\/fiziosan.si\/wp-content\/uploads\/2025\/04\/ultrazvok-i-tech-ut2-1-e1744731966926-600x600.webp 600w, https:\/\/fiziosan.si\/wp-content\/uploads\/2025\/04\/ultrazvok-i-tech-ut2-1-e1744731966926-100x100.webp 100w, https:\/\/fiziosan.si\/wp-content\/uploads\/2025\/04\/ultrazvok-i-tech-ut2-1-e1744731966926-50x50.webp 50w\" sizes=\"(max-width: 1000px) 100vw, 1000px\" \/><\/a><\/td>\n<\/tr>\n<\/tbody>\n<\/table>\n<\/div>\n","protected":false},"excerpt":{"rendered":"<h3>Profesionalni ultrazvu\u010dni ure\u0111aj za terapije i estetske tretmane<\/h3>\n&nbsp;\n\nI-Tech UT2 je visokokvalitetni ultrazvu\u010dni ure\u0111aj s dvije izmjenjive glave (5 cm\u00b2 i 1 cm\u00b2), koji omogu\u0107uje preciznu i u\u010dinkovitu terapiju za razli\u010dite dijelove tijela. Ovaj visokotehnolo\u0161ki ure\u0111aj idealan je izbor za fizioterapeutske ordinacije, kozmeti\u010dke salone i druge profesionalce koji \u017eele svojim klijentima ponuditi vrhunsku ultrazvu\u010dnu terapiju.","protected":false},"featured_media":7358,"template":"","meta":{"_acf_changed":false},"pwb-brand":[1055],"product_cat":[358,399],"product_tag":[],"class_list":{"0":"post-8754","1":"product","2":"type-product","3":"status-publish","4":"has-post-thumbnail","6":"pwb-brand-i-tech","7":"product_cat-fizioterapija-hr","8":"product_cat-ultrazvucna-terapija","9":"pa_delovna-frekvenca-100-hz-hr","10":"pa_frekvenca-1-mhz-3-mhz-hr","11":"pa_izhodna-moc-05-10-w-hr","12":"pa_napajanje-100-240-v-47-63-hz-135-a-hr","14":"first","15":"instock","16":"featured","17":"taxable","18":"shipping-taxable","19":"purchasable","20":"product-type-simple"},"acf":[],"brands":[{"id":1055,"name":"I-Tech","slug":"i-tech"}],"_links":{"self":[{"href":"https:\/\/fiziosan.si\/hr\/wp-json\/wp\/v2\/product\/8754"}],"collection":[{"href":"https:\/\/fiziosan.si\/hr\/wp-json\/wp\/v2\/product"}],"about":[{"href":"https:\/\/fiziosan.si\/hr\/wp-json\/wp\/v2\/types\/product"}],"version-history":[{"count":1,"href":"https:\/\/fiziosan.si\/hr\/wp-json\/wp\/v2\/product\/8754\/revisions"}],"predecessor-version":[{"id":8909,"href":"https:\/\/fiziosan.si\/hr\/wp-json\/wp\/v2\/product\/8754\/revisions\/8909"}],"wp:featuredmedia":[{"embeddable":true,"href":"https:\/\/fiziosan.si\/hr\/wp-json\/wp\/v2\/media\/7358"}],"wp:attachment":[{"href":"https:\/\/fiziosan.si\/hr\/wp-json\/wp\/v2\/media?parent=8754"}],"wp:term":[{"taxonomy":"pwb-brand","embeddable":true,"href":"https:\/\/fiziosan.si\/hr\/wp-json\/wp\/v2\/pwb-brand?post=8754"},{"taxonomy":"product_cat","embeddable":true,"href":"https:\/\/fiziosan.si\/hr\/wp-json\/wp\/v2\/product_cat?post=8754"},{"taxonomy":"product_tag","embeddable":true,"href":"https:\/\/fiziosan.si\/hr\/wp-json\/wp\/v2\/product_tag?post=8754"}],"curies":[{"name":"wp","href":"https:\/\/api.w.org\/{rel}","templated":true}]}}