{"id":8745,"date":"2024-05-19T10:40:43","date_gmt":"2024-05-19T10:40:43","guid":{"rendered":"https:\/\/fiziosan.si\/izdelek\/gama\/"},"modified":"2025-07-29T13:35:34","modified_gmt":"2025-07-29T13:35:34","slug":"gama","status":"publish","type":"product","link":"https:\/\/fiziosan.si\/hr\/proizvod\/gama\/","title":{"rendered":"Gama"},"content":{"rendered":"<p>&nbsp;<\/p>\n<div>\n<table class=\"table brez-roba\" style=\"border-style: hidden; width: 100%;\">\n<tbody>\n<tr class=\"table brez-roba\">\n<td style=\"vertical-align: middle; width: 50%;\">\n<p style=\"text-align: center;\"><strong>GAMMA<\/strong> pru\u017ea profesionalni trening za sporta\u0161e i pacijente s poreme\u0107ajima ravnote\u017ee i koordinacije. Njegova dodatna prednost je mogu\u0107nost slobodnog pode\u0161avanja obje plo\u010de s obzirom na njihov me\u0111usobni polo\u017eaj, \u0161to sporta\u0161ima omogu\u0107uje trening u precizno definiranom polo\u017eaju, koji je usko povezan s njihovom sportskom disciplinom. <\/p>\n<p>&nbsp;<\/p>\n<p>&nbsp;<\/p>\n<p style=\"text-align: center;\">\n<\/td>\n<td style=\"width: 50%;\"><a href=\"https:\/\/fiziosan.si\/wp-content\/uploads\/2024\/05\/DSC06948-1024x683.jpg\"><img fetchpriority=\"high\" decoding=\"async\" class=\"alignnone wp-image-3184 size-large\" src=\"https:\/\/fiziosan.si\/wp-content\/uploads\/2024\/05\/DSC06948-1024x683.jpg\" alt=\"GAMA TERAPIJA\" width=\"1024\" height=\"683\" title=\"\" srcset=\"https:\/\/fiziosan.si\/wp-content\/uploads\/2024\/05\/DSC06948-1024x683.jpg 1024w, https:\/\/fiziosan.si\/wp-content\/uploads\/2024\/05\/DSC06948-300x200.jpg 300w, https:\/\/fiziosan.si\/wp-content\/uploads\/2024\/05\/DSC06948-768x512.jpg 768w, https:\/\/fiziosan.si\/wp-content\/uploads\/2024\/05\/DSC06948-1536x1024.jpg 1536w, https:\/\/fiziosan.si\/wp-content\/uploads\/2024\/05\/DSC06948-600x400.jpg 600w, https:\/\/fiziosan.si\/wp-content\/uploads\/2024\/05\/DSC06948-1620x1080.jpg 1620w, https:\/\/fiziosan.si\/wp-content\/uploads\/2024\/05\/DSC06948.jpg 1920w\" sizes=\"(max-width: 1024px) 100vw, 1024px\" \/><\/a><\/td>\n<\/tr>\n<\/tbody>\n<\/table>\n<\/div>\n<p>&nbsp;<\/p>\n<p>&nbsp;<\/p>\n<div>\n<table style=\"width: 100%; border-collapse: collapse; border-style: hidden;\">\n<tbody>\n<tr>\n<td style=\"width: 50%; vertical-align: middle;\">\n<div style=\"text-align: left;\" data-mrgt=\"60\" data-size=\"medium\"><a href=\"https:\/\/fiziosan.si\/wp-content\/uploads\/2024\/05\/I29A6685-1024x683.jpg\"><img decoding=\"async\" class=\"alignnone wp-image-3148 size-large\" src=\"https:\/\/fiziosan.si\/wp-content\/uploads\/2024\/05\/I29A6685-1024x683.jpg\" alt=\"ALFA TERAPIJA\" width=\"1024\" height=\"683\" title=\"\" srcset=\"https:\/\/fiziosan.si\/wp-content\/uploads\/2024\/05\/I29A6685-1024x683.jpg 1024w, https:\/\/fiziosan.si\/wp-content\/uploads\/2024\/05\/I29A6685-300x200.jpg 300w, https:\/\/fiziosan.si\/wp-content\/uploads\/2024\/05\/I29A6685-768x512.jpg 768w, https:\/\/fiziosan.si\/wp-content\/uploads\/2024\/05\/I29A6685-1536x1024.jpg 1536w, https:\/\/fiziosan.si\/wp-content\/uploads\/2024\/05\/I29A6685-600x400.jpg 600w, https:\/\/fiziosan.si\/wp-content\/uploads\/2024\/05\/I29A6685-1620x1080.jpg 1620w, https:\/\/fiziosan.si\/wp-content\/uploads\/2024\/05\/I29A6685.jpg 1920w\" sizes=\"(max-width: 1024px) 100vw, 1024px\" \/><\/a><\/div>\n<\/td>\n<td style=\"vertical-align: middle; width: 50%;\">\n<p style=\"text-align: center;\">Ove zna\u010dajke \u010dine <strong>GAMMA platformu<\/strong> posebno korisnom u posttraumatskoj, postoperativnoj, ortopedskoj i neurolo\u0161koj rehabilitaciji. <strong>GAMMA<\/strong> se tako\u0111er koristi u sportskoj, reumatolo\u0161koj i gerijatrijskoj rehabilitaciji.<\/p>\n<p>&nbsp;<\/p>\n<p>&nbsp;<\/p>\n<p style=\"text-align: center;\">\n<\/td>\n<\/tr>\n<\/tbody>\n<\/table>\n<\/div>\n<p>&nbsp;<\/p>\n<h3 style=\"text-align: left;\"><strong>Glavne PREDNOSTI dinami\u010dke platforme GAMMA:<\/strong><\/h3>\n<p>&nbsp;<\/p>\n<div>\n<table style=\"width: 100%; border-collapse: collapse; border-style: hidden;\">\n<tbody>\n<tr>\n<td style=\"width: 50%; vertical-align: middle;\">\n<div style=\"text-align: left;\" data-mrgt=\"60\" data-size=\"medium\"><a href=\"https:\/\/fiziosan.si\/wp-content\/uploads\/2024\/05\/DSC06987-1024x683.jpg\"><img decoding=\"async\" class=\"alignnone wp-image-3185 size-large\" src=\"https:\/\/fiziosan.si\/wp-content\/uploads\/2024\/05\/DSC06987-1024x683.jpg\" alt=\"GAMA TERAPIJA\" width=\"1024\" height=\"683\" title=\"\" srcset=\"https:\/\/fiziosan.si\/wp-content\/uploads\/2024\/05\/DSC06987-1024x683.jpg 1024w, https:\/\/fiziosan.si\/wp-content\/uploads\/2024\/05\/DSC06987-300x200.jpg 300w, https:\/\/fiziosan.si\/wp-content\/uploads\/2024\/05\/DSC06987-768x512.jpg 768w, https:\/\/fiziosan.si\/wp-content\/uploads\/2024\/05\/DSC06987-1536x1024.jpg 1536w, https:\/\/fiziosan.si\/wp-content\/uploads\/2024\/05\/DSC06987-600x400.jpg 600w, https:\/\/fiziosan.si\/wp-content\/uploads\/2024\/05\/DSC06987-1620x1080.jpg 1620w, https:\/\/fiziosan.si\/wp-content\/uploads\/2024\/05\/DSC06987.jpg 1920w\" sizes=\"(max-width: 1024px) 100vw, 1024px\" \/><\/a><\/div>\n<\/td>\n<td style=\"width: 50%; text-align: center; vertical-align: top;\">\n<ul>\n<li style=\"text-align: left;\">U\u010denje pravilnog <strong>optere\u0107enja udova<\/strong><\/li>\n<\/ul>\n<ul style=\"text-align: left;\">\n<li>Mogu\u0107nost <strong>procjene sila reakcije tla<\/strong> tijekom svakog kretanja<\/li>\n<\/ul>\n<ul style=\"text-align: left;\">\n<li>Pobolj\u0161ana <strong>stabilizacija zglobova<\/strong> proprioceptivnom reedukacijom<\/li>\n<\/ul>\n<ul>\n<li style=\"text-align: left;\">Pobolj\u0161ana <strong>koordinacija mi\u0161i\u0107a<\/strong><\/li>\n<\/ul>\n<p>&nbsp;<\/td>\n<\/tr>\n<\/tbody>\n<\/table>\n<\/div>\n<p>&nbsp;<\/p>\n<h3 style=\"text-align: center;\"><strong>Mogu\u0107nosti kori\u0161tenja koje nudi platforma<\/strong><\/h3>\n<p>&nbsp;<\/p>\n<div>\n<table style=\"width: 100%; border-collapse: collapse; border-style: hidden; height: 320px;\" border=\"0\">\n<tbody>\n<tr style=\"height: 320px;\">\n<td style=\"width: 20%; height: 320px;\"><a href=\"https:\/\/fiziosan.si\/wp-content\/uploads\/2024\/05\/IMG_1436-150x150.jpg\"><img loading=\"lazy\" decoding=\"async\" class=\"alignnone wp-image-3149 size-thumbnail\" src=\"https:\/\/fiziosan.si\/wp-content\/uploads\/2024\/05\/IMG_1436-150x150.jpg\" alt=\"KORISTITI\" width=\"150\" height=\"150\" title=\"\" srcset=\"https:\/\/fiziosan.si\/wp-content\/uploads\/2024\/05\/IMG_1436-150x150.jpg 150w, https:\/\/fiziosan.si\/wp-content\/uploads\/2024\/05\/IMG_1436-300x300.jpg 300w, https:\/\/fiziosan.si\/wp-content\/uploads\/2024\/05\/IMG_1436-100x100.jpg 100w, https:\/\/fiziosan.si\/wp-content\/uploads\/2024\/05\/IMG_1436-50x50.jpg 50w\" sizes=\"(max-width: 150px) 100vw, 150px\" \/><\/a><\/p>\n<p>&nbsp;<\/p>\n<p><strong>Analiza preraspodjele optere\u0107enja<\/strong> po vertikalnoj osi.<\/p>\n<p> Mjerenje <strong>stati\u010dkih i dinami\u010dkih optere\u0107enja.<\/strong><\/td>\n<td style=\"width: 20%; height: 320px;\"><a href=\"https:\/\/fiziosan.si\/wp-content\/uploads\/2024\/05\/IMG_1450-150x150.jpg\"><img loading=\"lazy\" decoding=\"async\" class=\"alignnone wp-image-3150 size-thumbnail\" src=\"https:\/\/fiziosan.si\/wp-content\/uploads\/2024\/05\/IMG_1450-150x150.jpg\" alt=\"KORISTITI\" width=\"150\" height=\"150\" title=\"\" srcset=\"https:\/\/fiziosan.si\/wp-content\/uploads\/2024\/05\/IMG_1450-150x150.jpg 150w, https:\/\/fiziosan.si\/wp-content\/uploads\/2024\/05\/IMG_1450-300x300.jpg 300w, https:\/\/fiziosan.si\/wp-content\/uploads\/2024\/05\/IMG_1450-100x100.jpg 100w, https:\/\/fiziosan.si\/wp-content\/uploads\/2024\/05\/IMG_1450-50x50.jpg 50w\" sizes=\"(max-width: 150px) 100vw, 150px\" \/><\/a><\/p>\n<p>&nbsp;<\/p>\n<p>Procjena <strong>ravnote\u017ee pacijenta<\/strong> .<\/p>\n<p> Mjerenje <strong>sile, brzine i ubrzanja<\/strong> .<\/p>\n<p> Opse\u017ene mogu\u0107nosti <strong>analize podataka<\/strong> .<\/td>\n<td style=\"width: 20%; height: 320px;\"><a href=\"https:\/\/fiziosan.si\/wp-content\/uploads\/2024\/05\/I29A6596-150x150.jpg\"><img loading=\"lazy\" decoding=\"async\" class=\"alignnone wp-image-3157 size-thumbnail\" src=\"https:\/\/fiziosan.si\/wp-content\/uploads\/2024\/05\/I29A6596-150x150.jpg\" alt=\"KORISTITI\" width=\"150\" height=\"150\" title=\"\" srcset=\"https:\/\/fiziosan.si\/wp-content\/uploads\/2024\/05\/I29A6596-150x150.jpg 150w, https:\/\/fiziosan.si\/wp-content\/uploads\/2024\/05\/I29A6596-300x300.jpg 300w, https:\/\/fiziosan.si\/wp-content\/uploads\/2024\/05\/I29A6596-100x100.jpg 100w, https:\/\/fiziosan.si\/wp-content\/uploads\/2024\/05\/I29A6596-50x50.jpg 50w\" sizes=\"(max-width: 150px) 100vw, 150px\" \/><\/a><\/p>\n<p>&nbsp;<\/p>\n<p><strong>Gotovi protokoli mjerenja<\/strong> i mogu\u0107nost kreiranja vlastitih vje\u017ebi <strong>s integriranom biofeedbackom u stvarnom vremenu<\/strong> .<\/td>\n<td style=\"width: 20%; height: 320px;\"><a href=\"https:\/\/fiziosan.si\/wp-content\/uploads\/2024\/05\/IMG_1462-e1523527959121-150x150.jpg\"><img loading=\"lazy\" decoding=\"async\" class=\"alignnone wp-image-3187 size-thumbnail\" src=\"https:\/\/fiziosan.si\/wp-content\/uploads\/2024\/05\/IMG_1462-e1523527959121-150x150.jpg\" alt=\"GAMA\" width=\"150\" height=\"150\" title=\"\" srcset=\"https:\/\/fiziosan.si\/wp-content\/uploads\/2024\/05\/IMG_1462-e1523527959121-150x150.jpg 150w, https:\/\/fiziosan.si\/wp-content\/uploads\/2024\/05\/IMG_1462-e1523527959121-300x300.jpg 300w, https:\/\/fiziosan.si\/wp-content\/uploads\/2024\/05\/IMG_1462-e1523527959121-100x100.jpg 100w, https:\/\/fiziosan.si\/wp-content\/uploads\/2024\/05\/IMG_1462-e1523527959121-50x50.jpg 50w\" sizes=\"(max-width: 150px) 100vw, 150px\" \/><\/a><\/p>\n<p>&nbsp;<\/p>\n<p><strong>Objektivizacija<\/strong> procesa rehabilitacije.<\/td>\n<td style=\"width: 20%; height: 320px;\"><a href=\"https:\/\/fiziosan.si\/wp-content\/uploads\/2024\/05\/DSC06999-150x150.jpg\"><img loading=\"lazy\" decoding=\"async\" class=\"alignnone wp-image-3186 size-thumbnail\" src=\"https:\/\/fiziosan.si\/wp-content\/uploads\/2024\/05\/DSC06999-150x150.jpg\" alt=\"\" width=\"150\" height=\"150\" title=\"\" srcset=\"https:\/\/fiziosan.si\/wp-content\/uploads\/2024\/05\/DSC06999-150x150.jpg 150w, https:\/\/fiziosan.si\/wp-content\/uploads\/2024\/05\/DSC06999-300x300.jpg 300w, https:\/\/fiziosan.si\/wp-content\/uploads\/2024\/05\/DSC06999-100x100.jpg 100w, https:\/\/fiziosan.si\/wp-content\/uploads\/2024\/05\/DSC06999-50x50.jpg 50w\" sizes=\"(max-width: 150px) 100vw, 150px\" \/><\/a><\/p>\n<p>&nbsp;<\/p>\n<p><strong>Prilago\u0111avanje razine te\u017eine<\/strong> vje\u017ebe trenutnim potrebama pacijenta.<\/td>\n<\/tr>\n<\/tbody>\n<\/table>\n<\/div>\n<p>&nbsp;<\/p>\n<p>&nbsp;<\/p>\n<div>\n<table style=\"width: 100%; border-collapse: collapse; border-style: hidden;\">\n<tbody>\n<tr>\n<td style=\"width: 50%; vertical-align: middle;\">\n<div style=\"text-align: center;\" data-mrgt=\"60\" data-size=\"medium\"><a href=\"https:\/\/fiziosan.si\/wp-content\/uploads\/2024\/05\/I29A6601-1024x683.jpg\"><img loading=\"lazy\" decoding=\"async\" class=\"alignnone wp-image-3158 size-large\" src=\"https:\/\/fiziosan.si\/wp-content\/uploads\/2024\/05\/I29A6601-1024x683.jpg\" alt=\"\" width=\"1024\" height=\"683\" title=\"\" srcset=\"https:\/\/fiziosan.si\/wp-content\/uploads\/2024\/05\/I29A6601-1024x683.jpg 1024w, https:\/\/fiziosan.si\/wp-content\/uploads\/2024\/05\/I29A6601-300x200.jpg 300w, https:\/\/fiziosan.si\/wp-content\/uploads\/2024\/05\/I29A6601-768x512.jpg 768w, https:\/\/fiziosan.si\/wp-content\/uploads\/2024\/05\/I29A6601-1536x1024.jpg 1536w, https:\/\/fiziosan.si\/wp-content\/uploads\/2024\/05\/I29A6601-600x400.jpg 600w, https:\/\/fiziosan.si\/wp-content\/uploads\/2024\/05\/I29A6601-1620x1080.jpg 1620w, https:\/\/fiziosan.si\/wp-content\/uploads\/2024\/05\/I29A6601.jpg 1920w\" sizes=\"(max-width: 1024px) 100vw, 1024px\" \/><\/a><\/div>\n<\/td>\n<td style=\"width: 50%; text-align: center; vertical-align: middle;\">\n<p style=\"text-align: left;\"><strong><span lang=\"SL\">PRIBOR (nije uklju\u010den u cijenu!)<\/span><\/strong><\/p>\n<p>&nbsp;<\/p>\n<p style=\"text-align: left;\"><span lang=\"SL\">Set dodatne opreme za <strong>GAMMA<\/strong> kao samostalnu stanicu:<\/span><\/p>\n<ul>\n<li style=\"text-align: left;\"><span lang=\"SL\">Stalak za pacijente s televizorom od 43 in\u010da<\/span><\/li>\n<li style=\"text-align: left;\"><span lang=\"SL\">Terapeutski stalak: 22-in\u010dni terapeutski zaslon osjetljiv na dodir, ra\u010dunalo, tipkovnica<\/span><\/li>\n<\/ul>\n<p style=\"text-align: left;\"><span lang=\"SL\">Set dodatne opreme za <strong>GAMMA<\/strong> s terapijskom radnom stanicom:<\/span><\/p>\n<ul>\n<li style=\"text-align: left;\">Stalak za pacijente s 43-in\u010dnim TV-om, ra\u010dunalom i tipkovnicom<\/li>\n<\/ul>\n<p style=\"text-align: left;\">Terapeutska radna stanica:<\/p>\n<ul>\n<li style=\"text-align: left;\">Stalak s 22-in\u010dnim monitorom, ra\u010dunalom, tipkovnicom i WiFi ruterom<\/li>\n<\/ul>\n<\/td>\n<\/tr>\n<\/tbody>\n<\/table>\n<\/div>\n<p>&nbsp;<\/p>\n<div>\n<h3 class=\"col-xs-12 col-sm-6\" style=\"text-align: center;\">ACX.Rehab &#8211; KONCEPT FUNKCIONALNE REHABILITACIJE U OKRU\u017dENJU VIRTUALNE STVARNOSTI<\/h3>\n<\/div>\n<p>&nbsp;<\/p>\n<div>\n<table class=\"table brez-roba\" style=\"border-style: hidden; width: 100%; background-color: lightgrey;\">\n<tbody>\n<tr class=\"table brez-roba\">\n<td style=\"vertical-align: top; width: 100%;\"><strong>ACX.Rehab<\/strong> je koncept funkcionalnog lije\u010denja <strong>virtualnom stvarno\u0161\u0107u<\/strong> . Kombinira provjerene klasi\u010dne metode terapije s mogu\u0107nostima <strong>inovativne tehnologije.<\/strong> <\/p>\n<ul>\n<li>Evaluacija i terapijske mogu\u0107nosti stabilometrijskih, dinamometrijskih i platformi za ravnote\u017eu.<\/li>\n<li>Mogu\u0107nosti rehabilitacije s medicinskim ure\u0111ajima koji rade pod kontrolom sigurnog elasti\u010dnog otpora.<\/li>\n<li>Kognitivni trening za podr\u0161ku pacijentima s mentalnim poreme\u0107ajima.<\/li>\n<li>Softver omogu\u0107uje kori\u0161tenje virtualne stvarnosti i pove\u0107ava motivaciju pacijenata.<\/li>\n<li>EBM \u2013 prikupljanje podataka za terapeuta kako bi procijenio ishode pacijenta i planirao individualni tretman.<\/li>\n<\/ul>\n<\/td>\n<\/tr>\n<tr class=\"table brez-roba\">\n<td style=\"vertical-align: top; width: 100%; background-color: darkgrey;\"><strong>PLO\u010cE ZA PRITISKU<\/strong><\/p>\n<p>Trening ravnote\u017ee i posture na stabilnim i nestabilnim povr\u0161inama: stabilometrijske, dinamometrijske i platforme za ravnote\u017eu.<\/p>\n<p>&nbsp;<\/p>\n<p><strong>TERAPIJA GORNJIH UDOVA<\/strong><\/p>\n<p>Ure\u0111aj je namijenjen za terapiju gornjih udova: ru\u010dnog zgloba, lakta, ramenog zgloba, pokreta, koordinacije i propriocepcije.<\/p>\n<p>&nbsp;<\/p>\n<p><strong>TERAPIJA DONJIH UDOVA  <\/strong><\/p>\n<p>Ure\u0111aj je namijenjen terapiji donjih ekstremiteta u otvorenom ili zatvorenom kinemati\u010dkom lancu: trening snage, izdr\u017eljivosti i stabilnosti.<\/p>\n<p>&nbsp;<\/p>\n<p><strong>KOGNITIVNI TRENING<\/strong><\/p>\n<p>Kognitivna terapija usmjerena na pam\u0107enje, rje\u0161avanje problema, podijeljenu pa\u017enju i to\u010dnost pokreta.<\/td>\n<\/tr>\n<\/tbody>\n<\/table>\n<\/div>\n","protected":false},"excerpt":{"rendered":"<strong>GAMMA<\/strong> je moderna <strong>dinamometrijska platforma<\/strong> s dvije plo\u010de koja omogu\u0107uje testiranje i obuku neurolo\u0161kih i ortopedskih pacijenata. <strong>GAMMA,<\/strong> kao dio koncepta <strong>ACX.Rehab<\/strong> , koristi softver koji pacijentu omogu\u0107uje da bude svjestan izazova i napretka u rehabilitaciji, \u0161to pove\u0107ava motivaciju pacijenta.\n\n<strong>ACX.Rehab<\/strong> je koncept funkcionalnog lije\u010denja virtualnom stvarno\u0161\u0107u. Kombinira provjerene klasi\u010dne metode terapije s mogu\u0107nostima inovativne tehnologije. ","protected":false},"featured_media":7412,"template":"","meta":{"_acf_changed":false},"pwb-brand":[1051],"product_cat":[419,418,404],"product_tag":[],"class_list":{"0":"post-8745","1":"product","2":"type-product","3":"status-publish","4":"has-post-thumbnail","6":"pwb-brand-technomex","7":"product_cat-gama-dinamicka-platforma","8":"product_cat-general","9":"product_cat-rehabilitacija-hr","10":"pa_napajanje-putem-usb-a-5-v","12":"first","13":"outofstock","14":"taxable","15":"shipping-taxable","16":"product-type-simple"},"acf":[],"brands":[{"id":1051,"name":"Technomex","slug":"technomex"}],"_links":{"self":[{"href":"https:\/\/fiziosan.si\/hr\/wp-json\/wp\/v2\/product\/8745"}],"collection":[{"href":"https:\/\/fiziosan.si\/hr\/wp-json\/wp\/v2\/product"}],"about":[{"href":"https:\/\/fiziosan.si\/hr\/wp-json\/wp\/v2\/types\/product"}],"version-history":[{"count":2,"href":"https:\/\/fiziosan.si\/hr\/wp-json\/wp\/v2\/product\/8745\/revisions"}],"predecessor-version":[{"id":10251,"href":"https:\/\/fiziosan.si\/hr\/wp-json\/wp\/v2\/product\/8745\/revisions\/10251"}],"wp:featuredmedia":[{"embeddable":true,"href":"https:\/\/fiziosan.si\/hr\/wp-json\/wp\/v2\/media\/7412"}],"wp:attachment":[{"href":"https:\/\/fiziosan.si\/hr\/wp-json\/wp\/v2\/media?parent=8745"}],"wp:term":[{"taxonomy":"pwb-brand","embeddable":true,"href":"https:\/\/fiziosan.si\/hr\/wp-json\/wp\/v2\/pwb-brand?post=8745"},{"taxonomy":"product_cat","embeddable":true,"href":"https:\/\/fiziosan.si\/hr\/wp-json\/wp\/v2\/product_cat?post=8745"},{"taxonomy":"product_tag","embeddable":true,"href":"https:\/\/fiziosan.si\/hr\/wp-json\/wp\/v2\/product_tag?post=8745"}],"curies":[{"name":"wp","href":"https:\/\/api.w.org\/{rel}","templated":true}]}}