{"id":8744,"date":"2024-05-25T20:29:35","date_gmt":"2024-05-25T20:29:35","guid":{"rendered":"https:\/\/fiziosan.si\/izdelek\/vectis-mini\/"},"modified":"2025-07-29T13:32:21","modified_gmt":"2025-07-29T13:32:21","slug":"vectis-mini","status":"publish","type":"product","link":"https:\/\/fiziosan.si\/hr\/proizvod\/vectis-mini\/","title":{"rendered":"Vectis mini"},"content":{"rendered":"<p>&nbsp;<\/p>\n<div>\n<table class=\"table brez-roba\" style=\"border-style: hidden; width: 100%;\">\n<tbody>\n<tr class=\"table brez-roba\">\n<td style=\"vertical-align: middle; width: 50%;\">\n<p style=\"text-align: left;\">Ure\u0111aj <strong>VECTIS MINI<\/strong> mo\u017ee izvoditi sljede\u0107e pokrete:<\/p>\n<ul>\n<li style=\"text-align: left;\">unutarnja\/vanjska rotacija<\/li>\n<\/ul>\n<p style=\"text-align: left;\">Ure\u0111aj je dizajniran za rad <strong>s elasti\u010dnim elementima otpora<\/strong> , \u010dija je najva\u017enija prednost stvaranje blagog otpora u po\u010detnoj fazi pokreta, koji se u kasnijim fazama vje\u017ebanja stalno pove\u0107ava.<\/p>\n<p>&nbsp;<\/p>\n<p>&nbsp;<\/p>\n<p style=\"text-align: center;\">\n<\/td>\n<td style=\"width: 50%;\"><a href=\"https:\/\/fiziosan.si\/wp-content\/uploads\/2024\/05\/vectis-mini-1.jpg\"><img fetchpriority=\"high\" decoding=\"async\" class=\"alignnone wp-image-3257 size-full\" src=\"https:\/\/fiziosan.si\/wp-content\/uploads\/2024\/05\/vectis-mini-1.jpg\" alt=\"VECTIS MINI TERAPIJA\" width=\"900\" height=\"600\" title=\"\" srcset=\"https:\/\/fiziosan.si\/wp-content\/uploads\/2024\/05\/vectis-mini-1.jpg 900w, https:\/\/fiziosan.si\/wp-content\/uploads\/2024\/05\/vectis-mini-1-300x200.jpg 300w, https:\/\/fiziosan.si\/wp-content\/uploads\/2024\/05\/vectis-mini-1-768x512.jpg 768w, https:\/\/fiziosan.si\/wp-content\/uploads\/2024\/05\/vectis-mini-1-600x400.jpg 600w\" sizes=\"(max-width: 900px) 100vw, 900px\" \/><\/a><\/td>\n<\/tr>\n<\/tbody>\n<\/table>\n<\/div>\n<p>&nbsp;<\/p>\n<p>&nbsp;<\/p>\n<div>\n<table style=\"width: 100%; border-collapse: collapse; border-style: hidden;\">\n<tbody>\n<tr>\n<td style=\"width: 50%; vertical-align: middle;\">\n<div style=\"text-align: left;\" data-mrgt=\"60\" data-size=\"medium\"><a href=\"https:\/\/fiziosan.si\/wp-content\/uploads\/2024\/05\/I29A6601-1024x683.jpg\"><img decoding=\"async\" class=\"alignnone wp-image-3158 size-large\" src=\"https:\/\/fiziosan.si\/wp-content\/uploads\/2024\/05\/I29A6601-1024x683.jpg\" alt=\"VECTIS TERAPIJA\" width=\"1024\" height=\"683\" title=\"\" srcset=\"https:\/\/fiziosan.si\/wp-content\/uploads\/2024\/05\/I29A6601-1024x683.jpg 1024w, https:\/\/fiziosan.si\/wp-content\/uploads\/2024\/05\/I29A6601-300x200.jpg 300w, https:\/\/fiziosan.si\/wp-content\/uploads\/2024\/05\/I29A6601-768x512.jpg 768w, https:\/\/fiziosan.si\/wp-content\/uploads\/2024\/05\/I29A6601-1536x1024.jpg 1536w, https:\/\/fiziosan.si\/wp-content\/uploads\/2024\/05\/I29A6601-600x400.jpg 600w, https:\/\/fiziosan.si\/wp-content\/uploads\/2024\/05\/I29A6601-1620x1080.jpg 1620w, https:\/\/fiziosan.si\/wp-content\/uploads\/2024\/05\/I29A6601.jpg 1920w\" sizes=\"(max-width: 1024px) 100vw, 1024px\" \/><\/a><\/div>\n<\/td>\n<td style=\"vertical-align: middle; width: 50%;\">\n<p style=\"text-align: center;\">Ove zna\u010dajke \u010dine <strong>VECTIS MINI<\/strong> posebno korisnim u posttraumatskoj, postoperativnoj, ortopedskoj i neurolo\u0161koj rehabilitaciji. <strong>VECTIS MINI<\/strong> se tako\u0111er koristi u sportskoj, reumatolo\u0161koj i gerijatrijskoj rehabilitaciji.<\/p>\n<p>&nbsp;<\/p>\n<p>&nbsp;<\/p>\n<p style=\"text-align: center;\">\n<\/td>\n<\/tr>\n<\/tbody>\n<\/table>\n<\/div>\n<p>&nbsp;<\/p>\n<h3 style=\"text-align: left;\"><strong>Glavne PREDNOSTI VECTIS MINI ure\u0111aja:<\/strong><\/h3>\n<p>&nbsp;<\/p>\n<div>\n<table style=\"width: 100%; border-collapse: collapse; border-style: hidden;\">\n<tbody>\n<tr>\n<td style=\"width: 50%; vertical-align: middle;\">\n<div style=\"text-align: left;\" data-mrgt=\"60\" data-size=\"medium\"><a href=\"https:\/\/fiziosan.si\/wp-content\/uploads\/2024\/05\/vectis-mini-2.jpg\"><img decoding=\"async\" class=\"alignnone wp-image-3258 size-full\" src=\"https:\/\/fiziosan.si\/wp-content\/uploads\/2024\/05\/vectis-mini-2.jpg\" alt=\"UPOTREBA VECTIS MINI\" width=\"900\" height=\"600\" title=\"\" srcset=\"https:\/\/fiziosan.si\/wp-content\/uploads\/2024\/05\/vectis-mini-2.jpg 900w, https:\/\/fiziosan.si\/wp-content\/uploads\/2024\/05\/vectis-mini-2-300x200.jpg 300w, https:\/\/fiziosan.si\/wp-content\/uploads\/2024\/05\/vectis-mini-2-768x512.jpg 768w, https:\/\/fiziosan.si\/wp-content\/uploads\/2024\/05\/vectis-mini-2-600x400.jpg 600w\" sizes=\"(max-width: 900px) 100vw, 900px\" \/><\/a><\/div>\n<\/td>\n<td style=\"width: 50%; text-align: center; vertical-align: top;\">\n<ul>\n<li style=\"text-align: left;\">Pove\u0107anje opsega <strong>pokreta<\/strong> aktivnim pokretima<\/li>\n<\/ul>\n<ul style=\"text-align: left;\">\n<li>Pove\u0107anje <strong>mi\u0161i\u0107ne snage<\/strong> i <strong>izdr\u017eljivosti<\/strong><\/li>\n<\/ul>\n<ul style=\"text-align: left;\">\n<li>Pobolj\u0161ana <strong>stabilizacija zglobova<\/strong> proprioceptivnom reedukacijom<\/li>\n<\/ul>\n<ul>\n<li style=\"text-align: left;\">Pobolj\u0161ana <strong>koordinacija mi\u0161i\u0107a<\/strong><\/li>\n<\/ul>\n<p>&nbsp;<\/td>\n<\/tr>\n<\/tbody>\n<\/table>\n<\/div>\n<p>&nbsp;<\/p>\n<h3 style=\"text-align: center;\"><strong>Mogu\u0107nosti primjene koje nudi ure\u0111aj<\/strong><\/h3>\n<p>&nbsp;<\/p>\n<div>\n<table style=\"width: 100%; border-collapse: collapse; border-style: hidden; height: 320px;\" border=\"0\">\n<tbody>\n<tr style=\"height: 320px;\">\n<td style=\"width: 33%; height: 320px;\"><a href=\"https:\/\/fiziosan.si\/wp-content\/uploads\/2024\/05\/IMG_1436-300x200.jpg\"><img loading=\"lazy\" decoding=\"async\" class=\"alignnone wp-image-3149 size-medium\" src=\"https:\/\/fiziosan.si\/wp-content\/uploads\/2024\/05\/IMG_1436-300x200.jpg\" alt=\"KORISTITI\" width=\"300\" height=\"200\" title=\"\" srcset=\"https:\/\/fiziosan.si\/wp-content\/uploads\/2024\/05\/IMG_1436-300x200.jpg 300w, https:\/\/fiziosan.si\/wp-content\/uploads\/2024\/05\/IMG_1436-1024x683.jpg 1024w, https:\/\/fiziosan.si\/wp-content\/uploads\/2024\/05\/IMG_1436-768x512.jpg 768w, https:\/\/fiziosan.si\/wp-content\/uploads\/2024\/05\/IMG_1436-1536x1024.jpg 1536w, https:\/\/fiziosan.si\/wp-content\/uploads\/2024\/05\/IMG_1436-600x400.jpg 600w, https:\/\/fiziosan.si\/wp-content\/uploads\/2024\/05\/IMG_1436-1620x1080.jpg 1620w, https:\/\/fiziosan.si\/wp-content\/uploads\/2024\/05\/IMG_1436.jpg 1920w\" sizes=\"(max-width: 300px) 100vw, 300px\" \/><\/a><\/p>\n<p>&nbsp;<\/p>\n<p>Mjerenje <strong>raspona pokreta<\/strong> .<\/td>\n<td style=\"width: 33%; height: 320px;\"><a href=\"https:\/\/fiziosan.si\/wp-content\/uploads\/2024\/05\/I29A6675-300x200.jpg\"><img loading=\"lazy\" decoding=\"async\" class=\"alignnone wp-image-3256 size-medium\" src=\"https:\/\/fiziosan.si\/wp-content\/uploads\/2024\/05\/I29A6675-300x200.jpg\" alt=\"VJE\u017dBE\" width=\"300\" height=\"200\" title=\"\" srcset=\"https:\/\/fiziosan.si\/wp-content\/uploads\/2024\/05\/I29A6675-300x200.jpg 300w, https:\/\/fiziosan.si\/wp-content\/uploads\/2024\/05\/I29A6675-1024x683.jpg 1024w, https:\/\/fiziosan.si\/wp-content\/uploads\/2024\/05\/I29A6675-768x512.jpg 768w, https:\/\/fiziosan.si\/wp-content\/uploads\/2024\/05\/I29A6675-1536x1024.jpg 1536w, https:\/\/fiziosan.si\/wp-content\/uploads\/2024\/05\/I29A6675-600x400.jpg 600w, https:\/\/fiziosan.si\/wp-content\/uploads\/2024\/05\/I29A6675-1620x1080.jpg 1620w, https:\/\/fiziosan.si\/wp-content\/uploads\/2024\/05\/I29A6675.jpg 1920w\" sizes=\"(max-width: 300px) 100vw, 300px\" \/><\/a><\/p>\n<p>&nbsp;<\/p>\n<p><strong>Dinami\u010dne<\/strong> vje\u017ebe.<\/p>\n<p> Vje\u017ebe <strong>s integriranom biofeedbackom u stvarnom vremenu<\/strong> .<\/td>\n<td style=\"width: 33%; height: 320px;\"><a href=\"https:\/\/fiziosan.si\/wp-content\/uploads\/2024\/05\/I29A6596-300x200.jpg\"><img loading=\"lazy\" decoding=\"async\" class=\"alignnone wp-image-3157 size-medium\" src=\"https:\/\/fiziosan.si\/wp-content\/uploads\/2024\/05\/I29A6596-300x200.jpg\" alt=\"KORISTITI\" width=\"300\" height=\"200\" title=\"\" srcset=\"https:\/\/fiziosan.si\/wp-content\/uploads\/2024\/05\/I29A6596-300x200.jpg 300w, https:\/\/fiziosan.si\/wp-content\/uploads\/2024\/05\/I29A6596-1024x683.jpg 1024w, https:\/\/fiziosan.si\/wp-content\/uploads\/2024\/05\/I29A6596-768x512.jpg 768w, https:\/\/fiziosan.si\/wp-content\/uploads\/2024\/05\/I29A6596-1536x1024.jpg 1536w, https:\/\/fiziosan.si\/wp-content\/uploads\/2024\/05\/I29A6596-600x400.jpg 600w, https:\/\/fiziosan.si\/wp-content\/uploads\/2024\/05\/I29A6596-1620x1080.jpg 1620w, https:\/\/fiziosan.si\/wp-content\/uploads\/2024\/05\/I29A6596.jpg 1920w\" sizes=\"(max-width: 300px) 100vw, 300px\" \/><\/a><\/p>\n<p>&nbsp;<\/p>\n<p><strong>Objektivizacija<\/strong> procesa rehabilitacije.<\/p>\n<p> <strong>Prilago\u0111avanje razine te\u017eine<\/strong> vje\u017ebe trenutnim potrebama pacijenta.<\/td>\n<\/tr>\n<\/tbody>\n<\/table>\n<\/div>\n<p>&nbsp;<\/p>\n<p>&nbsp;<\/p>\n<div>\n<table style=\"width: 100%; border-collapse: collapse; border-style: hidden;\">\n<tbody>\n<tr>\n<td style=\"width: 50%; vertical-align: middle;\">\n<div style=\"text-align: center;\" data-mrgt=\"60\" data-size=\"medium\"><a href=\"https:\/\/fiziosan.si\/wp-content\/uploads\/2024\/05\/I29A6601-1024x683.jpg\"><img loading=\"lazy\" decoding=\"async\" class=\"alignnone wp-image-3158 size-large\" src=\"https:\/\/fiziosan.si\/wp-content\/uploads\/2024\/05\/I29A6601-1024x683.jpg\" alt=\"\" width=\"1024\" height=\"683\" title=\"\" srcset=\"https:\/\/fiziosan.si\/wp-content\/uploads\/2024\/05\/I29A6601-1024x683.jpg 1024w, https:\/\/fiziosan.si\/wp-content\/uploads\/2024\/05\/I29A6601-300x200.jpg 300w, https:\/\/fiziosan.si\/wp-content\/uploads\/2024\/05\/I29A6601-768x512.jpg 768w, https:\/\/fiziosan.si\/wp-content\/uploads\/2024\/05\/I29A6601-1536x1024.jpg 1536w, https:\/\/fiziosan.si\/wp-content\/uploads\/2024\/05\/I29A6601-600x400.jpg 600w, https:\/\/fiziosan.si\/wp-content\/uploads\/2024\/05\/I29A6601-1620x1080.jpg 1620w, https:\/\/fiziosan.si\/wp-content\/uploads\/2024\/05\/I29A6601.jpg 1920w\" sizes=\"(max-width: 1024px) 100vw, 1024px\" \/><\/a><\/div>\n<\/td>\n<td style=\"width: 50%; text-align: center; vertical-align: middle;\">\n<p style=\"text-align: left;\"><strong><span lang=\"SL\">PRIBOR (nije uklju\u010den u cijenu!)<\/span><\/strong><\/p>\n<p>&nbsp;<\/p>\n<p style=\"text-align: left;\"><span lang=\"SL\">Set dodatne opreme za <strong>VECTIS MINI<\/strong> kao samostalnu stanicu:<\/span><\/p>\n<ul>\n<li style=\"text-align: left;\"><span lang=\"SL\">Stalak za pacijente s televizorom od 43 in\u010da<\/span><\/li>\n<li style=\"text-align: left;\"><span lang=\"SL\">Terapeutski stalak: 22-in\u010dni terapeutski zaslon osjetljiv na dodir, ra\u010dunalo, tipkovnica<\/span><\/li>\n<\/ul>\n<p style=\"text-align: left;\"><span lang=\"SL\">Komplet dodatne opreme za <strong>VECTIS MINI<\/strong> s terapijskom radnom stanicom:<\/span><\/p>\n<ul>\n<li style=\"text-align: left;\">Stalak za pacijente s 43-in\u010dnim TV-om, ra\u010dunalom i tipkovnicom<\/li>\n<\/ul>\n<p style=\"text-align: left;\">Terapeutska radna stanica:<\/p>\n<ul>\n<li style=\"text-align: left;\">Stalak s 22-in\u010dnim monitorom, ra\u010dunalom, tipkovnicom i WiFi ruterom<\/li>\n<\/ul>\n<\/td>\n<\/tr>\n<\/tbody>\n<\/table>\n<\/div>\n<p>&nbsp;<\/p>\n<div>\n<h3 class=\"col-xs-12 col-sm-6\" style=\"text-align: center;\">ACX.Rehab &#8211; KONCEPT FUNKCIONALNE REHABILITACIJE U OKRU\u017dENJU VIRTUALNE STVARNOSTI<\/h3>\n<\/div>\n<p>&nbsp;<\/p>\n<div>\n<table class=\"table brez-roba\" style=\"border-style: hidden; width: 100%; background-color: lightgrey;\">\n<tbody>\n<tr class=\"table brez-roba\">\n<td style=\"vertical-align: top; width: 100%;\"><strong>ACX.Rehab<\/strong> je koncept funkcionalnog lije\u010denja <strong>virtualnom stvarno\u0161\u0107u<\/strong> . Kombinira provjerene klasi\u010dne metode terapije s mogu\u0107nostima <strong>inovativne tehnologije.<\/strong> <\/p>\n<ul>\n<li>Evaluacija i terapijske mogu\u0107nosti stabilometrijskih, dinamometrijskih i platformi za ravnote\u017eu.<\/li>\n<li>Mogu\u0107nosti rehabilitacije s medicinskim ure\u0111ajima koji rade pod kontrolom sigurnog elasti\u010dnog otpora.<\/li>\n<li>Kognitivni trening za podr\u0161ku pacijentima s mentalnim poreme\u0107ajima.<\/li>\n<li>Softver omogu\u0107uje kori\u0161tenje virtualne stvarnosti i pove\u0107ava motivaciju pacijenata.<\/li>\n<li>EBM \u2013 prikupljanje podataka za terapeuta kako bi procijenio ishode pacijenta i planirao individualni tretman.<\/li>\n<\/ul>\n<\/td>\n<\/tr>\n<tr class=\"table brez-roba\">\n<td style=\"vertical-align: top; width: 100%; background-color: darkgrey;\"><strong>PLO\u010cE ZA PRITISKU<\/strong><\/p>\n<p>Trening ravnote\u017ee i posture na stabilnim i nestabilnim povr\u0161inama: stabilometrijske, dinamometrijske i platforme za ravnote\u017eu.<\/p>\n<p>&nbsp;<\/p>\n<p><strong>TERAPIJA GORNJIH UDOVA<\/strong><\/p>\n<p>Ure\u0111aj je namijenjen za terapiju gornjih udova: ru\u010dnog zgloba, lakta, ramenog zgloba, pokreta, koordinacije i propriocepcije.<\/p>\n<p>&nbsp;<\/p>\n<p><strong>TERAPIJA DONJIH UDOVA  <\/strong><\/p>\n<p>Ure\u0111aj je namijenjen terapiji donjih ekstremiteta u otvorenom ili zatvorenom kinemati\u010dkom lancu: trening snage, izdr\u017eljivosti i stabilnosti.<\/p>\n<p>&nbsp;<\/p>\n<p><strong>KOGNITIVNI TRENING<\/strong><\/p>\n<p>Kognitivna terapija usmjerena na pam\u0107enje, rje\u0161avanje problema, podijeljenu pa\u017enju i to\u010dnost pokreta.<\/td>\n<\/tr>\n<\/tbody>\n<\/table>\n<\/div>\n","protected":false},"excerpt":{"rendered":"<strong>VECTIS MINI<\/strong> je ure\u0111aj koji koristi <strong>elasti\u010dni otpor<\/strong> za sveobuhvatnu rehabilitaciju ramenog zgloba. <strong>VECTIS MINI,<\/strong> kao dio koncepta <strong>ACX.Rehab<\/strong> , koristi softver koji omogu\u0107uje pacijentu da bude svjestan izazova i napretka u rehabilitaciji, \u0161to pove\u0107ava motivaciju pacijenta.\n\n<strong>ACX.Rehab<\/strong> je koncept funkcionalnog lije\u010denja virtualnom stvarno\u0161\u0107u. Kombinira provjerene klasi\u010dne metode terapije s mogu\u0107nostima inovativne tehnologije. ","protected":false},"featured_media":7442,"template":"","meta":{"_acf_changed":false},"pwb-brand":[1051],"product_cat":[404,405,416],"product_tag":[],"class_list":{"0":"post-8744","1":"product","2":"type-product","3":"status-publish","4":"has-post-thumbnail","6":"pwb-brand-technomex","7":"product_cat-rehabilitacija-hr","8":"product_cat-ruka","9":"product_cat-vectis-mini-terapija-ramena-rotacija","11":"first","12":"outofstock","13":"taxable","14":"shipping-taxable","15":"product-type-simple"},"acf":[],"brands":[{"id":1051,"name":"Technomex","slug":"technomex"}],"_links":{"self":[{"href":"https:\/\/fiziosan.si\/hr\/wp-json\/wp\/v2\/product\/8744"}],"collection":[{"href":"https:\/\/fiziosan.si\/hr\/wp-json\/wp\/v2\/product"}],"about":[{"href":"https:\/\/fiziosan.si\/hr\/wp-json\/wp\/v2\/types\/product"}],"version-history":[{"count":1,"href":"https:\/\/fiziosan.si\/hr\/wp-json\/wp\/v2\/product\/8744\/revisions"}],"predecessor-version":[{"id":8883,"href":"https:\/\/fiziosan.si\/hr\/wp-json\/wp\/v2\/product\/8744\/revisions\/8883"}],"wp:featuredmedia":[{"embeddable":true,"href":"https:\/\/fiziosan.si\/hr\/wp-json\/wp\/v2\/media\/7442"}],"wp:attachment":[{"href":"https:\/\/fiziosan.si\/hr\/wp-json\/wp\/v2\/media?parent=8744"}],"wp:term":[{"taxonomy":"pwb-brand","embeddable":true,"href":"https:\/\/fiziosan.si\/hr\/wp-json\/wp\/v2\/pwb-brand?post=8744"},{"taxonomy":"product_cat","embeddable":true,"href":"https:\/\/fiziosan.si\/hr\/wp-json\/wp\/v2\/product_cat?post=8744"},{"taxonomy":"product_tag","embeddable":true,"href":"https:\/\/fiziosan.si\/hr\/wp-json\/wp\/v2\/product_tag?post=8744"}],"curies":[{"name":"wp","href":"https:\/\/api.w.org\/{rel}","templated":true}]}}