{"id":8738,"date":"2024-05-26T06:56:25","date_gmt":"2024-05-26T06:56:25","guid":{"rendered":"https:\/\/fiziosan.si\/izdelek\/x-cogni\/"},"modified":"2025-07-29T13:32:46","modified_gmt":"2025-07-29T13:32:46","slug":"x-cogni","status":"publish","type":"product","link":"https:\/\/fiziosan.si\/hr\/proizvod\/x-cogni\/","title":{"rendered":"X-Cogni"},"content":{"rendered":"<p>&nbsp;<\/p>\n<h3 style=\"text-align: left;\"><strong>Glavne PREDNOSTI X-Cogni ure\u0111aja:<\/strong><\/h3>\n<ul>\n<li>testovi i vje\u017ebe usmjerene na <strong>vizualno-motori\u010dke sposobnosti<\/strong> i <strong>kognitivne funkcije<\/strong> (podijeljena pa\u017enja, pam\u0107enje, rje\u0161avanje problema),<\/li>\n<li>procjena i terapija usmjerena na <strong>motori\u010dku funkciju<\/strong> i <strong>snagu gornjih ekstremiteta<\/strong> (opseg pokreta i snaga),<\/li>\n<li>terapija na temelju rezultata testova i napretka pacijentove terapije,<\/li>\n<li>set alata za svakodnevne aktivnosti: \u010da\u0161a, valjak, alat za rotaciju i povla\u010denje,<\/li>\n<li>jednostavno pode\u0161avanje podru\u010dja <strong>zaslona osjetljivog na<\/strong> dodir i polo\u017eaja markera,<\/li>\n<li><strong>virtualna stvarnost i biofeedback<\/strong> , koji podr\u017eavaju motivaciju pacijenata i br\u017ee postizanje terapijskog napretka,<\/li>\n<li><strong>Mogu\u0107nost integracije s centralnom bazom podataka terapeuta<\/strong> i drugim ure\u0111ajima za rehabilitaciju gornjih i donjih ekstremiteta.<\/li>\n<\/ul>\n<p>&nbsp;<\/p>\n<div>\n<h3 class=\"col-xs-12 col-sm-6\" style=\"text-align: center;\">ACX.Rehab &#8211; KONCEPT FUNKCIONALNE REHABILITACIJE U OKRU\u017dENJU VIRTUALNE STVARNOSTI<\/h3>\n<\/div>\n<p>&nbsp;<\/p>\n<div>\n<table class=\"table brez-roba\" style=\"border-style: hidden; width: 100%; background-color: lightgrey;\">\n<tbody>\n<tr class=\"table brez-roba\">\n<td style=\"vertical-align: top; width: 100%;\"><strong>ACX.Rehab<\/strong> je koncept funkcionalnog lije\u010denja <strong>virtualnom stvarno\u0161\u0107u<\/strong> . Kombinira provjerene klasi\u010dne metode terapije s mogu\u0107nostima <strong>inovativne tehnologije.<\/strong> <\/p>\n<ul>\n<li>Evaluacija i terapijske mogu\u0107nosti stabilometrijskih, dinamometrijskih i platformi za ravnote\u017eu.<\/li>\n<li>Mogu\u0107nosti rehabilitacije s medicinskim ure\u0111ajima koji rade pod kontrolom sigurnog elasti\u010dnog otpora.<\/li>\n<li>Kognitivni trening za podr\u0161ku pacijentima s mentalnim poreme\u0107ajima.<\/li>\n<li>Softver omogu\u0107uje kori\u0161tenje virtualne stvarnosti i pove\u0107ava motivaciju pacijenata.<\/li>\n<li>EBM \u2013 prikupljanje podataka za terapeuta kako bi procijenio ishode pacijenta i planirao individualni tretman.<\/li>\n<\/ul>\n<\/td>\n<\/tr>\n<tr class=\"table brez-roba\">\n<td style=\"vertical-align: top; width: 100%; background-color: darkgrey;\"><strong>PLO\u010cE ZA PRITISKU<\/strong><\/p>\n<p>Trening ravnote\u017ee i posture na stabilnim i nestabilnim povr\u0161inama: stabilometrijske, dinamometrijske i platforme za ravnote\u017eu.<\/p>\n<p>&nbsp;<\/p>\n<p><strong>TERAPIJA GORNJIH UDOVA<\/strong><\/p>\n<p>Ure\u0111aj je namijenjen za terapiju gornjih udova: ru\u010dnog zgloba, lakta, ramenog zgloba, pokreta, koordinacije i propriocepcije.<\/p>\n<p>&nbsp;<\/p>\n<p><strong>TERAPIJA DONJIH UDOVA  <\/strong><\/p>\n<p>Ure\u0111aj je namijenjen terapiji donjih ekstremiteta u otvorenom ili zatvorenom kinemati\u010dkom lancu: trening snage, izdr\u017eljivosti i stabilnosti.<\/p>\n<p>&nbsp;<\/p>\n<p><strong>KOGNITIVNI TRENING<\/strong><\/p>\n<p>Kognitivna terapija usmjerena na pam\u0107enje, rje\u0161avanje problema, podijeljenu pa\u017enju i to\u010dnost pokreta.<\/td>\n<\/tr>\n<\/tbody>\n<\/table>\n<\/div>\n","protected":false},"excerpt":{"rendered":"<strong>X-Cogni<\/strong> je multisenzorni ure\u0111aj za ru\u010dnu i kognitivnu terapiju. Kao dio koncepta <strong>ACX.Rehab<\/strong> <strong>, X-Cogni<\/strong> koristi softver koji pacijentu omogu\u0107uje da bude svjestan izazova i napretka u rehabilitaciji, \u0161to pove\u0107ava pacijentovu motivaciju.\n\n<strong>ACX.Rehab<\/strong> je koncept funkcionalnog lije\u010denja virtualnom stvarno\u0161\u0107u. Kombinira provjerene klasi\u010dne metode terapije s mogu\u0107nostima inovativne tehnologije. ","protected":false},"featured_media":7458,"template":"","meta":{"_acf_changed":false},"pwb-brand":[1051],"product_cat":[404,405,408],"product_tag":[],"class_list":{"0":"post-8738","1":"product","2":"type-product","3":"status-publish","4":"has-post-thumbnail","6":"pwb-brand-technomex","7":"product_cat-rehabilitacija-hr","8":"product_cat-ruka","9":"product_cat-x-cogni-multisenzorni-uredaj-za-tretman-ruku-i-terapiju-kognitivnih-funkcija","11":"first","12":"outofstock","13":"taxable","14":"shipping-taxable","15":"product-type-simple"},"acf":[],"brands":[{"id":1051,"name":"Technomex","slug":"technomex"}],"_links":{"self":[{"href":"https:\/\/fiziosan.si\/hr\/wp-json\/wp\/v2\/product\/8738"}],"collection":[{"href":"https:\/\/fiziosan.si\/hr\/wp-json\/wp\/v2\/product"}],"about":[{"href":"https:\/\/fiziosan.si\/hr\/wp-json\/wp\/v2\/types\/product"}],"version-history":[{"count":1,"href":"https:\/\/fiziosan.si\/hr\/wp-json\/wp\/v2\/product\/8738\/revisions"}],"predecessor-version":[{"id":8881,"href":"https:\/\/fiziosan.si\/hr\/wp-json\/wp\/v2\/product\/8738\/revisions\/8881"}],"wp:featuredmedia":[{"embeddable":true,"href":"https:\/\/fiziosan.si\/hr\/wp-json\/wp\/v2\/media\/7458"}],"wp:attachment":[{"href":"https:\/\/fiziosan.si\/hr\/wp-json\/wp\/v2\/media?parent=8738"}],"wp:term":[{"taxonomy":"pwb-brand","embeddable":true,"href":"https:\/\/fiziosan.si\/hr\/wp-json\/wp\/v2\/pwb-brand?post=8738"},{"taxonomy":"product_cat","embeddable":true,"href":"https:\/\/fiziosan.si\/hr\/wp-json\/wp\/v2\/product_cat?post=8738"},{"taxonomy":"product_tag","embeddable":true,"href":"https:\/\/fiziosan.si\/hr\/wp-json\/wp\/v2\/product_tag?post=8738"}],"curies":[{"name":"wp","href":"https:\/\/api.w.org\/{rel}","templated":true}]}}