{"id":8731,"date":"2024-08-11T20:25:04","date_gmt":"2024-08-11T20:25:04","guid":{"rendered":"https:\/\/fiziosan.si\/izdelek\/pogresno\/"},"modified":"2025-07-31T16:34:45","modified_gmt":"2025-07-31T16:34:45","slug":"magnetska-indukcijska-stimulacija-mis","status":"publish","type":"product","link":"https:\/\/fiziosan.si\/hr\/proizvod\/magnetska-indukcijska-stimulacija-mis\/","title":{"rendered":"MIS &#8211; Magnetska indukcijska stimulacija"},"content":{"rendered":"<p>&nbsp;<\/p>\n<h3 style=\"text-align: left;\">Za\u0161to odabrati <strong data-start=\"1126\" data-end=\"1168\">MIS \u2013 stimulaciju magnetskom indukcijom<\/strong> ?<\/h3>\n<p>&nbsp;<\/p>\n<div>\n<table class=\"table brez-roba\" style=\"border-style: hidden; width: 100%;\">\n<tbody>\n<tr class=\"table brez-roba\">\n<td style=\"vertical-align: middle; width: 50.2534%;\">\n<ul>\n<li><strong>Kratko vrijeme lije\u010denja<\/strong> : brzi u\u010dinak zacjeljivanja.<\/li>\n<\/ul>\n<ul>\n<li><strong>Bezbolan postupak:<\/strong> nema boli ili nelagode.<\/li>\n<\/ul>\n<ul>\n<li><strong>Neinvazivna terapija:<\/strong> bez kirur\u0161kih zahvata ili dugotrajnog oporavka.<\/li>\n<\/ul>\n<ul>\n<li><strong>Fokus na dobrobit:<\/strong> holisti\u010dko pobolj\u0161anje zdravlja.<\/li>\n<\/ul>\n<ul>\n<li><strong>\u0160irok raspon<\/strong> : koristan za mnoge patologije.<\/li>\n<\/ul>\n<ul>\n<li><strong>U\u010dinak lije\u010denja:<\/strong> uspje\u0161an rezultat lije\u010denja je dugotrajan.<\/li>\n<\/ul>\n<ul>\n<li><strong>Iznimni rezultati:<\/strong> na\u0161a metoda omogu\u0107uje funkcionalnu optimizaciju tijela, \u0161to donosi u\u010dinkovite i dugotrajne rezultate.<\/li>\n<\/ul>\n<\/td>\n<td style=\"width: 49.7466%;\"><a href=\"https:\/\/fiziosan.si\/wp-content\/uploads\/2024\/08\/foto49SM-1024x628.jpg\"><img fetchpriority=\"high\" decoding=\"async\" class=\"alignnone wp-image-3628 size-large\" src=\"https:\/\/fiziosan.si\/wp-content\/uploads\/2024\/08\/foto49SM-1024x628.jpg\" alt=\"MIS terapija\" width=\"1024\" height=\"628\" title=\"\" srcset=\"https:\/\/fiziosan.si\/wp-content\/uploads\/2024\/08\/foto49SM-1024x628.jpg 1024w, https:\/\/fiziosan.si\/wp-content\/uploads\/2024\/08\/foto49SM-300x184.jpg 300w, https:\/\/fiziosan.si\/wp-content\/uploads\/2024\/08\/foto49SM-768x471.jpg 768w, https:\/\/fiziosan.si\/wp-content\/uploads\/2024\/08\/foto49SM-1536x942.jpg 1536w, https:\/\/fiziosan.si\/wp-content\/uploads\/2024\/08\/foto49SM-2048x1256.jpg 2048w, https:\/\/fiziosan.si\/wp-content\/uploads\/2024\/08\/foto49SM-600x368.jpg 600w, https:\/\/fiziosan.si\/wp-content\/uploads\/2024\/08\/foto49SM-1760x1080.jpg 1760w, https:\/\/fiziosan.si\/wp-content\/uploads\/2024\/08\/foto49SM-1920x1178.jpg 1920w\" sizes=\"(max-width: 1024px) 100vw, 1024px\" \/><\/a><\/td>\n<\/tr>\n<\/tbody>\n<\/table>\n<\/div>\n<p>&nbsp;<\/p>\n<h3 style=\"text-align: left;\"><strong>Glavni u\u010dinci upotrebe u fizioterapiji<\/strong><\/h3>\n<p>&nbsp;<\/p>\n<p>Svojim jedinstvenim ekscitacijskim u\u010dinkom, magnetska stimulacija se zna\u010dajno razlikuje od tradicionalnih terapija.<\/p>\n<div>\n<table style=\"width: 100%; border-collapse: collapse; border-style: hidden;\">\n<tbody>\n<tr>\n<td style=\"width: 50%; vertical-align: middle;\">\n<div style=\"text-align: center;\" data-mrgt=\"60\" data-size=\"medium\"><a href=\"https:\/\/fiziosan.si\/wp-content\/uploads\/2024\/08\/bce96d8f205c2f211482b4b497f22105SM-scaled.jpg\"><img decoding=\"async\" class=\"alignnone wp-image-3625 size-large\" src=\"https:\/\/fiziosan.si\/wp-content\/uploads\/2024\/08\/bce96d8f205c2f211482b4b497f22105SM-1024x702.jpg\" alt=\"POGRE\u0160NO\" width=\"1024\" height=\"702\" title=\"\" srcset=\"https:\/\/fiziosan.si\/wp-content\/uploads\/2024\/08\/bce96d8f205c2f211482b4b497f22105SM-1024x702.jpg 1024w, https:\/\/fiziosan.si\/wp-content\/uploads\/2024\/08\/bce96d8f205c2f211482b4b497f22105SM-300x206.jpg 300w, https:\/\/fiziosan.si\/wp-content\/uploads\/2024\/08\/bce96d8f205c2f211482b4b497f22105SM-768x526.jpg 768w, https:\/\/fiziosan.si\/wp-content\/uploads\/2024\/08\/bce96d8f205c2f211482b4b497f22105SM-1536x1053.jpg 1536w, https:\/\/fiziosan.si\/wp-content\/uploads\/2024\/08\/bce96d8f205c2f211482b4b497f22105SM-2048x1404.jpg 2048w, https:\/\/fiziosan.si\/wp-content\/uploads\/2024\/08\/bce96d8f205c2f211482b4b497f22105SM-600x411.jpg 600w, https:\/\/fiziosan.si\/wp-content\/uploads\/2024\/08\/bce96d8f205c2f211482b4b497f22105SM-1575x1080.jpg 1575w, https:\/\/fiziosan.si\/wp-content\/uploads\/2024\/08\/bce96d8f205c2f211482b4b497f22105SM-1920x1316.jpg 1920w\" sizes=\"(max-width: 1024px) 100vw, 1024px\" \/><\/a><\/div>\n<\/td>\n<td style=\"width: 50%; text-align: center; vertical-align: middle;\">\n<ul>\n<li style=\"text-align: left;\">MIS poti\u010de proizvodnju prirodnih endorfina i stoga je vrlo u\u010dinkovit u ubla\u017eavanju boli, posebno kod stanja poput osteoartritisa, fibromialgije i postoperativne boli.<\/li>\n<\/ul>\n<ul>\n<li style=\"text-align: left;\">Istra\u017eivanja pokazuju da MIS terapija poma\u017ee u smanjenju upale.<\/li>\n<\/ul>\n<ul>\n<li style=\"text-align: left;\">Terapija magnetskom stimulacijom dokazano je u\u010dinkovita u zacjeljivanju kostiju i poma\u017ee kod osteoporoze.<\/li>\n<\/ul>\n<ul>\n<li style=\"text-align: left;\">Neke studije pokazuju da MIS terapija poma\u017ee u pobolj\u0161anju kvalitete i trajanja sna. Smatra se da MIS utje\u010de na obrasce mo\u017edanih valova i poti\u010de opu\u0161tanje.<\/li>\n<\/ul>\n<\/td>\n<\/tr>\n<\/tbody>\n<\/table>\n<\/div>\n<p>&nbsp;<\/p>\n<div>\n<table style=\"width: 100%; border-collapse: collapse; border-style: hidden;\">\n<tbody>\n<tr>\n<td style=\"width: 50%; text-align: center; vertical-align: middle;\">\n<ul>\n<li style=\"text-align: left;\"><strong>Poticanje zacjeljivanja:<\/strong> Ova metoda mo\u017ee potaknuti stvaranje novih krvnih \u017eila i time pobolj\u0161ati cirkulaciju krvi u podru\u010dju ozljede, \u0161to poma\u017ee tkivima da br\u017ee zacjeljuju.<\/li>\n<\/ul>\n<ul>\n<li style=\"text-align: left;\"><strong>U\u010dinkovitost kod kroni\u010dnih stanja:<\/strong> Fokusirani udarni valovi pokazali su se vrlo u\u010dinkovitima u lije\u010denju kroni\u010dnih bolnih stanja poput plantarnog fasciitisa, tendinitisa i drugih oblika kroni\u010dnih tendinopatija.<\/li>\n<\/ul>\n<ul>\n<li style=\"text-align: left;\"><strong>Mala vjerojatnost ponovne pojave simptoma:<\/strong> Fokusirana terapija udarnim valovima mo\u017ee dovesti do dugotrajnijih pobolj\u0161anja i manje vjerojatnosti ponovne pojave boli.<\/li>\n<\/ul>\n<\/td>\n<td style=\"width: 50%; vertical-align: middle;\">\n<div style=\"text-align: center;\" data-mrgt=\"60\" data-size=\"medium\"><a href=\"https:\/\/fiziosan.si\/wp-content\/uploads\/2024\/08\/mis2-252x300.png\"><img decoding=\"async\" class=\"alignnone wp-image-3632\" src=\"https:\/\/fiziosan.si\/wp-content\/uploads\/2024\/08\/mis2-252x300.png\" alt=\"MIS terapija\" width=\"400\" height=\"476\" title=\"\" srcset=\"https:\/\/fiziosan.si\/wp-content\/uploads\/2024\/08\/mis2-252x300.png 252w, https:\/\/fiziosan.si\/wp-content\/uploads\/2024\/08\/mis2-504x600.png 504w, https:\/\/fiziosan.si\/wp-content\/uploads\/2024\/08\/mis2.png 556w\" sizes=\"(max-width: 400px) 100vw, 400px\" \/><\/a><\/div>\n<\/td>\n<\/tr>\n<\/tbody>\n<\/table>\n<\/div>\n<p>&nbsp;<\/p>\n<div>\n<h3 class=\"col-xs-12 col-sm-6\" style=\"text-align: center;\">Inovativna tehnologija<\/h3>\n<\/div>\n<p><strong>Otkrijte mo\u0107 magnetske indukcijske stimulacije<\/strong><\/p>\n<p>Elektromagnetska indukcijska stimulacija klju\u010d je na\u0161eg inovativnog ure\u0111aja koji pru\u017ea iznimne terapijske rezultate. S na\u0161om tehnologijom posti\u0107i \u0107ete optimalne rezultate u rehabilitaciji i pobolj\u0161anju fizi\u010dkog blagostanja svojih klijenata. Odaberite napredno rje\u0161enje za svoju praksu. <strong>Pridru\u017eite se brojnim zadovoljnim korisnicima koji su ve\u0107 otkrili mo\u0107 inovativne rehabilitacije!<\/strong><\/p>\n<p>&nbsp;<\/p>\n<div>\n<table class=\"table brez-roba\" style=\"border-style: hidden; width: 100%; background-color: lightgrey;\">\n<tbody>\n<tr class=\"table brez-roba\">\n<td style=\"vertical-align: top; width: 100%;\">\n<ul>\n<li><strong>Inovativna tehnologija:<\/strong> koristimo pulsiraju\u0107e magnetsko polje visokog intenziteta koje specifi\u010dno optimizira funkcioniranje razli\u010ditih biolo\u0161kih sustava.<\/li>\n<\/ul>\n<ul>\n<li><strong>Brze promjene:<\/strong> jakosti magnetskog polja stvaraju elektri\u010dne struje u neuronima, \u0161to omogu\u0107uje stimulaciju mi\u0161i\u0107a.<\/li>\n<\/ul>\n<ul>\n<li><strong>Akcijski potencijal:<\/strong> Kada elektromagnetska struja dosegne odre\u0111enu vrijednost, aktivira se akcijski potencijal, \u0161to je klju\u010dno za u\u010dinkovitu terapiju.<\/li>\n<\/ul>\n<ul>\n<li><strong>Kontrakcija mi\u0161i\u0107a:<\/strong> Na odre\u0111enoj frekvenciji, motorni neuron se depolarizira i \u0161alje signal neuromotornoj jedinici, uzrokuju\u0107i kontrakciju mi\u0161i\u0107a.<\/li>\n<\/ul>\n<\/td>\n<\/tr>\n<\/tbody>\n<\/table>\n<\/div>\n","protected":false},"excerpt":{"rendered":"<strong>Magnetska indukcijska stimulacija (MIS)<\/strong> je revolucionarna terapija koja pru\u017ea iznimne rezultate kroz inovativan pristup.\r\n\r\n&nbsp;\r\n\r\nObnavlja i stimulira nezdrave stanice pobolj\u0161anom <strong>oksigenacijom<\/strong> i <strong>cirkulacijom<\/strong> , vra\u0107aju\u0107i im normalnu funkciju. Tako\u0111er pobolj\u0161ava <strong>stani\u010dnu apsorpciju kisika<\/strong> i <strong>hranjivih tvari<\/strong> , istovremeno <strong>uklanjaju\u0107i toksine<\/strong> , \u0161to smanjuje upalu i bol te skra\u0107uje vrijeme oporavka.","protected":false},"featured_media":7136,"template":"","meta":{"_acf_changed":false},"pwb-brand":[1057],"product_cat":[358,407],"product_tag":[],"class_list":{"0":"post-8731","1":"product","2":"type-product","3":"status-publish","4":"has-post-thumbnail","6":"pwb-brand-fiziosan","7":"product_cat-fizioterapija-hr","8":"product_cat-magnetska-terapija","10":"first","11":"outofstock","12":"purchasable","13":"product-type-simple"},"acf":[],"brands":[{"id":1057,"name":"Fiziosan","slug":"fiziosan"}],"_links":{"self":[{"href":"https:\/\/fiziosan.si\/hr\/wp-json\/wp\/v2\/product\/8731"}],"collection":[{"href":"https:\/\/fiziosan.si\/hr\/wp-json\/wp\/v2\/product"}],"about":[{"href":"https:\/\/fiziosan.si\/hr\/wp-json\/wp\/v2\/types\/product"}],"version-history":[{"count":4,"href":"https:\/\/fiziosan.si\/hr\/wp-json\/wp\/v2\/product\/8731\/revisions"}],"predecessor-version":[{"id":11252,"href":"https:\/\/fiziosan.si\/hr\/wp-json\/wp\/v2\/product\/8731\/revisions\/11252"}],"wp:featuredmedia":[{"embeddable":true,"href":"https:\/\/fiziosan.si\/hr\/wp-json\/wp\/v2\/media\/7136"}],"wp:attachment":[{"href":"https:\/\/fiziosan.si\/hr\/wp-json\/wp\/v2\/media?parent=8731"}],"wp:term":[{"taxonomy":"pwb-brand","embeddable":true,"href":"https:\/\/fiziosan.si\/hr\/wp-json\/wp\/v2\/pwb-brand?post=8731"},{"taxonomy":"product_cat","embeddable":true,"href":"https:\/\/fiziosan.si\/hr\/wp-json\/wp\/v2\/product_cat?post=8731"},{"taxonomy":"product_tag","embeddable":true,"href":"https:\/\/fiziosan.si\/hr\/wp-json\/wp\/v2\/product_tag?post=8731"}],"curies":[{"name":"wp","href":"https:\/\/api.w.org\/{rel}","templated":true}]}}