{"id":8729,"date":"2024-08-10T19:16:28","date_gmt":"2024-08-10T19:16:28","guid":{"rendered":"https:\/\/fiziosan.si\/izdelek\/fizio-focus\/"},"modified":"2025-07-30T06:38:43","modified_gmt":"2025-07-30T06:38:43","slug":"fizio-focus","status":"publish","type":"product","link":"https:\/\/fiziosan.si\/hr\/proizvod\/fizio-focus\/","title":{"rendered":"Fizio FOCUS"},"content":{"rendered":"<h3><\/h3>\n<p>&nbsp;<\/p>\n<div>\n<table class=\"table brez-roba\" style=\"border-style: hidden; width: 100%;\">\n<tbody>\n<tr class=\"table brez-roba\">\n<td style=\"vertical-align: middle; width: 50.2534%;\">\n<h3>Fiziosan Focus \u2013 fokusirana terapija udarnim valovima za ciljano lije\u010denje boli<\/h3>\n<p>&nbsp;<\/p>\n<p><strong>Terapija fokusiranim udarnim valovima<\/strong> popularna je metoda u fizioterapiji za lije\u010denje raznih bolnih stanja, posebno onih koja zahva\u0107aju mi\u0161i\u0107e, tetive i ligamente. Ova tehnika koristi <strong>kratki val energije<\/strong> koji je precizno usmjeren na zahva\u0107ena tkiva. <\/p>\n<p>&nbsp;<\/p>\n<p><span lang=\"SL\"><strong>Fizio FOCUS<\/strong> uklju\u010duje konzolni sustav <strong>koji ne zahtijeva odr\u017eavanje<\/strong> , pove\u0107avaju\u0107i profitabilnost va\u0161eg poslovanja. Ugra\u0111eni elektroni\u010dki generator ne zahtijeva odr\u017eavanje ili servisiranje, osiguravaju\u0107i <strong>neprekidan rad<\/strong> . <\/span><\/td>\n<td style=\"width: 49.7466%;\"><a href=\"https:\/\/fiziosan.si\/wp-content\/uploads\/2025\/02\/Fizio-focus-terapija3-1024x768.jpg\"><img fetchpriority=\"high\" decoding=\"async\" class=\"alignnone wp-image-4216 size-large\" src=\"https:\/\/fiziosan.si\/wp-content\/uploads\/2025\/02\/Fizio-focus-terapija3-1024x768.jpg\" alt=\"Terapija fokusiranim udarnim valovima na ramenu\" width=\"1024\" height=\"768\" title=\"\" srcset=\"https:\/\/fiziosan.si\/wp-content\/uploads\/2025\/02\/Fizio-focus-terapija3-1024x768.jpg 1024w, https:\/\/fiziosan.si\/wp-content\/uploads\/2025\/02\/Fizio-focus-terapija3-300x225.jpg 300w, https:\/\/fiziosan.si\/wp-content\/uploads\/2025\/02\/Fizio-focus-terapija3-768x576.jpg 768w, https:\/\/fiziosan.si\/wp-content\/uploads\/2025\/02\/Fizio-focus-terapija3-600x450.jpg 600w, https:\/\/fiziosan.si\/wp-content\/uploads\/2025\/02\/Fizio-focus-terapija3.jpg 1067w\" sizes=\"(max-width: 1024px) 100vw, 1024px\" \/><\/a><\/td>\n<\/tr>\n<\/tbody>\n<\/table>\n<\/div>\n<p>&nbsp;<\/p>\n<p>&nbsp;<\/p>\n<div>\n<table style=\"width: 100%; border-collapse: collapse; border-style: hidden;\">\n<tbody>\n<tr>\n<td style=\"width: 50%; vertical-align: middle;\">\n<div style=\"text-align: center;\" data-mrgt=\"60\" data-size=\"medium\"><a href=\"https:\/\/fiziosan.si\/wp-content\/uploads\/2025\/06\/Fizio-focus-Landing-page9-1.webp\"><img decoding=\"async\" class=\"alignnone wp-image-7832 size-full\" src=\"https:\/\/fiziosan.si\/wp-content\/uploads\/2025\/06\/Fizio-focus-Landing-page9-1.webp\" alt=\"\" width=\"800\" height=\"533\" title=\"\" srcset=\"https:\/\/fiziosan.si\/wp-content\/uploads\/2025\/06\/Fizio-focus-Landing-page9-1.webp 800w, https:\/\/fiziosan.si\/wp-content\/uploads\/2025\/06\/Fizio-focus-Landing-page9-1-300x200.webp 300w, https:\/\/fiziosan.si\/wp-content\/uploads\/2025\/06\/Fizio-focus-Landing-page9-1-768x512.webp 768w, https:\/\/fiziosan.si\/wp-content\/uploads\/2025\/06\/Fizio-focus-Landing-page9-1-600x400.webp 600w\" sizes=\"(max-width: 800px) 100vw, 800px\" \/><\/a><\/div>\n<\/td>\n<td style=\"width: 50%; text-align: center; vertical-align: middle;\">\n<h3>7 klju\u010dnih prednosti <strong>Physio FOCUS<\/strong> terapije<\/h3>\n<ul>\n<li style=\"text-align: left;\"><strong>Neinvazivnost:<\/strong> Terapija fokusiranim udarnim valovima je neinvazivan postupak koji ne zahtijeva operaciju ili lijekove, \u0161to zna\u010di da postoji manji rizik od komplikacija i nuspojava. <\/li>\n<\/ul>\n<ul>\n<li style=\"text-align: left;\"><strong>Smanjenje boli: Fizio FOCUS<\/strong> je vrlo u\u010dinkovit u ubla\u017eavanju boli jer poti\u010de prirodne mehanizme tijela za oporavak i smanjenje upale.<\/li>\n<\/ul>\n<ul>\n<li style=\"text-align: left;\"><strong>Brza rehabilitacija:<\/strong> Pacijenti \u010desto prijavljuju brzo pobolj\u0161anje simptoma, \u0161to dovodi do br\u017eeg povratka svakodnevnim aktivnostima i manje potrebe za duljim odmorom ili ograni\u010denjima kretanja.<\/li>\n<\/ul>\n<ul>\n<li style=\"text-align: left;\"><strong>Pove\u0107ana pokretljivost:<\/strong> Smanjenjem boli i upale, fokalni udarni valovi \u010desto pobolj\u0161avaju pokretljivost u zahva\u0107enim podru\u010djima.<\/li>\n<\/ul>\n<\/td>\n<\/tr>\n<\/tbody>\n<\/table>\n<\/div>\n<p>&nbsp;<\/p>\n<div>\n<table style=\"width: 100%; border-collapse: collapse; border-style: hidden;\">\n<tbody>\n<tr>\n<td style=\"width: 50%; text-align: center; vertical-align: top;\">\n<ul>\n<li style=\"text-align: left;\"><strong>Poticanje zacjeljivanja:<\/strong> <strong>Fizio FOCUS<\/strong> metoda mo\u017ee potaknuti stvaranje novih krvnih \u017eila i time pobolj\u0161ati cirkulaciju krvi u podru\u010dju ozljede, \u0161to poma\u017ee tkivima da br\u017ee zacjeljuju.<\/li>\n<\/ul>\n<ul>\n<li style=\"text-align: left;\"><strong>U\u010dinkovitost kod kroni\u010dnih stanja:<\/strong> Fokusirani udarni valovi pokazali su se vrlo u\u010dinkovitima u lije\u010denju kroni\u010dnih bolnih stanja poput plantarnog fasciitisa, tendinitisa i drugih oblika kroni\u010dnih tendinopatija.<\/li>\n<\/ul>\n<ul>\n<li style=\"text-align: left;\"><strong>Mala vjerojatnost ponovne pojave simptoma:<\/strong> Fokusirana terapija udarnim valovima mo\u017ee dovesti do dugotrajnijih pobolj\u0161anja i manje vjerojatnosti ponovne pojave boli.<\/li>\n<\/ul>\n<\/td>\n<td style=\"width: 50%; vertical-align: middle;\">\n<div style=\"text-align: center;\" data-mrgt=\"60\" data-size=\"medium\"><a href=\"https:\/\/fiziosan.si\/wp-content\/uploads\/2025\/02\/Fizio-focus-terapija-6-1024x768.jpg\"><img decoding=\"async\" class=\"alignnone wp-image-4219 size-large\" src=\"https:\/\/fiziosan.si\/wp-content\/uploads\/2025\/02\/Fizio-focus-terapija-6-1024x768.jpg\" alt=\"Terapija fokusiranim udarnim valovima na stopalu\" width=\"1024\" height=\"768\" title=\"\" srcset=\"https:\/\/fiziosan.si\/wp-content\/uploads\/2025\/02\/Fizio-focus-terapija-6-1024x768.jpg 1024w, https:\/\/fiziosan.si\/wp-content\/uploads\/2025\/02\/Fizio-focus-terapija-6-300x225.jpg 300w, https:\/\/fiziosan.si\/wp-content\/uploads\/2025\/02\/Fizio-focus-terapija-6-768x576.jpg 768w, https:\/\/fiziosan.si\/wp-content\/uploads\/2025\/02\/Fizio-focus-terapija-6-600x450.jpg 600w, https:\/\/fiziosan.si\/wp-content\/uploads\/2025\/02\/Fizio-focus-terapija-6.jpg 1067w\" sizes=\"(max-width: 1024px) 100vw, 1024px\" \/><\/a><\/div>\n<\/td>\n<\/tr>\n<\/tbody>\n<\/table>\n<\/div>\n<p>&nbsp;<\/p>\n<div>\n<h3 class=\"col-xs-12 col-sm-6\" style=\"text-align: center;\">Koja se podru\u010dja mogu tretirati <strong>Fizio FOCUS-<\/strong> om?<\/h3>\n<\/div>\n<p>&nbsp;<\/p>\n<div><strong>Fokusirani udarni valovi<\/strong> posebno su u\u010dinkoviti u lije\u010denju razli\u010ditih patologija, prvenstveno onih koje zahva\u0107aju mi\u0161i\u0107no-ko\u0161tani sustav.<\/div>\n<div>U nastavku su navedena neka <strong>specifi\u010dna stanja<\/strong> za koja se obi\u010dno koristi <strong>terapija fokalnim udarnim valom<\/strong> . Za svako od ovih stanja va\u017eno je da lije\u010denje nadzire <strong>kvalificirani stru\u010dnjak<\/strong> koji \u0107e uzeti u obzir specifi\u010dne potrebe i okolnosti pacijenta. <strong>Va\u0161 lije\u010dnik<\/strong> ili <strong>fizioterapeut<\/strong> tako\u0111er \u0107e procijeniti je li terapija fokalnim udarnim valom prikladna opcija lije\u010denja za va\u0161e specifi\u010dno stanje. <\/div>\n<p>&nbsp;<\/p>\n<div>\n<table class=\"table brez-roba\" style=\"border-style: hidden; width: 100%; background-color: lightgrey;\">\n<tbody>\n<tr class=\"table brez-roba\">\n<td style=\"vertical-align: top; width: 100%;\">\n<ul>\n<li><strong>Plantarni fasciitis:<\/strong> Ovo je jedno od naj\u010de\u0161\u0107ih stanja kod kojih se koriste fokusirani udarni valovi za smanjenje boli u peti i pobolj\u0161anje funkcije stopala.<\/li>\n<\/ul>\n<ul>\n<li><strong>Tendonitis:<\/strong> Upala tetiva, uklju\u010duju\u0107i one u ramenom pojasu, laktu (teniski lakat), zape\u0161\u0107u i Ahilovoj tetivi, \u010desto se uspje\u0161no lije\u010di ovom metodom.<\/li>\n<\/ul>\n<ul>\n<li><strong>Kalcificiraju\u0107i tendinitis:<\/strong> Ovo stanje, u kojem se kalcijevi depoziti nakupljaju u tetivama, mo\u017ee biti posebno bolno, a fokusirani udarni valovi mogu pomo\u0107i u razbijanju tih naslaga i smanjenju boli.<\/li>\n<\/ul>\n<ul>\n<li><strong>Trohanterni burzitis:<\/strong> Upala burze u blizini velikog trohantera femura mo\u017ee uzrokovati bol u kuku, a fokalni udarni valovi mogu smanjiti upalu i bol.<\/li>\n<\/ul>\n<\/td>\n<\/tr>\n<tr class=\"table brez-roba\">\n<td style=\"vertical-align: top; width: 100%; background-color: darkgrey;\">\n<ul>\n<li><strong>Patologije<\/strong> Ahilove tetive <strong>:<\/strong> kod tendinopatije ili djelomi\u010dne rupture Ahilove tetive, fokalni udarni valovi poti\u010du zacjeljivanje i regeneraciju tkiva.<\/li>\n<\/ul>\n<ul>\n<li><strong>Sindrom patelofemoralne boli:<\/strong> Ova metoda mo\u017ee smanjiti bol u prednjem dijelu koljena koja je \u010desto povezana s ovom patologijom.<\/li>\n<\/ul>\n<ul>\n<li><strong>Stresne frakture:<\/strong> U nekim slu\u010dajevima, fokusirani udarni valovi mogu se koristiti za poticanje zacjeljivanja kostiju.<\/li>\n<\/ul>\n<ul>\n<li><strong>Miofascijalna bol:<\/strong> Bol koja potje\u010de od mi\u0161i\u0107nih \u010dvorova ili okida\u010dkih to\u010daka mo\u017ee se u\u010dinkovito lije\u010diti ovom tehnikom.<\/li>\n<\/ul>\n<ul>\n<li><strong>Osteoartritis:<\/strong> Iako fokalni udarni valovi ne mogu izlije\u010diti osteoartritis, mogu smanjiti simptome poput boli i uko\u010denosti.<\/li>\n<\/ul>\n<\/td>\n<\/tr>\n<\/tbody>\n<\/table>\n<p>&nbsp;<\/p>\n<\/div>\n","protected":false},"excerpt":{"rendered":"<strong data-start=\"146\" data-end=\"161\">Fizio FOCUS<\/strong> je ure\u0111aj za terapiju udarnim valovima koji pru\u017ea vrhunsku energiju i kavitaciju za u\u010dinkovito lije\u010denje tvrdokornih, duboko ukorijenjenih tendinopatija. Njegova gusto\u0107a energije prema\u0161uje gusto\u0107u vode\u0107ih konkurenata u ovom segmentu. \r\n\r\n&nbsp;\r\n<p data-start=\"401\" data-end=\"545\"><strong data-start=\"146\" data-end=\"161\">Fizio FOCUS<\/strong> je dizajniran da pru\u017ei udobnost \u010dak i pri lije\u010denju izrazito bolnih stanja, omogu\u0107uju\u0107i lije\u010denje pacijenata koji te\u0161ko podnose bol.<\/p>","protected":false},"featured_media":7350,"template":"","meta":{"_acf_changed":false},"pwb-brand":[1057],"product_cat":[358,397],"product_tag":[],"class_list":{"0":"post-8729","1":"product","2":"type-product","3":"status-publish","4":"has-post-thumbnail","6":"pwb-brand-fiziosan","7":"product_cat-fizioterapija-hr","8":"product_cat-udarni-valovi","9":"pa_delovna-frekvenca-1-4-hz","10":"pa_moc-do-400-w","11":"pa_napajanje-100-110-v-ili-220-240-v","12":"pa_zaslon-395","14":"first","15":"outofstock","16":"purchasable","17":"product-type-simple"},"acf":[],"brands":[{"id":1057,"name":"Fiziosan","slug":"fiziosan"}],"_links":{"self":[{"href":"https:\/\/fiziosan.si\/hr\/wp-json\/wp\/v2\/product\/8729"}],"collection":[{"href":"https:\/\/fiziosan.si\/hr\/wp-json\/wp\/v2\/product"}],"about":[{"href":"https:\/\/fiziosan.si\/hr\/wp-json\/wp\/v2\/types\/product"}],"version-history":[{"count":3,"href":"https:\/\/fiziosan.si\/hr\/wp-json\/wp\/v2\/product\/8729\/revisions"}],"predecessor-version":[{"id":11016,"href":"https:\/\/fiziosan.si\/hr\/wp-json\/wp\/v2\/product\/8729\/revisions\/11016"}],"wp:featuredmedia":[{"embeddable":true,"href":"https:\/\/fiziosan.si\/hr\/wp-json\/wp\/v2\/media\/7350"}],"wp:attachment":[{"href":"https:\/\/fiziosan.si\/hr\/wp-json\/wp\/v2\/media?parent=8729"}],"wp:term":[{"taxonomy":"pwb-brand","embeddable":true,"href":"https:\/\/fiziosan.si\/hr\/wp-json\/wp\/v2\/pwb-brand?post=8729"},{"taxonomy":"product_cat","embeddable":true,"href":"https:\/\/fiziosan.si\/hr\/wp-json\/wp\/v2\/product_cat?post=8729"},{"taxonomy":"product_tag","embeddable":true,"href":"https:\/\/fiziosan.si\/hr\/wp-json\/wp\/v2\/product_tag?post=8729"}],"curies":[{"name":"wp","href":"https:\/\/api.w.org\/{rel}","templated":true}]}}