{"id":8728,"date":"2024-08-19T15:55:09","date_gmt":"2024-08-19T15:55:09","guid":{"rendered":"https:\/\/fiziosan.si\/izdelek\/udarni-valovi-ultrazvuk\/"},"modified":"2025-07-31T16:12:46","modified_gmt":"2025-07-31T16:12:46","slug":"udarni-valovi-ultrazvuk","status":"publish","type":"product","link":"https:\/\/fiziosan.si\/hr\/proizvod\/udarni-valovi-ultrazvuk\/","title":{"rendered":"Udarni valovi + ultrazvuk"},"content":{"rendered":"<h3><\/h3>\n<div>\n<table class=\"table brez-roba\" style=\"border-style: hidden; width: 100%;\">\n<tbody>\n<tr class=\"table brez-roba\">\n<td style=\"vertical-align: middle; width: 50.2534%;\">\n<h3>Udarni valovi i ultrazvuk \u2013 napredna kombinirana terapija za u\u010dinkovit oporavak<\/h3>\n<h3><\/h3>\n<p>&nbsp;<\/p>\n<p><strong>Udarni valovi:<\/strong> visokoenergetski zvu\u010dni valovi prodiru duboko u tkiva, gdje razgra\u0111uju <strong>fibrozu i kalcifikacije<\/strong> , poti\u010du <strong>neovaskularizaciju i regeneraciju mekog tkiva<\/strong> .<\/p>\n<p>&nbsp;<\/p>\n<p><strong>Ultrazvuk:<\/strong> nadopunjuje u\u010dinak udarnih valova stvaranjem <strong>toplinskog u\u010dinka<\/strong> koji pove\u0107ava <strong>protok krvi i limfnu drena\u017eu<\/strong> , \u010dime se ubrzava <strong>uklanjanje upalnih medijatora.<\/strong><\/td>\n<td style=\"width: 49.7466%;\"><a href=\"https:\/\/fiziosan.si\/wp-content\/uploads\/2025\/02\/Udarni-val-ultrazvok-terapija-4-1024x683.jpg\"><img fetchpriority=\"high\" decoding=\"async\" class=\"alignnone wp-image-4234 size-large\" src=\"https:\/\/fiziosan.si\/wp-content\/uploads\/2025\/02\/Udarni-val-ultrazvok-terapija-4-1024x683.jpg\" alt=\"Ure\u0111aj za udarni val\" width=\"1024\" height=\"683\" title=\"\" srcset=\"https:\/\/fiziosan.si\/wp-content\/uploads\/2025\/02\/Udarni-val-ultrazvok-terapija-4-1024x683.jpg 1024w, https:\/\/fiziosan.si\/wp-content\/uploads\/2025\/02\/Udarni-val-ultrazvok-terapija-4-300x200.jpg 300w, https:\/\/fiziosan.si\/wp-content\/uploads\/2025\/02\/Udarni-val-ultrazvok-terapija-4-768x512.jpg 768w, https:\/\/fiziosan.si\/wp-content\/uploads\/2025\/02\/Udarni-val-ultrazvok-terapija-4-600x400.jpg 600w, https:\/\/fiziosan.si\/wp-content\/uploads\/2025\/02\/Udarni-val-ultrazvok-terapija-4.jpg 1199w\" sizes=\"(max-width: 1024px) 100vw, 1024px\" \/><\/a><\/td>\n<\/tr>\n<\/tbody>\n<\/table>\n<\/div>\n<p>&nbsp;<\/p>\n<p>&nbsp;<\/p>\n<h3 style=\"text-align: left;\"><\/h3>\n<div>\n<table style=\"width: 100%; border-collapse: collapse; border-style: hidden;\">\n<tbody>\n<tr>\n<td style=\"width: 50%; vertical-align: middle;\">\n<div style=\"text-align: center;\" data-mrgt=\"60\" data-size=\"medium\"><a href=\"https:\/\/fiziosan.si\/wp-content\/uploads\/2025\/02\/Udarni-val-ultrazvok-terapija2.jpg\"><img decoding=\"async\" class=\"alignnone wp-image-4229 size-full\" src=\"https:\/\/fiziosan.si\/wp-content\/uploads\/2025\/02\/Udarni-val-ultrazvok-terapija2.jpg\" alt=\"Terapija udarnim valovima i ultrazvukom\" width=\"585\" height=\"800\" title=\"\" srcset=\"https:\/\/fiziosan.si\/wp-content\/uploads\/2025\/02\/Udarni-val-ultrazvok-terapija2.jpg 585w, https:\/\/fiziosan.si\/wp-content\/uploads\/2025\/02\/Udarni-val-ultrazvok-terapija2-219x300.jpg 219w, https:\/\/fiziosan.si\/wp-content\/uploads\/2025\/02\/Udarni-val-ultrazvok-terapija2-439x600.jpg 439w\" sizes=\"(max-width: 585px) 100vw, 585px\" \/><\/a><\/div>\n<\/td>\n<td style=\"width: 50%; text-align: center; vertical-align: middle;\">\n<h3 style=\"text-align: left;\">Prednosti kombinirane terapije udarnim valovima i ultrazvukom<\/h3>\n<p>&nbsp;<\/p>\n<ul>\n<li style=\"text-align: left;\"><strong>Intenzivni tretman udarnim valovima:<\/strong> udarni valovi pru\u017eaju visoku energiju koja u\u010dinkovito razgra\u0111uje kalcifikacije, poti\u010de cirkulaciju krvi i ubrzava regeneraciju tkiva.<\/li>\n<li style=\"text-align: left;\"><strong style=\"font-family: inherit; font-size: inherit;\">Potporna ultrazvu\u010dna terapija:<\/strong> <span style=\"font-family: inherit; font-size: inherit;\">Ultrazvu\u010dna terapija nadopunjuje u\u010dinke udarnih valova dubokim zagrijavanjem tkiva, \u0161to pove\u0107ava stani\u010dni metabolizam i dodatno smanjuje upalu.<\/span><\/li>\n<li style=\"text-align: left;\"><strong style=\"font-family: inherit; font-size: inherit;\">Sinergijski u\u010dinak:<\/strong> <span style=\"font-family: inherit; font-size: inherit;\">kombinacija obje terapije osigurava br\u017ee i u\u010dinkovitije zacjeljivanje, smanjuje bol i pobolj\u0161ava funkcionalnost<\/span> <span style=\"font-family: inherit; font-size: inherit;\">.<\/span><\/li>\n<\/ul>\n<\/td>\n<\/tr>\n<\/tbody>\n<\/table>\n<\/div>\n<p>&nbsp;<\/p>\n<p>&nbsp;<\/p>\n<div>\n<table style=\"width: 100%; border-collapse: collapse; border-style: hidden;\">\n<tbody>\n<tr>\n<td style=\"width: 50%; text-align: center; vertical-align: top;\">\n<p style=\"text-align: left;\"><strong>PRAKTI\u010cNA PRIMJENA u terapijskoj praksi:<\/strong><\/p>\n<p>&nbsp;<\/p>\n<ul>\n<li style=\"text-align: left;\">Jednostavna integracija u postoje\u0107e terapijske protokole.<\/li>\n<\/ul>\n<ul>\n<li style=\"text-align: left;\">Minimalno invazivna metoda s izvrsnim rezultatima.<\/li>\n<\/ul>\n<ul>\n<li style=\"text-align: left;\">Brza obuka za kori\u0161tenje kombinirane terapije.<\/li>\n<\/ul>\n<\/td>\n<td style=\"width: 50%; vertical-align: middle;\">\n<div style=\"text-align: center;\" data-mrgt=\"60\" data-size=\"medium\"><a href=\"https:\/\/fiziosan.si\/wp-content\/uploads\/2025\/02\/Udarni-val-ultrazvok-terapija1.jpg\"><img decoding=\"async\" class=\"alignnone wp-image-4228 size-full\" src=\"https:\/\/fiziosan.si\/wp-content\/uploads\/2025\/02\/Udarni-val-ultrazvok-terapija1.jpg\" alt=\"Terapija udarnim valovima\" width=\"615\" height=\"800\" title=\"\" srcset=\"https:\/\/fiziosan.si\/wp-content\/uploads\/2025\/02\/Udarni-val-ultrazvok-terapija1.jpg 615w, https:\/\/fiziosan.si\/wp-content\/uploads\/2025\/02\/Udarni-val-ultrazvok-terapija1-231x300.jpg 231w, https:\/\/fiziosan.si\/wp-content\/uploads\/2025\/02\/Udarni-val-ultrazvok-terapija1-461x600.jpg 461w, https:\/\/fiziosan.si\/wp-content\/uploads\/2025\/02\/Udarni-val-ultrazvok-terapija1-600x780.jpg 600w\" sizes=\"(max-width: 615px) 100vw, 615px\" \/><\/a><\/div>\n<\/td>\n<\/tr>\n<\/tbody>\n<\/table>\n<\/div>\n<p>&nbsp;<\/p>\n<p>&nbsp;<\/p>\n<h3 style=\"text-align: center;\">Za\u0161to odabrati kombinirani ure\u0111aj za udarne valove i ultrazvuk?<\/h3>\n<p>&nbsp;<\/p>\n<p>&nbsp;<\/p>\n<div>\n<p><strong>BOLJI REZULTATI:<\/strong> Kombinacija terapija <strong>pove\u0107ava uspjeh<\/strong> lije\u010denja u usporedbi s pojedina\u010dnim terapijama.<\/p>\n<p>&nbsp;<\/p>\n<p><strong>SVEOBUHVATNI PRISTUP:<\/strong> pru\u017ea <strong>sveobuhvatan tretman<\/strong> o\u0161te\u0107enih tkiva, omogu\u0107uju\u0107i <strong>br\u017ee i trajnije<\/strong> rezultate.<\/p>\n<p>&nbsp;<\/p>\n<p><strong>\u0160IROK RASPON INDIKACIJA<\/strong> : pogodno za lije\u010denje kroni\u010dnih i akutnih ozljeda, mi\u0161i\u0107no-ko\u0161tanih poreme\u0107aja, tendinitisa, plantarnog fasciitisa i drugih.<\/p>\n<\/div>\n<p>&nbsp;<\/p>\n<p>&nbsp;<\/p>\n<h3 class=\"col-xs-12 col-sm-6\" style=\"text-align: center;\">Kome je namijenjen KOMBINIRANI ure\u0111aj \u2013 udarni valovi s ultrazvukom?<\/h3>\n<p>&nbsp;<\/p>\n<p>&nbsp;<\/p>\n<div>\n<table class=\"table brez-roba\" style=\"border-style: hidden; width: 100%; background-color: lightgrey;\">\n<tbody>\n<tr class=\"table brez-roba\">\n<td style=\"vertical-align: top; width: 100%;\">\n<ul>\n<li><strong>Fizioterapeuti<\/strong> koji \u017eele pobolj\u0161ati ishode lije\u010denja svojih pacijenata.<\/li>\n<\/ul>\n<ul>\n<li><strong>Za profesionalce<\/strong> koji tra\u017ee napredne metode za rje\u0161avanje slo\u017eenih slu\u010dajeva.<\/li>\n<\/ul>\n<ul>\n<li><strong>Rehabilitacijski centri<\/strong> koji \u017eele ponuditi najnovije i naju\u010dinkovitije terapije.<\/li>\n<\/ul>\n<\/td>\n<\/tr>\n<\/tbody>\n<\/table>\n<\/div>\n<p>&nbsp;<\/p>\n<div>\n<h3 style=\"text-align: center;\"><strong>Pridru\u017eite se mnogim zadovoljnim fizioterapeutima diljem svijeta koji ve\u0107 koriste ovu naprednu kombinaciju i omogu\u0107ite svojim pacijentima br\u017ei oporavak i vrhunsku kvalitetu \u017eivota.<br \/>\n<\/strong><\/h3>\n<\/div>\n","protected":false},"excerpt":{"rendered":"<p class=\"\" data-start=\"1085\" data-end=\"1428\"><strong data-start=\"1085\" data-end=\"1122\">Ure\u0111aj za udarne valove i ultrazvuk<\/strong> predstavlja moderan pristup rehabilitaciji i lije\u010denju ozljeda. Kombinira dvije u\u010dinkovite metode &#8211; <strong>terapiju<\/strong> <strong>udarnim valovima<\/strong> i ultrazvukom. Ova <strong>inovativna metoda<\/strong> donosi <strong>vrhunske rezultate<\/strong> i postavlja <strong>nove standarde<\/strong> u fizioterapiji. <strong>Kombinacija<\/strong> obje terapije osigurava <strong>br\u017ee i u\u010dinkovitije zacjeljivanje<\/strong> , <strong>smanjuje bol<\/strong> i <strong>pobolj\u0161ava funkcionalnost tkiva<\/strong> .<\/p>\r\n<strong>Investirajte u budu\u0107nost<\/strong> svoje fizioterapije udarnim valovima i ultrazvukom te ponudite svojim pacijentima <strong>najbolje mogu\u0107e rezultate!<\/strong>","protected":false},"featured_media":12569,"template":"","meta":{"_acf_changed":false},"pwb-brand":[1057],"product_cat":[358,397,399],"product_tag":[],"class_list":{"0":"post-8728","1":"product","2":"type-product","3":"status-publish","4":"has-post-thumbnail","6":"pwb-brand-fiziosan","7":"product_cat-fizioterapija-hr","8":"product_cat-udarni-valovi","9":"product_cat-ultrazvucna-terapija","10":"pa_aplikatorji-13-glava","11":"pa_garancija-12-mjeseci","12":"pa_napajanje-100-240-v","13":"pa_zaslon-395","15":"first","16":"outofstock","17":"purchasable","18":"product-type-simple"},"acf":[],"brands":[{"id":1057,"name":"Fiziosan","slug":"fiziosan"}],"_links":{"self":[{"href":"https:\/\/fiziosan.si\/hr\/wp-json\/wp\/v2\/product\/8728"}],"collection":[{"href":"https:\/\/fiziosan.si\/hr\/wp-json\/wp\/v2\/product"}],"about":[{"href":"https:\/\/fiziosan.si\/hr\/wp-json\/wp\/v2\/types\/product"}],"version-history":[{"count":2,"href":"https:\/\/fiziosan.si\/hr\/wp-json\/wp\/v2\/product\/8728\/revisions"}],"predecessor-version":[{"id":11242,"href":"https:\/\/fiziosan.si\/hr\/wp-json\/wp\/v2\/product\/8728\/revisions\/11242"}],"wp:featuredmedia":[{"embeddable":true,"href":"https:\/\/fiziosan.si\/hr\/wp-json\/wp\/v2\/media\/12569"}],"wp:attachment":[{"href":"https:\/\/fiziosan.si\/hr\/wp-json\/wp\/v2\/media?parent=8728"}],"wp:term":[{"taxonomy":"pwb-brand","embeddable":true,"href":"https:\/\/fiziosan.si\/hr\/wp-json\/wp\/v2\/pwb-brand?post=8728"},{"taxonomy":"product_cat","embeddable":true,"href":"https:\/\/fiziosan.si\/hr\/wp-json\/wp\/v2\/product_cat?post=8728"},{"taxonomy":"product_tag","embeddable":true,"href":"https:\/\/fiziosan.si\/hr\/wp-json\/wp\/v2\/product_tag?post=8728"}],"curies":[{"name":"wp","href":"https:\/\/api.w.org\/{rel}","templated":true}]}}