{"id":8726,"date":"2024-06-04T20:29:12","date_gmt":"2024-06-04T20:29:12","guid":{"rendered":"https:\/\/fiziosan.si\/izdelek\/evero-x7-ergo\/"},"modified":"2025-07-29T13:32:13","modified_gmt":"2025-07-29T13:32:13","slug":"evero-x7-ergo","status":"publish","type":"product","link":"https:\/\/fiziosan.si\/hr\/proizvod\/evero-x7-ergo\/","title":{"rendered":"Evero X7 Ergo"},"content":{"rendered":"<div>\n<p>&nbsp;<\/p>\n<table class=\"table brez-roba\" style=\"border-style: hidden; width: 100%;\">\n<tbody>\n<tr class=\"table brez-roba\">\n<td style=\"vertical-align: middle; width: 50%;\"><strong>EVERO X7 ERGO<\/strong> karakterizira ergonomski dizajn i visoka udobnost kori\u0161tenja. Posebno dizajnirani jastuk savr\u0161eno se prilago\u0111ava licu i pru\u017ea pacijentu maksimalnu udobnost. <\/p>\n<p>&nbsp;<\/td>\n<td style=\"width: 50%;\"><a href=\"https:\/\/fiziosan.si\/wp-content\/uploads\/2025\/03\/Habys-Evro-x7-Ergo-22.jpg\"><img fetchpriority=\"high\" decoding=\"async\" class=\"alignnone wp-image-4626 size-full\" src=\"https:\/\/fiziosan.si\/wp-content\/uploads\/2025\/03\/Habys-Evro-x7-Ergo-22.jpg\" alt=\"\" width=\"800\" height=\"533\" title=\"\" srcset=\"https:\/\/fiziosan.si\/wp-content\/uploads\/2025\/03\/Habys-Evro-x7-Ergo-22.jpg 800w, https:\/\/fiziosan.si\/wp-content\/uploads\/2025\/03\/Habys-Evro-x7-Ergo-22-300x200.jpg 300w, https:\/\/fiziosan.si\/wp-content\/uploads\/2025\/03\/Habys-Evro-x7-Ergo-22-768x512.jpg 768w, https:\/\/fiziosan.si\/wp-content\/uploads\/2025\/03\/Habys-Evro-x7-Ergo-22-600x400.jpg 600w\" sizes=\"(max-width: 800px) 100vw, 800px\" \/><\/a><\/td>\n<\/tr>\n<\/tbody>\n<\/table>\n<\/div>\n<p>&nbsp;<\/p>\n<p>Proizvod je <strong>registriran i certificiran<\/strong> u skladu s Uredbom o medicinskim proizvodima (MDR) 2017\/745\/EU.<\/p>\n<p>&nbsp;<\/p>\n<p><strong>Jamstvo:<\/strong> 2 godine.<\/p>\n","protected":false},"excerpt":{"rendered":"<strong>Evero X7 Ergo<\/strong> je elektri\u010dni terapijski stol sa 7 segmenata, bez potrebe za nogama, okvirom i naslonom za glavu s ERGO jastukom. Preporu\u010duje se za masa\u017eu, fizioterapiju i rehabilitaciju. ","protected":false},"featured_media":7184,"template":"","meta":{"_acf_changed":false},"pwb-brand":[1056],"product_cat":[358,360],"product_tag":[],"class_list":{"0":"post-8726","1":"product","2":"type-product","3":"status-publish","4":"has-post-thumbnail","6":"pwb-brand-habys","7":"product_cat-fizioterapija-hr","8":"product_cat-terapijski-stolovi-stolice-i-radne-klupe","9":"pa_dimenzija-mize-198-x-70-cm-d-x-s","10":"pa_napajanje-230-v-50-60-hz-150-w-07-a","11":"pa_teza-mize-107-kg","13":"first","14":"outofstock","15":"purchasable","16":"product-type-simple"},"acf":[],"brands":[{"id":1056,"name":"Habys","slug":"habys"}],"_links":{"self":[{"href":"https:\/\/fiziosan.si\/hr\/wp-json\/wp\/v2\/product\/8726"}],"collection":[{"href":"https:\/\/fiziosan.si\/hr\/wp-json\/wp\/v2\/product"}],"about":[{"href":"https:\/\/fiziosan.si\/hr\/wp-json\/wp\/v2\/types\/product"}],"version-history":[{"count":1,"href":"https:\/\/fiziosan.si\/hr\/wp-json\/wp\/v2\/product\/8726\/revisions"}],"predecessor-version":[{"id":8876,"href":"https:\/\/fiziosan.si\/hr\/wp-json\/wp\/v2\/product\/8726\/revisions\/8876"}],"wp:featuredmedia":[{"embeddable":true,"href":"https:\/\/fiziosan.si\/hr\/wp-json\/wp\/v2\/media\/7184"}],"wp:attachment":[{"href":"https:\/\/fiziosan.si\/hr\/wp-json\/wp\/v2\/media?parent=8726"}],"wp:term":[{"taxonomy":"pwb-brand","embeddable":true,"href":"https:\/\/fiziosan.si\/hr\/wp-json\/wp\/v2\/pwb-brand?post=8726"},{"taxonomy":"product_cat","embeddable":true,"href":"https:\/\/fiziosan.si\/hr\/wp-json\/wp\/v2\/product_cat?post=8726"},{"taxonomy":"product_tag","embeddable":true,"href":"https:\/\/fiziosan.si\/hr\/wp-json\/wp\/v2\/product_tag?post=8726"}],"curies":[{"name":"wp","href":"https:\/\/api.w.org\/{rel}","templated":true}]}}