{"id":8725,"date":"2024-06-06T21:16:54","date_gmt":"2024-06-06T21:16:54","guid":{"rendered":"https:\/\/fiziosan.si\/izdelek\/gemini-flex\/"},"modified":"2025-07-31T16:59:54","modified_gmt":"2025-07-31T16:59:54","slug":"gemini-flex-stol","status":"publish","type":"product","link":"https:\/\/fiziosan.si\/hr\/proizvod\/gemini-flex-stol\/","title":{"rendered":"Stol Gemini Flex"},"content":{"rendered":"<div>\n<p>&nbsp;<\/p>\n<table class=\"table brez-roba\" style=\"border-style: hidden; width: 100%;\">\n<tbody>\n<tr class=\"table brez-roba\">\n<td style=\"vertical-align: middle; width: 50%;\">\n<h3>\u00a0Maksimalna udobnost i fleksibilnost<\/h3>\n<p>Stol <strong>GEMINI FLEX<\/strong> opremljen je s \u010detiri motora kojima se upravlja ru\u010dnim daljinskim upravlja\u010dem. Napredno pode\u0161avanje omogu\u0107uje neovisno pode\u0161avanje visine stupova i kutova naslona za glavu i noge. Stol karakterizira ergonomski dizajn i visoka udobnost za korisnika.<\/p>\n<p>&nbsp;<\/td>\n<td style=\"width: 50%;\"><a href=\"https:\/\/fiziosan.si\/wp-content\/uploads\/2024\/06\/gemini-2-1.webp\"><img fetchpriority=\"high\" decoding=\"async\" class=\"alignnone wp-image-3463 size-full\" src=\"https:\/\/fiziosan.si\/wp-content\/uploads\/2024\/06\/gemini-2-1.webp\" alt=\"BLIZANCI FLEX\" width=\"1024\" height=\"768\" title=\"\" srcset=\"https:\/\/fiziosan.si\/wp-content\/uploads\/2024\/06\/gemini-2-1.webp 1024w, https:\/\/fiziosan.si\/wp-content\/uploads\/2024\/06\/gemini-2-1-300x225.webp 300w, https:\/\/fiziosan.si\/wp-content\/uploads\/2024\/06\/gemini-2-1-768x576.webp 768w, https:\/\/fiziosan.si\/wp-content\/uploads\/2024\/06\/gemini-2-1-600x450.webp 600w\" sizes=\"(max-width: 1024px) 100vw, 1024px\" \/><\/a><\/td>\n<\/tr>\n<\/tbody>\n<\/table>\n<\/div>\n<p>&nbsp;<\/p>\n<p>Proizvod je <strong>registriran i certificiran<\/strong> u skladu s Uredbom o medicinskim proizvodima (MDR) 2017\/745\/EU.<\/p>\n<p>&nbsp;<\/p>\n<p><strong>Jamstvo:<\/strong> 2 godine.<\/p>\n","protected":false},"excerpt":{"rendered":"<strong>Gemini Flex<\/strong> je najnapredniji elektri\u010dni stol za tretmane iz Wellness &amp; Spa linije s grijanom plo\u010dom. Zagrijana povr\u0161ina stola pobolj\u0161ava cirkulaciju krvi, pove\u0107ava vitalnost te uklanja umor i napetost. Namijenjen je za masa\u017ee, kozmeti\u010dke i spa tretmane.","protected":false},"featured_media":6682,"template":"","meta":{"_acf_changed":false},"pwb-brand":[1056],"product_cat":[380,381],"product_tag":[],"class_list":{"0":"post-8725","1":"product","2":"type-product","3":"status-publish","4":"has-post-thumbnail","6":"pwb-brand-habys","7":"product_cat-masaza-hr","8":"product_cat-tablice","9":"pa_dimenzija-mize-198-x-74-cm-d-x-s","10":"pa_napajanje-220240v-50hz-60hz","11":"pa_teza-mize-92-kg","13":"first","14":"instock","15":"purchasable","16":"product-type-simple"},"acf":[],"brands":[{"id":1056,"name":"Habys","slug":"habys"}],"_links":{"self":[{"href":"https:\/\/fiziosan.si\/hr\/wp-json\/wp\/v2\/product\/8725"}],"collection":[{"href":"https:\/\/fiziosan.si\/hr\/wp-json\/wp\/v2\/product"}],"about":[{"href":"https:\/\/fiziosan.si\/hr\/wp-json\/wp\/v2\/types\/product"}],"version-history":[{"count":4,"href":"https:\/\/fiziosan.si\/hr\/wp-json\/wp\/v2\/product\/8725\/revisions"}],"predecessor-version":[{"id":11266,"href":"https:\/\/fiziosan.si\/hr\/wp-json\/wp\/v2\/product\/8725\/revisions\/11266"}],"wp:featuredmedia":[{"embeddable":true,"href":"https:\/\/fiziosan.si\/hr\/wp-json\/wp\/v2\/media\/6682"}],"wp:attachment":[{"href":"https:\/\/fiziosan.si\/hr\/wp-json\/wp\/v2\/media?parent=8725"}],"wp:term":[{"taxonomy":"pwb-brand","embeddable":true,"href":"https:\/\/fiziosan.si\/hr\/wp-json\/wp\/v2\/pwb-brand?post=8725"},{"taxonomy":"product_cat","embeddable":true,"href":"https:\/\/fiziosan.si\/hr\/wp-json\/wp\/v2\/product_cat?post=8725"},{"taxonomy":"product_tag","embeddable":true,"href":"https:\/\/fiziosan.si\/hr\/wp-json\/wp\/v2\/product_tag?post=8725"}],"curies":[{"name":"wp","href":"https:\/\/api.w.org\/{rel}","templated":true}]}}