{"id":8721,"date":"2024-08-11T19:32:17","date_gmt":"2024-08-11T19:32:17","guid":{"rendered":"https:\/\/fiziosan.si\/izdelek\/enf-studio\/"},"modified":"2025-07-31T16:42:13","modified_gmt":"2025-07-31T16:42:13","slug":"enf-studio","status":"publish","type":"product","link":"https:\/\/fiziosan.si\/hr\/proizvod\/enf-studio\/","title":{"rendered":"ENF Studio"},"content":{"rendered":"<p>&nbsp;<\/p>\n<div>\n<table class=\"table brez-roba\" style=\"border-style: hidden; width: 100%;\">\n<tbody>\n<tr class=\"table brez-roba\">\n<td style=\"vertical-align: middle; width: 50.2534%;\">\n<h3>Kako djeluje neuroelektroterapija?<\/h3>\n<p>Tradicionalni elektromedicinski ure\u0111aji poput TENS-a, Tecara i radiofrekvencije \u010desto rade s konstantnim, nepromjenjivim oblicima signala, \u0161to mo\u017ee ograni\u010diti njihovu terapijsku u\u010dinkovitost. <strong>Fiziosanova napredna ENF tehnologija<\/strong> temelji se na revolucionarnom principu <strong>povratne informacije<\/strong> . Kontinuiranim prilago\u0111avanjem valnih oblika prema promjenama impedancije ko\u017ee, ure\u0111aj omogu\u0107uje <strong>bioelektri\u010dnu ravnote\u017eu stanica<\/strong> , \u0161to poti\u010de regeneraciju tkiva i ubrzava proces ozdravljenja.<\/td>\n<td style=\"width: 49.7466%;\"><a href=\"https:\/\/fiziosan.si\/wp-content\/uploads\/2025\/03\/Enf-studio-7-.webp\"><img fetchpriority=\"high\" decoding=\"async\" class=\"alignnone wp-image-4684 size-full\" src=\"https:\/\/fiziosan.si\/wp-content\/uploads\/2025\/03\/Enf-studio-7-.webp\" alt=\"Enf studio\" width=\"800\" height=\"533\" title=\"\" srcset=\"https:\/\/fiziosan.si\/wp-content\/uploads\/2025\/03\/Enf-studio-7-.webp 800w, https:\/\/fiziosan.si\/wp-content\/uploads\/2025\/03\/Enf-studio-7--300x200.webp 300w, https:\/\/fiziosan.si\/wp-content\/uploads\/2025\/03\/Enf-studio-7--768x512.webp 768w, https:\/\/fiziosan.si\/wp-content\/uploads\/2025\/03\/Enf-studio-7--600x400.webp 600w\" sizes=\"(max-width: 800px) 100vw, 800px\" \/><\/a><\/td>\n<\/tr>\n<\/tbody>\n<\/table>\n<\/div>\n<p>&nbsp;<\/p>\n<h3 style=\"text-align: left;\"><\/h3>\n<p>&nbsp;<\/p>\n<div>\n<table style=\"width: 100%; border-collapse: collapse; border-style: hidden;\">\n<tbody>\n<tr>\n<td style=\"width: 50%; vertical-align: top;\">\n<div style=\"text-align: center;\" data-mrgt=\"60\" data-size=\"medium\"><a href=\"https:\/\/fiziosan.si\/wp-content\/uploads\/2025\/03\/Enf-studio-6_.webp\"><img decoding=\"async\" class=\"alignnone wp-image-4685 size-full\" src=\"https:\/\/fiziosan.si\/wp-content\/uploads\/2025\/03\/Enf-studio-6_.webp\" alt=\"\" width=\"800\" height=\"1200\" title=\"\" srcset=\"https:\/\/fiziosan.si\/wp-content\/uploads\/2025\/03\/Enf-studio-6_.webp 800w, https:\/\/fiziosan.si\/wp-content\/uploads\/2025\/03\/Enf-studio-6_-200x300.webp 200w, https:\/\/fiziosan.si\/wp-content\/uploads\/2025\/03\/Enf-studio-6_-683x1024.webp 683w, https:\/\/fiziosan.si\/wp-content\/uploads\/2025\/03\/Enf-studio-6_-768x1152.webp 768w, https:\/\/fiziosan.si\/wp-content\/uploads\/2025\/03\/Enf-studio-6_-400x600.webp 400w, https:\/\/fiziosan.si\/wp-content\/uploads\/2025\/03\/Enf-studio-6_-720x1080.webp 720w, https:\/\/fiziosan.si\/wp-content\/uploads\/2025\/03\/Enf-studio-6_-600x900.webp 600w\" sizes=\"(max-width: 800px) 100vw, 800px\" \/><\/a><\/div>\n<\/td>\n<td style=\"width: 50%; text-align: center; vertical-align: middle;\">\n<h3 style=\"text-align: left;\">Kako funkcionira terapija ubrzanog oporavka?<\/h3>\n<ul>\n<li style=\"text-align: left;\"><strong>Dinami\u010dka samoregulacija:<\/strong> <strong>svaka mikropromjena na ko\u017ei pokre\u0107e prilagodbu valnog oblika,<\/strong> \u0161to skra\u0107uje vrijeme prilagodbe i optimizira terapijski u\u010dinak.<\/li>\n<\/ul>\n<p>&nbsp;<\/p>\n<ul>\n<li style=\"text-align: left;\"><strong>\u0160iroka primjenjivost i svestranost:<\/strong> <strong>biofeedback terapija je u\u010dinkovita od prvog tretmana<\/strong> i omogu\u0107uje \u0161irok raspon protokola, \u0161to je \u010dini prikladnom za razne patologije bez specifi\u010dnih kontraindikacija.<\/li>\n<\/ul>\n<p>&nbsp;<\/p>\n<ul>\n<li style=\"text-align: left;\"><strong>Dvostruka funkcionalnost:<\/strong> <strong>ure\u0111aj ne samo da lije\u010di, ve\u0107 i omogu\u0107uje dijagnostiku<\/strong> putem naprednih funkcija pretra\u017eivanja to\u010daka lije\u010denja, sli\u010dno povr\u0161inskoj elektromiografiji.<\/li>\n<\/ul>\n<\/td>\n<\/tr>\n<\/tbody>\n<\/table>\n<\/div>\n<p>&nbsp;<\/p>\n<p>&nbsp;<\/p>\n<div>\n<h3 class=\"col-xs-12 col-sm-6\" style=\"text-align: center;\">Prednosti adaptivne terapije biofeedback tehnologijom<\/h3>\n<\/div>\n<p>&nbsp;<\/p>\n<div>S <strong>ENF tehnologijom<\/strong> mo\u017eete posti\u0107i <strong>brze, u\u010dinkovite i dugotrajne rezultate<\/strong> , \u010dak i <strong>kod kroni\u010dnih stanja<\/strong> , \u010desto <strong>u samo nekoliko tretmana<\/strong> . <strong>Ovo je tretman budu\u0107nosti<\/strong> &#8211; sada dostupan za va\u0161e bolje blagostanje.<\/div>\n","protected":false},"excerpt":{"rendered":"<h3>Napredna elektroterapija nove generacije: kombinacija lije\u010denja i dijagnostike<\/h3>\r\n&nbsp;\r\n<p class=\"\" data-start=\"217\" data-end=\"441\">Tehnologija omogu\u0107uje adaptivnu elektroterapiju s visokom precizno\u0161\u0107u. Nudi dvostruku funkcionalnost \u2013 uz lije\u010denje, kombinira i dijagnostiku, dinami\u010dku samoregulaciju, \u0161iroku primjenjivost i svestranost.<\/p>\r\n<p class=\"\" data-start=\"443\" data-end=\"529\"><strong data-start=\"443\" data-end=\"529\">Adaptivna elektroterapija s biofeedback tehnologijom: sljede\u0107a generacija lije\u010denja.<\/strong><\/p>\r\n<p class=\"\" data-start=\"531\" data-end=\"613\">Pridru\u017eite se revoluciji u elektroterapiji i iskusite mo\u0107 fleksibilnosti s ENF-om!<\/p>\r\n&nbsp;","protected":false},"featured_media":7232,"template":"","meta":{"_acf_changed":false},"pwb-brand":[],"product_cat":[376,375,358],"product_tag":[],"class_list":{"0":"post-8721","1":"product","2":"type-product","3":"status-publish","4":"has-post-thumbnail","6":"product_cat-biofeedback-hr","7":"product_cat-enf-adaptivna-elektroterapija-hr","8":"product_cat-fizioterapija-hr","10":"first","11":"outofstock","12":"taxable","13":"shipping-taxable","14":"product-type-simple"},"acf":[],"brands":[],"_links":{"self":[{"href":"https:\/\/fiziosan.si\/hr\/wp-json\/wp\/v2\/product\/8721"}],"collection":[{"href":"https:\/\/fiziosan.si\/hr\/wp-json\/wp\/v2\/product"}],"about":[{"href":"https:\/\/fiziosan.si\/hr\/wp-json\/wp\/v2\/types\/product"}],"version-history":[{"count":2,"href":"https:\/\/fiziosan.si\/hr\/wp-json\/wp\/v2\/product\/8721\/revisions"}],"predecessor-version":[{"id":11257,"href":"https:\/\/fiziosan.si\/hr\/wp-json\/wp\/v2\/product\/8721\/revisions\/11257"}],"wp:featuredmedia":[{"embeddable":true,"href":"https:\/\/fiziosan.si\/hr\/wp-json\/wp\/v2\/media\/7232"}],"wp:attachment":[{"href":"https:\/\/fiziosan.si\/hr\/wp-json\/wp\/v2\/media?parent=8721"}],"wp:term":[{"taxonomy":"pwb-brand","embeddable":true,"href":"https:\/\/fiziosan.si\/hr\/wp-json\/wp\/v2\/pwb-brand?post=8721"},{"taxonomy":"product_cat","embeddable":true,"href":"https:\/\/fiziosan.si\/hr\/wp-json\/wp\/v2\/product_cat?post=8721"},{"taxonomy":"product_tag","embeddable":true,"href":"https:\/\/fiziosan.si\/hr\/wp-json\/wp\/v2\/product_tag?post=8721"}],"curies":[{"name":"wp","href":"https:\/\/api.w.org\/{rel}","templated":true}]}}