{"id":8720,"date":"2025-05-09T14:45:59","date_gmt":"2025-05-09T14:45:59","guid":{"rendered":"https:\/\/fiziosan.si\/izdelek\/physiokey-uredaj-za-neurostimulaciju\/"},"modified":"2025-08-03T10:35:02","modified_gmt":"2025-08-03T10:35:02","slug":"physiokey-uredaj-za-neurostimulaciju","status":"publish","type":"product","link":"https:\/\/fiziosan.si\/hr\/proizvod\/physiokey-uredaj-za-neurostimulaciju\/","title":{"rendered":"Physiokey &#8211; ure\u0111aj za neurostimulaciju"},"content":{"rendered":"<p>&nbsp;<\/p>\n<div>\n<table class=\"table brez-roba\" style=\"border-style: hidden; width: 100%;\">\n<tbody>\n<tr class=\"table brez-roba\">\n<td style=\"vertical-align: middle; width: 50.2534%;\">\n<h3>Kako to funkcionira Physiokey?<\/h3>\n<p style=\"text-align: left;\">Ure\u0111aj koristi <strong data-start=\"1662\" data-end=\"1687\">mehanizam biofeedbacka<\/strong> kako bi uspostavio dinami\u010dan dijalog s tijelom i potaknuo u\u010dinkovit i br\u017ei odgovor. Utjecajem na autonomni \u017eiv\u010dani sustav i time na vlastite procese prilagodbe i regulacije tijela, ja\u010da imunolo\u0161ki sustav.<\/p>\n<p>&nbsp;<\/p>\n<p>&nbsp;<\/p>\n<p>&nbsp;<\/p>\n<p style=\"text-align: center;\">\n<\/td>\n<td style=\"width: 49.7466%;\"><a href=\"https:\/\/stage.fiziosan.si\/wp-content\/uploads\/2024\/04\/uebersicht-physiokey.jpg\"><img fetchpriority=\"high\" decoding=\"async\" class=\"alignnone wp-image-2970 size-large\" src=\"https:\/\/stage.fiziosan.si\/wp-content\/uploads\/2024\/04\/uebersicht-physiokey-1024x734.jpg\" alt=\"PHYSIOKEY TERAPIJA\" width=\"1024\" height=\"734\" title=\"\" srcset=\"https:\/\/fiziosan.si\/wp-content\/uploads\/2024\/04\/uebersicht-physiokey-1024x734.jpg 1024w, https:\/\/fiziosan.si\/wp-content\/uploads\/2024\/04\/uebersicht-physiokey-300x215.jpg 300w, https:\/\/fiziosan.si\/wp-content\/uploads\/2024\/04\/uebersicht-physiokey-768x550.jpg 768w, https:\/\/fiziosan.si\/wp-content\/uploads\/2024\/04\/uebersicht-physiokey-600x430.jpg 600w, https:\/\/fiziosan.si\/wp-content\/uploads\/2024\/04\/uebersicht-physiokey.jpg 1200w\" sizes=\"(max-width: 1024px) 100vw, 1024px\" \/><\/a><\/td>\n<\/tr>\n<\/tbody>\n<\/table>\n<\/div>\n<p>&nbsp;<\/p>\n<h3 style=\"text-align: left;\"><strong>Glavne PREDNOSTI sustava:<\/strong><\/h3>\n<p>&nbsp;<\/p>\n<p>&nbsp;<\/p>\n<div>\n<table style=\"width: 100%; border-collapse: collapse; border-style: hidden;\">\n<tbody>\n<tr>\n<td style=\"width: 50%; vertical-align: middle;\">\n<div style=\"text-align: left;\" data-mrgt=\"60\" data-size=\"medium\"><a href=\"https:\/\/stage.fiziosan.si\/wp-content\/uploads\/2024\/04\/hero-medkey-behandlungraum-totale-geraet-schwarz.jpg\"><img decoding=\"async\" class=\"alignnone wp-image-2967 size-large\" src=\"https:\/\/stage.fiziosan.si\/wp-content\/uploads\/2024\/04\/hero-medkey-behandlungraum-totale-geraet-schwarz-1024x704.jpg\" alt=\"PREDNOSTI PHYSIOKEY-a\" width=\"1024\" height=\"704\" title=\"\" srcset=\"https:\/\/fiziosan.si\/wp-content\/uploads\/2024\/04\/hero-medkey-behandlungraum-totale-geraet-schwarz-1024x704.jpg 1024w, https:\/\/fiziosan.si\/wp-content\/uploads\/2024\/04\/hero-medkey-behandlungraum-totale-geraet-schwarz-300x206.jpg 300w, https:\/\/fiziosan.si\/wp-content\/uploads\/2024\/04\/hero-medkey-behandlungraum-totale-geraet-schwarz-768x528.jpg 768w, https:\/\/fiziosan.si\/wp-content\/uploads\/2024\/04\/hero-medkey-behandlungraum-totale-geraet-schwarz-1536x1056.jpg 1536w, https:\/\/fiziosan.si\/wp-content\/uploads\/2024\/04\/hero-medkey-behandlungraum-totale-geraet-schwarz-600x413.jpg 600w, https:\/\/fiziosan.si\/wp-content\/uploads\/2024\/04\/hero-medkey-behandlungraum-totale-geraet-schwarz-1571x1080.jpg 1571w, https:\/\/fiziosan.si\/wp-content\/uploads\/2024\/04\/hero-medkey-behandlungraum-totale-geraet-schwarz.jpg 1920w\" sizes=\"(max-width: 1024px) 100vw, 1024px\" \/><\/a><\/div>\n<\/td>\n<td style=\"width: 50%; text-align: center; vertical-align: middle;\">\n<ul>\n<li style=\"list-style-type: none;\">\n<ul>\n<li style=\"text-align: left;\">Brzo <strong>ubla\u017eavanje boli<\/strong> , op\u0107e <strong>pobolj\u0161anje<\/strong> i <strong>pozitivna promjena<\/strong> u stanju mi\u0161i\u0107nog stresa<\/li>\n<li style=\"text-align: left;\">Poti\u010de <strong>samoregulaciju tijela<\/strong> putem bioadaptivnih impulsa<\/li>\n<li style=\"text-align: left;\"><strong>Bezbolne<\/strong> i <strong>neinvazivne<\/strong> terapije<\/li>\n<li style=\"text-align: left;\"><strong>Precizni<\/strong> i <strong>intenzivni<\/strong> tretmani<\/li>\n<\/ul>\n<\/li>\n<\/ul>\n<\/td>\n<\/tr>\n<\/tbody>\n<\/table>\n<\/div>\n<p>&nbsp;<\/p>\n<div>\n<table style=\"width: 100%; border-collapse: collapse; border-style: hidden;\">\n<tbody>\n<tr>\n<td style=\"width: 50%; vertical-align: middle;\">\n<div style=\"text-align: center;\" data-mrgt=\"60\" data-size=\"medium\"><a href=\"https:\/\/stage.fiziosan.si\/wp-content\/uploads\/2024\/04\/008P-%E2%80%93-kopija.png\"><img decoding=\"async\" class=\"alignnone wp-image-2964 size-large\" src=\"https:\/\/stage.fiziosan.si\/wp-content\/uploads\/2024\/04\/008P-%E2%80%93-kopija-1024x666.png\" alt=\"FIZI\u010cKI KLJU\u010c MOBILNOST UPORABE\" width=\"1024\" height=\"666\" title=\"\"><\/a><\/div>\n<\/td>\n<td style=\"width: 50%; text-align: center; vertical-align: middle;\">Zahvaljuju\u0107i <strong>maloj veli\u010dini<\/strong> i <strong>visokou\u010dinkovitoj bateriji,<\/strong> <strong>PHYSIOKEY<\/strong> je uvijek spreman <strong>za upotrebu bilo gdje.<\/strong><\/td>\n<\/tr>\n<\/tbody>\n<\/table>\n<\/div>\n<p>&nbsp;<\/p>\n<div>\n<table style=\"width: 100%; border-collapse: collapse; border-style: hidden;\">\n<tbody>\n<tr>\n<td style=\"width: 50%; vertical-align: middle;\">\n<div style=\"text-align: center;\" data-mrgt=\"60\" data-size=\"medium\"><a href=\"https:\/\/stage.fiziosan.si\/wp-content\/uploads\/2024\/04\/bearbeitet-hund-nah-%E2%80%93-kopija.jpg\"><img loading=\"lazy\" decoding=\"async\" class=\"alignnone wp-image-2966 size-large\" src=\"https:\/\/stage.fiziosan.si\/wp-content\/uploads\/2024\/04\/bearbeitet-hund-nah-%E2%80%93-kopija-1024x699.jpg\" alt=\"PHYSIOKEY SVESTRANA UPOTREBA\" width=\"1024\" height=\"699\" title=\"\"><\/a><\/div>\n<\/td>\n<td style=\"width: 50%; text-align: center; vertical-align: middle;\">Pet glava uklju\u010denih u <strong>Pro paket<\/strong> omogu\u0107uju svestranost i u\u010dinkovitost ure\u0111aja.<\/td>\n<\/tr>\n<\/tbody>\n<\/table>\n<\/div>\n<p>&nbsp;<\/p>\n<div>\n<table style=\"width: 100%; border-collapse: collapse; border-style: hidden;\">\n<tbody>\n<tr>\n<td style=\"width: 50%; vertical-align: middle;\">\n<div style=\"text-align: center;\" data-mrgt=\"60\" data-size=\"medium\"><a href=\"https:\/\/stage.fiziosan.si\/wp-content\/uploads\/2024\/04\/physiokey-profiset.png\"><img loading=\"lazy\" decoding=\"async\" class=\"alignnone wp-image-2969 size-full\" src=\"https:\/\/stage.fiziosan.si\/wp-content\/uploads\/2024\/04\/physiokey-profiset.png\" alt=\"PAKET PHYSIOKEY\" width=\"600\" height=\"600\" title=\"\" srcset=\"https:\/\/fiziosan.si\/wp-content\/uploads\/2024\/04\/physiokey-profiset.png 600w, https:\/\/fiziosan.si\/wp-content\/uploads\/2024\/04\/physiokey-profiset-300x300.png 300w, https:\/\/fiziosan.si\/wp-content\/uploads\/2024\/04\/physiokey-profiset-150x150.png 150w, https:\/\/fiziosan.si\/wp-content\/uploads\/2024\/04\/physiokey-profiset-100x100.png 100w, https:\/\/fiziosan.si\/wp-content\/uploads\/2024\/04\/physiokey-profiset-50x50.png 50w\" sizes=\"(max-width: 600px) 100vw, 600px\" \/><\/a><\/div>\n<\/td>\n<td style=\"width: 50%; text-align: center; vertical-align: middle;\">\n<h3 style=\"text-align: left;\"><span lang=\"SL\"> \u0160to uklju\u010duje Pro paket?<\/span><\/h3>\n<ul>\n<li style=\"text-align: left;\"><span lang=\"SL\"><strong>PHYSIOKEY ure\u0111aj,<\/strong><\/span><\/li>\n<li style=\"text-align: left;\"><span lang=\"SL\"><strong>5 glava<\/strong> za izvo\u0111enje specifi\u010dnih terapija (Standard, Matrix, Comb, High Pro, Trigger),<\/span><\/li>\n<li style=\"text-align: left;\">priklju\u010dni kabel,<\/li>\n<li style=\"text-align: left;\">samoljepljive elektrode,<\/li>\n<li style=\"text-align: left;\"><span lang=\"SL\">stanica za punjenje,<\/span><\/li>\n<li style=\"text-align: left;\">kabel za punjenje,<\/li>\n<li style=\"text-align: left;\"><span lang=\"SL\">prijenosni kov\u010deg.<\/span><\/li>\n<\/ul>\n<\/td>\n<\/tr>\n<\/tbody>\n<\/table>\n<\/div>\n<div><\/div>\n<p>&nbsp;<\/p>\n<div>\n<table style=\"width: 100%; border-collapse: collapse; border-style: hidden;\">\n<tbody>\n<tr>\n<td style=\"width: 50%; vertical-align: middle;\">\n<div style=\"text-align: center;\" data-mrgt=\"60\" data-size=\"medium\"><a href=\"https:\/\/stage.fiziosan.si\/wp-content\/uploads\/2024\/04\/physiokey-einzelgeraet.png\"><img loading=\"lazy\" decoding=\"async\" class=\"alignnone wp-image-3062 size-full\" src=\"https:\/\/stage.fiziosan.si\/wp-content\/uploads\/2024\/04\/physiokey-einzelgeraet.png\" alt=\"SAMO URE\u0110AJ\" width=\"600\" height=\"600\" title=\"\" srcset=\"https:\/\/fiziosan.si\/wp-content\/uploads\/2024\/04\/physiokey-einzelgeraet.png 600w, https:\/\/fiziosan.si\/wp-content\/uploads\/2024\/04\/physiokey-einzelgeraet-300x300.png 300w, https:\/\/fiziosan.si\/wp-content\/uploads\/2024\/04\/physiokey-einzelgeraet-150x150.png 150w, https:\/\/fiziosan.si\/wp-content\/uploads\/2024\/04\/physiokey-einzelgeraet-100x100.png 100w, https:\/\/fiziosan.si\/wp-content\/uploads\/2024\/04\/physiokey-einzelgeraet-50x50.png 50w\" sizes=\"(max-width: 600px) 100vw, 600px\" \/><\/a><\/div>\n<\/td>\n<td style=\"width: 50%; text-align: center; vertical-align: middle;\">\n<p style=\"text-align: left;\"><span lang=\"SL\">Ako kupite <strong>samo ure\u0111aj,<\/strong> dobit \u0107ete:<\/span><\/p>\n<ul>\n<li style=\"text-align: left;\"><span lang=\"SL\"><strong>PHYSIOKEY ure\u0111aj,<\/strong><\/span><\/li>\n<li style=\"text-align: left;\"><span lang=\"SL\">Standardna <strong>glava<\/strong> ,<\/span><\/li>\n<li style=\"text-align: left;\">stanica za punjenje,<\/li>\n<li style=\"text-align: left;\">priklju\u010dni kabel,<\/li>\n<li style=\"text-align: left;\">spis.<\/li>\n<\/ul>\n<\/td>\n<\/tr>\n<\/tbody>\n<\/table>\n<\/div>\n<div><\/div>\n<p>&nbsp;<\/p>\n<p>&nbsp;<\/p>\n<h3 style=\"text-align: center;\">3 TERAPIJE u JEDNOM ure\u0111aju<\/h3>\n<p>&nbsp;<\/p>\n<p>&nbsp;<\/p>\n<div>\n<table style=\"width: 100%; border-collapse: collapse; border-style: hidden; height: 320px;\" border=\"0\">\n<tbody>\n<tr style=\"height: 320px;\">\n<td style=\"width: 33%; height: 320px;\"><a href=\"https:\/\/stage.fiziosan.si\/wp-content\/uploads\/2024\/03\/bioregulacija.jpg\"><img loading=\"lazy\" decoding=\"async\" class=\"alignnone wp-image-2911\" src=\"https:\/\/stage.fiziosan.si\/wp-content\/uploads\/2024\/03\/bioregulacija.jpg\" alt=\"BIOREGULACIJA\" width=\"125\" height=\"120\" title=\"\"><\/a><\/p>\n<p>&nbsp;<\/p>\n<p><strong>Bioregulacija<\/strong> : ima 10 unaprijed definiranih terapijskih programa i 1 program koji se mo\u017ee prilagoditi terapijskim potrebama.<\/td>\n<td style=\"width: 33%; height: 320px;\"><a href=\"https:\/\/stage.fiziosan.si\/wp-content\/uploads\/2024\/03\/diagnostika.jpg\"><img loading=\"lazy\" decoding=\"async\" class=\"alignnone wp-image-2912\" src=\"https:\/\/stage.fiziosan.si\/wp-content\/uploads\/2024\/03\/diagnostika.jpg\" alt=\"DIJAGNOSTIKA\" width=\"115\" height=\"120\" title=\"\"><\/a><\/p>\n<p>&nbsp;<\/p>\n<p><strong>Dijagnosti\u010dki na\u010din rada<\/strong> : U dijagnosti\u010dkom na\u010dinu rada, Physiokey koristi numeri\u010dke vrijednosti kako bi to\u010dno odredio najbolju po\u010detnu to\u010dku za terapiju.<\/td>\n<td style=\"width: 33%; height: 320px;\"><a href=\"https:\/\/stage.fiziosan.si\/wp-content\/uploads\/2024\/03\/keyforeza.jpg\"><img loading=\"lazy\" decoding=\"async\" class=\"alignnone wp-image-2914\" src=\"https:\/\/stage.fiziosan.si\/wp-content\/uploads\/2024\/03\/keyforeza.jpg\" alt=\"\" width=\"126\" height=\"120\" title=\"\"><\/a><\/p>\n<p>&nbsp;<\/p>\n<p><strong>Key phoreza<\/strong> : je metoda iontoforeze, dostupna isklju\u010divo s Physiokey ure\u0111ajem, koja omogu\u0107uje duboku dostavu krema i teku\u0107ina u dermis i epidermis.<\/td>\n<\/tr>\n<\/tbody>\n<\/table>\n<\/div>\n<div>\n<h3 class=\"col-xs-12 col-sm-6\" style=\"text-align: center;\">5 izmjenjivih glava za SVE VRSTE terapija + priklju\u010dni kabel<\/h3>\n<\/div>\n<p>&nbsp;<\/p>\n<div>\n<table class=\"table brez-roba\" style=\"border-style: hidden; width: 100%; background-color: white;\">\n<tbody>\n<tr class=\"table brez-roba\">\n<td style=\"width: 20%;\"><a href=\"https:\/\/stage.fiziosan.si\/wp-content\/uploads\/2024\/04\/standard-wechselkopf-physiokey.jpg\"><img loading=\"lazy\" decoding=\"async\" class=\"alignnone wp-image-2988 size-medium\" src=\"https:\/\/stage.fiziosan.si\/wp-content\/uploads\/2024\/04\/standard-wechselkopf-physiokey-300x300.jpg\" alt=\"STANDARD GLAVE\" width=\"300\" height=\"300\" title=\"\" srcset=\"https:\/\/fiziosan.si\/wp-content\/uploads\/2024\/04\/standard-wechselkopf-physiokey-300x300.jpg 300w, https:\/\/fiziosan.si\/wp-content\/uploads\/2024\/04\/standard-wechselkopf-physiokey-150x150.jpg 150w, https:\/\/fiziosan.si\/wp-content\/uploads\/2024\/04\/standard-wechselkopf-physiokey-100x100.jpg 100w, https:\/\/fiziosan.si\/wp-content\/uploads\/2024\/04\/standard-wechselkopf-physiokey-50x50.jpg 50w, https:\/\/fiziosan.si\/wp-content\/uploads\/2024\/04\/standard-wechselkopf-physiokey.jpg 600w\" sizes=\"(max-width: 300px) 100vw, 300px\" \/><\/a><\/td>\n<td style=\"width: 20%;\"><a href=\"https:\/\/stage.fiziosan.si\/wp-content\/uploads\/2024\/04\/highpro-wechselkopf.png\"><img loading=\"lazy\" decoding=\"async\" class=\"alignnone wp-image-2985 size-medium\" src=\"https:\/\/stage.fiziosan.si\/wp-content\/uploads\/2024\/04\/highpro-wechselkopf-300x300.png\" alt=\"HIGHPRO GLAVA\" width=\"300\" height=\"300\" title=\"\" srcset=\"https:\/\/fiziosan.si\/wp-content\/uploads\/2024\/04\/highpro-wechselkopf-300x300.png 300w, https:\/\/fiziosan.si\/wp-content\/uploads\/2024\/04\/highpro-wechselkopf-150x150.png 150w, https:\/\/fiziosan.si\/wp-content\/uploads\/2024\/04\/highpro-wechselkopf-100x100.png 100w, https:\/\/fiziosan.si\/wp-content\/uploads\/2024\/04\/highpro-wechselkopf-50x50.png 50w, https:\/\/fiziosan.si\/wp-content\/uploads\/2024\/04\/highpro-wechselkopf.png 600w\" sizes=\"(max-width: 300px) 100vw, 300px\" \/><\/a><\/td>\n<td style=\"width: 20%;\"><a href=\"https:\/\/stage.fiziosan.si\/wp-content\/uploads\/2024\/04\/trigger-wechselkopf.png\"><img loading=\"lazy\" decoding=\"async\" class=\"alignnone wp-image-2989 size-medium\" src=\"https:\/\/stage.fiziosan.si\/wp-content\/uploads\/2024\/04\/trigger-wechselkopf-300x300.png\" alt=\"GLAVNI OKIDA\u010c\" width=\"300\" height=\"300\" title=\"\" srcset=\"https:\/\/fiziosan.si\/wp-content\/uploads\/2024\/04\/trigger-wechselkopf-300x300.png 300w, https:\/\/fiziosan.si\/wp-content\/uploads\/2024\/04\/trigger-wechselkopf-150x150.png 150w, https:\/\/fiziosan.si\/wp-content\/uploads\/2024\/04\/trigger-wechselkopf-100x100.png 100w, https:\/\/fiziosan.si\/wp-content\/uploads\/2024\/04\/trigger-wechselkopf-50x50.png 50w, https:\/\/fiziosan.si\/wp-content\/uploads\/2024\/04\/trigger-wechselkopf.png 600w\" sizes=\"(max-width: 300px) 100vw, 300px\" \/><\/a><\/td>\n<td style=\"vertical-align: top; width: 40%;\">\n<ul>\n<li><strong>Standardno:<\/strong> standardna glava isporu\u010duje se s ure\u0111ajem<\/li>\n<li><strong>High-Pro:<\/strong> High-Pro glava pravokutnog oblika savr\u0161ena je za preciznija mjerenja u dijagnosti\u010dkom na\u010dinu rada, jer otvara spinalne i meridijanske puteve.<\/li>\n<li><strong>Okida\u010d:<\/strong> Glava okida\u010da prvenstveno se koristi za tretiranje okida\u010dkih to\u010daka. Tako\u0111er je idealna za male mi\u0161i\u0107e.<\/li>\n<\/ul>\n<\/td>\n<\/tr>\n<tr class=\"table brez-roba\" style=\"background-color: white;\">\n<td style=\"width: 20%;\"><a href=\"https:\/\/stage.fiziosan.si\/wp-content\/uploads\/2024\/04\/matrix-wechselkopf.png\"><img loading=\"lazy\" decoding=\"async\" class=\"alignnone wp-image-2987 size-medium\" src=\"https:\/\/stage.fiziosan.si\/wp-content\/uploads\/2024\/04\/matrix-wechselkopf-300x300.png\" alt=\"MATRIX GLAVA\" width=\"300\" height=\"300\" title=\"\" srcset=\"https:\/\/fiziosan.si\/wp-content\/uploads\/2024\/04\/matrix-wechselkopf-300x300.png 300w, https:\/\/fiziosan.si\/wp-content\/uploads\/2024\/04\/matrix-wechselkopf-150x150.png 150w, https:\/\/fiziosan.si\/wp-content\/uploads\/2024\/04\/matrix-wechselkopf-100x100.png 100w, https:\/\/fiziosan.si\/wp-content\/uploads\/2024\/04\/matrix-wechselkopf-50x50.png 50w, https:\/\/fiziosan.si\/wp-content\/uploads\/2024\/04\/matrix-wechselkopf.png 600w\" sizes=\"(max-width: 300px) 100vw, 300px\" \/><\/a><\/td>\n<td style=\"width: 20%;\"><a href=\"https:\/\/stage.fiziosan.si\/wp-content\/uploads\/2024\/04\/kamm-wechselkopf.png\"><img loading=\"lazy\" decoding=\"async\" class=\"alignnone wp-image-2986 size-medium\" src=\"https:\/\/stage.fiziosan.si\/wp-content\/uploads\/2024\/04\/kamm-wechselkopf-300x300.png\" alt=\"\u010cE\u0160ALJ ZA GLAVU\" width=\"300\" height=\"300\" title=\"\" srcset=\"https:\/\/fiziosan.si\/wp-content\/uploads\/2024\/04\/kamm-wechselkopf-300x300.png 300w, https:\/\/fiziosan.si\/wp-content\/uploads\/2024\/04\/kamm-wechselkopf-150x150.png 150w, https:\/\/fiziosan.si\/wp-content\/uploads\/2024\/04\/kamm-wechselkopf-100x100.png 100w, https:\/\/fiziosan.si\/wp-content\/uploads\/2024\/04\/kamm-wechselkopf-50x50.png 50w, https:\/\/fiziosan.si\/wp-content\/uploads\/2024\/04\/kamm-wechselkopf.png 600w\" sizes=\"(max-width: 300px) 100vw, 300px\" \/><\/a><\/td>\n<td style=\"width: 20%;\"><a href=\"https:\/\/stage.fiziosan.si\/wp-content\/uploads\/2024\/04\/connector-kabel.png\"><img loading=\"lazy\" decoding=\"async\" class=\"alignnone wp-image-3066 size-full\" src=\"https:\/\/stage.fiziosan.si\/wp-content\/uploads\/2024\/04\/connector-kabel.png\" alt=\"PRIKLJU\u010cNI KABEL\" width=\"600\" height=\"600\" title=\"\" srcset=\"https:\/\/fiziosan.si\/wp-content\/uploads\/2024\/04\/connector-kabel.png 600w, https:\/\/fiziosan.si\/wp-content\/uploads\/2024\/04\/connector-kabel-300x300.png 300w, https:\/\/fiziosan.si\/wp-content\/uploads\/2024\/04\/connector-kabel-150x150.png 150w, https:\/\/fiziosan.si\/wp-content\/uploads\/2024\/04\/connector-kabel-100x100.png 100w, https:\/\/fiziosan.si\/wp-content\/uploads\/2024\/04\/connector-kabel-50x50.png 50w\" sizes=\"(max-width: 600px) 100vw, 600px\" \/><\/a><\/td>\n<td style=\"vertical-align: top; width: 40%;\">\n<ul>\n<li><strong>Matrix:<\/strong> Matrix glava je pravi izbor za tretiranje mi\u0161i\u0107a i fascije.<\/li>\n<li><strong>\u010ce\u0161alj:<\/strong> Glava \u010de\u0161lja sastoji se od 41 zaobljenog zuba koji omogu\u0107uje potpuni kontakt s ko\u017eom. Elektroda je idealna za tretiranje dlakavih podru\u010dja. Tako\u0111er je pogodna za upotrebu na \u017eivotinjama.<\/li>\n<li><strong>Spojni kabel:<\/strong> za spajanje samoljepljivih elektroda i Physiokey ure\u0111aja<\/li>\n<\/ul>\n<\/td>\n<\/tr>\n<\/tbody>\n<\/table>\n<\/div>\n<p>&nbsp;<\/p>\n<div>\n<h3 class=\"col-xs-12 col-sm-6\" style=\"text-align: center;\">Primjeri upotrebe kod AKUTNE i KRONI\u010cNE BOLI i DISFUNKCIJE<\/h3>\n<\/div>\n<p>&nbsp;<\/p>\n<p>&nbsp;<\/p>\n<div>\n<table class=\"table brez-roba\" style=\"border-style: hidden; width: 100%; background-color: white;\">\n<tbody>\n<tr class=\"table brez-roba\">\n<td style=\"vertical-align: top; width: 25%;\">\n<ul>\n<li>Terapija fascije<\/li>\n<li>Tretman okida\u010dkih to\u010daka<\/li>\n<li>Bol u vratu i le\u0111ima<\/li>\n<\/ul>\n<\/td>\n<td style=\"width: 25%;\"><a href=\"https:\/\/stage.fiziosan.si\/wp-content\/uploads\/2024\/03\/fascije.jpg\"><img loading=\"lazy\" decoding=\"async\" class=\"alignnone wp-image-2933 size-medium\" src=\"https:\/\/stage.fiziosan.si\/wp-content\/uploads\/2024\/03\/fascije-300x300.jpg\" alt=\"FASCIA\" width=\"300\" height=\"300\" title=\"\" srcset=\"https:\/\/fiziosan.si\/wp-content\/uploads\/2024\/03\/fascije-300x300.jpg 300w, https:\/\/fiziosan.si\/wp-content\/uploads\/2024\/03\/fascije-150x150.jpg 150w, https:\/\/fiziosan.si\/wp-content\/uploads\/2024\/03\/fascije-100x100.jpg 100w, https:\/\/fiziosan.si\/wp-content\/uploads\/2024\/03\/fascije-50x50.jpg 50w, https:\/\/fiziosan.si\/wp-content\/uploads\/2024\/03\/fascije.jpg 590w\" sizes=\"(max-width: 300px) 100vw, 300px\" \/><\/a><\/td>\n<td style=\"width: 25%;\"><a href=\"https:\/\/stage.fiziosan.si\/wp-content\/uploads\/2024\/03\/prozilne-tocke.jpg\"><img loading=\"lazy\" decoding=\"async\" class=\"alignnone wp-image-2936 size-medium\" src=\"https:\/\/stage.fiziosan.si\/wp-content\/uploads\/2024\/03\/prozilne-tocke-300x300.jpg\" alt=\"OTKAZNE TO\u010cKE\" width=\"300\" height=\"300\" title=\"\" srcset=\"https:\/\/fiziosan.si\/wp-content\/uploads\/2024\/03\/prozilne-tocke-300x300.jpg 300w, https:\/\/fiziosan.si\/wp-content\/uploads\/2024\/03\/prozilne-tocke-150x150.jpg 150w, https:\/\/fiziosan.si\/wp-content\/uploads\/2024\/03\/prozilne-tocke-100x100.jpg 100w, https:\/\/fiziosan.si\/wp-content\/uploads\/2024\/03\/prozilne-tocke-50x50.jpg 50w, https:\/\/fiziosan.si\/wp-content\/uploads\/2024\/03\/prozilne-tocke.jpg 588w\" sizes=\"(max-width: 300px) 100vw, 300px\" \/><\/a><\/td>\n<td style=\"width: 25%;\"><a href=\"https:\/\/stage.fiziosan.si\/wp-content\/uploads\/2024\/03\/bolecine-vrat-hrbet.jpg\"><img loading=\"lazy\" decoding=\"async\" class=\"alignnone wp-image-2932 size-medium\" src=\"https:\/\/stage.fiziosan.si\/wp-content\/uploads\/2024\/03\/bolecine-vrat-hrbet-300x300.jpg\" alt=\"BOL U VRATU I LE\u0110IMA\" width=\"300\" height=\"300\" title=\"\" srcset=\"https:\/\/fiziosan.si\/wp-content\/uploads\/2024\/03\/bolecine-vrat-hrbet-300x300.jpg 300w, https:\/\/fiziosan.si\/wp-content\/uploads\/2024\/03\/bolecine-vrat-hrbet-150x150.jpg 150w, https:\/\/fiziosan.si\/wp-content\/uploads\/2024\/03\/bolecine-vrat-hrbet-100x100.jpg 100w, https:\/\/fiziosan.si\/wp-content\/uploads\/2024\/03\/bolecine-vrat-hrbet-50x50.jpg 50w, https:\/\/fiziosan.si\/wp-content\/uploads\/2024\/03\/bolecine-vrat-hrbet.jpg 591w\" sizes=\"(max-width: 300px) 100vw, 300px\" \/><\/a><\/td>\n<\/tr>\n<tr class=\"table brez-roba\" style=\"background-color: white;\">\n<td style=\"vertical-align: top; width: 25%;\">\n<ul>\n<li>Funkcionalni poreme\u0107aji<\/li>\n<li>Bol u zglobovima<\/li>\n<li>Mi\u0161i\u0107ne disfunkcije<\/li>\n<\/ul>\n<\/td>\n<td style=\"width: 25%;\"><a href=\"https:\/\/stage.fiziosan.si\/wp-content\/uploads\/2024\/03\/motnje.jpg\"><img loading=\"lazy\" decoding=\"async\" class=\"alignnone wp-image-2935 size-medium\" src=\"https:\/\/stage.fiziosan.si\/wp-content\/uploads\/2024\/03\/motnje-300x300.jpg\" alt=\"SMETNJE\" width=\"300\" height=\"300\" title=\"\" srcset=\"https:\/\/fiziosan.si\/wp-content\/uploads\/2024\/03\/motnje-300x300.jpg 300w, https:\/\/fiziosan.si\/wp-content\/uploads\/2024\/03\/motnje-150x150.jpg 150w, https:\/\/fiziosan.si\/wp-content\/uploads\/2024\/03\/motnje-100x100.jpg 100w, https:\/\/fiziosan.si\/wp-content\/uploads\/2024\/03\/motnje-50x50.jpg 50w, https:\/\/fiziosan.si\/wp-content\/uploads\/2024\/03\/motnje.jpg 589w\" sizes=\"(max-width: 300px) 100vw, 300px\" \/><\/a><\/td>\n<td style=\"width: 25%;\"><a href=\"https:\/\/stage.fiziosan.si\/wp-content\/uploads\/2024\/03\/sklepi.jpg\"><img loading=\"lazy\" decoding=\"async\" class=\"alignnone wp-image-2937 size-medium\" src=\"https:\/\/stage.fiziosan.si\/wp-content\/uploads\/2024\/03\/sklepi-298x300.jpg\" alt=\"ZAKLJU\u010cCI\" width=\"298\" height=\"300\" title=\"\" srcset=\"https:\/\/fiziosan.si\/wp-content\/uploads\/2024\/03\/sklepi-298x300.jpg 298w, https:\/\/fiziosan.si\/wp-content\/uploads\/2024\/03\/sklepi-150x150.jpg 150w, https:\/\/fiziosan.si\/wp-content\/uploads\/2024\/03\/sklepi-100x100.jpg 100w, https:\/\/fiziosan.si\/wp-content\/uploads\/2024\/03\/sklepi-50x50.jpg 50w, https:\/\/fiziosan.si\/wp-content\/uploads\/2024\/03\/sklepi.jpg 588w\" sizes=\"(max-width: 298px) 100vw, 298px\" \/><\/a><\/td>\n<td style=\"width: 25%;\"><a href=\"https:\/\/stage.fiziosan.si\/wp-content\/uploads\/2024\/03\/misice.jpg\"><img loading=\"lazy\" decoding=\"async\" class=\"alignnone wp-image-2934 size-medium\" src=\"https:\/\/stage.fiziosan.si\/wp-content\/uploads\/2024\/03\/misice-300x300.jpg\" alt=\"MI\u0160I\u0106NE DISFUNKCIJE\" width=\"300\" height=\"300\" title=\"\" srcset=\"https:\/\/fiziosan.si\/wp-content\/uploads\/2024\/03\/misice-300x300.jpg 300w, https:\/\/fiziosan.si\/wp-content\/uploads\/2024\/03\/misice-150x150.jpg 150w, https:\/\/fiziosan.si\/wp-content\/uploads\/2024\/03\/misice-100x100.jpg 100w, https:\/\/fiziosan.si\/wp-content\/uploads\/2024\/03\/misice-50x50.jpg 50w, https:\/\/fiziosan.si\/wp-content\/uploads\/2024\/03\/misice.jpg 591w\" sizes=\"(max-width: 300px) 100vw, 300px\" \/><\/a><\/td>\n<\/tr>\n<\/tbody>\n<\/table>\n<\/div>\n","protected":false},"excerpt":{"rendered":"<span lang=\"SL\"><strong>Physiokey<\/strong> je neinvazivni ure\u0111aj za neurostimulaciju kontroliran <strong>biofeedbackom<\/strong> , temeljen na inovativnoj tehnologiji za lije\u010denje akutne i kroni\u010dne boli.<\/span>\r\n\r\nOmogu\u0107uje dijagnosticiranje i lije\u010denje svih vrsta mi\u0161i\u0107no-ko\u0161tanih, zglobnih i organskih problema. <strong>Physiokey<\/strong> aktivira <strong>endogene procese ozdravljenja<\/strong> pokretanjem dijaloga s tijelom, \u010dime omogu\u0107uje terapiju prilago\u0111enu pojedinom pacijentu i time bolje rezultate u kra\u0107em vremenu.","protected":false},"featured_media":6388,"template":"","meta":{"_acf_changed":false},"pwb-brand":[1054],"product_cat":[364,358],"product_tag":[],"class_list":{"0":"post-8720","1":"product","2":"type-product","3":"status-publish","4":"has-post-thumbnail","6":"pwb-brand-keytec","7":"product_cat-elektroterapija-hr-2","8":"product_cat-fizioterapija-hr","9":"pa_baterija-5v-0-5v-punjiva-li-ionska-baterija","10":"pa_baterija-punjenje-putem-usb-a","11":"pa_mere-185-x-51-x-28-mm-hr","12":"pa_napajanje-cca-180-minuta","13":"pa_teza-180-g","14":"pa_zaslon-22-incni-tft-zaslon-osjetljiv-na-dodir","16":"first","17":"instock","18":"taxable","19":"shipping-taxable","20":"purchasable","21":"product-type-variable","22":"has-default-attributes"},"acf":[],"brands":[{"id":1054,"name":"Keytec","slug":"keytec"}],"_links":{"self":[{"href":"https:\/\/fiziosan.si\/hr\/wp-json\/wp\/v2\/product\/8720"}],"collection":[{"href":"https:\/\/fiziosan.si\/hr\/wp-json\/wp\/v2\/product"}],"about":[{"href":"https:\/\/fiziosan.si\/hr\/wp-json\/wp\/v2\/types\/product"}],"version-history":[{"count":4,"href":"https:\/\/fiziosan.si\/hr\/wp-json\/wp\/v2\/product\/8720\/revisions"}],"predecessor-version":[{"id":11496,"href":"https:\/\/fiziosan.si\/hr\/wp-json\/wp\/v2\/product\/8720\/revisions\/11496"}],"wp:featuredmedia":[{"embeddable":true,"href":"https:\/\/fiziosan.si\/hr\/wp-json\/wp\/v2\/media\/6388"}],"wp:attachment":[{"href":"https:\/\/fiziosan.si\/hr\/wp-json\/wp\/v2\/media?parent=8720"}],"wp:term":[{"taxonomy":"pwb-brand","embeddable":true,"href":"https:\/\/fiziosan.si\/hr\/wp-json\/wp\/v2\/pwb-brand?post=8720"},{"taxonomy":"product_cat","embeddable":true,"href":"https:\/\/fiziosan.si\/hr\/wp-json\/wp\/v2\/product_cat?post=8720"},{"taxonomy":"product_tag","embeddable":true,"href":"https:\/\/fiziosan.si\/hr\/wp-json\/wp\/v2\/product_tag?post=8720"}],"curies":[{"name":"wp","href":"https:\/\/api.w.org\/{rel}","templated":true}]}}