{"id":8719,"date":"2024-08-31T12:57:59","date_gmt":"2024-08-31T12:57:59","guid":{"rendered":"https:\/\/fiziosan.si\/izdelek\/tecar\/"},"modified":"2025-07-31T16:05:00","modified_gmt":"2025-07-31T16:05:00","slug":"tecar","status":"publish","type":"product","link":"https:\/\/fiziosan.si\/hr\/proizvod\/tecar\/","title":{"rendered":"Tecar"},"content":{"rendered":"<p>&nbsp;<\/p>\n<div>\n<table class=\"table brez-roba\" style=\"border-style: hidden; width: 100%;\">\n<tbody>\n<tr class=\"table brez-roba\">\n<td style=\"vertical-align: middle; width: 50%;\">\n<p style=\"text-align: left;\"><strong>Tecar terapija<\/strong> je fizioterapijska metoda koja koristi <strong>TECAR<\/strong> <strong>(transmisijsku kapacitivnu i rezistivnu elektri\u010dnu energiju<\/strong> ) tehnologiju za ubrzavanje prirodnih procesa ozdravljenja tijela.<\/p>\n<p>&nbsp;<\/p>\n<p style=\"text-align: left;\">Osnovni princip rada ure\u0111aja temelji se na kori\u0161tenju <strong>visokofrekventne elektri\u010dne struje<\/strong> koja poti\u010de <strong>dubinsko zagrijavanje tjelesnih tkiva<\/strong> . Ovo zagrijavanje posljedi\u010dno <strong>pobolj\u0161ava<\/strong> <strong>lokalnu cirkulaciju krvi, smanjuje bol<\/strong> i <strong>ubrzava proces ozdravljenja<\/strong> .<\/p>\n<p>&nbsp;<\/p>\n<p>&nbsp;<\/p>\n<p style=\"text-align: center;\">\n<\/td>\n<td style=\"width: 50%;\"><a href=\"https:\/\/fiziosan.si\/wp-content\/uploads\/2025\/02\/Tecar-terapija-2.jpg\"><img fetchpriority=\"high\" decoding=\"async\" class=\"wp-image-4210 size-full alignnone\" src=\"https:\/\/fiziosan.si\/wp-content\/uploads\/2025\/02\/Tecar-terapija-2.jpg\" alt=\"\" width=\"1234\" height=\"800\" title=\"\" srcset=\"https:\/\/fiziosan.si\/wp-content\/uploads\/2025\/02\/Tecar-terapija-2.jpg 1234w, https:\/\/fiziosan.si\/wp-content\/uploads\/2025\/02\/Tecar-terapija-2-300x194.jpg 300w, https:\/\/fiziosan.si\/wp-content\/uploads\/2025\/02\/Tecar-terapija-2-1024x664.jpg 1024w, https:\/\/fiziosan.si\/wp-content\/uploads\/2025\/02\/Tecar-terapija-2-768x498.jpg 768w, https:\/\/fiziosan.si\/wp-content\/uploads\/2025\/02\/Tecar-terapija-2-600x389.jpg 600w\" sizes=\"(max-width: 1234px) 100vw, 1234px\" \/><\/a><\/td>\n<\/tr>\n<\/tbody>\n<\/table>\n<\/div>\n<p>&nbsp;<\/p>\n<p>&nbsp;<\/p>\n<div>\n<table style=\"width: 100%; border-collapse: collapse; border-style: hidden;\">\n<tbody>\n<tr>\n<td style=\"width: 50%; vertical-align: top;\">\n<div style=\"text-align: left;\" data-mrgt=\"60\" data-size=\"medium\"><a href=\"https:\/\/fiziosan.si\/wp-content\/uploads\/2025\/02\/Tecar-terapija-6.jpg\"><img decoding=\"async\" class=\"wp-image-4212 size-full alignnone\" src=\"https:\/\/fiziosan.si\/wp-content\/uploads\/2025\/02\/Tecar-terapija-6.jpg\" alt=\"\" width=\"1301\" height=\"800\" title=\"\" srcset=\"https:\/\/fiziosan.si\/wp-content\/uploads\/2025\/02\/Tecar-terapija-6.jpg 1301w, https:\/\/fiziosan.si\/wp-content\/uploads\/2025\/02\/Tecar-terapija-6-300x184.jpg 300w, https:\/\/fiziosan.si\/wp-content\/uploads\/2025\/02\/Tecar-terapija-6-1024x630.jpg 1024w, https:\/\/fiziosan.si\/wp-content\/uploads\/2025\/02\/Tecar-terapija-6-768x472.jpg 768w, https:\/\/fiziosan.si\/wp-content\/uploads\/2025\/02\/Tecar-terapija-6-600x369.jpg 600w\" sizes=\"(max-width: 1301px) 100vw, 1301px\" \/><\/a><\/div>\n<\/td>\n<td style=\"vertical-align: middle; width: 50%;\"><strong>Tecar terapija<\/strong> djeluje na dva osnovna na\u010dina. Frekvencije od 300 kHz i 448 kHz osiguravaju da se RET i CET zna\u010dajno razlikuju u smislu dubokog i povr\u0161inskog prodiranja. Dublje prodiranje RET-a mo\u017ee dose\u0107i 10 cm bez gubitka energije.<\/p>\n<ol>\n<li><strong>Kapacitivni na\u010din rada (CET):<\/strong> U ovom na\u010dinu rada cilj je zagrijavanje mekih tkiva poput mi\u0161i\u0107a i masnog tkiva. Kapacitivni na\u010din rada radi kori\u0161tenjem elektri\u010dnih polja koja privla\u010de i odbijaju ione i elektrolite u tjelesnim teku\u0107inama, uzrokuju\u0107i porast temperature tkiva. Generirana toplina opu\u0161ta mi\u0161i\u0107e, pobolj\u0161ava cirkulaciju krvi i ubrzava regeneraciju tkiva.<\/li>\n<\/ol>\n<ol>\n<li><strong>Otporni na\u010din rada (RET):<\/strong> Ovaj na\u010din rada vi\u0161e je usmjeren na zagrijavanje gu\u0161\u0107ih tkiva poput tetiva, zglobova i kostiju. Otporni na\u010din rada koristi elektri\u010dnu struju koja prolazi kroz tkivo s ve\u0107im otporom (otporno\u0161\u0107u), uzrokuju\u0107i intenzivnije lokalno zagrijavanje. Toplina poma\u017ee u smanjenju upale, zacjeljivanju ozljeda i ubla\u017eavanju boli u dubljim strukturama.<\/li>\n<\/ol>\n<p>&nbsp;<\/p>\n<p>&nbsp;<\/p>\n<p style=\"text-align: center;\">\n<\/td>\n<\/tr>\n<\/tbody>\n<\/table>\n<\/div>\n<p>&nbsp;<\/p>\n<h3 style=\"text-align: left;\"><strong>Glavni u\u010dinci TECAR terapije<\/strong><\/h3>\n<p>&nbsp;<\/p>\n<div>\n<table class=\"table brez-roba\" style=\"border-style: hidden; width: 100%;\">\n<tbody>\n<tr class=\"table brez-roba\">\n<td style=\"vertical-align: top; width: 50.2534%;\">\n<ul>\n<li><strong>Pobolj\u0161anje cirkulacije krvi:<\/strong> Pove\u0107anjem temperature u tjelesnim tkivima pove\u0107ava se cirkulacija krvi, \u0161to poma\u017ee br\u017eem uklanjanju otpadnih proizvoda i dostavi kisika i hranjivih tvari o\u0161te\u0107enim podru\u010djima.<\/li>\n<\/ul>\n<p>&nbsp;<\/p>\n<ul>\n<li><strong>Ubla\u017eavanje boli:<\/strong> toplina smanjuje osjetljivost receptora boli i opu\u0161ta mi\u0161i\u0107e, \u0161to mo\u017ee zna\u010dajno pomo\u0107i u ubla\u017eavanju boli.<\/li>\n<\/ul>\n<p>&nbsp;<\/p>\n<ul>\n<li><strong>Ubrzava zacjeljivanje:<\/strong> Toplina i pobolj\u0161ana cirkulacija poti\u010du prirodne regenerativne procese tijela, \u0161to ubrzava zacjeljivanje.<\/li>\n<\/ul>\n<\/td>\n<td style=\"width: 49.7466%;\"><a href=\"https:\/\/fiziosan.si\/wp-content\/uploads\/2024\/08\/foto33aSM-1024x909.jpg\"><img decoding=\"async\" class=\"alignnone wp-image-3805 size-large\" src=\"https:\/\/fiziosan.si\/wp-content\/uploads\/2024\/08\/foto33aSM-1024x909.jpg\" alt=\"u\u010dinci Tecar terapije\" width=\"1024\" height=\"909\" title=\"\" srcset=\"https:\/\/fiziosan.si\/wp-content\/uploads\/2024\/08\/foto33aSM-1024x909.jpg 1024w, https:\/\/fiziosan.si\/wp-content\/uploads\/2024\/08\/foto33aSM-300x266.jpg 300w, https:\/\/fiziosan.si\/wp-content\/uploads\/2024\/08\/foto33aSM-768x682.jpg 768w, https:\/\/fiziosan.si\/wp-content\/uploads\/2024\/08\/foto33aSM-600x533.jpg 600w, https:\/\/fiziosan.si\/wp-content\/uploads\/2024\/08\/foto33aSM-1536x1364.jpg 1536w, https:\/\/fiziosan.si\/wp-content\/uploads\/2024\/08\/foto33aSM-1216x1080.jpg 1216w, https:\/\/fiziosan.si\/wp-content\/uploads\/2024\/08\/foto33aSM.jpg 1596w\" sizes=\"(max-width: 1024px) 100vw, 1024px\" \/><\/a><\/td>\n<\/tr>\n<\/tbody>\n<\/table>\n<\/div>\n<p>&nbsp;<\/p>\n<p>&nbsp;<\/p>\n<div>\n<h3 class=\"col-xs-12 col-sm-6\" style=\"text-align: center;\">Tehni\u010dke karakteristike TECAR ure\u0111aja<\/h3>\n<\/div>\n<p>&nbsp;<\/p>\n<p>&nbsp;<\/p>\n<div>\n<table class=\"table brez-roba\" style=\"border-style: hidden; width: 100%; background-color: white;\">\n<tbody>\n<tr class=\"table brez-roba\">\n<td style=\"width: 20%; vertical-align: middle;\"><a href=\"https:\/\/fiziosan.si\/wp-content\/uploads\/2024\/08\/terapija2-150x150.jpg\"><img loading=\"lazy\" decoding=\"async\" class=\"alignnone wp-image-3795 size-thumbnail\" src=\"https:\/\/fiziosan.si\/wp-content\/uploads\/2024\/08\/terapija2-150x150.jpg\" alt=\"\" width=\"150\" height=\"150\" title=\"\" srcset=\"https:\/\/fiziosan.si\/wp-content\/uploads\/2024\/08\/terapija2-150x150.jpg 150w, https:\/\/fiziosan.si\/wp-content\/uploads\/2024\/08\/terapija2-100x100.jpg 100w, https:\/\/fiziosan.si\/wp-content\/uploads\/2024\/08\/terapija2-50x50.jpg 50w\" sizes=\"(max-width: 150px) 100vw, 150px\" \/><\/a><\/td>\n<td style=\"width: 20%; vertical-align: middle;\"><a href=\"https:\/\/fiziosan.si\/wp-content\/uploads\/2024\/08\/nastavitve2-150x150.jpg\"><img loading=\"lazy\" decoding=\"async\" class=\"alignnone wp-image-3793 size-thumbnail\" src=\"https:\/\/fiziosan.si\/wp-content\/uploads\/2024\/08\/nastavitve2-150x150.jpg\" alt=\"\" width=\"150\" height=\"150\" title=\"\" srcset=\"https:\/\/fiziosan.si\/wp-content\/uploads\/2024\/08\/nastavitve2-150x150.jpg 150w, https:\/\/fiziosan.si\/wp-content\/uploads\/2024\/08\/nastavitve2-300x300.jpg 300w, https:\/\/fiziosan.si\/wp-content\/uploads\/2024\/08\/nastavitve2-100x100.jpg 100w, https:\/\/fiziosan.si\/wp-content\/uploads\/2024\/08\/nastavitve2-50x50.jpg 50w\" sizes=\"(max-width: 150px) 100vw, 150px\" \/><\/a><\/td>\n<td style=\"width: 20%; vertical-align: middle;\"><a href=\"https:\/\/fiziosan.si\/wp-content\/uploads\/2024\/08\/nastavitve1-150x150.jpg\"><img loading=\"lazy\" decoding=\"async\" class=\"alignnone wp-image-3792 size-thumbnail\" src=\"https:\/\/fiziosan.si\/wp-content\/uploads\/2024\/08\/nastavitve1-150x150.jpg\" alt=\"\" width=\"150\" height=\"150\" title=\"\" srcset=\"https:\/\/fiziosan.si\/wp-content\/uploads\/2024\/08\/nastavitve1-150x150.jpg 150w, https:\/\/fiziosan.si\/wp-content\/uploads\/2024\/08\/nastavitve1-300x300.jpg 300w, https:\/\/fiziosan.si\/wp-content\/uploads\/2024\/08\/nastavitve1-100x100.jpg 100w, https:\/\/fiziosan.si\/wp-content\/uploads\/2024\/08\/nastavitve1-50x50.jpg 50w\" sizes=\"(max-width: 150px) 100vw, 150px\" \/><\/a><\/td>\n<td style=\"vertical-align: top; width: 40%;\">\n<ul>\n<li><strong>Nadogra\u0111eno dvofrekventno su\u010delje:<\/strong> pode\u0161avanje parametara je lak\u0161e pomo\u0107u rotacijske sklopke.<\/li>\n<li><strong><strong>Odabir 10 dijelova tijela<\/strong><\/strong> i <strong><strong>prikaz protokola lije\u010denja:<\/strong><\/strong> preporu\u010deni protokoli lije\u010denja prikazuju se za svaki dio tijela zasebno.<\/li>\n<li><strong>Prikaz parametara u stvarnom vremenu:<\/strong> promijenite energiju jednim klikom &#8211; bez topline (10%), srednja toplina (30%), jaka toplina (70%).<\/li>\n<\/ul>\n<\/td>\n<\/tr>\n<tr class=\"table brez-roba\" style=\"background-color: white;\">\n<td style=\"width: 20%; vertical-align: middle;\"><a href=\"https:\/\/fiziosan.si\/wp-content\/uploads\/2024\/08\/terapija1-150x150.jpg\"><img loading=\"lazy\" decoding=\"async\" class=\"alignnone wp-image-3794 size-thumbnail\" src=\"https:\/\/fiziosan.si\/wp-content\/uploads\/2024\/08\/terapija1-150x150.jpg\" alt=\"\" width=\"150\" height=\"150\" title=\"\" srcset=\"https:\/\/fiziosan.si\/wp-content\/uploads\/2024\/08\/terapija1-150x150.jpg 150w, https:\/\/fiziosan.si\/wp-content\/uploads\/2024\/08\/terapija1-300x300.jpg 300w, https:\/\/fiziosan.si\/wp-content\/uploads\/2024\/08\/terapija1-100x100.jpg 100w, https:\/\/fiziosan.si\/wp-content\/uploads\/2024\/08\/terapija1-50x50.jpg 50w\" sizes=\"(max-width: 150px) 100vw, 150px\" \/><\/a><\/td>\n<td style=\"width: 20%; vertical-align: middle;\"><a href=\"https:\/\/fiziosan.si\/wp-content\/uploads\/2024\/08\/nastavitve3-150x150.jpg\"><img loading=\"lazy\" decoding=\"async\" class=\"alignnone wp-image-3816 size-thumbnail\" src=\"https:\/\/fiziosan.si\/wp-content\/uploads\/2024\/08\/nastavitve3-150x150.jpg\" alt=\"\" width=\"150\" height=\"150\" title=\"\" srcset=\"https:\/\/fiziosan.si\/wp-content\/uploads\/2024\/08\/nastavitve3-150x150.jpg 150w, https:\/\/fiziosan.si\/wp-content\/uploads\/2024\/08\/nastavitve3-300x300.jpg 300w, https:\/\/fiziosan.si\/wp-content\/uploads\/2024\/08\/nastavitve3-100x100.jpg 100w, https:\/\/fiziosan.si\/wp-content\/uploads\/2024\/08\/nastavitve3-50x50.jpg 50w\" sizes=\"(max-width: 150px) 100vw, 150px\" \/><\/a><\/td>\n<td style=\"width: 20%; vertical-align: middle;\"><a href=\"https:\/\/fiziosan.si\/wp-content\/uploads\/2024\/08\/naprava-e1725312240909-150x150.jpg\"><img loading=\"lazy\" decoding=\"async\" class=\"alignnone wp-image-3815 size-thumbnail\" src=\"https:\/\/fiziosan.si\/wp-content\/uploads\/2024\/08\/naprava-e1725312240909-150x150.jpg\" alt=\"\" width=\"150\" height=\"150\" title=\"\" srcset=\"https:\/\/fiziosan.si\/wp-content\/uploads\/2024\/08\/naprava-e1725312240909-150x150.jpg 150w, https:\/\/fiziosan.si\/wp-content\/uploads\/2024\/08\/naprava-e1725312240909-300x300.jpg 300w, https:\/\/fiziosan.si\/wp-content\/uploads\/2024\/08\/naprava-e1725312240909-100x100.jpg 100w, https:\/\/fiziosan.si\/wp-content\/uploads\/2024\/08\/naprava-e1725312240909-50x50.jpg 50w\" sizes=\"(max-width: 150px) 100vw, 150px\" \/><\/a><\/td>\n<td style=\"vertical-align: top; width: 40%;\">\n<ul>\n<li><strong>Razli\u010dite mogu\u0107nosti pri\u010dvr\u0161\u0107ivanja:<\/strong> svaki je nastavak posebno prilago\u0111en razli\u010ditim dijelovima tijela &#8211; set za fasciju, nastavak D80 mm, jastu\u010di\u0107 za stopala i nastavak u obliku slova T.<\/li>\n<li><strong>Jedinstveni dizajn:<\/strong> ve\u0107i, 10,4-in\u010dni LED zaslon osjetljiv na dodir.<\/li>\n<li><strong>Stabilan prijenos energije i ve\u0107a snaga:<\/strong> 300 W.<\/li>\n<\/ul>\n<\/td>\n<\/tr>\n<\/tbody>\n<\/table>\n<\/div>\n","protected":false},"excerpt":{"rendered":"<strong>Tecar terapija<\/strong> se \u0161iroko koristi u rehabilitaciji, sportskoj medicini i estetskim tretmanima zbog svoje sposobnosti ciljanog djelovanja na specifi\u010dna podru\u010dja i dubine tkiva.\r\n\r\nDva na\u010dina rada, <strong>kapacitivni<\/strong> <strong>(CET)<\/strong> i <strong>rezistivni<\/strong> <strong>(RET)<\/strong> , omogu\u0107uju terapeutu jednostavnu prilagodbu terapije prema vrsti patologija.","protected":false},"featured_media":12548,"template":"","meta":{"_acf_changed":false},"pwb-brand":[1057],"product_cat":[358,368],"product_tag":[],"class_list":{"0":"post-8719","1":"product","2":"type-product","3":"status-publish","4":"has-post-thumbnail","6":"pwb-brand-fiziosan","7":"product_cat-fizioterapija-hr","8":"product_cat-tecar-terapija-hr","9":"pa_izhodna-moc-300-w","10":"pa_zaslon-104-led-zaslon-osjetljiv-na-dodir","12":"first","13":"outofstock","14":"purchasable","15":"product-type-simple"},"acf":[],"brands":[{"id":1057,"name":"Fiziosan","slug":"fiziosan"}],"_links":{"self":[{"href":"https:\/\/fiziosan.si\/hr\/wp-json\/wp\/v2\/product\/8719"}],"collection":[{"href":"https:\/\/fiziosan.si\/hr\/wp-json\/wp\/v2\/product"}],"about":[{"href":"https:\/\/fiziosan.si\/hr\/wp-json\/wp\/v2\/types\/product"}],"version-history":[{"count":2,"href":"https:\/\/fiziosan.si\/hr\/wp-json\/wp\/v2\/product\/8719\/revisions"}],"predecessor-version":[{"id":11239,"href":"https:\/\/fiziosan.si\/hr\/wp-json\/wp\/v2\/product\/8719\/revisions\/11239"}],"wp:featuredmedia":[{"embeddable":true,"href":"https:\/\/fiziosan.si\/hr\/wp-json\/wp\/v2\/media\/12548"}],"wp:attachment":[{"href":"https:\/\/fiziosan.si\/hr\/wp-json\/wp\/v2\/media?parent=8719"}],"wp:term":[{"taxonomy":"pwb-brand","embeddable":true,"href":"https:\/\/fiziosan.si\/hr\/wp-json\/wp\/v2\/pwb-brand?post=8719"},{"taxonomy":"product_cat","embeddable":true,"href":"https:\/\/fiziosan.si\/hr\/wp-json\/wp\/v2\/product_cat?post=8719"},{"taxonomy":"product_tag","embeddable":true,"href":"https:\/\/fiziosan.si\/hr\/wp-json\/wp\/v2\/product_tag?post=8719"}],"curies":[{"name":"wp","href":"https:\/\/api.w.org\/{rel}","templated":true}]}}