{"id":8715,"date":"2025-02-18T16:06:57","date_gmt":"2025-02-18T16:06:57","guid":{"rendered":"https:\/\/fiziosan.si\/izdelek\/orthotrac-lasedia-ol-6600\/"},"modified":"2026-03-16T08:38:36","modified_gmt":"2026-03-16T08:38:36","slug":"orthotrac-lasedia-ol-6600","status":"publish","type":"product","link":"https:\/\/fiziosan.si\/hr\/proizvod\/orthotrac-lasedia-ol-6600\/","title":{"rendered":"Orthotrac Lasedia OL-6600"},"content":{"rendered":"<p>&nbsp;<\/p>\n<h3><\/h3>\n<p>&nbsp;<\/p>\n<div>\n<table style=\"width: 100%; border-collapse: collapse; border-style: hidden;\">\n<tbody>\n<tr>\n<td style=\"width: 50%; vertical-align: middle;\"><a href=\"https:\/\/fiziosan.si\/wp-content\/uploads\/2025\/03\/OG-OG-Orthotrac-Lasedia-Ol-6600-6.jpg\"><img fetchpriority=\"high\" decoding=\"async\" class=\"alignnone wp-image-4588 size-full\" src=\"https:\/\/fiziosan.si\/wp-content\/uploads\/2025\/03\/OG-OG-Orthotrac-Lasedia-Ol-6600-6.jpg\" alt=\"Ure\u0111aj Orthorac Lasedia OL-6600\" width=\"450\" height=\"675\" title=\"\" srcset=\"https:\/\/fiziosan.si\/wp-content\/uploads\/2025\/03\/OG-OG-Orthotrac-Lasedia-Ol-6600-6.jpg 450w, https:\/\/fiziosan.si\/wp-content\/uploads\/2025\/03\/OG-OG-Orthotrac-Lasedia-Ol-6600-6-200x300.jpg 200w, https:\/\/fiziosan.si\/wp-content\/uploads\/2025\/03\/OG-OG-Orthotrac-Lasedia-Ol-6600-6-400x600.jpg 400w\" sizes=\"(max-width: 450px) 100vw, 450px\" \/><\/a><\/td>\n<td style=\"width: 50%; vertical-align: middle; text-align: left;\">\n<h3>Za\u0161to odabrati ORTHOTRAC LASEDIA OL-6600?<\/h3>\n<ul>\n<li><strong>Edi<\/strong> <strong>je nekirur\u0161ka alternativa operaciji \u2013<\/strong> nudi sigurnu, u\u010dinkovitu i bezbri\u017enu terapiju.<strong><br \/>\n<\/strong><\/li>\n<\/ul>\n<ul>\n<li><strong>Japanska tehnologija i kvaliteta<\/strong> \u2013 pouzdanost, preciznost i dugi vijek trajanja ure\u0111aja ORTHOTRAC LASEDIA OL-6600 temelje se na naprednoj japanskoj tehnologiji koja osigurava u\u010dinkovitu terapiju.<\/li>\n<\/ul>\n<ul>\n<li><strong>Brz i jednostavan za kori\u0161tenje<\/strong> \u2013 ure\u0111aj omogu\u0107uje minimalno vrijeme pripreme, \u0161to pove\u0107ava va\u0161u produktivnost i u\u010dinkovitost tretmana.<\/li>\n<\/ul>\n<ul>\n<li><strong>Savr\u0161ena prilagodba pacijentu<\/strong> \u2013 ure\u0111aj s postavkama osigurava udobnost i u\u010dinkovitost pacijenta u provo\u0111enju terapije.<\/li>\n<\/ul>\n<\/td>\n<\/tr>\n<\/tbody>\n<\/table>\n<\/div>\n<p>&nbsp;<\/p>\n<p style=\"text-align: center;\"><strong>ORTHOTRAC LASEDIA OL-6600<\/strong> \u2013 va\u0161e rje\u0161enje za kralje\u017enicu bez bolova, bez operacije. Kombinacija u\u010dinkovitosti i udobnosti u jednom ure\u0111aju.<\/p>\n<p>&nbsp;<\/p>\n<p>&nbsp;<\/p>\n<h3 style=\"text-align: left;\"><\/h3>\n<p>&nbsp;<\/p>\n<div>\n<table style=\"width: 100%; border-collapse: collapse; border-style: hidden;\">\n<tbody>\n<tr>\n<td style=\"width: 50%; vertical-align: middle;\">\n<h3>Prednosti i napredne funkcionalnosti ure\u0111aja<\/h3>\n<ul>\n<li><strong>Sveobuhvatna terapija trakcije<\/strong> \u2013 omogu\u0107uje vam smanjenje bolova u vratu i donjem dijelu le\u0111a na prirodan na\u010din.<\/li>\n<\/ul>\n<ul>\n<li><strong>Optimalna potpora tijelu<\/strong> \u2013 podesivi bo\u010dni oslonci pru\u017eaju optimalnu potporu tijelu, omogu\u0107uju\u0107i sigurnu i udobnu terapiju.<\/li>\n<\/ul>\n<ul>\n<li><strong>Ure\u0111aj za brz i jednostavan kori\u0161tenje<\/strong> \u2013 osigurava minimalno vrijeme pripreme, \u0161to zna\u010di vi\u0161e vremena za terapiju.<\/li>\n<\/ul>\n<ul>\n<li><strong>Pametno automatsko pode\u0161avanje sile trakcije<\/strong> \u2013 omogu\u0107uje ure\u0111aju mjerenje te\u017eine pacijenta i automatsko pode\u0161avanje sile trakcije za optimalni terapijski u\u010dinak.<\/li>\n<\/ul>\n<\/td>\n<td style=\"width: 50%; vertical-align: middle; text-align: left;\"><a href=\"https:\/\/fiziosan.si\/wp-content\/uploads\/2025\/03\/OG-OG-Orthotrac-Lasedia-Ol-6600-7.jpg\"><img decoding=\"async\" class=\"alignnone wp-image-4590 size-full\" src=\"https:\/\/fiziosan.si\/wp-content\/uploads\/2025\/03\/OG-OG-Orthotrac-Lasedia-Ol-6600-7.jpg\" alt=\" Orthotrac Lasedia OL-6600 tijekom terapije\" width=\"800\" height=\"533\" title=\"\" srcset=\"https:\/\/fiziosan.si\/wp-content\/uploads\/2025\/03\/OG-OG-Orthotrac-Lasedia-Ol-6600-7.jpg 800w, https:\/\/fiziosan.si\/wp-content\/uploads\/2025\/03\/OG-OG-Orthotrac-Lasedia-Ol-6600-7-300x200.jpg 300w, https:\/\/fiziosan.si\/wp-content\/uploads\/2025\/03\/OG-OG-Orthotrac-Lasedia-Ol-6600-7-768x512.jpg 768w, https:\/\/fiziosan.si\/wp-content\/uploads\/2025\/03\/OG-OG-Orthotrac-Lasedia-Ol-6600-7-600x400.jpg 600w\" sizes=\"(max-width: 800px) 100vw, 800px\" \/><\/a><\/td>\n<\/tr>\n<\/tbody>\n<\/table>\n<p>&nbsp;<\/p>\n<\/div>\n<h3>Klju\u010dne zna\u010dajke ure\u0111aja ORTHOTRAC LASEDIA OL-6600:<\/h3>\n<ul>\n<li><strong>Kompaktni 2-u-1 dizajn<\/strong><br \/>\nJedan ure\u0111aj za cervikalnu i lumbalnu trakciju koji omogu\u0107uje opu\u0161teni polo\u017eaj pacijenta i sprje\u010dava istezanje mi\u0161i\u0107a.<\/li>\n<\/ul>\n<ul>\n<li><strong>Grija\u010d za dodatnu udobnost<\/strong><br \/>\nUgra\u0111eni grija\u010d uklanja neugodnu hladno\u0107u i pove\u0107ava opu\u0161tanje, omogu\u0107uju\u0107i ugodniju terapiju. Dvije postavke temperature omogu\u0107uju prilagodbu potrebama pacijenta.<\/li>\n<\/ul>\n<ul>\n<li><strong>Pametni podesivi bo\u010dni oslonci<\/strong><br \/>\nBo\u010dne potpore se automatski prilago\u0111avaju obliku tijela i pru\u017eaju savr\u0161enu potporu tijekom terapije.<\/li>\n<\/ul>\n<ul>\n<li><strong>Napuhljivi trakcijski remen za potpunu imobilizaciju<\/strong><br \/>\nJednostavno pode\u0161avanje remena s tri razine zategnutosti osigurava sigurnu i u\u010dinkovitu terapiju. U na\u010dinu rada &#8220;Opu\u0161tanje&#8221;, remen se opu\u0161ta tijekom odmora, smanjuju\u0107i pritisak na pacijentov struk.<\/li>\n<\/ul>\n<ul>\n<li><strong>Trakcija vrata nove generacije<\/strong><br \/>\nPatentirani sustav cervikalne trakcije pru\u017ea \u010dvrstu i udobnu potporu stra\u017enjem dijelu glave, omogu\u0107uju\u0107i optimalnu terapiju bez nelagode.<\/li>\n<\/ul>\n<ul>\n<li><strong>Funkcija kompenzacije te\u017eine glave<\/strong><br \/>\nPametni sustav oduzima te\u017einu glave od postavljene sile trakcije, omogu\u0107uju\u0107i potpuno opu\u0161tenu trakciju vratne kralje\u017enice u le\u017ee\u0107em polo\u017eaju.<\/li>\n<\/ul>\n<p>&nbsp;<\/p>\n<h3 style=\"text-align: left;\"><strong>Pribor<\/strong><\/h3>\n<table>\n<thead>\n<tr>\n<td><strong>Naziv proizvoda<\/strong><\/td>\n<td><strong>Broj proizvoda<\/strong><\/td>\n<td><strong>Minimalna koli\u010dina narud\u017ebe<\/strong><\/td>\n<\/tr>\n<\/thead>\n<tbody>\n<tr>\n<td>Pokriva\u010d<\/td>\n<td>OL5000-001<\/td>\n<td>1<\/td>\n<\/tr>\n<tr>\n<td>Cervikalne trakcijske remene<\/td>\n<td>OL6600-004<\/td>\n<td>1<\/td>\n<\/tr>\n<tr>\n<td>Cervikalna traka<\/td>\n<td>OL6600-012<\/td>\n<td>1<\/td>\n<\/tr>\n<tr>\n<td>Grija\u010d jastuka<\/td>\n<td>OL6600-003<\/td>\n<td>1<\/td>\n<\/tr>\n<tr>\n<td>Jastuk (sivi)<\/td>\n<td>OL6600-002<\/td>\n<td>1<\/td>\n<\/tr>\n<tr>\n<td>Bo\u010dni jastuk (tanki, sivi)<\/td>\n<td>OL6600-011<\/td>\n<td>1<\/td>\n<\/tr>\n<\/tbody>\n<\/table>\n","protected":false},"excerpt":{"rendered":"<h3 data-start=\"1656\" data-end=\"1785\"><span class=\"BZ_Pyq_fadeIn\">Orthotrac <\/span><span class=\"BZ_Pyq_fadeIn\">Lasedia \u2013 <\/span><span class=\"BZ_Pyq_fadeIn\">inovativno <\/span><span class=\"BZ_Pyq_fadeIn\">rje\u0161enje <\/span><span class=\"BZ_Pyq_fadeIn\">za <\/span><span class=\"BZ_Pyq_fadeIn\">profesionalnu <\/span><span class=\"BZ_Pyq_fadeIn\">terapiju <\/span><span class=\"BZ_Pyq_fadeIn\">kralje\u017enice<\/span><\/h3>\r\n<p data-start=\"1787\" data-end=\"2263\"><span class=\"BZ_Pyq_fadeIn\">Orthotrac <\/span><span class=\"BZ_Pyq_fadeIn\">Lasedia <\/span><span class=\"BZ_Pyq_fadeIn\">predstavlja <\/span><span class=\"BZ_Pyq_fadeIn\">inovativno <\/span><span class=\"BZ_Pyq_fadeIn\">rje\u0161enje <\/span><span class=\"BZ_Pyq_fadeIn\">za <\/span><span class=\"BZ_Pyq_fadeIn\">spinalnu <\/span><span class=\"BZ_Pyq_fadeIn\">trakcijsku <\/span><span class=\"BZ_Pyq_fadeIn\">terapiju, <\/span><span class=\"BZ_Pyq_fadeIn\">dizajnirano <\/span><span class=\"BZ_Pyq_fadeIn\">za <\/span><span class=\"BZ_Pyq_fadeIn\">precizno, <\/span><span class=\"BZ_Pyq_fadeIn\">sigurno <\/span><span class=\"BZ_Pyq_fadeIn\">i <\/span><span class=\"BZ_Pyq_fadeIn\">udobno <\/span><span class=\"BZ_Pyq_fadeIn\">lije\u010denje <\/span><span class=\"BZ_Pyq_fadeIn\">vratnog <\/span><span class=\"BZ_Pyq_fadeIn\">i <\/span><span class=\"BZ_Pyq_fadeIn\">lumbalnog <\/span><span class=\"BZ_Pyq_fadeIn\">dijela <\/span><span class=\"BZ_Pyq_fadeIn\">kralje\u017enice. <\/span><span class=\"BZ_Pyq_fadeIn\">Ure\u0111aj <\/span><span class=\"BZ_Pyq_fadeIn\">odlikuje <\/span><span class=\"BZ_Pyq_fadeIn\">napredna <\/span><span class=\"BZ_Pyq_fadeIn\">kontrola <\/span><span class=\"BZ_Pyq_fadeIn\">trakcijske <\/span><span class=\"BZ_Pyq_fadeIn\">sile, <\/span><span class=\"BZ_Pyq_fadeIn\">prilagodljivi <\/span><span class=\"BZ_Pyq_fadeIn\">terapeutski <\/span><span class=\"BZ_Pyq_fadeIn\">programi <\/span><span class=\"BZ_Pyq_fadeIn\">i <\/span><span class=\"BZ_Pyq_fadeIn\">ergonomski <\/span><span class=\"BZ_Pyq_fadeIn\">dizajn <\/span><span class=\"BZ_Pyq_fadeIn\">koji <\/span><span class=\"BZ_Pyq_fadeIn\">osigurava <\/span><span class=\"BZ_Pyq_fadeIn\">optimalan <\/span><span class=\"BZ_Pyq_fadeIn\">polo\u017eaj <\/span><span class=\"BZ_Pyq_fadeIn\">pacijenta. <\/span><span class=\"BZ_Pyq_fadeIn\">Pogodno <\/span><span class=\"BZ_Pyq_fadeIn\">za <\/span><span class=\"BZ_Pyq_fadeIn\">fizioterapijske <\/span><span class=\"BZ_Pyq_fadeIn\">centre, <\/span><span class=\"BZ_Pyq_fadeIn\">rehabilitacijske <\/span><span class=\"BZ_Pyq_fadeIn\">klinike <\/span><span class=\"BZ_Pyq_fadeIn\">i <\/span><span class=\"BZ_Pyq_fadeIn\">zdravstvene <\/span><span class=\"BZ_Pyq_fadeIn\">ustanove <\/span><span class=\"BZ_Pyq_fadeIn\">koje <\/span><span class=\"BZ_Pyq_fadeIn\">\u017eele <\/span><span class=\"BZ_Pyq_fadeIn\">pru\u017eiti <\/span><span class=\"BZ_Pyq_fadeIn\">u\u010dinkovitu <\/span><span class=\"BZ_Pyq_fadeIn\">i <\/span><span class=\"BZ_Pyq_fadeIn\">profesionalnu <\/span><span class=\"BZ_Pyq_fadeIn\">terapiju <\/span><span class=\"BZ_Pyq_fadeIn\">kralje\u017enice.<\/span><\/p>","protected":false},"featured_media":6868,"template":"","meta":{"_acf_changed":false},"pwb-brand":[1052],"product_cat":[365,358],"product_tag":[],"class_list":{"0":"post-8715","1":"product","2":"type-product","3":"status-publish","4":"has-post-thumbnail","6":"pwb-brand-og-wellness","7":"product_cat-dekompresijski-stolovi","8":"product_cat-fizioterapija-hr","10":"first","11":"outofstock","12":"featured","13":"taxable","14":"shipping-taxable","15":"product-type-simple"},"acf":[],"brands":[{"id":1052,"name":"OG Wellness","slug":"og-wellness"}],"_links":{"self":[{"href":"https:\/\/fiziosan.si\/hr\/wp-json\/wp\/v2\/product\/8715"}],"collection":[{"href":"https:\/\/fiziosan.si\/hr\/wp-json\/wp\/v2\/product"}],"about":[{"href":"https:\/\/fiziosan.si\/hr\/wp-json\/wp\/v2\/types\/product"}],"version-history":[{"count":5,"href":"https:\/\/fiziosan.si\/hr\/wp-json\/wp\/v2\/product\/8715\/revisions"}],"predecessor-version":[{"id":12969,"href":"https:\/\/fiziosan.si\/hr\/wp-json\/wp\/v2\/product\/8715\/revisions\/12969"}],"wp:featuredmedia":[{"embeddable":true,"href":"https:\/\/fiziosan.si\/hr\/wp-json\/wp\/v2\/media\/6868"}],"wp:attachment":[{"href":"https:\/\/fiziosan.si\/hr\/wp-json\/wp\/v2\/media?parent=8715"}],"wp:term":[{"taxonomy":"pwb-brand","embeddable":true,"href":"https:\/\/fiziosan.si\/hr\/wp-json\/wp\/v2\/pwb-brand?post=8715"},{"taxonomy":"product_cat","embeddable":true,"href":"https:\/\/fiziosan.si\/hr\/wp-json\/wp\/v2\/product_cat?post=8715"},{"taxonomy":"product_tag","embeddable":true,"href":"https:\/\/fiziosan.si\/hr\/wp-json\/wp\/v2\/product_tag?post=8715"}],"curies":[{"name":"wp","href":"https:\/\/api.w.org\/{rel}","templated":true}]}}