{"id":8713,"date":"2025-03-01T06:45:07","date_gmt":"2025-03-01T06:45:07","guid":{"rendered":"https:\/\/fiziosan.si\/izdelek\/moti-physio-analiza-posture-tijela\/"},"modified":"2026-02-17T21:22:13","modified_gmt":"2026-02-17T21:22:13","slug":"moti-physio-analiza-posture-tijela","status":"publish","type":"product","link":"https:\/\/fiziosan.si\/hr\/proizvod\/moti-physio-analiza-posture-tijela\/","title":{"rendered":"Moti Physio &#8211; analiza posture tijela"},"content":{"rendered":"<p>&nbsp;<\/p>\n<h3>Moti Physio \u2013 za\u0161to je analiza posture va\u017ena?<\/h3>\n<p>&nbsp;<\/p>\n<p>&nbsp;<\/p>\n<div>\n<table style=\"width: 100%; border-collapse: collapse; border-style: hidden;\">\n<tbody>\n<tr>\n<td style=\"width: 50%; vertical-align: top;\">\n<div style=\"text-align: center;\" data-mrgt=\"60\" data-size=\"medium\"><a href=\"https:\/\/fiziosan.si\/wp-content\/uploads\/2024\/09\/3-288x300.jpg\"><img fetchpriority=\"high\" decoding=\"async\" class=\"alignnone wp-image-3832\" src=\"https:\/\/fiziosan.si\/wp-content\/uploads\/2024\/09\/3-288x300.jpg\" alt=\"Moti Physio posturalna analiza\" width=\"480\" height=\"500\" title=\"\" srcset=\"https:\/\/fiziosan.si\/wp-content\/uploads\/2024\/09\/3-288x300.jpg 288w, https:\/\/fiziosan.si\/wp-content\/uploads\/2024\/09\/3-576x600.jpg 576w, https:\/\/fiziosan.si\/wp-content\/uploads\/2024\/09\/3-600x625.jpg 600w, https:\/\/fiziosan.si\/wp-content\/uploads\/2024\/09\/3.jpg 646w\" sizes=\"(max-width: 480px) 100vw, 480px\" \/><\/a><\/div>\n<\/td>\n<td style=\"width: 50%; text-align: center; vertical-align: top;\">\n<p style=\"text-align: left;\"><strong data-start=\"572\" data-end=\"591\">3D analiza posture<\/strong> je inovativna metoda za procjenu posture tijela i neuromuskularno-skeletne ravnote\u017ee. Temelji se na virtualnoj rekonstrukciji (PAViR tehnologija) koju koristi napredni <strong data-start=\"770\" data-end=\"785\">Moti Physio<\/strong> ure\u0111aj tvrtke MGsolutions. Ure\u0111aj mjeri <strong>neuromuskularno-skeletne disfunkcije<\/strong> prema 10 znanstvenih kriterija, 24 tjelesne orijentacijske to\u010dke i 87 vrsta asimetri\u010dnih mi\u0161i\u0107nih stanja te ih prikazuje u 3D skeletnom modelu.<\/p>\n<p>&nbsp;<\/p>\n<p style=\"text-align: left;\"><strong>Stati\u010dka i dinami\u010dka analiza<\/strong> (\u010du\u010danj s nadzemljem, test ravnote\u017ee na jednoj nozi) dostupne su za to\u010dnu procjenu pacijentovog dr\u017eanja i neuromuskularno-skeletne funkcije.<\/p>\n<\/td>\n<\/tr>\n<\/tbody>\n<\/table>\n<\/div>\n<p>&nbsp;<\/p>\n<p>&nbsp;<\/p>\n<div>\n<h3 class=\"col-xs-12 col-sm-6\" style=\"text-align: center;\">Dinami\u010dka i stati\u010dka analiza<\/h3>\n<\/div>\n<p>&nbsp;<\/p>\n<p>&nbsp;<\/p>\n<div>\n<table class=\"table brez-roba\" style=\"border-style: hidden; width: 100%; background-color: white;\">\n<tbody>\n<tr class=\"table brez-roba\">\n<td style=\"width: 33%;\"><a href=\"https:\/\/fiziosan.si\/wp-content\/uploads\/2024\/09\/13-300x169.jpg\"><img decoding=\"async\" class=\"alignnone wp-image-3842 size-medium\" src=\"https:\/\/fiziosan.si\/wp-content\/uploads\/2024\/09\/13-300x169.jpg\" alt=\"Moti Physio posturalna analiza\" width=\"300\" height=\"169\" title=\"\" srcset=\"https:\/\/fiziosan.si\/wp-content\/uploads\/2024\/09\/13-300x169.jpg 300w, https:\/\/fiziosan.si\/wp-content\/uploads\/2024\/09\/13-1024x576.jpg 1024w, https:\/\/fiziosan.si\/wp-content\/uploads\/2024\/09\/13-768x432.jpg 768w, https:\/\/fiziosan.si\/wp-content\/uploads\/2024\/09\/13-600x337.jpg 600w, https:\/\/fiziosan.si\/wp-content\/uploads\/2024\/09\/13.jpg 1366w\" sizes=\"(max-width: 300px) 100vw, 300px\" \/><\/a><\/td>\n<td style=\"width: 33%;\"><a href=\"https:\/\/fiziosan.si\/wp-content\/uploads\/2024\/09\/12-300x169.jpg\"><img decoding=\"async\" class=\"alignnone wp-image-3841 size-medium\" src=\"https:\/\/fiziosan.si\/wp-content\/uploads\/2024\/09\/12-300x169.jpg\" alt=\"Moti Physio posturalna analiza\" width=\"300\" height=\"169\" title=\"\" srcset=\"https:\/\/fiziosan.si\/wp-content\/uploads\/2024\/09\/12-300x169.jpg 300w, https:\/\/fiziosan.si\/wp-content\/uploads\/2024\/09\/12-1024x576.jpg 1024w, https:\/\/fiziosan.si\/wp-content\/uploads\/2024\/09\/12-768x432.jpg 768w, https:\/\/fiziosan.si\/wp-content\/uploads\/2024\/09\/12-600x337.jpg 600w, https:\/\/fiziosan.si\/wp-content\/uploads\/2024\/09\/12.jpg 1366w\" sizes=\"(max-width: 300px) 100vw, 300px\" \/><\/a><\/td>\n<td style=\"width: 33%;\"><a href=\"https:\/\/fiziosan.si\/wp-content\/uploads\/2024\/09\/9-300x169.jpg\"><img loading=\"lazy\" decoding=\"async\" class=\"alignnone wp-image-3838 size-medium\" src=\"https:\/\/fiziosan.si\/wp-content\/uploads\/2024\/09\/9-300x169.jpg\" alt=\"Moti Physio posturalna analiza\" width=\"300\" height=\"169\" title=\"\" srcset=\"https:\/\/fiziosan.si\/wp-content\/uploads\/2024\/09\/9-300x169.jpg 300w, https:\/\/fiziosan.si\/wp-content\/uploads\/2024\/09\/9-1024x576.jpg 1024w, https:\/\/fiziosan.si\/wp-content\/uploads\/2024\/09\/9-768x432.jpg 768w, https:\/\/fiziosan.si\/wp-content\/uploads\/2024\/09\/9-600x337.jpg 600w, https:\/\/fiziosan.si\/wp-content\/uploads\/2024\/09\/9.jpg 1366w\" sizes=\"(max-width: 300px) 100vw, 300px\" \/><\/a><\/td>\n<\/tr>\n<tr class=\"table brez-roba\" style=\"background-color: white;\">\n<td style=\"width: 33%;\"><a href=\"https:\/\/fiziosan.si\/wp-content\/uploads\/2024\/09\/8-300x169.jpg\"><img loading=\"lazy\" decoding=\"async\" class=\"alignnone wp-image-3837 size-medium\" src=\"https:\/\/fiziosan.si\/wp-content\/uploads\/2024\/09\/8-300x169.jpg\" alt=\"Moti Physio posturalna analiza\" width=\"300\" height=\"169\" title=\"\" srcset=\"https:\/\/fiziosan.si\/wp-content\/uploads\/2024\/09\/8-300x169.jpg 300w, https:\/\/fiziosan.si\/wp-content\/uploads\/2024\/09\/8-1024x576.jpg 1024w, https:\/\/fiziosan.si\/wp-content\/uploads\/2024\/09\/8-768x432.jpg 768w, https:\/\/fiziosan.si\/wp-content\/uploads\/2024\/09\/8-600x337.jpg 600w, https:\/\/fiziosan.si\/wp-content\/uploads\/2024\/09\/8.jpg 1366w\" sizes=\"(max-width: 300px) 100vw, 300px\" \/><\/a><\/td>\n<td style=\"width: 33%;\"><a href=\"https:\/\/fiziosan.si\/wp-content\/uploads\/2024\/09\/6-300x169.jpg\"><img loading=\"lazy\" decoding=\"async\" class=\"alignnone wp-image-3835 size-medium\" src=\"https:\/\/fiziosan.si\/wp-content\/uploads\/2024\/09\/6-300x169.jpg\" alt=\"Moti Physio posturalna analiza\" width=\"300\" height=\"169\" title=\"\" srcset=\"https:\/\/fiziosan.si\/wp-content\/uploads\/2024\/09\/6-300x169.jpg 300w, https:\/\/fiziosan.si\/wp-content\/uploads\/2024\/09\/6-1024x576.jpg 1024w, https:\/\/fiziosan.si\/wp-content\/uploads\/2024\/09\/6-768x432.jpg 768w, https:\/\/fiziosan.si\/wp-content\/uploads\/2024\/09\/6-600x337.jpg 600w, https:\/\/fiziosan.si\/wp-content\/uploads\/2024\/09\/6.jpg 1366w\" sizes=\"(max-width: 300px) 100vw, 300px\" \/><\/a><\/td>\n<td style=\"width: 33%;\"><a href=\"https:\/\/fiziosan.si\/wp-content\/uploads\/2024\/09\/5-300x169.jpg\"><img loading=\"lazy\" decoding=\"async\" class=\"alignnone wp-image-3834 size-medium\" src=\"https:\/\/fiziosan.si\/wp-content\/uploads\/2024\/09\/5-300x169.jpg\" alt=\"Moti Physio posturalna analiza\" width=\"300\" height=\"169\" title=\"\" srcset=\"https:\/\/fiziosan.si\/wp-content\/uploads\/2024\/09\/5-300x169.jpg 300w, https:\/\/fiziosan.si\/wp-content\/uploads\/2024\/09\/5-1024x576.jpg 1024w, https:\/\/fiziosan.si\/wp-content\/uploads\/2024\/09\/5-768x432.jpg 768w, https:\/\/fiziosan.si\/wp-content\/uploads\/2024\/09\/5-600x338.jpg 600w, https:\/\/fiziosan.si\/wp-content\/uploads\/2024\/09\/5.jpg 1280w\" sizes=\"(max-width: 300px) 100vw, 300px\" \/><\/a><\/td>\n<\/tr>\n<\/tbody>\n<\/table>\n<\/div>\n<p>&nbsp;<\/p>\n<h3 class=\"col-xs-12 col-sm-6\" style=\"text-align: left;\">Za\u0161to je procjena posture va\u017ena?<\/h3>\n<p>&nbsp;<\/p>\n<p>&nbsp;<\/p>\n<div>\n<table class=\"table brez-roba\" style=\"border-style: hidden; width: 100%; background-color: lightgrey;\">\n<tbody>\n<tr class=\"table brez-roba\">\n<td style=\"vertical-align: top; width: 100%;\">\n<ul>\n<li>Lo\u0161e dr\u017eanje mo\u017ee uzrokovati ili pogor\u0161ati <strong>neuromuskularne simptome<\/strong> , poput bolova u donjem dijelu le\u0111a i vratu, te poremetiti na\u0161 kineti\u010dki lanac.<\/li>\n<\/ul>\n<ul>\n<li>Mnogi sporta\u0161i imaju <strong>mi\u0161i\u0107nu neravnote\u017eu<\/strong> koja im sprje\u010dava pobolj\u0161anje performansi. Ure\u0111aj omogu\u0107uje otkrivanje i ispravljanje neravnote\u017ee te preventivno ili rano djelovanje.<\/li>\n<\/ul>\n<ul>\n<li>Ure\u0111aj koristi <strong>vrhunsku 3D tehnologiju snimanja<\/strong> za precizno mjerenje i analizu dr\u017eanja, \u0161to mu omogu\u0107uje otkrivanje <strong>ranih znakova skolioze<\/strong> , poput neobi\u010dnih zakrivljenosti kralje\u017enice i asimetrije u tjelesnoj strukturi.<\/li>\n<\/ul>\n<ul>\n<li>Moti Physio mo\u017ee <strong>identificirati 87 vrsta asimetri\u010dnih mi\u0161i\u0107nih stanja<\/strong> koja mogu biti povezana sa skoliozom, \u0161to mu omogu\u0107uje prepoznavanje potencijalnih problema prije nego \u0161to postanu ozbiljni.<\/li>\n<\/ul>\n<\/td>\n<\/tr>\n<tr class=\"table brez-roba\">\n<td style=\"vertical-align: top; width: 100%; background-color: darkgrey;\">\n<ul>\n<li>Kontinuiranim pra\u0107enjem posture djece, ure\u0111aj mo\u017ee bilje\u017eiti promjene tijekom vremena. To omogu\u0107uje <strong>ranu intervenciju<\/strong> ako se stanje pogor\u0161a i prilagodbe terapija na temelju razvoja skolioze.<\/li>\n<\/ul>\n<ul>\n<li>Na temelju temeljite analize, stru\u010dnjaci poput fizioterapeuta i ortopeda mogu pripremiti <strong>prilago\u0111ene programe vje\u017ebanja i terapije<\/strong> koji poma\u017eu u ja\u010danju mi\u0161i\u0107a i pobolj\u0161anju dr\u017eanja, \u010dime se sprje\u010dava daljnji razvoj skolioze.<\/li>\n<\/ul>\n<ul>\n<li>Moti Physio je <strong>neinvazivni ure\u0111aj<\/strong> , \u0161to zna\u010di <strong>da nema izlo\u017eenosti zra\u010denju<\/strong> . To omogu\u0107uje sigurno i \u010desto pra\u0107enje djetetovog dr\u017eanja bez ikakvih zdravstvenih rizika.<\/li>\n<\/ul>\n<\/td>\n<\/tr>\n<\/tbody>\n<\/table>\n<\/div>\n<p>&nbsp;<\/p>\n<p>&nbsp;<\/p>\n<div>\n<h3 class=\"col-xs-12 col-sm-6\" style=\"text-align: center;\">Moti Physio \u2013 je li ure\u0111aj siguran za kori\u0161tenje?<\/h3>\n<p>&nbsp;<\/p>\n<\/div>\n<p>&nbsp;<\/p>\n<div>\n<table style=\"width: 100%; border-collapse: collapse; border-style: hidden;\">\n<tbody>\n<tr>\n<td style=\"width: 50%; vertical-align: top;\">\n<div style=\"text-align: center;\" data-mrgt=\"60\" data-size=\"medium\"><a href=\"https:\/\/fiziosan.si\/wp-content\/uploads\/2024\/09\/2.jpg\"><img loading=\"lazy\" decoding=\"async\" class=\"alignnone wp-image-3831 size-full\" src=\"https:\/\/fiziosan.si\/wp-content\/uploads\/2024\/09\/2.jpg\" alt=\"Sigurnost\" width=\"700\" height=\"700\" title=\"\" srcset=\"https:\/\/fiziosan.si\/wp-content\/uploads\/2024\/09\/2.jpg 700w, https:\/\/fiziosan.si\/wp-content\/uploads\/2024\/09\/2-300x300.jpg 300w, https:\/\/fiziosan.si\/wp-content\/uploads\/2024\/09\/2-150x150.jpg 150w, https:\/\/fiziosan.si\/wp-content\/uploads\/2024\/09\/2-600x600.jpg 600w, https:\/\/fiziosan.si\/wp-content\/uploads\/2024\/09\/2-100x100.jpg 100w, https:\/\/fiziosan.si\/wp-content\/uploads\/2024\/09\/2-50x50.jpg 50w\" sizes=\"(max-width: 700px) 100vw, 700px\" \/><\/a><\/div>\n<\/td>\n<td style=\"width: 50%; text-align: center; vertical-align: middle;\"><span lang=\"SL\"><strong>Potpuno je siguran<\/strong> za kori\u0161tenje. Za razliku od rendgenskog snimanja (npr. EOS sustav snimanja), na\u0161 PAViR 3D sustav snimanja omogu\u0107uje nam jednostavnu i brzu (samo 30 sekundi) procjenu posture <strong>bez rizika od zra\u010denja<\/strong> . <\/span><\/td>\n<\/tr>\n<\/tbody>\n<\/table>\n<\/div>\n<p>&nbsp;<\/p>\n<h3 style=\"text-align: center;\">Tehni\u010dki zahtjevi za ra\u010dunalo<\/h3>\n<div>\n<table style=\"width: 100%; border-collapse: collapse; border-style: hidden; background-color: lightgrey;\">\n<tbody>\n<tr>\n<td style=\"width: 50%; vertical-align: top;\">\n<div style=\"text-align: center;\" data-mrgt=\"60\" data-size=\"medium\"><a href=\"https:\/\/fiziosan.si\/wp-content\/uploads\/2024\/09\/21-214x300.jpg\"><img loading=\"lazy\" decoding=\"async\" class=\"alignnone wp-image-3850 size-medium\" src=\"https:\/\/fiziosan.si\/wp-content\/uploads\/2024\/09\/21-214x300.jpg\" alt=\"\" width=\"214\" height=\"300\" title=\"\" srcset=\"https:\/\/fiziosan.si\/wp-content\/uploads\/2024\/09\/21-214x300.jpg 214w, https:\/\/fiziosan.si\/wp-content\/uploads\/2024\/09\/21-730x1024.jpg 730w, https:\/\/fiziosan.si\/wp-content\/uploads\/2024\/09\/21-768x1077.jpg 768w, https:\/\/fiziosan.si\/wp-content\/uploads\/2024\/09\/21-428x600.jpg 428w, https:\/\/fiziosan.si\/wp-content\/uploads\/2024\/09\/21-770x1080.jpg 770w, https:\/\/fiziosan.si\/wp-content\/uploads\/2024\/09\/21-600x841.jpg 600w, https:\/\/fiziosan.si\/wp-content\/uploads\/2024\/09\/21.jpg 910w\" sizes=\"(max-width: 214px) 100vw, 214px\" \/><\/a><\/div>\n<\/td>\n<td style=\"width: 50%; text-align: center; vertical-align: top;\">\n<div style=\"text-align: left;\"><strong>OS:<\/strong> Windows 10 64bit ili Windows 11 64bit (MacOS trenutno nije dostupan)<\/div>\n<div style=\"text-align: left;\"><strong>CPU:<\/strong> Intel\u00ae Core\u2122 i5 10. procesor (&#8220;Nije dostupno: AMD Radeon R7 M260&#8221;)<br \/>\n<strong>Grafi\u010dka kartica:<\/strong> Intel\u00ae UHD Graphics 630<br \/>\n<strong>USB:<\/strong> USB 2.0 ili USB 3.0 1 kom<br \/>\n<strong>RAM:<\/strong> 8 GB<br \/>\n<strong>Pohrana:<\/strong> 10 GB<\/div>\n<div style=\"text-align: left;\"><strong style=\"font-family: inherit; font-size: inherit;\">Rezolucija:<\/strong> <span style=\"font-family: inherit; font-size: inherit;\">1920 x 1080 (fiksna)<\/span><\/div>\n<div style=\"text-align: left;\">\n<p>&nbsp;<\/p>\n<p><strong>Internet<\/strong> mora uvijek biti spojen.<\/p>\n<p><strong>Ra\u010dunala koja ne ispunjavaju gore navedene zahtjeve ne mogu koristiti Moti Physio.<\/strong><\/p>\n<\/div>\n<\/td>\n<\/tr>\n<\/tbody>\n<\/table>\n<\/div>\n<p>&nbsp;<\/p>\n<p style=\"text-align: center;\"><strong>NOVI!<\/strong><\/p>\n<p>&nbsp;<\/p>\n<p style=\"text-align: center;\"><strong>Nabavite Moti Physio sustav koji omogu\u0107uje analizu posture pomo\u0107u preciznog 3D sustava snimanja u stvarnom vremenu!<\/strong><\/p>\n","protected":false},"excerpt":{"rendered":"<strong data-start=\"827\" data-end=\"940\">Moti Physio \u2013 3D analiza posture s inovativnim ure\u0111ajem za to\u010dnu, sigurnu i objektivnu procjenu posture tijela.<\/strong> Ure\u0111aj koristi najsuvremeniju tehnologiju snimanja za analizu stanja poput skolioze, torakalne kifoze, lumbalne lordoze, rotacija i drugih posturalnih abnormalnosti.\r\n\r\n<span lang=\"SL\">Ure\u0111aj pru\u017ea jasne i lako razumljive rezultate u korisniku prilago\u0111enom formatu, \u0161to ga \u010dini idealnim izborom za profesionalce poput zdravstvenih djelatnika i fitness trenera.<\/span>\r\n\r\n&nbsp;","protected":false},"featured_media":7058,"template":"","meta":{"_acf_changed":false},"pwb-brand":[1053],"product_cat":[363,358,362],"product_tag":[],"class_list":{"0":"post-8713","1":"product","2":"type-product","3":"status-publish","4":"has-post-thumbnail","6":"pwb-brand-mgsolutions","7":"product_cat-analiza-posture","8":"product_cat-fizioterapija-hr","9":"product_cat-sportski","11":"first","12":"instock","13":"taxable","14":"shipping-taxable","15":"purchasable","16":"product-type-simple"},"acf":[],"brands":[{"id":1053,"name":"MGsolutions","slug":"mgsolutions"}],"_links":{"self":[{"href":"https:\/\/fiziosan.si\/hr\/wp-json\/wp\/v2\/product\/8713"}],"collection":[{"href":"https:\/\/fiziosan.si\/hr\/wp-json\/wp\/v2\/product"}],"about":[{"href":"https:\/\/fiziosan.si\/hr\/wp-json\/wp\/v2\/types\/product"}],"version-history":[{"count":2,"href":"https:\/\/fiziosan.si\/hr\/wp-json\/wp\/v2\/product\/8713\/revisions"}],"predecessor-version":[{"id":12848,"href":"https:\/\/fiziosan.si\/hr\/wp-json\/wp\/v2\/product\/8713\/revisions\/12848"}],"wp:featuredmedia":[{"embeddable":true,"href":"https:\/\/fiziosan.si\/hr\/wp-json\/wp\/v2\/media\/7058"}],"wp:attachment":[{"href":"https:\/\/fiziosan.si\/hr\/wp-json\/wp\/v2\/media?parent=8713"}],"wp:term":[{"taxonomy":"pwb-brand","embeddable":true,"href":"https:\/\/fiziosan.si\/hr\/wp-json\/wp\/v2\/pwb-brand?post=8713"},{"taxonomy":"product_cat","embeddable":true,"href":"https:\/\/fiziosan.si\/hr\/wp-json\/wp\/v2\/product_cat?post=8713"},{"taxonomy":"product_tag","embeddable":true,"href":"https:\/\/fiziosan.si\/hr\/wp-json\/wp\/v2\/product_tag?post=8713"}],"curies":[{"name":"wp","href":"https:\/\/api.w.org\/{rel}","templated":true}]}}