{"id":8689,"date":"2025-03-04T20:01:07","date_gmt":"2025-03-04T20:01:07","guid":{"rendered":"https:\/\/fiziosan.si\/izdelek\/ortoza-za-koljeno-masazer-za-koljena-s-led-zaslonom\/"},"modified":"2025-08-03T11:04:08","modified_gmt":"2025-08-03T11:04:08","slug":"masazer-koljeno-led","status":"publish","type":"product","link":"https:\/\/fiziosan.si\/hr\/proizvod\/masazer-koljeno-led\/","title":{"rendered":"Masa\u017eer za koljeno s LED zaslonom"},"content":{"rendered":"<h3><\/h3>\n<p>&nbsp;<\/p>\n<div>\n<table style=\"width: 100%; border-collapse: collapse; border-style: hidden;\">\n<tbody>\n<tr>\n<td style=\"width: 50%; vertical-align: middle;\">\n<h3>Multifunkcionalna terapija koljena s naprednim LED zaslonom osjetljivim na dodir<\/h3>\n<p>&nbsp;<\/p>\n<p>LED zaslon osjetljiv na dodir jednostavan je za kori\u0161tenje, jasno vidljiv i omogu\u0107uje jednostavno upravljanje ure\u0111ajem. Zaslon osjetljiv na dodir jednostavan za kori\u0161tenje omogu\u0107uje, s ugra\u0111enim timerom i sna\u017enom baterijom, koljeno je idealno za kori\u0161tenje kod ku\u0107e ili u pokretu. Ergonomski dizajn s elasti\u010dnim trakama i \u010di\u010dak trakom osigurava da je jastu\u010di\u0107 \u010dvrsto pri\u010dvr\u0161\u0107en za koljeno i da ne klizi.<\/td>\n<td style=\"width: 50%; vertical-align: middle; text-align: left;\"><a href=\"https:\/\/fiziosan.si\/wp-content\/uploads\/2025\/03\/Knee-11.jpg\"><img fetchpriority=\"high\" decoding=\"async\" class=\"alignnone wp-image-4773 size-full\" src=\"https:\/\/fiziosan.si\/wp-content\/uploads\/2025\/03\/Knee-11.jpg\" alt=\"Masa\u017eer za koljena s LED zaslonom osjetljivim na dodir i 20-minutnim timerom za jednostavno kori\u0161tenje\" width=\"800\" height=\"600\" title=\"\" srcset=\"https:\/\/fiziosan.si\/wp-content\/uploads\/2025\/03\/Knee-11.jpg 800w, https:\/\/fiziosan.si\/wp-content\/uploads\/2025\/03\/Knee-11-300x225.jpg 300w, https:\/\/fiziosan.si\/wp-content\/uploads\/2025\/03\/Knee-11-768x576.jpg 768w, https:\/\/fiziosan.si\/wp-content\/uploads\/2025\/03\/Knee-11-600x450.jpg 600w\" sizes=\"(max-width: 800px) 100vw, 800px\" \/><\/a><\/td>\n<\/tr>\n<\/tbody>\n<\/table>\n<\/div>\n<div>\n<table style=\"width: 100%; border-collapse: collapse; border-style: hidden;\">\n<tbody>\n<tr>\n<td style=\"width: 50%; vertical-align: middle;\"><a href=\"https:\/\/fiziosan.si\/wp-content\/uploads\/2025\/03\/Knee-10.webp\"><img decoding=\"async\" class=\"alignnone wp-image-4769 size-full\" src=\"https:\/\/fiziosan.si\/wp-content\/uploads\/2025\/03\/Knee-10.webp\" alt=\"Masa\u017eer za koljena s terapijom crvenim svjetlom\" width=\"800\" height=\"600\" title=\"\" srcset=\"https:\/\/fiziosan.si\/wp-content\/uploads\/2025\/03\/Knee-10.webp 800w, https:\/\/fiziosan.si\/wp-content\/uploads\/2025\/03\/Knee-10-300x225.webp 300w, https:\/\/fiziosan.si\/wp-content\/uploads\/2025\/03\/Knee-10-768x576.webp 768w, https:\/\/fiziosan.si\/wp-content\/uploads\/2025\/03\/Knee-10-600x450.webp 600w\" sizes=\"(max-width: 800px) 100vw, 800px\" \/><\/a><\/td>\n<td style=\"width: 50%; vertical-align: middle; text-align: left;\">\n<h3 data-start=\"0\" data-end=\"148\"><strong data-start=\"608\" data-end=\"661\">Klju\u010dne zna\u010dajke i prednosti masa\u017eera za koljena<\/strong><\/h3>\n<p>&nbsp;<\/p>\n<ul>\n<li data-start=\"0\" data-end=\"148\"><strong data-start=\"1172\" data-end=\"1201\">Podesive postavke:<\/strong> masa\u017eer vam omogu\u0107uje odabir izme\u0111u tri razli\u010dita na\u010dina masa\u017ee &#8211; toplinska terapija, terapija crvenim svjetlom i vibracijska masa\u017ea.<\/li>\n<li data-start=\"150\" data-end=\"278\"><strong data-start=\"150\" data-end=\"171\">Ugra\u0111eni timer:<\/strong> Ure\u0111aj ima 20-minutni timer koji se automatski isklju\u010duje, pru\u017eaju\u0107i dodatnu sigurnost i bezbri\u017enost tijekom kori\u0161tenja.<\/li>\n<li data-start=\"280\" data-end=\"415\"><strong data-start=\"1833\" data-end=\"1875\">Punjiva baterija za prakti\u010dno kori\u0161tenje:<\/strong> sna\u017ena baterija od 2450 mAh omogu\u0107uje vam kori\u0161tenje bilo gdje, bez potrebe za stalnim spajanjem na elektri\u010dnu mre\u017eu.<\/li>\n<li data-start=\"417\" data-end=\"540\"><strong data-start=\"2056\" data-end=\"2099\">Udobno kori\u0161tenje s LED zaslonom osjetljivim na dodir:<\/strong> LED zaslon osjetljiv na dodir omogu\u0107uje jednostavno upravljanje ure\u0111ajem.<\/li>\n<\/ul>\n<div class=\"absolute h-[60px]\"><\/div>\n<\/td>\n<\/tr>\n<\/tbody>\n<\/table>\n<\/div>\n","protected":false},"excerpt":{"rendered":"Masa\u017eer za koljeno kombinira <strong>vibracijsku masa\u017eu<\/strong> , <strong>toplinsku terapiju<\/strong> i <strong>crveno svjetlo<\/strong> , \u0161to u\u010dinkovito ubla\u017eava bol, upalu i pobolj\u0161ava cirkulaciju. Udoban dizajn s <strong>LED zaslonom osjetljivim na dodir<\/strong> omogu\u0107uje jednostavnu upotrebu. Ortoza za koljeno idealna je za upotrebu kod artritisa, sportskih ozljeda i mehani\u010dkih problema.","protected":false},"featured_media":7098,"template":"","meta":{"_acf_changed":false},"pwb-brand":[],"product_cat":[358,359],"product_tag":[],"class_list":{"0":"post-8689","1":"product","2":"type-product","3":"status-publish","4":"has-post-thumbnail","6":"product_cat-fizioterapija-hr","7":"product_cat-laserska-terapija-hr","9":"first","10":"instock","11":"taxable","12":"shipping-taxable","13":"purchasable","14":"product-type-simple"},"acf":[],"brands":[],"_links":{"self":[{"href":"https:\/\/fiziosan.si\/hr\/wp-json\/wp\/v2\/product\/8689"}],"collection":[{"href":"https:\/\/fiziosan.si\/hr\/wp-json\/wp\/v2\/product"}],"about":[{"href":"https:\/\/fiziosan.si\/hr\/wp-json\/wp\/v2\/types\/product"}],"version-history":[{"count":4,"href":"https:\/\/fiziosan.si\/hr\/wp-json\/wp\/v2\/product\/8689\/revisions"}],"predecessor-version":[{"id":11505,"href":"https:\/\/fiziosan.si\/hr\/wp-json\/wp\/v2\/product\/8689\/revisions\/11505"}],"wp:featuredmedia":[{"embeddable":true,"href":"https:\/\/fiziosan.si\/hr\/wp-json\/wp\/v2\/media\/7098"}],"wp:attachment":[{"href":"https:\/\/fiziosan.si\/hr\/wp-json\/wp\/v2\/media?parent=8689"}],"wp:term":[{"taxonomy":"pwb-brand","embeddable":true,"href":"https:\/\/fiziosan.si\/hr\/wp-json\/wp\/v2\/pwb-brand?post=8689"},{"taxonomy":"product_cat","embeddable":true,"href":"https:\/\/fiziosan.si\/hr\/wp-json\/wp\/v2\/product_cat?post=8689"},{"taxonomy":"product_tag","embeddable":true,"href":"https:\/\/fiziosan.si\/hr\/wp-json\/wp\/v2\/product_tag?post=8689"}],"curies":[{"name":"wp","href":"https:\/\/api.w.org\/{rel}","templated":true}]}}