{"id":8685,"date":"2025-06-04T20:34:16","date_gmt":"2025-06-04T20:34:16","guid":{"rendered":"https:\/\/fiziosan.si\/izdelek\/pulsetto-alat-za-smanjenje-stresa\/"},"modified":"2025-08-03T10:28:13","modified_gmt":"2025-08-03T10:28:13","slug":"pulsetto-antistresni-terapijski-uredaj","status":"publish","type":"product","link":"https:\/\/fiziosan.si\/hr\/proizvod\/pulsetto-antistresni-terapijski-uredaj\/","title":{"rendered":"Pulsetto \u2013 antistresni terapijski ure\u0111aj"},"content":{"rendered":"<p>&nbsp;<\/p>\n<div>\n<table style=\"width: 100%; border-collapse: collapse; border-style: hidden;\">\n<tbody>\n<tr>\n<td style=\"width: 50%; vertical-align: middle;\"><a href=\"https:\/\/fiziosan.si\/wp-content\/uploads\/2025\/06\/Pulsetto-12.webp\"><img fetchpriority=\"high\" decoding=\"async\" class=\"alignnone wp-image-5789 size-full\" src=\"https:\/\/fiziosan.si\/wp-content\/uploads\/2025\/06\/Pulsetto-12.webp\" alt=\"Pulsetto ure\u0111aj, vagusni \u017eivac i opu\u0161tanje\" width=\"800\" height=\"600\" title=\"\" srcset=\"https:\/\/fiziosan.si\/wp-content\/uploads\/2025\/06\/Pulsetto-12.webp 800w, https:\/\/fiziosan.si\/wp-content\/uploads\/2025\/06\/Pulsetto-12-300x225.webp 300w, https:\/\/fiziosan.si\/wp-content\/uploads\/2025\/06\/Pulsetto-12-768x576.webp 768w, https:\/\/fiziosan.si\/wp-content\/uploads\/2025\/06\/Pulsetto-12-600x450.webp 600w\" sizes=\"(max-width: 800px) 100vw, 800px\" \/><\/a><\/td>\n<td style=\"width: 50%; vertical-align: middle; text-align: left;\">\n<h3>Kako Pulsetto djeluje?<\/h3>\n<p>&nbsp;<\/p>\n<p data-start=\"719\" data-end=\"1008\">Pulsetto ugodno stimulira vagusni \u017eivac, klju\u010dni dio parasimpati\u010dkog \u017eiv\u010danog sustava koji utje\u010de na sposobnost tijela da se opusti, smiri i regenerira. Ova stimulacija prebacuje tijelo iz stanja napetosti u stanje ravnote\u017ee, doprinose\u0107i osje\u0107aju dubljeg opu\u0161tanja i pobolj\u0161avaju\u0107i kvalitetu odmora.<\/p>\n<p data-start=\"1010\" data-end=\"1163\">Redovita upotreba poti\u010de opu\u0161tanje tijela, \u0161to dovodi do smanjenja stresa, pobolj\u0161anog sna i pove\u0107ane mentalne jasno\u0107e.<\/p>\n<\/td>\n<\/tr>\n<\/tbody>\n<\/table>\n<\/div>\n<p>&nbsp;<\/p>\n<p>&nbsp;<\/p>\n<div>\n<table style=\"width: 100%; border-collapse: collapse; border-style: hidden;\">\n<tbody>\n<tr>\n<td style=\"width: 50%; vertical-align: middle;\">\n<h3><\/h3>\n<h3><\/h3>\n<h3>Aplikacija uklju\u010duje 5 ciljanih wellness programa:<\/h3>\n<ul data-start=\"339\" data-end=\"403\">\n<li data-start=\"339\" data-end=\"348\">\n<p data-start=\"341\" data-end=\"348\">Stres<\/p>\n<\/li>\n<li data-start=\"349\" data-end=\"364\">\n<p data-start=\"351\" data-end=\"364\">Anksioznost<\/p>\n<\/li>\n<li data-start=\"365\" data-end=\"375\">\n<p data-start=\"367\" data-end=\"375\">Spavati<\/p>\n<\/li>\n<li data-start=\"376\" data-end=\"390\">\n<p data-start=\"378\" data-end=\"390\">Izgaranje<\/p>\n<\/li>\n<li data-start=\"391\" data-end=\"403\">\n<p data-start=\"393\" data-end=\"403\">Bol<\/p>\n<\/li>\n<\/ul>\n<p data-start=\"405\" data-end=\"526\">Svaki program nadopunjuje pa\u017eljivo odabrana glazba koja se prilago\u0111ava va\u0161em raspolo\u017eenju.<\/p>\n<p>&nbsp;<\/td>\n<td style=\"width: 50%; vertical-align: middle; text-align: left;\">\n<h3><\/h3>\n<p><a href=\"https:\/\/fiziosan.si\/wp-content\/uploads\/2025\/06\/Pulsetto-11-1.webp\"><img decoding=\"async\" class=\"alignnone wp-image-5857 size-full\" src=\"https:\/\/fiziosan.si\/wp-content\/uploads\/2025\/06\/Pulsetto-11-1.webp\" alt=\"Preuzimanje aplikacije Pulsetto\" width=\"800\" height=\"600\" title=\"\" srcset=\"https:\/\/fiziosan.si\/wp-content\/uploads\/2025\/06\/Pulsetto-11-1.webp 800w, https:\/\/fiziosan.si\/wp-content\/uploads\/2025\/06\/Pulsetto-11-1-300x225.webp 300w, https:\/\/fiziosan.si\/wp-content\/uploads\/2025\/06\/Pulsetto-11-1-768x576.webp 768w, https:\/\/fiziosan.si\/wp-content\/uploads\/2025\/06\/Pulsetto-11-1-600x450.webp 600w\" sizes=\"(max-width: 800px) 100vw, 800px\" \/><\/a><\/p>\n<p data-start=\"406\" data-end=\"644\">\n<\/td>\n<\/tr>\n<\/tbody>\n<\/table>\n<\/div>\n<p>&nbsp;<\/p>\n<p>&nbsp;<\/p>\n<div>\n<table style=\"width: 100%; border-collapse: collapse; border-style: hidden;\">\n<tbody>\n<tr>\n<td style=\"width: 50%; vertical-align: middle;\"><a href=\"https:\/\/fiziosan.si\/wp-content\/uploads\/2025\/06\/Pulsetto-10.webp\"><img decoding=\"async\" class=\"alignnone wp-image-5780 size-full\" src=\"https:\/\/fiziosan.si\/wp-content\/uploads\/2025\/06\/Pulsetto-10.webp\" alt=\"Pulsetto ure\u0111aj za smanjenje stresa\" width=\"1000\" height=\"1000\" title=\"\" srcset=\"https:\/\/fiziosan.si\/wp-content\/uploads\/2025\/06\/Pulsetto-10.webp 1000w, https:\/\/fiziosan.si\/wp-content\/uploads\/2025\/06\/Pulsetto-10-300x300.webp 300w, https:\/\/fiziosan.si\/wp-content\/uploads\/2025\/06\/Pulsetto-10-150x150.webp 150w, https:\/\/fiziosan.si\/wp-content\/uploads\/2025\/06\/Pulsetto-10-768x768.webp 768w, https:\/\/fiziosan.si\/wp-content\/uploads\/2025\/06\/Pulsetto-10-600x600.webp 600w, https:\/\/fiziosan.si\/wp-content\/uploads\/2025\/06\/Pulsetto-10-100x100.webp 100w, https:\/\/fiziosan.si\/wp-content\/uploads\/2025\/06\/Pulsetto-10-50x50.webp 50w\" sizes=\"(max-width: 1000px) 100vw, 1000px\" \/><\/a><\/td>\n<td style=\"width: 50%; vertical-align: middle; text-align: left;\">\n<h3>Prednosti kori\u0161tenja<\/h3>\n<ul>\n<li data-start=\"1526\" data-end=\"1578\">\n<p data-start=\"1528\" data-end=\"1578\">Postupno smanjenje osje\u0107aja stresa<\/p>\n<\/li>\n<li data-start=\"1579\" data-end=\"1611\">\n<p data-start=\"1581\" data-end=\"1611\">Pobolj\u0161anje kvalitete sna<\/p>\n<\/li>\n<li data-start=\"1612\" data-end=\"1674\">\n<p data-start=\"1614\" data-end=\"1674\">Poticanje mentalne jasno\u0107e i pove\u0107anje fokusa<\/p>\n<\/li>\n<li data-start=\"1675\" data-end=\"1739\">\n<p data-start=\"1677\" data-end=\"1739\">Prijenosan, lagan i jednostavan za kori\u0161tenje bilo gdje, bilo kada<\/p>\n<\/li>\n<li data-start=\"1740\" data-end=\"1803\">\n<p data-start=\"1742\" data-end=\"1803\">Ugodan osje\u0107aj vibracije koji podr\u017eava va\u0161e blagostanje<\/p>\n<\/li>\n<\/ul>\n<p>&nbsp;<\/td>\n<\/tr>\n<\/tbody>\n<\/table>\n<\/div>\n<p>&nbsp;<\/p>\n<h3 style=\"text-align: center;\">Za\u0161to odabrati ovu tehnologiju?<\/h3>\n<p>&nbsp;<\/p>\n<p style=\"text-align: center;\">Pulsetto olak\u0161ava upravljanje svakodnevnim stresnim situacijama i poti\u010de unutarnje opu\u0161tanje.<\/p>\n<p style=\"text-align: center;\" data-start=\"2087\" data-end=\"2206\">Studije i iskustva korisnika pokazuju da se <strong>86% korisnika<\/strong> osje\u0107alo opu\u0161tenije i smirenije nakon upotrebe.<\/p>\n<h2 data-start=\"1810\" data-end=\"1849\"><\/h2>\n<p>&nbsp;<\/p>\n<h2 style=\"text-align: center;\" data-start=\"1810\" data-end=\"1849\">\u010cesto postavljana pitanja o kori\u0161tenju Pulsette<\/h2>\n<p>&nbsp;<\/p>\n<p style=\"text-align: center;\" data-start=\"1851\" data-end=\"2026\"><strong data-start=\"1851\" data-end=\"1894\">Koliko \u010desto se mo\u017ee koristiti?<\/strong><br data-start=\"1894\" data-end=\"1897\" \/>Preporu\u010dujemo kori\u0161tenje dva puta dnevno kako biste postigli optimalno opu\u0161tanje.<\/p>\n<p>&nbsp;<\/p>\n<p style=\"text-align: center;\" data-start=\"2028\" data-end=\"2174\"><strong data-start=\"2028\" data-end=\"2064\">Kada mogu po\u010deti osje\u0107ati u\u010dinak?<\/strong><br data-start=\"2064\" data-end=\"2067\" \/>U\u010dinci se razlikuju od osobe do osobe, ali mnogi prijavljuju pobolj\u0161anja unutar prvog mjeseca redovite upotrebe.<\/p>\n<p>&nbsp;<\/p>\n<p style=\"text-align: center;\" data-start=\"2176\" data-end=\"2345\"><strong data-start=\"2176\" data-end=\"2218\">Gdje i kada je prikladno koristiti?<\/strong><br data-start=\"2218\" data-end=\"2221\" \/>Mo\u017ee se u\u010dinkovito koristiti prije spavanja, nakon vje\u017ebanja ili tijekom pauza na poslu &#8211; bilo gdje gdje se \u017eelite opustiti.<\/p>\n<p>&nbsp;<\/p>\n<p style=\"text-align: center;\" data-start=\"2347\" data-end=\"2538\"><strong data-start=\"2347\" data-end=\"2386\">Kada se njegova upotreba ne preporu\u010duje?<\/strong><br data-start=\"2386\" data-end=\"2389\" \/>Iz sigurnosnih razloga izbjegavajte kori\u0161tenje tijekom vo\u017enje, upravljanja strojevima ili u blizini jakih elektromagnetskih polja.<\/p>\n<p>&nbsp;<\/p>\n<p>&nbsp;<\/p>\n","protected":false},"excerpt":{"rendered":"<p data-start=\"156\" data-end=\"383\">Pulsetto je <strong>moderan i<\/strong> <strong>u\u010dinkovit ure\u0111aj za opu\u0161tanje<\/strong> koji <strong>ugodnom stimulacijom vagusnog \u017eivca u podru\u010dju vrata pokre\u0107e parasimpati\u010dki odgovor<\/strong> koji poma\u017ee tijelu da pre\u0111e u <strong>stanje smirenosti<\/strong> . Redovitom upotrebom &#8211; samo <strong>\u010detiri minute dnevno<\/strong> &#8211; podr\u017eava uspostavljanje osje\u0107aja lako\u0107e i unutarnje opu\u0161tenosti.<\/p>\r\n&nbsp;\r\n\r\nPulsetto je <strong>inovativni ure\u0111aj<\/strong> pogodan za <strong>svakodnevnu upotrebu<\/strong> &#8211; <strong>kod ku\u0107e<\/strong> , u <strong>terapeutskom okru\u017eenju<\/strong> ili kao <strong>podr\u0161ka sporta\u0161ima<\/strong> prije treninga i tijekom regeneracije nakon sportskih aktivnosti.\r\n<p data-start=\"385\" data-end=\"444\"><strong>Osjetite puls opu\u0161tanja<\/strong> i stvorite trenutak za sebe, bilo gdje, bilo kada.<\/p>\r\n&nbsp;","protected":false},"featured_media":7550,"template":"","meta":{"_acf_changed":false},"pwb-brand":[],"product_cat":[355],"product_tag":[],"class_list":{"0":"post-8685","1":"product","2":"type-product","3":"status-publish","4":"has-post-thumbnail","6":"product_cat-wellness","8":"first","9":"instock","10":"taxable","11":"shipping-taxable","12":"purchasable","13":"product-type-simple"},"acf":[],"brands":[],"_links":{"self":[{"href":"https:\/\/fiziosan.si\/hr\/wp-json\/wp\/v2\/product\/8685"}],"collection":[{"href":"https:\/\/fiziosan.si\/hr\/wp-json\/wp\/v2\/product"}],"about":[{"href":"https:\/\/fiziosan.si\/hr\/wp-json\/wp\/v2\/types\/product"}],"version-history":[{"count":3,"href":"https:\/\/fiziosan.si\/hr\/wp-json\/wp\/v2\/product\/8685\/revisions"}],"predecessor-version":[{"id":11494,"href":"https:\/\/fiziosan.si\/hr\/wp-json\/wp\/v2\/product\/8685\/revisions\/11494"}],"wp:featuredmedia":[{"embeddable":true,"href":"https:\/\/fiziosan.si\/hr\/wp-json\/wp\/v2\/media\/7550"}],"wp:attachment":[{"href":"https:\/\/fiziosan.si\/hr\/wp-json\/wp\/v2\/media?parent=8685"}],"wp:term":[{"taxonomy":"pwb-brand","embeddable":true,"href":"https:\/\/fiziosan.si\/hr\/wp-json\/wp\/v2\/pwb-brand?post=8685"},{"taxonomy":"product_cat","embeddable":true,"href":"https:\/\/fiziosan.si\/hr\/wp-json\/wp\/v2\/product_cat?post=8685"},{"taxonomy":"product_tag","embeddable":true,"href":"https:\/\/fiziosan.si\/hr\/wp-json\/wp\/v2\/product_tag?post=8685"}],"curies":[{"name":"wp","href":"https:\/\/api.w.org\/{rel}","templated":true}]}}