{"id":11552,"date":"2025-08-05T19:50:22","date_gmt":"2025-08-05T19:50:22","guid":{"rendered":"https:\/\/fiziosan.si\/izdelek\/electra\/"},"modified":"2025-08-06T11:34:40","modified_gmt":"2025-08-06T11:34:40","slug":"electra","status":"publish","type":"product","link":"https:\/\/fiziosan.si\/hr\/proizvod\/electra\/","title":{"rendered":"Electra"},"content":{"rendered":"<p>&nbsp;<\/p>\n<div>\n<table style=\"width: 100%; border-collapse: collapse; border-style: hidden;\">\n<tbody>\n<tr>\n<td style=\"width: 50%; vertical-align: middle;\"><a href=\"https:\/\/fiziosan.si\/wp-content\/uploads\/2025\/08\/Led-ELECTRA-3.webp\"><img fetchpriority=\"high\" decoding=\"async\" class=\"alignnone wp-image-11541 size-full\" src=\"https:\/\/fiziosan.si\/wp-content\/uploads\/2025\/08\/Led-ELECTRA-3.webp\" alt=\"Electra\" width=\"800\" height=\"600\" title=\"\" srcset=\"https:\/\/fiziosan.si\/wp-content\/uploads\/2025\/08\/Led-ELECTRA-3.webp 800w, https:\/\/fiziosan.si\/wp-content\/uploads\/2025\/08\/Led-ELECTRA-3-300x225.webp 300w, https:\/\/fiziosan.si\/wp-content\/uploads\/2025\/08\/Led-ELECTRA-3-768x576.webp 768w, https:\/\/fiziosan.si\/wp-content\/uploads\/2025\/08\/Led-ELECTRA-3-600x450.webp 600w\" sizes=\"(max-width: 800px) 100vw, 800px\" \/><\/a><\/td>\n<td style=\"width: 50%; vertical-align: middle; text-align: left;\">\n<h3><\/h3>\n<p><strong>ELECTRA omogu\u0107uje primjenu sljede\u0107ih terapijskih struja:<\/strong><\/p>\n<ul>\n<li><strong>Diadinami\u010dka struja<\/strong> omogu\u0107uje u\u010dinkovito lije\u010denje bolnih i upalnih stanja mi\u0161i\u0107a, zglobova, perifernih \u017eivaca, a u sportskoj medicini pridonosi brzom oporavku nakon ozljeda i hematoma.<\/li>\n<li><strong>Faradi\u010dna struja<\/strong> omogu\u0107uje stimulaciju normalno inerviranih mi\u0161i\u0107a u svim vrstama terapije.<\/li>\n<li><strong>Impulsna struja<\/strong> s postupnim i stalnim pove\u0107anjem intenziteta kroz vrijeme omogu\u0107uje stimulaciju djelomi\u010dno inerviranih ili denerviranih mi\u0161i\u0107a.<\/li>\n<li><strong>Galvanska struja<\/strong> (istosmjerna struja) mo\u017ee se koristiti samostalno ili u kombinaciji s diadinami\u010dkom, faradi\u010dnom ili impulsnom strujom. Electra je stoga prikladna za galvanizaciju, galvaniziraju\u0107u kupku i iontoforetsku primjenu lijekova.<\/li>\n<li><strong>Bipolarna struja<\/strong> koristi se za tonizacijsku i rehabilitacijsku elektrostimulaciju mi\u0161i\u0107a. Simetri\u010dna bipolarna stimulacija pobolj\u0161ava senzorni osjet zahvaljuju\u0107i nje\u017enijem osje\u0107aju struje, a pritom se izbjegavaju negativni u\u010dinci elektrolitskog djelovanja monopolarne stimulacije.<\/li>\n<li><strong>Interferencijska struja<\/strong> omogu\u0107uje prijenos niskofrekventnih analgetskih ili mi\u0161i\u0107no-stimulativnih struja u dublje slojeve tkiva pomo\u0107u visokofrekventnih nosivih struja koje smanjuju ko\u017eni otpor i time iritaciju povr\u0161inskih slojeva ko\u017ee.<\/li>\n<\/ul>\n<\/td>\n<\/tr>\n<\/tbody>\n<\/table>\n<\/div>\n<p>&nbsp;<\/p>\n<p>&nbsp;<\/p>\n<p style=\"text-align: center;\"><strong>NOVOSTI:<\/strong><\/p>\n<p style=\"text-align: center;\">\u0160irok raspon unaprijed postavljenih protokola<\/p>\n<p style=\"text-align: center;\">Mogu\u0107nost izrade vlastitih programa<\/p>\n<p style=\"text-align: center;\">Planiranje terapijskih faza zasebno za svaki kanal<\/p>\n<p style=\"text-align: center;\">Potpuno neovisni kanali<\/p>\n<p style=\"text-align: center;\">Sigurnosni sustavi nadzora s automatskim prekidom izlazne struje u slu\u010daju nenamjernog odvajanja elektroda<\/p>\n<p>&nbsp;<\/p>\n<p>&nbsp;<\/p>\n<p>&nbsp;<\/p>\n<p>&nbsp;<\/p>\n","protected":false},"excerpt":{"rendered":"<h3>Profesionalni stimulator za elektroterapiju i mi\u0161i\u0107nu rehabilitaciju<\/h3>\r\n&nbsp;\r\n<p data-start=\"201\" data-end=\"467\"><strong data-start=\"201\" data-end=\"212\">Electra<\/strong> omogu\u0107uje primjenu razli\u010ditih vrsta struja, prikladnih za ve\u0107inu terapija bolnih sindroma, kao i za stimulaciju mi\u0161i\u0107a u svrhu tonizacije ili hipertrofije putem pasivne terapije, te za rehabilitaciju normalno i\/ili denervirano inerviranog mi\u0161i\u0107nog tkiva.<\/p>\r\n<p data-start=\"469\" data-end=\"586\">Odlikuje ju suvremeni elektroni\u010dki dizajn, prilago\u0111en razli\u010ditim potrebama \u2013 s mogu\u0107no\u0161\u0107u odabira 2 ili 4 kanala.<\/p>\r\n&nbsp;","protected":false},"featured_media":11918,"template":"","meta":{"_acf_changed":false},"pwb-brand":[1063],"product_cat":[364,358],"product_tag":[],"class_list":{"0":"post-11552","1":"product","2":"type-product","3":"status-publish","4":"has-post-thumbnail","6":"pwb-brand-led","7":"product_cat-elektroterapija-hr-2","8":"product_cat-fizioterapija-hr","10":"first","11":"outofstock","12":"purchasable","13":"product-type-simple"},"acf":[],"brands":[{"id":1063,"name":"Led","slug":"led"}],"_links":{"self":[{"href":"https:\/\/fiziosan.si\/hr\/wp-json\/wp\/v2\/product\/11552"}],"collection":[{"href":"https:\/\/fiziosan.si\/hr\/wp-json\/wp\/v2\/product"}],"about":[{"href":"https:\/\/fiziosan.si\/hr\/wp-json\/wp\/v2\/types\/product"}],"version-history":[{"count":5,"href":"https:\/\/fiziosan.si\/hr\/wp-json\/wp\/v2\/product\/11552\/revisions"}],"predecessor-version":[{"id":11572,"href":"https:\/\/fiziosan.si\/hr\/wp-json\/wp\/v2\/product\/11552\/revisions\/11572"}],"wp:featuredmedia":[{"embeddable":true,"href":"https:\/\/fiziosan.si\/hr\/wp-json\/wp\/v2\/media\/11918"}],"wp:attachment":[{"href":"https:\/\/fiziosan.si\/hr\/wp-json\/wp\/v2\/media?parent=11552"}],"wp:term":[{"taxonomy":"pwb-brand","embeddable":true,"href":"https:\/\/fiziosan.si\/hr\/wp-json\/wp\/v2\/pwb-brand?post=11552"},{"taxonomy":"product_cat","embeddable":true,"href":"https:\/\/fiziosan.si\/hr\/wp-json\/wp\/v2\/product_cat?post=11552"},{"taxonomy":"product_tag","embeddable":true,"href":"https:\/\/fiziosan.si\/hr\/wp-json\/wp\/v2\/product_tag?post=11552"}],"curies":[{"name":"wp","href":"https:\/\/api.w.org\/{rel}","templated":true}]}}